{"id":136,"date":"2013-03-18T11:49:35","date_gmt":"2013-03-18T08:49:35","guid":{"rendered":"https:\/\/kylat.ekarjala.fi\/kirjavalakesusmaa\/?page_id=136"},"modified":"2013-03-18T11:54:41","modified_gmt":"2013-03-18T08:54:41","slug":"rompetori","status":"publish","type":"page","link":"https:\/\/kylat.ekarjala.fi\/kirjavalakesusmaa\/rompetori\/","title":{"rendered":"Rompetori"},"content":{"rendered":"<p>T\u00e4ll\u00e4 sivulle voit ilmoittaa jos sinulla on tavaraa, joka etsii uutta omistajaa.<\/p>\n<p>Rahaa ei t\u00e4m\u00e4n sivun ilmoitusten kautta kierr\u00e4tet\u00e4. Ilmoitukset koskevat siis tavaroita, jotka annetaan pois. Laita ilmoitukseesi. mit\u00e4 annat pois, miss\u00e4 tavarat ovat ja mihin numeroon voi ottaa yhteytt\u00e4. L\u00e4het\u00e4 viesti s\u00e4hk\u00f6postilla sivujen yll\u00e4pit\u00e4j\u00e4lle.<\/p>\n","protected":false},"excerpt":{"rendered":"<p>T\u00e4ll\u00e4 sivulle voit ilmoittaa jos sinulla on tavaraa, joka etsii uutta omistajaa. Rahaa ei t\u00e4m\u00e4n sivun ilmoitusten kautta kierr\u00e4tet\u00e4. Ilmoitukset koskevat siis tavaroita, jotka annetaan pois. Laita ilmoitukseesi. mit\u00e4 annat pois, miss\u00e4 tavarat ovat ja mihin numeroon voi ottaa yhteytt\u00e4. &hellip; <a href=\"https:\/\/kylat.ekarjala.fi\/kirjavalakesusmaa\/rompetori\/\">Lue loppuun <span class=\"meta-nav\">&rarr;<\/span><\/a><\/p>\n","protected":false},"author":135,"featured_media":0,"parent":0,"menu_order":0,"comment_status":"open","ping_status":"closed","template":"","meta":{"footnotes":""},"class_list":["post-136","page","type-page","status-publish","hentry"],"_links":{"self":[{"href":"https:\/\/kylat.ekarjala.fi\/kirjavalakesusmaa\/wp-json\/wp\/v2\/pages\/136","targetHints":{"allow":["GET"]}}],"collection":[{"href":"https:\/\/kylat.ekarjala.fi\/kirjavalakesusmaa\/wp-json\/wp\/v2\/pages"}],"about":[{"href":"https:\/\/kylat.ekarjala.fi\/kirjavalakesusmaa\/wp-json\/wp\/v2\/types\/page"}],"author":[{"embeddable":true,"href":"https:\/\/kylat.ekarjala.fi\/kirjavalakesusmaa\/wp-json\/wp\/v2\/users\/135"}],"replies":[{"embeddable":true,"href":"https:\/\/kylat.ekarjala.fi\/kirjavalakesusmaa\/wp-json\/wp\/v2\/comments?post=136"}],"version-history":[{"count":2,"href":"https:\/\/kylat.ekarjala.fi\/kirjavalakesusmaa\/wp-json\/wp\/v2\/pages\/136\/revisions"}],"predecessor-version":[{"id":137,"href":"https:\/\/kylat.ekarjala.fi\/kirjavalakesusmaa\/wp-json\/wp\/v2\/pages\/136\/revisions\/137"}],"wp:attachment":[{"href":"https:\/\/kylat.ekarjala.fi\/kirjavalakesusmaa\/wp-json\/wp\/v2\/media?parent=136"}],"curies":[{"name":"wp","href":"https:\/\/api.w.org\/{rel}","templated":true}]}}