{"id":14,"date":"2012-10-25T08:32:28","date_gmt":"2012-10-25T08:32:28","guid":{"rendered":"https:\/\/kylat.ekarjala.fi\/kirjavalakesusmaa\/?page_id=14"},"modified":"2014-02-24T12:41:12","modified_gmt":"2014-02-24T09:41:12","slug":"kuvia","status":"publish","type":"page","link":"https:\/\/kylat.ekarjala.fi\/kirjavalakesusmaa\/kuvia\/","title":{"rendered":"Kuvia"},"content":{"rendered":"<p><strong>K\u00e4sity\u00f6koulun maalaustalkoot 2013<\/strong><strong><br \/>\n<a href=\"https:\/\/kylat.ekarjala.fi\/kirjavalakesusmaa\/wp-content\/uploads\/sites\/53\/2012\/10\/maalaus1.jpg\"><img loading=\"lazy\" decoding=\"async\" src=\"https:\/\/kylat.ekarjala.fi\/kirjavalakesusmaa\/wp-content\/uploads\/sites\/53\/2012\/10\/maalaus1-225x300.jpg\" alt=\"maalaus1\" width=\"225\" height=\"300\" class=\"aligncenter size-medium wp-image-225\" srcset=\"https:\/\/kylat.ekarjala.fi\/kirjavalakesusmaa\/wp-content\/uploads\/sites\/53\/2012\/10\/maalaus1-225x300.jpg 225w, https:\/\/kylat.ekarjala.fi\/kirjavalakesusmaa\/wp-content\/uploads\/sites\/53\/2012\/10\/maalaus1-768x1024.jpg 768w, https:\/\/kylat.ekarjala.fi\/kirjavalakesusmaa\/wp-content\/uploads\/sites\/53\/2012\/10\/maalaus1.jpg 1200w\" sizes=\"auto, (max-width: 225px) 100vw, 225px\" \/><\/a><\/p>\n<p><a href=\"https:\/\/kylat.ekarjala.fi\/kirjavalakesusmaa\/wp-content\/uploads\/sites\/53\/2012\/10\/maalaus3.jpg\"><img loading=\"lazy\" decoding=\"async\" src=\"https:\/\/kylat.ekarjala.fi\/kirjavalakesusmaa\/wp-content\/uploads\/sites\/53\/2012\/10\/maalaus3-300x225.jpg\" alt=\"maalaus3\" width=\"300\" height=\"225\" class=\"aligncenter size-medium wp-image-226\" srcset=\"https:\/\/kylat.ekarjala.fi\/kirjavalakesusmaa\/wp-content\/uploads\/sites\/53\/2012\/10\/maalaus3-300x225.jpg 300w, https:\/\/kylat.ekarjala.fi\/kirjavalakesusmaa\/wp-content\/uploads\/sites\/53\/2012\/10\/maalaus3-1024x768.jpg 1024w, https:\/\/kylat.ekarjala.fi\/kirjavalakesusmaa\/wp-content\/uploads\/sites\/53\/2012\/10\/maalaus3-400x300.jpg 400w, https:\/\/kylat.ekarjala.fi\/kirjavalakesusmaa\/wp-content\/uploads\/sites\/53\/2012\/10\/maalaus3.jpg 1600w\" sizes=\"auto, (max-width: 300px) 100vw, 300px\" \/><\/a><\/p>\n<p><a href=\"https:\/\/kylat.ekarjala.fi\/kirjavalakesusmaa\/wp-content\/uploads\/sites\/53\/2012\/10\/maalaus2.jpg\"><img loading=\"lazy\" decoding=\"async\" src=\"https:\/\/kylat.ekarjala.fi\/kirjavalakesusmaa\/wp-content\/uploads\/sites\/53\/2012\/10\/maalaus2-300x225.jpg\" alt=\"maalaus2\" width=\"300\" height=\"225\" class=\"aligncenter size-medium wp-image-228\" srcset=\"https:\/\/kylat.ekarjala.fi\/kirjavalakesusmaa\/wp-content\/uploads\/sites\/53\/2012\/10\/maalaus2-300x225.jpg 300w, https:\/\/kylat.ekarjala.fi\/kirjavalakesusmaa\/wp-content\/uploads\/sites\/53\/2012\/10\/maalaus2-1024x768.jpg 1024w, https:\/\/kylat.ekarjala.fi\/kirjavalakesusmaa\/wp-content\/uploads\/sites\/53\/2012\/10\/maalaus2-400x300.jpg 400w, https:\/\/kylat.ekarjala.fi\/kirjavalakesusmaa\/wp-content\/uploads\/sites\/53\/2012\/10\/maalaus2.jpg 1600w\" sizes=\"auto, (max-width: 300px) 100vw, 300px\" \/><\/a><\/p>\n<p><a href=\"https:\/\/kylat.ekarjala.fi\/kirjavalakesusmaa\/wp-content\/uploads\/sites\/53\/2012\/10\/maalaus5.jpg\"><img loading=\"lazy\" decoding=\"async\" src=\"https:\/\/kylat.ekarjala.fi\/kirjavalakesusmaa\/wp-content\/uploads\/sites\/53\/2012\/10\/maalaus5-300x225.jpg\" alt=\"maalaus5\" width=\"300\" height=\"225\" class=\"aligncenter size-medium wp-image-229\" srcset=\"https:\/\/kylat.ekarjala.fi\/kirjavalakesusmaa\/wp-content\/uploads\/sites\/53\/2012\/10\/maalaus5-300x225.jpg 300w, https:\/\/kylat.ekarjala.fi\/kirjavalakesusmaa\/wp-content\/uploads\/sites\/53\/2012\/10\/maalaus5-1024x768.jpg 1024w, https:\/\/kylat.ekarjala.fi\/kirjavalakesusmaa\/wp-content\/uploads\/sites\/53\/2012\/10\/maalaus5-400x300.jpg 400w, https:\/\/kylat.ekarjala.fi\/kirjavalakesusmaa\/wp-content\/uploads\/sites\/53\/2012\/10\/maalaus5.jpg 1600w\" sizes=\"auto, (max-width: 300px) 100vw, 300px\" \/><\/a><\/p>\n<p><a href=\"https:\/\/kylat.ekarjala.fi\/kirjavalakesusmaa\/wp-content\/uploads\/sites\/53\/2012\/10\/maalaus4.jpg\"><img loading=\"lazy\" decoding=\"async\" src=\"https:\/\/kylat.ekarjala.fi\/kirjavalakesusmaa\/wp-content\/uploads\/sites\/53\/2012\/10\/maalaus4-300x225.jpg\" alt=\"maalaus4\" width=\"300\" height=\"225\" class=\"aligncenter size-medium wp-image-231\" srcset=\"https:\/\/kylat.ekarjala.fi\/kirjavalakesusmaa\/wp-content\/uploads\/sites\/53\/2012\/10\/maalaus4-300x225.jpg 300w, https:\/\/kylat.ekarjala.fi\/kirjavalakesusmaa\/wp-content\/uploads\/sites\/53\/2012\/10\/maalaus4-1024x768.jpg 1024w, https:\/\/kylat.ekarjala.fi\/kirjavalakesusmaa\/wp-content\/uploads\/sites\/53\/2012\/10\/maalaus4-400x300.jpg 400w, https:\/\/kylat.ekarjala.fi\/kirjavalakesusmaa\/wp-content\/uploads\/sites\/53\/2012\/10\/maalaus4.jpg 1600w\" sizes=\"auto, (max-width: 300px) 100vw, 300px\" \/><\/a>&nbsp;<\/p>\n<p><strong>TaiMi 2013<\/strong><\/p>\n<p>&nbsp;<\/p>\n<p><strong><a href=\"https:\/\/kylat.ekarjala.fi\/kirjavalakesusmaa\/wp-content\/uploads\/sites\/53\/2012\/10\/IMG_07691.jpg\"><img loading=\"lazy\" decoding=\"async\" class=\"aligncenter size-medium wp-image-199\" alt=\"IMG_0769\" src=\"https:\/\/kylat.ekarjala.fi\/kirjavalakesusmaa\/wp-content\/uploads\/sites\/53\/2012\/10\/IMG_07691-300x225.jpg\" width=\"300\" height=\"225\" \/><\/a> <a href=\"https:\/\/kylat.ekarjala.fi\/kirjavalakesusmaa\/wp-content\/uploads\/sites\/53\/2012\/10\/IMG_0774.jpg\"><img loading=\"lazy\" decoding=\"async\" class=\"aligncenter size-medium wp-image-201\" alt=\"IMG_0774\" src=\"https:\/\/kylat.ekarjala.fi\/kirjavalakesusmaa\/wp-content\/uploads\/sites\/53\/2012\/10\/IMG_0774-300x225.jpg\" width=\"300\" height=\"225\" \/><\/a> <a href=\"https:\/\/kylat.ekarjala.fi\/kirjavalakesusmaa\/wp-content\/uploads\/sites\/53\/2012\/10\/IMG_0775.jpg\"><img loading=\"lazy\" decoding=\"async\" class=\"aligncenter size-medium wp-image-202\" alt=\"IMG_0775\" src=\"https:\/\/kylat.ekarjala.fi\/kirjavalakesusmaa\/wp-content\/uploads\/sites\/53\/2012\/10\/IMG_0775-300x225.jpg\" width=\"300\" height=\"225\" \/><\/a> <a href=\"https:\/\/kylat.ekarjala.fi\/kirjavalakesusmaa\/wp-content\/uploads\/sites\/53\/2012\/10\/IMG_07781.jpg\"><img loading=\"lazy\" decoding=\"async\" class=\"aligncenter size-medium wp-image-204\" alt=\"IMG_0778\" src=\"https:\/\/kylat.ekarjala.fi\/kirjavalakesusmaa\/wp-content\/uploads\/sites\/53\/2012\/10\/IMG_07781-300x225.jpg\" width=\"300\" height=\"225\" \/><\/a> <a href=\"https:\/\/kylat.ekarjala.fi\/kirjavalakesusmaa\/wp-content\/uploads\/sites\/53\/2012\/10\/IMG_0779.jpg\"><img loading=\"lazy\" decoding=\"async\" class=\"aligncenter size-medium wp-image-205\" alt=\"IMG_0779\" src=\"https:\/\/kylat.ekarjala.fi\/kirjavalakesusmaa\/wp-content\/uploads\/sites\/53\/2012\/10\/IMG_0779-300x225.jpg\" width=\"300\" height=\"225\" \/><\/a> <a href=\"https:\/\/kylat.ekarjala.fi\/kirjavalakesusmaa\/wp-content\/uploads\/sites\/53\/2012\/10\/IMG_0781.jpg\"><img loading=\"lazy\" decoding=\"async\" class=\"aligncenter size-medium wp-image-206\" alt=\"IMG_0781\" src=\"https:\/\/kylat.ekarjala.fi\/kirjavalakesusmaa\/wp-content\/uploads\/sites\/53\/2012\/10\/IMG_0781-300x225.jpg\" width=\"300\" height=\"225\" \/><\/a> <a href=\"https:\/\/kylat.ekarjala.fi\/kirjavalakesusmaa\/wp-content\/uploads\/sites\/53\/2012\/10\/IMG_0786.jpg\"><img loading=\"lazy\" decoding=\"async\" class=\"aligncenter size-medium wp-image-210\" alt=\"IMG_0786\" src=\"https:\/\/kylat.ekarjala.fi\/kirjavalakesusmaa\/wp-content\/uploads\/sites\/53\/2012\/10\/IMG_0786-300x225.jpg\" width=\"300\" height=\"225\" \/><\/a> <a href=\"https:\/\/kylat.ekarjala.fi\/kirjavalakesusmaa\/wp-content\/uploads\/sites\/53\/2012\/10\/IMG_0795.jpg\"><img loading=\"lazy\" decoding=\"async\" class=\"aligncenter size-medium wp-image-214\" alt=\"IMG_0795\" src=\"https:\/\/kylat.ekarjala.fi\/kirjavalakesusmaa\/wp-content\/uploads\/sites\/53\/2012\/10\/IMG_0795-300x225.jpg\" width=\"300\" height=\"225\" \/><\/a> <a href=\"https:\/\/kylat.ekarjala.fi\/kirjavalakesusmaa\/wp-content\/uploads\/sites\/53\/2012\/10\/IMG_0797.jpg\"><img loading=\"lazy\" decoding=\"async\" class=\"aligncenter size-medium wp-image-215\" alt=\"IMG_0797\" src=\"https:\/\/kylat.ekarjala.fi\/kirjavalakesusmaa\/wp-content\/uploads\/sites\/53\/2012\/10\/IMG_0797-300x225.jpg\" width=\"300\" height=\"225\" \/><\/a> <a href=\"https:\/\/kylat.ekarjala.fi\/kirjavalakesusmaa\/wp-content\/uploads\/sites\/53\/2012\/10\/IMG_0773.jpg\"><img loading=\"lazy\" decoding=\"async\" class=\"aligncenter size-medium wp-image-216\" alt=\"IMG_0773\" src=\"https:\/\/kylat.ekarjala.fi\/kirjavalakesusmaa\/wp-content\/uploads\/sites\/53\/2012\/10\/IMG_0773-300x225.jpg\" width=\"300\" height=\"225\" \/><\/a><\/strong>Kanavapolku kuvia<br \/>\n\n\t\t<style type=\"text\/css\">\n\t\t\t#gallery-1 {\n\t\t\t\tmargin: auto;\n\t\t\t}\n\t\t\t#gallery-1 .gallery-item {\n\t\t\t\tfloat: left;\n\t\t\t\tmargin-top: 10px;\n\t\t\t\ttext-align: center;\n\t\t\t\twidth: 33%;\n\t\t\t}\n\t\t\t#gallery-1 img {\n\t\t\t\tborder: 2px solid #cfcfcf;\n\t\t\t}\n\t\t\t#gallery-1 .gallery-caption {\n\t\t\t\tmargin-left: 0;\n\t\t\t}\n\t\t\t\/* see gallery_shortcode() in wp-includes\/media.php *\/\n\t\t<\/style>\n\t\t<div id='gallery-1' class='gallery galleryid-14 gallery-columns-3 gallery-size-thumbnail'><dl class='gallery-item'>\n\t\t\t<dt class='gallery-icon landscape'>\n\t\t\t\t<a href='https:\/\/kylat.ekarjala.fi\/kirjavalakesusmaa\/kuvia\/kuvia-kirjavala-kesusmaa-kyl%c2%8ayhdistys-ryn-kotisivuille-4\/'><img loading=\"lazy\" decoding=\"async\" width=\"150\" height=\"102\" src=\"https:\/\/kylat.ekarjala.fi\/kirjavalakesusmaa\/wp-content\/uploads\/sites\/53\/2012\/10\/kuvia1.jpg\" class=\"attachment-thumbnail size-thumbnail\" alt=\"\" aria-describedby=\"gallery-1-15\" \/><\/a>\n\t\t\t<\/dt>\n\t\t\t\t<dd class='wp-caption-text gallery-caption' id='gallery-1-15'>\n\t\t\t\tOpastetauluja luettiin ahkerasti avajaisp\u00e4iv\u00e4n\u00e4.\n\t\t\t\t<\/dd><\/dl><dl class='gallery-item'>\n\t\t\t<dt class='gallery-icon landscape'>\n\t\t\t\t<a href='https:\/\/kylat.ekarjala.fi\/kirjavalakesusmaa\/kuvia\/kuvia-kirjavala-kesusmaa-kyl%c2%8ayhdistys-ryn-kotisivuille-5\/'><img loading=\"lazy\" decoding=\"async\" width=\"150\" height=\"97\" src=\"https:\/\/kylat.ekarjala.fi\/kirjavalakesusmaa\/wp-content\/uploads\/sites\/53\/2012\/10\/kuvia2.jpg\" class=\"attachment-thumbnail size-thumbnail\" alt=\"\" aria-describedby=\"gallery-1-16\" \/><\/a>\n\t\t\t<\/dt>\n\t\t\t\t<dd class='wp-caption-text gallery-caption' id='gallery-1-16'>\n\t\t\t\t Jaakko Honkanen johdatteli v\u00e4ke\u00e4 avajaissa polulla ja kertoi kanavan historiaa.\n\t\t\t\t<\/dd><\/dl><dl class='gallery-item'>\n\t\t\t<dt class='gallery-icon portrait'>\n\t\t\t\t<a href='https:\/\/kylat.ekarjala.fi\/kirjavalakesusmaa\/kuvia\/maalaus1\/'><img loading=\"lazy\" decoding=\"async\" width=\"150\" height=\"150\" src=\"https:\/\/kylat.ekarjala.fi\/kirjavalakesusmaa\/wp-content\/uploads\/sites\/53\/2012\/10\/maalaus1-150x150.jpg\" class=\"attachment-thumbnail size-thumbnail\" alt=\"\" \/><\/a>\n\t\t\t<\/dt><\/dl><br style=\"clear: both\" \/><dl class='gallery-item'>\n\t\t\t<dt class='gallery-icon landscape'>\n\t\t\t\t<a href='https:\/\/kylat.ekarjala.fi\/kirjavalakesusmaa\/kuvia\/maalaus3\/'><img loading=\"lazy\" decoding=\"async\" width=\"150\" height=\"150\" src=\"https:\/\/kylat.ekarjala.fi\/kirjavalakesusmaa\/wp-content\/uploads\/sites\/53\/2012\/10\/maalaus3-150x150.jpg\" class=\"attachment-thumbnail size-thumbnail\" alt=\"\" \/><\/a>\n\t\t\t<\/dt><\/dl><dl class='gallery-item'>\n\t\t\t<dt class='gallery-icon landscape'>\n\t\t\t\t<a href='https:\/\/kylat.ekarjala.fi\/kirjavalakesusmaa\/kuvia\/maalaus2\/'><img loading=\"lazy\" decoding=\"async\" width=\"150\" height=\"150\" src=\"https:\/\/kylat.ekarjala.fi\/kirjavalakesusmaa\/wp-content\/uploads\/sites\/53\/2012\/10\/maalaus2-150x150.jpg\" class=\"attachment-thumbnail size-thumbnail\" alt=\"\" \/><\/a>\n\t\t\t<\/dt><\/dl><dl class='gallery-item'>\n\t\t\t<dt class='gallery-icon landscape'>\n\t\t\t\t<a href='https:\/\/kylat.ekarjala.fi\/kirjavalakesusmaa\/kuvia\/maalaus5\/'><img loading=\"lazy\" decoding=\"async\" width=\"150\" height=\"150\" src=\"https:\/\/kylat.ekarjala.fi\/kirjavalakesusmaa\/wp-content\/uploads\/sites\/53\/2012\/10\/maalaus5-150x150.jpg\" class=\"attachment-thumbnail size-thumbnail\" alt=\"\" \/><\/a>\n\t\t\t<\/dt><\/dl><br style=\"clear: both\" \/><dl class='gallery-item'>\n\t\t\t<dt class='gallery-icon landscape'>\n\t\t\t\t<a href='https:\/\/kylat.ekarjala.fi\/kirjavalakesusmaa\/kuvia\/maalaus4\/'><img loading=\"lazy\" decoding=\"async\" width=\"150\" height=\"150\" src=\"https:\/\/kylat.ekarjala.fi\/kirjavalakesusmaa\/wp-content\/uploads\/sites\/53\/2012\/10\/maalaus4-150x150.jpg\" class=\"attachment-thumbnail size-thumbnail\" alt=\"\" \/><\/a>\n\t\t\t<\/dt><\/dl><dl class='gallery-item'>\n\t\t\t<dt class='gallery-icon landscape'>\n\t\t\t\t<a href='https:\/\/kylat.ekarjala.fi\/kirjavalakesusmaa\/kuvia\/img_0797\/'><img loading=\"lazy\" decoding=\"async\" width=\"150\" height=\"150\" src=\"https:\/\/kylat.ekarjala.fi\/kirjavalakesusmaa\/wp-content\/uploads\/sites\/53\/2014\/05\/IMG_0797-150x150.jpg\" class=\"attachment-thumbnail size-thumbnail\" alt=\"\" \/><\/a>\n\t\t\t<\/dt><\/dl>\n\t\t\t<br style='clear: both' \/>\n\t\t<\/div>\n<\/p>\n","protected":false},"excerpt":{"rendered":"<p>K\u00e4sity\u00f6koulun maalaustalkoot 2013 &nbsp; TaiMi 2013 &nbsp; Kanavapolku kuvia<\/p>\n","protected":false},"author":135,"featured_media":0,"parent":0,"menu_order":2,"comment_status":"open","ping_status":"closed","template":"","meta":{"footnotes":""},"class_list":["post-14","page","type-page","status-publish","hentry"],"_links":{"self":[{"href":"https:\/\/kylat.ekarjala.fi\/kirjavalakesusmaa\/wp-json\/wp\/v2\/pages\/14","targetHints":{"allow":["GET"]}}],"collection":[{"href":"https:\/\/kylat.ekarjala.fi\/kirjavalakesusmaa\/wp-json\/wp\/v2\/pages"}],"about":[{"href":"https:\/\/kylat.ekarjala.fi\/kirjavalakesusmaa\/wp-json\/wp\/v2\/types\/page"}],"author":[{"embeddable":true,"href":"https:\/\/kylat.ekarjala.fi\/kirjavalakesusmaa\/wp-json\/wp\/v2\/users\/135"}],"replies":[{"embeddable":true,"href":"https:\/\/kylat.ekarjala.fi\/kirjavalakesusmaa\/wp-json\/wp\/v2\/comments?post=14"}],"version-history":[{"count":8,"href":"https:\/\/kylat.ekarjala.fi\/kirjavalakesusmaa\/wp-json\/wp\/v2\/pages\/14\/revisions"}],"predecessor-version":[{"id":239,"href":"https:\/\/kylat.ekarjala.fi\/kirjavalakesusmaa\/wp-json\/wp\/v2\/pages\/14\/revisions\/239"}],"wp:attachment":[{"href":"https:\/\/kylat.ekarjala.fi\/kirjavalakesusmaa\/wp-json\/wp\/v2\/media?parent=14"}],"curies":[{"name":"wp","href":"https:\/\/api.w.org\/{rel}","templated":true}]}}