{"id":154,"date":"2013-03-21T11:30:04","date_gmt":"2013-03-21T08:30:04","guid":{"rendered":"https:\/\/kylat.ekarjala.fi\/kirjavalakesusmaa\/?page_id=154"},"modified":"2013-09-24T09:06:10","modified_gmt":"2013-09-24T06:06:10","slug":"kylakirjeet","status":"publish","type":"page","link":"https:\/\/kylat.ekarjala.fi\/kirjavalakesusmaa\/kylakirjeet\/","title":{"rendered":"Kyl\u00e4kirjeet"},"content":{"rendered":"<p>T\u00e4ll\u00e4 sivulla voit lukea jatkossa oman kyl\u00e4yhdistyksesi kyl\u00e4kirjeet.<\/p>\n<p><strong><span style=\"color: #000000\">KYL\u00c4KIRJE 1\/2013<\/span><\/strong><\/p>\n<p><b>Vuosi on jo hyv\u00e4ll\u00e4 menolla kohti kes\u00e4\u00e4. T\u00e4ss\u00e4 kyl\u00e4yhdistyksen ensimm\u00e4inen tervehdys Sinulle.<\/b><\/p>\n<p>T\u00e4m\u00e4n vuoden aikana on tulossa merkitt\u00e4v\u00e4 ja mieluisa yhteinen ponnistus. K\u00e4sity\u00f6koulun ulkoasun kohennus ja pihan kunnostus laitetaan alulle kun kelit sen sallivat. Ohjelmassa on ulkomaalaus, pihavalojen uusinta, parkkipaikan suurennus, talon ymp\u00e4rist\u00f6n siistiminen niitoilla ja raivauksilla sek\u00e4 istutusten uusiminen. Talkoov\u00e4ke\u00e4 tarvitaan runsaasti eri teht\u00e4viin. Kirmo itse on paikalla varmimmin kes\u00e4-elokuussa, joten talkoot pyrit\u00e4\u00e4n hoitamaan tuona aikana. Kustannuksia ei kyl\u00e4yhdistykselle t\u00e4st\u00e4 muodostu. K\u00e4sity\u00f6koulu on muodostunut merkitt\u00e4v\u00e4ksi kokoontumispaikaksi, joten tulkaa suurella joukolla mukaan. Tarkoitus on kokoontua ennen t\u00f6iden aloitusta talkoita suunnittelemaan. Asiasta ilmoittelemme l\u00e4hemp\u00e4n\u00e4 Parikkalan Sanomissa, R\u00f6ks\u00e4n ilmoitustaululla ja kotisivuilla. Talkoisiin tarvitaan maalareita, puuseppi\u00e4, lapiohenkil\u00f6it\u00e4, niitt\u00e4ji\u00e4, haravoijia, istuttajia, sahamiehi\u00e4, tavaranhakijoita, tarjoiluhenkil\u00f6kuntaa ym.ym.<\/p>\n<p>Kirmolla on suunnitteilla kes\u00e4ksi Galleriaan n\u00e4yttely paikallisista valokuvista. Jos sinulla on kuvia Kirjavalasta ja Kesusmaalta, ole yst\u00e4v\u00e4llinen ja ota yhteytt\u00e4 suoraan Kirmoon.<\/p>\n<p>Saadaan hieno paikallishistoriallinen n\u00e4yttely aikaiseksi!<\/p>\n<p><b>Tapahtumia tulossa vuoden mittaan<\/b><\/p>\n<p><b>Ymp\u00e4rist\u00f6n siivoustalkoot j\u00e4rjestet\u00e4\u00e4n toukokuussa <\/b>Kyykk\u00e4kent\u00e4ll\u00e4, Kyl\u00e4kiikulla, Kanavapolulla ja Haavikonrannassa kuten muinakin vuosina. Talkooarvonta t\u00e4n\u00e4kin vuonna.<\/p>\n<p><b>Koko kes\u00e4: K\u00e4sity\u00f6koulun kunnostustalkoot<\/b><\/p>\n<p><b>Toukokuu- Kes\u00e4kuu: Metallinker\u00e4ys<\/b> tulossa kes\u00e4n aikana Kesusmaan kent\u00e4lle.<\/p>\n<p><b>Toukokuu &#8211; Lokakuu: Kyykk\u00e4illat<\/b> jatkuvat kes\u00e4maanantai-iltaisin Kesusmaan kent\u00e4ll\u00e4. Suunnitelmissa on lis\u00e4t\u00e4 my\u00f6s perjantai-illat kyykk\u00e4illoiksi. Seuraa ilmoittelua.<\/p>\n<p><b>Koko p\u00e4iv\u00e4n kes\u00e4retki Ilomantsiin ja M\u00f6hk\u00f6n kyl\u00e4lle, Pohjois-Karjalaan 14.7. <\/b>Ohjelmassa on mm. kulttuurikohteisiin tutustuminen, ruokailu ja lopuksi kes\u00e4teatterin\u00e4yt\u00f6s Sankarin viitta. L\u00e4ht\u00f6 aamulla, perill\u00e4 puoliltap\u00e4ivin, ohjelma, kes\u00e4teatteri klo 16, jonka j\u00e4lkeen kotiin. Ohjelma tarkentuu my\u00f6hemmin, seuraa ilmoittelua. Liisa Laukkanen hoitaa retkij\u00e4rjestelyit\u00e4.<\/p>\n<p><b>Pikkujoulut K\u00e4sity\u00f6koululla.<\/b><\/p>\n<p><b>Kyl\u00e4yhdistyksen hallitus v.2013<\/b>: Maire Haakana, Virpi Laamanen, Jaana Lampinen, Heikki Paajanen, Ossi Pekonen, Helena Virolainen, Kirmo Wil\u00e9n<\/p>\n<p><b>______________________________________________________________________________<\/b><\/p>\n<p><b>Kyl\u00e4yhdistyksen j\u00e4senmaksut maksetaan suoraan yhdistyksen tilille.<\/b><\/p>\n<p><b>Tilinumero:\u00a0\u00a0\u00a0\u00a0\u00a0\u00a0\u00a0\u00a0\u00a0\u00a0\u00a0\u00a0\u00a0\u00a0\u00a0\u00a0\u00a0\u00a0\u00a0\u00a0\u00a0\u00a0 FI74 5151 0320 0000 25<\/b><\/p>\n<p><b>J\u00e4senmaksu:\u00a0 \u00a0\u00a0\u00a0\u00a0\u00a0\u00a0\u00a0\u00a0\u00a0\u00a0\u00a0\u00a0\u00a0\u00a0\u00a0\u00a0\u00a0\u00a0 10\u20ac \/ perhe.<\/b><\/p>\n<p><b>Er\u00e4p\u00e4iv\u00e4:\u00a0\u00a0\u00a0\u00a0\u00a0\u00a0\u00a0\u00a0\u00a0\u00a0\u00a0\u00a0\u00a0\u00a0\u00a0\u00a0\u00a0\u00a0\u00a0\u00a0\u00a0\u00a0\u00a0\u00a0\u00a0\u00a0 30.4.2013<\/b><\/p>\n<p><b>Kirjoita viesti-kentt\u00e4\u00e4n KAIKKIEN perheenj\u00e4senten nimet, joita maksu koskee. (Pakollinen tieto.)<\/b><\/p>\n<p>&nbsp;<\/p>\n","protected":false},"excerpt":{"rendered":"<p>T\u00e4ll\u00e4 sivulla voit lukea jatkossa oman kyl\u00e4yhdistyksesi kyl\u00e4kirjeet. KYL\u00c4KIRJE 1\/2013 Vuosi on jo hyv\u00e4ll\u00e4 menolla kohti kes\u00e4\u00e4. T\u00e4ss\u00e4 kyl\u00e4yhdistyksen ensimm\u00e4inen tervehdys Sinulle. T\u00e4m\u00e4n vuoden aikana on tulossa merkitt\u00e4v\u00e4 ja mieluisa yhteinen ponnistus. K\u00e4sity\u00f6koulun ulkoasun kohennus ja pihan kunnostus laitetaan alulle &hellip; <a href=\"https:\/\/kylat.ekarjala.fi\/kirjavalakesusmaa\/kylakirjeet\/\">Lue loppuun <span class=\"meta-nav\">&rarr;<\/span><\/a><\/p>\n","protected":false},"author":135,"featured_media":0,"parent":0,"menu_order":0,"comment_status":"open","ping_status":"closed","template":"","meta":{"footnotes":""},"class_list":["post-154","page","type-page","status-publish","hentry"],"_links":{"self":[{"href":"https:\/\/kylat.ekarjala.fi\/kirjavalakesusmaa\/wp-json\/wp\/v2\/pages\/154","targetHints":{"allow":["GET"]}}],"collection":[{"href":"https:\/\/kylat.ekarjala.fi\/kirjavalakesusmaa\/wp-json\/wp\/v2\/pages"}],"about":[{"href":"https:\/\/kylat.ekarjala.fi\/kirjavalakesusmaa\/wp-json\/wp\/v2\/types\/page"}],"author":[{"embeddable":true,"href":"https:\/\/kylat.ekarjala.fi\/kirjavalakesusmaa\/wp-json\/wp\/v2\/users\/135"}],"replies":[{"embeddable":true,"href":"https:\/\/kylat.ekarjala.fi\/kirjavalakesusmaa\/wp-json\/wp\/v2\/comments?post=154"}],"version-history":[{"count":6,"href":"https:\/\/kylat.ekarjala.fi\/kirjavalakesusmaa\/wp-json\/wp\/v2\/pages\/154\/revisions"}],"predecessor-version":[{"id":187,"href":"https:\/\/kylat.ekarjala.fi\/kirjavalakesusmaa\/wp-json\/wp\/v2\/pages\/154\/revisions\/187"}],"wp:attachment":[{"href":"https:\/\/kylat.ekarjala.fi\/kirjavalakesusmaa\/wp-json\/wp\/v2\/media?parent=154"}],"curies":[{"name":"wp","href":"https:\/\/api.w.org\/{rel}","templated":true}]}}