{"id":27,"date":"2012-10-25T08:41:42","date_gmt":"2012-10-25T08:41:42","guid":{"rendered":"https:\/\/kylat.ekarjala.fi\/kirjavalakesusmaa\/?page_id=27"},"modified":"2012-12-30T14:43:26","modified_gmt":"2012-12-30T11:43:26","slug":"nahtavyydet","status":"publish","type":"page","link":"https:\/\/kylat.ekarjala.fi\/kirjavalakesusmaa\/nahtavyydet\/","title":{"rendered":"N\u00e4ht\u00e4vyydet"},"content":{"rendered":"<p><strong>Kirjavalan kyl\u00e4raitti<\/strong> on osa ikivanhaa v\u00e4yl\u00e4\u00e4\u00a0 Viipurista Savonlinnaan. Tie on\u00a0kulkenut rajanpinnasta Tyrj\u00e4lt\u00e4\u00a0 Kesusmaalle\u00a0 mahdollisesti joko Intsil\u00e4ntien tai sitten Pitk\u00e4pohjan kautta Kesusmaantiet\u00e4 pitkin Kirjavalaan. Kirjavalan raitti mutkittelee asutuksen halki luoden idyllisen kyl\u00e4milj\u00f6\u00f6n, jonka varrelle j\u00e4\u00e4 historiallisia rakennuksia kuten Kirjavalan vanha kansakoulu, joka toimi sodanaikana sidontapaikkana ja sairaalana, R\u00f6ks\u00e4n kyl\u00e4kauppa, Kirjavalan meijeri\u00a0ja\u00a0Kirjavalan K\u00e4sity\u00f6koulu. Meijerill\u00e4 toimii \u00f6ljynpuristamo ja K\u00e4sity\u00f6koululla kes\u00e4isin valokuvagalleria Valolla.<\/p>\n<p><strong>Kyl\u00e4maisema <\/strong>Kesusmaan T\u00f6nkivaarassa avaa upean n\u00e4kym\u00e4n Simpelej\u00e4rven sel\u00e4lle. Hieman toiselle\u00a0laidalle j\u00e4rve\u00e4 n\u00e4kee Kaksosenm\u00e4elt\u00e4 Intsil\u00e4ntien varrelta. Vaihteen vuoksi\u00a0 kannattaa autoilla t\u00e4t\u00e4 v\u00e4yl\u00e4\u00e4 Tyrj\u00e4n kautta Parikkalaan. Tai tietenkin my\u00f6s p\u00e4invastoin.<\/p>\n<p><strong>Kanavapolku<\/strong> on noin kahden kilometrin pituinen polku Kirjavalan kanavan maastossa. Polku alkaa kyl\u00e4kauppa K-R\u00f6ks\u00e4n pihalta ja on merkitty viitalla maantiesillan j\u00e4lkeen vasemmalle. Reitti on merkitty oranssein t\u00e4plin. Polun varrella on penkkej\u00e4 ja tulipaikka retkiev\u00e4iden nautiskeluun. Polun profiili on helpohko. Muutamia nousuja ja laskuja helpottamaan on tehty portaita ja kaiteita.\n\t\t<style type=\"text\/css\">\n\t\t\t#gallery-1 {\n\t\t\t\tmargin: auto;\n\t\t\t}\n\t\t\t#gallery-1 .gallery-item {\n\t\t\t\tfloat: left;\n\t\t\t\tmargin-top: 10px;\n\t\t\t\ttext-align: center;\n\t\t\t\twidth: 33%;\n\t\t\t}\n\t\t\t#gallery-1 img {\n\t\t\t\tborder: 2px solid #cfcfcf;\n\t\t\t}\n\t\t\t#gallery-1 .gallery-caption {\n\t\t\t\tmargin-left: 0;\n\t\t\t}\n\t\t\t\/* see gallery_shortcode() in wp-includes\/media.php *\/\n\t\t<\/style>\n\t\t<div id='gallery-1' class='gallery galleryid-27 gallery-columns-3 gallery-size-thumbnail'><dl class='gallery-item'>\n\t\t\t<dt class='gallery-icon landscape'>\n\t\t\t\t<a href='https:\/\/kylat.ekarjala.fi\/kirjavalakesusmaa\/nahtavyydet\/kuvia-kirjavala-kesusmaa-kyl%c2%8ayhdistys-ryn-kotisivuille-8\/'><img loading=\"lazy\" decoding=\"async\" width=\"150\" height=\"95\" src=\"https:\/\/kylat.ekarjala.fi\/kirjavalakesusmaa\/wp-content\/uploads\/sites\/53\/2012\/10\/n\u00e4ht\u00e4vyydet1.jpg\" class=\"attachment-thumbnail size-thumbnail\" alt=\"\" aria-describedby=\"gallery-1-28\" \/><\/a>\n\t\t\t<\/dt>\n\t\t\t\t<dd class='wp-caption-text gallery-caption' id='gallery-1-28'>\n\t\t\t\tKunnanjohtaja Alpo Kosunen pit\u00e4\u00e4 puhetta kanavapolun avajaisissa\n\t\t\t\t<\/dd><\/dl><dl class='gallery-item'>\n\t\t\t<dt class='gallery-icon landscape'>\n\t\t\t\t<a href='https:\/\/kylat.ekarjala.fi\/kirjavalakesusmaa\/nahtavyydet\/kuvia-kirjavala-kesusmaa-kyl%c2%8ayhdistys-ryn-kotisivuille-9\/'><img loading=\"lazy\" decoding=\"async\" width=\"150\" height=\"98\" src=\"https:\/\/kylat.ekarjala.fi\/kirjavalakesusmaa\/wp-content\/uploads\/sites\/53\/2012\/10\/n\u00e4ht\u00e4vyydet2.jpg\" class=\"attachment-thumbnail size-thumbnail\" alt=\"\" aria-describedby=\"gallery-1-29\" \/><\/a>\n\t\t\t<\/dt>\n\t\t\t\t<dd class='wp-caption-text gallery-caption' id='gallery-1-29'>\n\t\t\t\tInfotaulu polun alussa\n\t\t\t\t<\/dd><\/dl><dl class='gallery-item'>\n\t\t\t<dt class='gallery-icon landscape'>\n\t\t\t\t<a href='https:\/\/kylat.ekarjala.fi\/kirjavalakesusmaa\/nahtavyydet\/kuvia-kirjavala-kesusmaa-kyl%c2%8ayhdistys-ryn-kotisivuille-10\/'><img loading=\"lazy\" decoding=\"async\" width=\"150\" height=\"115\" src=\"https:\/\/kylat.ekarjala.fi\/kirjavalakesusmaa\/wp-content\/uploads\/sites\/53\/2012\/10\/n\u00e4ht\u00e4vyydet3.jpg\" class=\"attachment-thumbnail size-thumbnail\" alt=\"\" aria-describedby=\"gallery-1-30\" \/><\/a>\n\t\t\t<\/dt>\n\t\t\t\t<dd class='wp-caption-text gallery-caption' id='gallery-1-30'>\n\t\t\t\tPolku k\u00e4v\u00e4isee kanavan pohjalla\n\t\t\t\t<\/dd><\/dl><br style=\"clear: both\" \/><dl class='gallery-item'>\n\t\t\t<dt class='gallery-icon portrait'>\n\t\t\t\t<a href='https:\/\/kylat.ekarjala.fi\/kirjavalakesusmaa\/nahtavyydet\/kuvia-kirjavala-kesusmaa-kyl%c2%8ayhdistys-ryn-kotisivuille-11\/'><img loading=\"lazy\" decoding=\"async\" width=\"100\" height=\"150\" src=\"https:\/\/kylat.ekarjala.fi\/kirjavalakesusmaa\/wp-content\/uploads\/sites\/53\/2012\/10\/n\u00e4ht\u00e4vyydet4.jpg\" class=\"attachment-thumbnail size-thumbnail\" alt=\"\" aria-describedby=\"gallery-1-31\" \/><\/a>\n\t\t\t<\/dt>\n\t\t\t\t<dd class='wp-caption-text gallery-caption' id='gallery-1-31'>\n\t\t\t\tPortaat yl\u00f6snousua helpottamassa\n\t\t\t\t<\/dd><\/dl><dl class='gallery-item'>\n\t\t\t<dt class='gallery-icon landscape'>\n\t\t\t\t<a href='https:\/\/kylat.ekarjala.fi\/kirjavalakesusmaa\/nahtavyydet\/kuvia-kirjavala-kesusmaa-kyl%c2%8ayhdistys-ryn-kotisivuille-12\/'><img loading=\"lazy\" decoding=\"async\" width=\"150\" height=\"97\" src=\"https:\/\/kylat.ekarjala.fi\/kirjavalakesusmaa\/wp-content\/uploads\/sites\/53\/2012\/10\/n\u00e4ht\u00e4vyydet5.jpg\" class=\"attachment-thumbnail size-thumbnail\" alt=\"\" aria-describedby=\"gallery-1-37\" \/><\/a>\n\t\t\t<\/dt>\n\t\t\t\t<dd class='wp-caption-text gallery-caption' id='gallery-1-37'>\n\t\t\t\tKuva 1920 luvulta (kuvaaja tuntematon)\n\t\t\t\t<\/dd><\/dl><dl class='gallery-item'>\n\t\t\t<dt class='gallery-icon landscape'>\n\t\t\t\t<a href='https:\/\/kylat.ekarjala.fi\/kirjavalakesusmaa\/nahtavyydet\/kuvia-kirjavala-kesusmaa-kyl%c2%8ayhdistys-ryn-kotisivuille-13\/'><img loading=\"lazy\" decoding=\"async\" width=\"150\" height=\"95\" src=\"https:\/\/kylat.ekarjala.fi\/kirjavalakesusmaa\/wp-content\/uploads\/sites\/53\/2012\/10\/n\u00e4ht\u00e4vyydet6.jpg\" class=\"attachment-thumbnail size-thumbnail\" alt=\"\" aria-describedby=\"gallery-1-38\" \/><\/a>\n\t\t\t<\/dt>\n\t\t\t\t<dd class='wp-caption-text gallery-caption' id='gallery-1-38'>\n\t\t\t\tKartta ennen II laskua (kartan lainasta kiitos Jaakko Honkaselle)\n\t\t\t\t<\/dd><\/dl><br style=\"clear: both\" \/>\n\t\t<\/div>\n<\/p>\n<p>Vanhan kartan vasemmassa reunassa n\u00e4kyy nykyinen kanavan ylitt\u00e4v\u00e4 maantiesilta. Aiemmin joessa on ollut leveytt\u00e4 nykyist\u00e4 enemm\u00e4n. Suur-Rautj\u00e4rven ranta on ulottunut nykyisen kanavanpolun k\u00e4velysillan kohdalle. Samoin kartassa n\u00e4kyy merkinn\u00e4t kolmesta koskipaikasta joissa myllyt sijaitsivat.<\/p>\n<p><strong>Mykkiin kivet <\/strong>Kesusmaalla, on iso ryhm\u00e4 kookkaita siirtolohkareita, jotka j\u00e4\u00e4kausi on paikalleen vy\u00f6rytt\u00e4nyt. Yksitt\u00e4isi\u00e4 lohkareita l\u00f6ytyy l\u00e4hialueilta muualtakin mutta n\u00e4in kookas ryhm\u00e4 on n\u00e4ht\u00e4vyys. Opasteet Kuutostielt\u00e4.<\/p>\n<p>&nbsp;<\/p>\n","protected":false},"excerpt":{"rendered":"<p>Kirjavalan kyl\u00e4raitti on osa ikivanhaa v\u00e4yl\u00e4\u00e4\u00a0 Viipurista Savonlinnaan. Tie on\u00a0kulkenut rajanpinnasta Tyrj\u00e4lt\u00e4\u00a0 Kesusmaalle\u00a0 mahdollisesti joko Intsil\u00e4ntien tai sitten Pitk\u00e4pohjan kautta Kesusmaantiet\u00e4 pitkin Kirjavalaan. Kirjavalan raitti mutkittelee asutuksen halki luoden idyllisen kyl\u00e4milj\u00f6\u00f6n, jonka varrelle j\u00e4\u00e4 historiallisia rakennuksia kuten Kirjavalan vanha kansakoulu, &hellip; <a href=\"https:\/\/kylat.ekarjala.fi\/kirjavalakesusmaa\/nahtavyydet\/\">Lue loppuun <span class=\"meta-nav\">&rarr;<\/span><\/a><\/p>\n","protected":false},"author":135,"featured_media":0,"parent":0,"menu_order":0,"comment_status":"open","ping_status":"closed","template":"","meta":{"footnotes":""},"class_list":["post-27","page","type-page","status-publish","hentry"],"_links":{"self":[{"href":"https:\/\/kylat.ekarjala.fi\/kirjavalakesusmaa\/wp-json\/wp\/v2\/pages\/27","targetHints":{"allow":["GET"]}}],"collection":[{"href":"https:\/\/kylat.ekarjala.fi\/kirjavalakesusmaa\/wp-json\/wp\/v2\/pages"}],"about":[{"href":"https:\/\/kylat.ekarjala.fi\/kirjavalakesusmaa\/wp-json\/wp\/v2\/types\/page"}],"author":[{"embeddable":true,"href":"https:\/\/kylat.ekarjala.fi\/kirjavalakesusmaa\/wp-json\/wp\/v2\/users\/135"}],"replies":[{"embeddable":true,"href":"https:\/\/kylat.ekarjala.fi\/kirjavalakesusmaa\/wp-json\/wp\/v2\/comments?post=27"}],"version-history":[{"count":12,"href":"https:\/\/kylat.ekarjala.fi\/kirjavalakesusmaa\/wp-json\/wp\/v2\/pages\/27\/revisions"}],"predecessor-version":[{"id":35,"href":"https:\/\/kylat.ekarjala.fi\/kirjavalakesusmaa\/wp-json\/wp\/v2\/pages\/27\/revisions\/35"}],"wp:attachment":[{"href":"https:\/\/kylat.ekarjala.fi\/kirjavalakesusmaa\/wp-json\/wp\/v2\/media?parent=27"}],"curies":[{"name":"wp","href":"https:\/\/api.w.org\/{rel}","templated":true}]}}