{"id":5,"date":"2012-10-25T08:28:36","date_gmt":"2012-10-25T08:28:36","guid":{"rendered":"https:\/\/kylat.ekarjala.fi\/kirjavalakesusmaa\/?page_id=5"},"modified":"2013-03-19T16:24:53","modified_gmt":"2013-03-19T13:24:53","slug":"esittely","status":"publish","type":"page","link":"https:\/\/kylat.ekarjala.fi\/kirjavalakesusmaa\/esittely\/","title":{"rendered":"Esittely"},"content":{"rendered":"<p><strong>Kirjavalan ja Kesusmaan kyl\u00e4t<\/strong><\/p>\n<p>Kirjavalan ja Kesusmaan maalaismaisemaa v\u00e4ritt\u00e4v\u00e4t m\u00e4kien ja vaarojen v\u00e4liin j\u00e4\u00e4v\u00e4t suuret peltoaukemat ja lukuisat lammet ja j\u00e4rvet. Kesusmaan kyl\u00e4lt\u00e4\u00a0aukeavat mahtavat n\u00e4kym\u00e4t Simpelej\u00e4rvelle.<\/p>\n<p>Kahden kyl\u00e4n alueella asuu n. 500 asukasta. Kylille on muuttanut viimeaikoina my\u00f6s lapsiperheit\u00e4. Kes\u00e4isin asukasluku kasvaa ja kylille syntyy liikett\u00e4 kun kes\u00e4asukkaat saapuvat\u00a0loman viettoon.<\/p>\n<p>Kyl\u00e4l\u00e4isten aktivoijana toimii kyl\u00e4yhdistys, joka\u00a0j\u00e4rjest\u00e4\u00e4 tapahtumia kaikelle kansalle. Kesusmaan kent\u00e4ll\u00e4 kokoonnutaan kyyk\u00e4n pariin kes\u00e4maanantaisin\u00a0toukokuulta\u00a0lokakuulle. Jokakev\u00e4isill\u00e4 talkoilla siistit\u00e4\u00e4n kylien keskeiset alueet kuten upea uimaranta Haavikonranta, Kyykk\u00e4kentt\u00e4, Kyl\u00e4kiikku, K\u00e4sity\u00f6koulu ja Kanavapolku. Kes\u00e4retki ja\u00a0pikkujoulut kuuluvat kyl\u00e4yhdistyksen jokavuotisiin ohjelmiin. LIs\u00e4ksi pyrit\u00e4\u00e4n j\u00e4rjest\u00e4m\u00e4\u00e4n muutakin virkistystoimintaa.<\/p>\n","protected":false},"excerpt":{"rendered":"<p>Kirjavalan ja Kesusmaan kyl\u00e4t Kirjavalan ja Kesusmaan maalaismaisemaa v\u00e4ritt\u00e4v\u00e4t m\u00e4kien ja vaarojen v\u00e4liin j\u00e4\u00e4v\u00e4t suuret peltoaukemat ja lukuisat lammet ja j\u00e4rvet. Kesusmaan kyl\u00e4lt\u00e4\u00a0aukeavat mahtavat n\u00e4kym\u00e4t Simpelej\u00e4rvelle. Kahden kyl\u00e4n alueella asuu n. 500 asukasta. Kylille on muuttanut viimeaikoina my\u00f6s lapsiperheit\u00e4. Kes\u00e4isin &hellip; <a href=\"https:\/\/kylat.ekarjala.fi\/kirjavalakesusmaa\/esittely\/\">Lue loppuun <span class=\"meta-nav\">&rarr;<\/span><\/a><\/p>\n","protected":false},"author":135,"featured_media":0,"parent":0,"menu_order":0,"comment_status":"open","ping_status":"closed","template":"","meta":{"footnotes":""},"class_list":["post-5","page","type-page","status-publish","hentry"],"_links":{"self":[{"href":"https:\/\/kylat.ekarjala.fi\/kirjavalakesusmaa\/wp-json\/wp\/v2\/pages\/5","targetHints":{"allow":["GET"]}}],"collection":[{"href":"https:\/\/kylat.ekarjala.fi\/kirjavalakesusmaa\/wp-json\/wp\/v2\/pages"}],"about":[{"href":"https:\/\/kylat.ekarjala.fi\/kirjavalakesusmaa\/wp-json\/wp\/v2\/types\/page"}],"author":[{"embeddable":true,"href":"https:\/\/kylat.ekarjala.fi\/kirjavalakesusmaa\/wp-json\/wp\/v2\/users\/135"}],"replies":[{"embeddable":true,"href":"https:\/\/kylat.ekarjala.fi\/kirjavalakesusmaa\/wp-json\/wp\/v2\/comments?post=5"}],"version-history":[{"count":9,"href":"https:\/\/kylat.ekarjala.fi\/kirjavalakesusmaa\/wp-json\/wp\/v2\/pages\/5\/revisions"}],"predecessor-version":[{"id":13,"href":"https:\/\/kylat.ekarjala.fi\/kirjavalakesusmaa\/wp-json\/wp\/v2\/pages\/5\/revisions\/13"}],"wp:attachment":[{"href":"https:\/\/kylat.ekarjala.fi\/kirjavalakesusmaa\/wp-json\/wp\/v2\/media?parent=5"}],"curies":[{"name":"wp","href":"https:\/\/api.w.org\/{rel}","templated":true}]}}