{"id":52,"date":"2012-10-25T08:51:20","date_gmt":"2012-10-25T08:51:20","guid":{"rendered":"https:\/\/kylat.ekarjala.fi\/kirjavalakesusmaa\/?page_id=52"},"modified":"2012-10-25T08:51:20","modified_gmt":"2012-10-25T08:51:20","slug":"kaupoista","status":"publish","type":"page","link":"https:\/\/kylat.ekarjala.fi\/kirjavalakesusmaa\/historia\/kaupoista\/","title":{"rendered":"Kaupoista"},"content":{"rendered":"<p><strong>Muistelmia Kirjavalan entisist\u00e4 kaupoista<\/strong><br \/>\nSeuraavat saakkunat perustuvat enoni Matti Tolvasen (s. 1924) kertomuksiin, jotka nauhoitin v. 2004. N\u00e4iden nauhoitusten ja vanhan kuvamateriaalin perusteella kirjoitimme yhdess\u00e4 vaimoni Mirja Pekosen kanssa 38-sivuiset Matin \u201dmuistelmat\u201d Kirjavalasta kansallis-oopperaan. Matti j\u00e4i el\u00e4kkeelle oopperan teknisen esimiehen toimesta v. 1987 ja elelee nykyisin pirte\u00e4n\u00e4 Helsingin Alppilassa yhdess\u00e4 vaimonsa Kyllikin kanssa. Matti viett\u00e4\u00e4 edelleen osan kes\u00e4st\u00e4\u00e4n Kirjavalassa Lahdenpohjan rannalla olevassa kes\u00e4asunnnossaan.<\/p>\n<p>Matin is\u00e4 oli Yrj\u00f6 Alfred Tolvanen (1885-1950) ja \u00e4iti Hilda (1887-1967) o.s. Paajanen. Matin is\u00e4\u00e4 kutsuttin kyl\u00e4ll\u00e4 Sepp\u00e4-Alpoksi ja \u00e4iti\u00e4 Sep\u00e4n Hiltaksi. T\u00e4m\u00e4n kirjoittajan \u00e4iti Maria Pekonen (1909-2004) oli perheen toiseksi vanhin tyt\u00e4r ja Matti kuopus.Tolvasten talo sijaitsee nykyisen 6-tien ja vanhan Putikkoon menev\u00e4n tien risteyksess\u00e4.<\/p>\n<p>Kirjavalassa oli Matin lapsuuden ja nuoruuden aikana (1920-30-luvuilla) koulu, mylly, saha, posti ja useita kauppoja. Ostosmatkat kirkonkyl\u00e4\u00e4n Parikkalaan olivat harvinaisia, kaupunkimatkoista puhumattakaan.<\/p>\n<p>Nykyisen R\u00f6ks\u00e4n kaupan paikalla oli Kuikan kauppa. Kauppias \u201dpuujalka-Kuikka\u201d oli suosittu koululasten keskuudessa. Kaupan ulkopuolella kuulosteltiin ja p\u00e4\u00e4teltiin \u00e4\u00e4nimaiseman perusteella, oliko itse kauppias palvelemassa. Jos puujalan kopinaa kuului, riennettiin karkkiostosille, koska Kuikka antoi pennosilla runsaimman annoksen mansikkakaramelleja. Entisen osuuskaupan vastap\u00e4\u00e4t\u00e4 piti kauppaa \u201dlaukkuryss\u00e4 Sepponen\u201d. Urho Kososen kauppa tuli my\u00f6hemmin seuraavalle tontille. Kauppias Kosonen on Matin pikkuserkku. Lis\u00e4ksi oli osuuskauppa, my\u00f6hemmin kaksikin, kun my\u00f6s edistysmielinen osuuskauppaliike avasi myym\u00e4l\u00e4n. Oli my\u00f6s Mujusen kauppa Rantakyl\u00e4n tienhaarassa. Ukko Mujunen oli innokas moskanpelaaja ja asiakkaat joutuivat odottamaan palvelua, jos korttipeli oli kesken. Kinnarniemen osuuskassan (my\u00f6hemmin Kirjavalan seudun osuuskassa) talo valmistui 30-luvulla koulua vastap\u00e4\u00e4t\u00e4 ja siihen taloon sijoittuivat my\u00f6s posti ja puhelinkeskus. Anni Innanen, Matin serkku, toimi postinhoitajana.<\/p>\n<p>Kauppias Kuikasta Matti muisteli seuraavan tapauksen. Sattumalta Matti meni Kuikan kaupaan, jossa oli jo asioilla Laamasen Paavo, kauppiaan lankomies. Laamaselle Kuikka kuuluttaa: \u201dKuule sie Pauvo, nyt on Kirjavalassaki lama ohi ko sepp\u00e4-Alppokin k\u00e4i jouluostoksilla\u201d.Paavo kysym\u00e4\u00e4n, mit\u00e4 se Alppo oikein sitten osti. \u201dSe osti kolme killoo tervoo ja viel\u00e4 povotanki (hevosen talutusnuora)\u201d. Matti kuunteli keskustelua loukkaantuneena ja korvat punaisina vihjailua is\u00e4ns\u00e4 nuukuudesta. H\u00e4n ymm\u00e4rsi, ettei Alpon ostoslistaa m\u00e4\u00e4r\u00e4nnyt joulun tulo, vaan se ett\u00e4 oli lauha p\u00e4iv\u00e4, ja terva juoksi tynnyrist\u00e4, joka oli ulkona kaupan pihalla.Tervakauppaa ei voitu k\u00e4yd\u00e4 pakkasilla, koska tuote oli j\u00e4hmettynyt melkein pikim\u00e4iseksi.Paavo Laamasen mainitsema 1930-luvun lama koetteli kovin kourin my\u00f6s Kirjavalaa, jossa taloja joutui vasaran alle jopa kauppiaiden \u201dkahviveloista\u201d. K\u00e4teist\u00e4 ei ollut. Vaikka mets\u00e4\u00e4 humisi ymp\u00e4rill\u00e4, puuta ei ostanut kukaan.<\/p>\n<p>T\u00e4rkeimm\u00e4t kulutustavarat, joita kaupoista ostettiin, olivat toppasokeri ja kahvi. Joissakin perheiss\u00e4 juotiin teet\u00e4. Kahvi oli irtotavarana myyty\u00e4 raakakahvia, jota paahdettiin kotona \u201dr\u00e4nn\u00e4riss\u00e4\u201d hellalla. Sokeri oli yleens\u00e4 korkeissa kartiomaisissa kahden kilon topissa. V\u00e4h\u00e4varaiselle koko toppa saattoi olla liian kallis kertaostos, ja usein pyydettiin topan yl\u00e4p\u00e4\u00e4t\u00e4, joka oli kovempaa sokeria ja siksi \u201dn\u00e4kys\u00e4mp\u00e4\u00e4\u201d.<\/p>\n<p>Tapiolassa 11.5.2006 Raimo Pekonen pekoset@kolumbus.fi<\/p>\n","protected":false},"excerpt":{"rendered":"<p>Muistelmia Kirjavalan entisist\u00e4 kaupoista Seuraavat saakkunat perustuvat enoni Matti Tolvasen (s. 1924) kertomuksiin, jotka nauhoitin v. 2004. N\u00e4iden nauhoitusten ja vanhan kuvamateriaalin perusteella kirjoitimme yhdess\u00e4 vaimoni Mirja Pekosen kanssa 38-sivuiset Matin \u201dmuistelmat\u201d Kirjavalasta kansallis-oopperaan. Matti j\u00e4i el\u00e4kkeelle oopperan teknisen esimiehen &hellip; <a href=\"https:\/\/kylat.ekarjala.fi\/kirjavalakesusmaa\/historia\/kaupoista\/\">Lue loppuun <span class=\"meta-nav\">&rarr;<\/span><\/a><\/p>\n","protected":false},"author":135,"featured_media":0,"parent":43,"menu_order":0,"comment_status":"open","ping_status":"closed","template":"","meta":{"footnotes":""},"class_list":["post-52","page","type-page","status-publish","hentry"],"_links":{"self":[{"href":"https:\/\/kylat.ekarjala.fi\/kirjavalakesusmaa\/wp-json\/wp\/v2\/pages\/52","targetHints":{"allow":["GET"]}}],"collection":[{"href":"https:\/\/kylat.ekarjala.fi\/kirjavalakesusmaa\/wp-json\/wp\/v2\/pages"}],"about":[{"href":"https:\/\/kylat.ekarjala.fi\/kirjavalakesusmaa\/wp-json\/wp\/v2\/types\/page"}],"author":[{"embeddable":true,"href":"https:\/\/kylat.ekarjala.fi\/kirjavalakesusmaa\/wp-json\/wp\/v2\/users\/135"}],"replies":[{"embeddable":true,"href":"https:\/\/kylat.ekarjala.fi\/kirjavalakesusmaa\/wp-json\/wp\/v2\/comments?post=52"}],"version-history":[{"count":2,"href":"https:\/\/kylat.ekarjala.fi\/kirjavalakesusmaa\/wp-json\/wp\/v2\/pages\/52\/revisions"}],"predecessor-version":[{"id":106,"href":"https:\/\/kylat.ekarjala.fi\/kirjavalakesusmaa\/wp-json\/wp\/v2\/pages\/52\/revisions\/106"}],"up":[{"embeddable":true,"href":"https:\/\/kylat.ekarjala.fi\/kirjavalakesusmaa\/wp-json\/wp\/v2\/pages\/43"}],"wp:attachment":[{"href":"https:\/\/kylat.ekarjala.fi\/kirjavalakesusmaa\/wp-json\/wp\/v2\/media?parent=52"}],"curies":[{"name":"wp","href":"https:\/\/api.w.org\/{rel}","templated":true}]}}