{"id":54,"date":"2012-10-25T08:52:03","date_gmt":"2012-10-25T08:52:03","guid":{"rendered":"https:\/\/kylat.ekarjala.fi\/kirjavalakesusmaa\/?page_id=54"},"modified":"2012-10-25T08:52:03","modified_gmt":"2012-10-25T08:52:03","slug":"maironiemen-piru","status":"publish","type":"page","link":"https:\/\/kylat.ekarjala.fi\/kirjavalakesusmaa\/historia\/maironiemen-piru\/","title":{"rendered":"Maironiemen piru"},"content":{"rendered":"<p><strong>Maironiemen piru, aikansa julkkis<\/strong><br \/>\nLienee lupa hieman piruilla naapurikyl\u00e4st\u00e4 Maironiemest\u00e4. Siell\u00e4 mellasti piru Laurinm\u00e4en talossa tahvanasta seuraavaan pitk\u00e4\u00e4nperjantaihin v. 1888. T\u00e4m\u00e4n ja useiden muiden pirujen tekosista on SKS:n kansanrunousarkistossa muisteluksia, jotka on ker\u00e4tty etenkin 1930-luvulta alkaen.<\/p>\n<p>Maironiemen pirun ensimm\u00e4inen uhri oli Hilma Tiitan kertoman mukaan renki Albin L\u00f6tj\u00f6nen, jota piru heitti tahvanailtana tuvanuunilta piiraspulikalla polveen. Esineit\u00e4 kuten mittakappa ja pellavavihko lenteli, outoa melua ja naputuksia kuului monena iltana. Er\u00e4\u00e4n kerran piru pyssysi p\u00e4repuukolla talon Mikko-pojan otsaan. Vaikka puukkoa piiloteltiin ja lopulta se vietiin aittaan raudoitettuun arkkuun, joka lukittiin samoin kuin aitan ovi, puukko ilmestyi pian paikalleen tuvan sein\u00e4nrakoon. Sattui niinkin, ett\u00e4 piru heitti kissan paistiruukkuun, joka oli katettu puokap\u00f6yt\u00e4\u00e4n. Kirassi- eli lamppu\u00f6ljypullo siirtyi tupaan suljettujen ovien l\u00e4pi. Kerran piru viskasi tuvan lattialle kolme kive\u00e4, jotka olivat niin painavia, ett\u00e4 miehet juuri ja juuri jaksoivat siirt\u00e4\u00e4 ne pihalle. Kivet haudattiin noin puolen metrin syvyyteen. T\u00e4st\u00e4 huolimatta samat kivet palautuivat kerta kerran j\u00e4lkeen takaisin tuvan lattialle. Pirun mellastustusta tultiin katsomaan kauempaakin. Kerran piru nosti tuvan penkin sill\u00e4 istuvine vieraineen ja heitti sen sivummalle. Pirun mellastus oli niin voimallista, ett\u00e4 talon v\u00e4ki joutui muuttamaan tilap\u00e4isesti naapureihin. Kun palattiin kotiin, vesisaavi kiehui nurkassa kuin rokkapata.<\/p>\n<p>Maironiemen piru oli siis aikansa julkkis. H\u00e4nest\u00e4 (vai siit\u00e4?) kirjoitettiin jopa Viipurin lehdiss\u00e4 ja sepitettiin arkkiveisuja. Parikkalan lis\u00e4ksi useista l\u00e4hipit\u00e4jist\u00e4, jopa Terijoelta, S\u00e4\u00e4mingist\u00e4 ja Liperist\u00e4 saakka ker\u00e4ttyj\u00e4 tietoja t\u00e4m\u00e4n pirun tekosista on tallennettu kansanrunousarkistoon. Huomattavan osan n\u00e4ist\u00e4 tiedoista on koonnut Mikkolanniemell\u00e4 syntynyt opettaja ja kirjailija Veikko Haakana 1950-luvulla. Ennen kirjailijan uraa h\u00e4n toimi kansakoulunopettajana esim. Kesusmaalla, muistaakseni lukuvuoden 1947-1948.<\/p>\n<p>Mik\u00e4 sai r\u00e4yh\u00e4hengen mellastamaan Maironiemelle? Useimmilla muistelijoilla on sama selitys: mainitun talon is\u00e4nt\u00e4 oli pett\u00e4nyt markkinoilla hevoskaupoissa ja huijauksen uhri manasi kostoksi pirun kekkaloimaan is\u00e4nn\u00e4n kartanolla. Pirun r\u00e4yh\u00e4\u00e4minen loppui, kun is\u00e4nt\u00e4 hyvittti kauppa-langolle petoksensa.<\/p>\n<p>Piruista on kirjoitettu suomeksi ainakin kaksi kirjaa: Heikki Tikkala: Olevaisen y\u00f6puoli, Kuopio 1993 ja Pasi Klemettinen: Mellastava piru, SKS Helsinki 1977. Viimemainittu kirja perustuu Joensuun yliopistossa tehtyyn v\u00e4it\u00f6skirjaan. N\u00e4m\u00e4 teokset ovat olleet l\u00e4hteen\u00e4ni samoin kuin nuorena kuulemani vanhempien ihmisten tarinat.<\/p>\n<p>Maironiemen pirun kaltaisia r\u00e4yh\u00e4henki\u00e4 esiintyi Suomessa lukuisia etenkin maaseudulla 1800-1900 lukujen vaihteen aikoihin. Lieneek\u00f6 kyseess\u00e4 ollut aina sama piru? Kansatieteilij\u00e4t arvostavat Maironiemen pirun mellastajien kahdeksan kuuluisimman ja v\u00e4kevimm\u00e4n joukkoon.<\/p>\n<p>Mik\u00e4 sitten pani t\u00e4m\u00e4n henkiolennon mellastamaan ja kiusaamaan ihmispoloja? Uskomustarinoiden tutkijat ovat kirjanneet syiksi r\u00e4yh\u00e4ystalon v\u00e4en seuraavia normirikkomuksia: pyh\u00e4ty\u00f6, jumalanpilkka ja kirkon h\u00e4p\u00e4iseminen, tanssi ja tanssimusiikki, kortinpeluu, juopottelu ja viinankeitto, ylv\u00e4stely, kiroilu, vihelt\u00e4minen, riitely, kateus, ahneus, leiv\u00e4n halventaminen, syntyvyyden s\u00e4\u00e4nnn\u00f6stely, siveett\u00f6myys, luomakunnan pilkkaaminen ja lakien rikkomukset kuten petokset. Viimemainittu lienee Maironiemen pirun k\u00e4yt\u00f6ksen syy. Luetteloa katsoessa ihmettelee, ettei joka talossa piru mellastele !<\/p>\n<p>Suuressa maailmassa vanhojen linnojen kummituksia ja erilaisia hirvi\u00f6it\u00e4 (Loch Ness!) on hy\u00f6dynnetty matkailun vetonauloina. Maironiemen pirun maine lienee jo 120 vuodessa himmentynyt siin\u00e4 m\u00e4\u00e4rin, ettei h\u00e4nen\/sen kanssa kannattane en\u00e4\u00e4 tehd\u00e4 sponsorisopimusta esim. paikkakunnan matkailun edist\u00e4mistarkoituksessa. Sopimuksen laatiminen pirun kanssa saattaisi olla haasteellista. Varoitetaanhan sananlaskussa pirusta: jos pirulle antaa pikkusormen, se vie koko k\u00e4den!<\/p>\n<p>Sananlaskuihin on tallennettuna v\u00e4l\u00e4hdyksi\u00e4 siit\u00e4 sielunmaisemasta, jossa esivanhempamme eliv\u00e4t. V.1948 ilmestyneess\u00e4 Suomen kansan sananparsikirjassa on esitetty 8500 sananlaskun n\u00e4yte 1,5 miljoonaa toisintoa k\u00e4sitt\u00e4v\u00e4st\u00e4 aineistosta. Kirjan sananparsista 80 k\u00e4sittelee pirua, n. 40 Jumalaa, taivasta ja uskontoa sek\u00e4 n. 40 synti\u00e4 ja helvetti\u00e4. Entiset ajat olivat nykyisi\u00e4 rationaalisia aikoja huomattavasti hengellisempi\u00e4 ja pirujenkin mellastukselle oli enemm\u00e4n tilaa. N\u00e4iss\u00e4 sananlaskuissa piruista varoiteltiin ja niiden luonnetta ja ulkon\u00e4k\u00f6\u00e4 moitittiin. Pel\u00e4tt\u00e4viin piruihin saatettiin kuitenkin suhtautua jopa ironisesti. T\u00e4t\u00e4 asennnetta kuvaavat esimerkkein\u00e4 Laitilasta tallennettu piikittely \u201dKyll mn\u00e4 k\u00e4rryn tunne, sano piru ko jyr\u00e4t ajo\u201d ja Kemij\u00e4rvel\u00e4inen sutkaus \u201d Itte kuki kulkee h\u00e4nen omalla kyytill\u00e4, sano piru kun Pyh\u00e4tunturia perseell\u00e4\u00e4n laski\u201d.<\/p>\n<p>Onko n\u00e4it\u00e4 mellastavia r\u00e4yh\u00e4henki\u00e4 oikeasti olemassa? Voiko niille olla \u201dluonnontieteellisi\u00e4\u201d syit\u00e4 ja selityksi\u00e4? Ne ovat olemassa ainakin niille, jotka niihin uskovat. Mutta se on sitten jo toinen tarina.<\/p>\n<p>Tapiolassa 10.3.2007 Raimo Pekonen pekoset@kolumbus.fi <\/p>\n","protected":false},"excerpt":{"rendered":"<p>Maironiemen piru, aikansa julkkis Lienee lupa hieman piruilla naapurikyl\u00e4st\u00e4 Maironiemest\u00e4. Siell\u00e4 mellasti piru Laurinm\u00e4en talossa tahvanasta seuraavaan pitk\u00e4\u00e4nperjantaihin v. 1888. T\u00e4m\u00e4n ja useiden muiden pirujen tekosista on SKS:n kansanrunousarkistossa muisteluksia, jotka on ker\u00e4tty etenkin 1930-luvulta alkaen. Maironiemen pirun ensimm\u00e4inen uhri &hellip; <a href=\"https:\/\/kylat.ekarjala.fi\/kirjavalakesusmaa\/historia\/maironiemen-piru\/\">Lue loppuun <span class=\"meta-nav\">&rarr;<\/span><\/a><\/p>\n","protected":false},"author":135,"featured_media":0,"parent":43,"menu_order":0,"comment_status":"open","ping_status":"closed","template":"","meta":{"footnotes":""},"class_list":["post-54","page","type-page","status-publish","hentry"],"_links":{"self":[{"href":"https:\/\/kylat.ekarjala.fi\/kirjavalakesusmaa\/wp-json\/wp\/v2\/pages\/54","targetHints":{"allow":["GET"]}}],"collection":[{"href":"https:\/\/kylat.ekarjala.fi\/kirjavalakesusmaa\/wp-json\/wp\/v2\/pages"}],"about":[{"href":"https:\/\/kylat.ekarjala.fi\/kirjavalakesusmaa\/wp-json\/wp\/v2\/types\/page"}],"author":[{"embeddable":true,"href":"https:\/\/kylat.ekarjala.fi\/kirjavalakesusmaa\/wp-json\/wp\/v2\/users\/135"}],"replies":[{"embeddable":true,"href":"https:\/\/kylat.ekarjala.fi\/kirjavalakesusmaa\/wp-json\/wp\/v2\/comments?post=54"}],"version-history":[{"count":1,"href":"https:\/\/kylat.ekarjala.fi\/kirjavalakesusmaa\/wp-json\/wp\/v2\/pages\/54\/revisions"}],"predecessor-version":[{"id":55,"href":"https:\/\/kylat.ekarjala.fi\/kirjavalakesusmaa\/wp-json\/wp\/v2\/pages\/54\/revisions\/55"}],"up":[{"embeddable":true,"href":"https:\/\/kylat.ekarjala.fi\/kirjavalakesusmaa\/wp-json\/wp\/v2\/pages\/43"}],"wp:attachment":[{"href":"https:\/\/kylat.ekarjala.fi\/kirjavalakesusmaa\/wp-json\/wp\/v2\/media?parent=54"}],"curies":[{"name":"wp","href":"https:\/\/api.w.org\/{rel}","templated":true}]}}