{"id":101,"date":"2011-10-12T12:04:01","date_gmt":"2011-10-12T09:34:01","guid":{"rendered":"https:\/\/kylat.ekarjala.fi\/korkea-aho\/?page_id=101"},"modified":"2019-11-09T14:46:02","modified_gmt":"2019-11-09T13:16:02","slug":"martat-2","status":"publish","type":"page","link":"https:\/\/kylat.ekarjala.fi\/korkea-aho\/yhdistykset\/martat-2\/","title":{"rendered":"Martat"},"content":{"rendered":"<p><strong>Vuonna 2019 marttaj\u00e4rjest\u00f6 juhlii 120-vuotista taivalta kotien ja perheiden hyvinvoinnin edist\u00e4j\u00e4n\u00e4.<\/strong> Martoissa me kaikki p\u00e4\u00e4semme tekem\u00e4\u00e4n ja kokemaan yhdess\u00e4. Tuotamme iloa toisillemme ja l\u00e4heisille tutuille ja tuntemattomillekin. Muistathan pit\u00e4\u00e4 huolta my\u00f6s itsest\u00e4si! Nautitaan, iloitaan ja opitaan uutta yhdess\u00e4 muiden marttojen kanssa.<\/p>\n<p><strong><span style=\"color: #0000ff\">Korkea-ahon Martat ry<\/span><\/strong><br \/>\nKorkea-ahon Marttakerho on perustettu 1931 ja siihen kuuluu noin 50 j\u00e4sent\u00e4. Toimintaan kuuluvat iloiset marttaillat eri teemoista, kursseja eri el\u00e4m\u00e4n aloilta (ruuanlaitto, k\u00e4sity\u00f6t, kodinhoito), m\u00f6kki-iltoja saunomisineen, retki\u00e4 teattereihin, kylpyl\u00e4\u00e4n ja kotimaan kohteisiin.<\/p>\n<p>Lis\u00e4ksi martat j\u00e4rjest\u00e4v\u00e4t lapsille muutaman kerran vuodessa\u00a0 pikkukokkikoulutusta.<\/p>\n\n\t\t<style type=\"text\/css\">\n\t\t\t#gallery-1 {\n\t\t\t\tmargin: auto;\n\t\t\t}\n\t\t\t#gallery-1 .gallery-item {\n\t\t\t\tfloat: left;\n\t\t\t\tmargin-top: 10px;\n\t\t\t\ttext-align: center;\n\t\t\t\twidth: 33%;\n\t\t\t}\n\t\t\t#gallery-1 img {\n\t\t\t\tborder: 2px solid #cfcfcf;\n\t\t\t}\n\t\t\t#gallery-1 .gallery-caption {\n\t\t\t\tmargin-left: 0;\n\t\t\t}\n\t\t\t\/* see gallery_shortcode() in wp-includes\/media.php *\/\n\t\t<\/style>\n\t\t<div id='gallery-1' class='gallery galleryid-101 gallery-columns-3 gallery-size-thumbnail'><dl class='gallery-item'>\n\t\t\t<dt class='gallery-icon landscape'>\n\t\t\t\t<a href='https:\/\/kylat.ekarjala.fi\/korkea-aho\/yhdistykset\/martat-2\/martat3\/'><img loading=\"lazy\" decoding=\"async\" width=\"150\" height=\"113\" src=\"https:\/\/kylat.ekarjala.fi\/korkea-aho\/wp-content\/uploads\/sites\/16\/2011\/10\/martat3.jpg\" class=\"attachment-thumbnail size-thumbnail\" alt=\"\" \/><\/a>\n\t\t\t<\/dt><\/dl><dl class='gallery-item'>\n\t\t\t<dt class='gallery-icon landscape'>\n\t\t\t\t<a href='https:\/\/kylat.ekarjala.fi\/korkea-aho\/yhdistykset\/martat-2\/martat2\/'><img loading=\"lazy\" decoding=\"async\" width=\"150\" height=\"113\" src=\"https:\/\/kylat.ekarjala.fi\/korkea-aho\/wp-content\/uploads\/sites\/16\/2011\/10\/martat2.jpg\" class=\"attachment-thumbnail size-thumbnail\" alt=\"\" \/><\/a>\n\t\t\t<\/dt><\/dl><dl class='gallery-item'>\n\t\t\t<dt class='gallery-icon landscape'>\n\t\t\t\t<a href='https:\/\/kylat.ekarjala.fi\/korkea-aho\/yhdistykset\/martat-2\/martat-3\/'><img loading=\"lazy\" decoding=\"async\" width=\"150\" height=\"113\" src=\"https:\/\/kylat.ekarjala.fi\/korkea-aho\/wp-content\/uploads\/sites\/16\/2011\/10\/martat.jpg\" class=\"attachment-thumbnail size-thumbnail\" alt=\"\" \/><\/a>\n\t\t\t<\/dt><\/dl><br style=\"clear: both\" \/>\n\t\t<\/div>\n\n<p>Martat toimivat tiiviiss\u00e4 yhteisty\u00f6ss\u00e4 muiden yhdistysten kanssa ja osallistuvat tapahtumien j\u00e4rjestelyyn ainakin muonitusten osalta. Talvisunnuntaisin klo 10-14 martat pit\u00e4v\u00e4t mehuasemaa\/ puffettia urheilukent\u00e4n kahviossa, jossa voi luistelun ja hiihdon ohessa nauttia kahvista, mehusta ja vohveleista.<\/p>\n<p>70-vuotisjuhlavuoden kunniaksi martat julkaisivat vuonna 2001 talkooty\u00f6n\u00e4 kokoamansa kirjan &#8221;Tallukoista tietokoneisiin&#8221;.<\/p>\n<p>Yhteyshenkil\u00f6: Merja Sepp\u00e4nen, puh. 050-3212047.<\/p>\n<p><strong>Kahvituksia, astiasto ja telttojen vuokraus<\/strong><br \/>\nMartat j\u00e4rjest\u00e4v\u00e4t erilaisten tapahtumien ja juhlien kahvituksia.\u00a0 Marttojen n. 100 hengen astiastoa on mahdollista vuokrata. Vuokrattavana on my\u00f6s vankkarakenteiset teltat kooltaan 4x5m ja 4x4m ja tarvittaessa ne voi my\u00f6s yhdist\u00e4\u00e4 4x9m teltaksi.<\/p>\n<p>Tiedustelut:<br \/>\nMerja Sepp\u00e4nen 050-3212047<\/p>\n<p><strong>Toimintakalenteri<\/strong><\/p>\n<p><a href=\"https:\/\/kylat.ekarjala.fi\/korkea-aho\/wp-content\/uploads\/sites\/16\/2019\/11\/Toimintakalenteri-syksy-2019.pdf\">Toimintakalenteri syksy 2019<\/a><\/p>\n<p>&nbsp;<\/p>\n<p>&nbsp;<\/p>\n<p>&nbsp;<\/p>\n<p><strong>\u00a0<\/strong><\/p>\n<p>&nbsp;<\/p>\n<p>&nbsp;<\/p>\n<p>&nbsp;<\/p>\n<p><strong>\u00a0<\/strong><\/p>\n<p>&nbsp;<\/p>\n","protected":false},"excerpt":{"rendered":"<p>Vuonna 2019 marttaj\u00e4rjest\u00f6 juhlii 120-vuotista taivalta kotien ja perheiden hyvinvoinnin edist\u00e4j\u00e4n\u00e4. Martoissa me kaikki p\u00e4\u00e4semme tekem\u00e4\u00e4n ja kokemaan yhdess\u00e4. Tuotamme iloa toisillemme ja l\u00e4heisille tutuille ja tuntemattomillekin. Muistathan pit\u00e4\u00e4 huolta my\u00f6s itsest\u00e4si! Nautitaan, iloitaan ja opitaan uutta yhdess\u00e4 muiden marttojen &hellip; <a href=\"https:\/\/kylat.ekarjala.fi\/korkea-aho\/yhdistykset\/martat-2\/\">Continue reading <span class=\"meta-nav\">&rarr;<\/span><\/a><\/p>\n","protected":false},"author":25,"featured_media":0,"parent":210,"menu_order":0,"comment_status":"closed","ping_status":"closed","template":"","meta":{"footnotes":""},"class_list":["post-101","page","type-page","status-publish","hentry"],"_links":{"self":[{"href":"https:\/\/kylat.ekarjala.fi\/korkea-aho\/wp-json\/wp\/v2\/pages\/101","targetHints":{"allow":["GET"]}}],"collection":[{"href":"https:\/\/kylat.ekarjala.fi\/korkea-aho\/wp-json\/wp\/v2\/pages"}],"about":[{"href":"https:\/\/kylat.ekarjala.fi\/korkea-aho\/wp-json\/wp\/v2\/types\/page"}],"author":[{"embeddable":true,"href":"https:\/\/kylat.ekarjala.fi\/korkea-aho\/wp-json\/wp\/v2\/users\/25"}],"replies":[{"embeddable":true,"href":"https:\/\/kylat.ekarjala.fi\/korkea-aho\/wp-json\/wp\/v2\/comments?post=101"}],"version-history":[{"count":45,"href":"https:\/\/kylat.ekarjala.fi\/korkea-aho\/wp-json\/wp\/v2\/pages\/101\/revisions"}],"predecessor-version":[{"id":1313,"href":"https:\/\/kylat.ekarjala.fi\/korkea-aho\/wp-json\/wp\/v2\/pages\/101\/revisions\/1313"}],"up":[{"embeddable":true,"href":"https:\/\/kylat.ekarjala.fi\/korkea-aho\/wp-json\/wp\/v2\/pages\/210"}],"wp:attachment":[{"href":"https:\/\/kylat.ekarjala.fi\/korkea-aho\/wp-json\/wp\/v2\/media?parent=101"}],"curies":[{"name":"wp","href":"https:\/\/api.w.org\/{rel}","templated":true}]}}