{"id":108,"date":"2011-10-12T12:06:38","date_gmt":"2011-10-12T09:36:38","guid":{"rendered":"https:\/\/kylat.ekarjala.fi\/korkea-aho\/?page_id=108"},"modified":"2011-10-20T20:22:44","modified_gmt":"2011-10-20T17:52:44","slug":"lappeen-riennon-kylaosasto","status":"publish","type":"page","link":"https:\/\/kylat.ekarjala.fi\/korkea-aho\/yhdistykset\/lappeen-riennon-kylaosasto\/","title":{"rendered":"Lappeen Riennon kyl\u00e4osasto"},"content":{"rendered":"<p><strong>Lappeen Riennon Korkea-ahon kyl\u00e4osasto<\/strong> hoitaa hiihtokaudella kansanhiihtolatuja v\u00e4lill\u00e4 Korkea-aho &#8211; Vihtola sek\u00e4 kyl\u00e4n omaa valaistua latua.<\/p>\n<p>Kev\u00e4ttalvella on j\u00e4rjestetty kyl\u00e4n muiden yhdistysten kanssa lasten hiihtokilpailut, joka on samalla\u00a0koko kyl\u00e4n yhteinen talvitapahtuma.<\/p>\n<p>Kes\u00e4ll\u00e4 on\u00a0my\u00f6s\u00a0yhteisty\u00f6n\u00e4 j\u00e4rjestetty urheilukerho ja lasten olympialaiset.<\/p>\n<ul>\n<li><em>Puheenjohtaja:<\/em> Ari Hovi puh. 050 5963604<\/li>\n<li><em>Sihteeri:<\/em> Jaakko Pilli puh. 0400 753540<\/li>\n<li><em>Rahastonhoitaja:<\/em> Petri Hovi puh. 0400 759625<\/li>\n<\/ul>\n<div id=\"attachment_205\" style=\"width: 479px\" class=\"wp-caption alignnone\"><a href=\"https:\/\/kylat.ekarjala.fi\/korkea-aho\/wp-content\/uploads\/sites\/16\/2011\/10\/urheilukerho-018.jpg\"><img loading=\"lazy\" decoding=\"async\" aria-describedby=\"caption-attachment-205\" class=\"size-full wp-image-205 \" src=\"https:\/\/kylat.ekarjala.fi\/korkea-aho\/wp-content\/uploads\/sites\/16\/2011\/10\/urheilukerho-018.jpg\" alt=\"\" width=\"469\" height=\"331\" \/><\/a><p id=\"caption-attachment-205\" class=\"wp-caption-text\">Urheilukerho 2010<\/p><\/div>\n","protected":false},"excerpt":{"rendered":"<p>Lappeen Riennon Korkea-ahon kyl\u00e4osasto hoitaa hiihtokaudella kansanhiihtolatuja v\u00e4lill\u00e4 Korkea-aho &#8211; Vihtola sek\u00e4 kyl\u00e4n omaa valaistua latua. Kev\u00e4ttalvella on j\u00e4rjestetty kyl\u00e4n muiden yhdistysten kanssa lasten hiihtokilpailut, joka on samalla\u00a0koko kyl\u00e4n yhteinen talvitapahtuma. Kes\u00e4ll\u00e4 on\u00a0my\u00f6s\u00a0yhteisty\u00f6n\u00e4 j\u00e4rjestetty urheilukerho ja lasten olympialaiset. Puheenjohtaja: Ari &hellip; <a href=\"https:\/\/kylat.ekarjala.fi\/korkea-aho\/yhdistykset\/lappeen-riennon-kylaosasto\/\">Continue reading <span class=\"meta-nav\">&rarr;<\/span><\/a><\/p>\n","protected":false},"author":25,"featured_media":0,"parent":210,"menu_order":0,"comment_status":"open","ping_status":"open","template":"","meta":{"footnotes":""},"class_list":["post-108","page","type-page","status-publish","hentry"],"_links":{"self":[{"href":"https:\/\/kylat.ekarjala.fi\/korkea-aho\/wp-json\/wp\/v2\/pages\/108","targetHints":{"allow":["GET"]}}],"collection":[{"href":"https:\/\/kylat.ekarjala.fi\/korkea-aho\/wp-json\/wp\/v2\/pages"}],"about":[{"href":"https:\/\/kylat.ekarjala.fi\/korkea-aho\/wp-json\/wp\/v2\/types\/page"}],"author":[{"embeddable":true,"href":"https:\/\/kylat.ekarjala.fi\/korkea-aho\/wp-json\/wp\/v2\/users\/25"}],"replies":[{"embeddable":true,"href":"https:\/\/kylat.ekarjala.fi\/korkea-aho\/wp-json\/wp\/v2\/comments?post=108"}],"version-history":[{"count":4,"href":"https:\/\/kylat.ekarjala.fi\/korkea-aho\/wp-json\/wp\/v2\/pages\/108\/revisions"}],"predecessor-version":[{"id":215,"href":"https:\/\/kylat.ekarjala.fi\/korkea-aho\/wp-json\/wp\/v2\/pages\/108\/revisions\/215"}],"up":[{"embeddable":true,"href":"https:\/\/kylat.ekarjala.fi\/korkea-aho\/wp-json\/wp\/v2\/pages\/210"}],"wp:attachment":[{"href":"https:\/\/kylat.ekarjala.fi\/korkea-aho\/wp-json\/wp\/v2\/media?parent=108"}],"curies":[{"name":"wp","href":"https:\/\/api.w.org\/{rel}","templated":true}]}}