{"id":131,"date":"2011-10-12T12:27:37","date_gmt":"2011-10-12T10:57:37","guid":{"rendered":"https:\/\/kylat.ekarjala.fi\/korkea-aho\/?page_id=131"},"modified":"2015-02-18T16:27:37","modified_gmt":"2015-02-18T14:57:37","slug":"131-2","status":"publish","type":"page","link":"https:\/\/kylat.ekarjala.fi\/korkea-aho\/yhdistykset\/martat-2\/131-2\/","title":{"rendered":"Astiavuokraus"},"content":{"rendered":"<p style=\"text-align: left\"><span style=\"color: #0000ff\">Korkea-ahon martoilla on jo pitk\u00e4 perinne <strong>astioiden vuokrauksesta<\/strong> erilaisiin tilaisuuksiin. <strong>Vuokraamme my\u00f6s mm. p\u00f6yti\u00e4, tuoleja ja telttoja. <\/strong><\/span><\/p>\n<p style=\"text-align: left\"><strong>Lis\u00e4tiedot ja varaukset:<\/strong><br \/>\nMerja Sepp\u00e4nen puh. 050 3212047<\/p>\n<p style=\"text-align: left\"><span style=\"color: #0000ff\">Liitteiss\u00e4 hinnasto sek\u00e4 kuvia astioista.<\/span><\/p>\n<p style=\"text-align: left\"><a href=\"https:\/\/kylat.ekarjala.fi\/korkea-aho\/wp-content\/uploads\/sites\/16\/2015\/02\/Astia-kalusto-ja-telttavuokrat.pdf\">Astia-, kalusto- ja telttavuokrat<\/a><\/p>\n<p style=\"text-align: left\"><a href=\"https:\/\/kylat.ekarjala.fi\/korkea-aho\/wp-content\/uploads\/sites\/16\/2011\/10\/Korkea-ahon-marttojen-astiat.pdf\">Korkea-ahon marttojen astiat<\/a><br \/>\n<a href=\"https:\/\/kylat.ekarjala.fi\/korkea-aho\/wp-content\/uploads\/sites\/16\/2011\/10\/astiat.jpg\"><img loading=\"lazy\" decoding=\"async\" class=\"size-full wp-image-134 aligncenter\" src=\"https:\/\/kylat.ekarjala.fi\/korkea-aho\/wp-content\/uploads\/sites\/16\/2011\/10\/astiat.jpg\" alt=\"\" width=\"174\" height=\"262\" \/><\/a><\/p>\n","protected":false},"excerpt":{"rendered":"<p>Korkea-ahon martoilla on jo pitk\u00e4 perinne astioiden vuokrauksesta erilaisiin tilaisuuksiin. Vuokraamme my\u00f6s mm. p\u00f6yti\u00e4, tuoleja ja telttoja. Lis\u00e4tiedot ja varaukset: Merja Sepp\u00e4nen puh. 050 3212047 Liitteiss\u00e4 hinnasto sek\u00e4 kuvia astioista. Astia-, kalusto- ja telttavuokrat Korkea-ahon marttojen astiat<\/p>\n","protected":false},"author":25,"featured_media":0,"parent":101,"menu_order":0,"comment_status":"closed","ping_status":"closed","template":"","meta":{"footnotes":""},"class_list":["post-131","page","type-page","status-publish","hentry"],"_links":{"self":[{"href":"https:\/\/kylat.ekarjala.fi\/korkea-aho\/wp-json\/wp\/v2\/pages\/131","targetHints":{"allow":["GET"]}}],"collection":[{"href":"https:\/\/kylat.ekarjala.fi\/korkea-aho\/wp-json\/wp\/v2\/pages"}],"about":[{"href":"https:\/\/kylat.ekarjala.fi\/korkea-aho\/wp-json\/wp\/v2\/types\/page"}],"author":[{"embeddable":true,"href":"https:\/\/kylat.ekarjala.fi\/korkea-aho\/wp-json\/wp\/v2\/users\/25"}],"replies":[{"embeddable":true,"href":"https:\/\/kylat.ekarjala.fi\/korkea-aho\/wp-json\/wp\/v2\/comments?post=131"}],"version-history":[{"count":30,"href":"https:\/\/kylat.ekarjala.fi\/korkea-aho\/wp-json\/wp\/v2\/pages\/131\/revisions"}],"predecessor-version":[{"id":954,"href":"https:\/\/kylat.ekarjala.fi\/korkea-aho\/wp-json\/wp\/v2\/pages\/131\/revisions\/954"}],"up":[{"embeddable":true,"href":"https:\/\/kylat.ekarjala.fi\/korkea-aho\/wp-json\/wp\/v2\/pages\/101"}],"wp:attachment":[{"href":"https:\/\/kylat.ekarjala.fi\/korkea-aho\/wp-json\/wp\/v2\/media?parent=131"}],"curies":[{"name":"wp","href":"https:\/\/api.w.org\/{rel}","templated":true}]}}