{"id":143,"date":"2011-10-12T12:30:37","date_gmt":"2011-10-12T10:00:37","guid":{"rendered":"https:\/\/kylat.ekarjala.fi\/korkea-aho\/?page_id=143"},"modified":"2011-10-20T23:38:32","modified_gmt":"2011-10-20T22:08:32","slug":"harrastukset","status":"publish","type":"page","link":"https:\/\/kylat.ekarjala.fi\/korkea-aho\/harrastukset\/","title":{"rendered":"Harrastukset"},"content":{"rendered":"<p><strong>Hyv\u00e4t ulkoilu- ja retkeilymahdollisuudet<\/strong><\/p>\n<p>Korkea-ahossa on hyv\u00e4t ulkoilu- ja retkeilymahdollisuudet. Kyl\u00e4ss\u00e4 on 2,2 km pitk\u00e4 valaistu kuntopolku ja hiihtolatu sek\u00e4 urheilukentt\u00e4, jossa talvisin kiekkokaukalo. Hiihtolatu l\u00e4htee\u00a0 Vihtolaan, josta se on yhteydess\u00e4 kaupungin latuverkostoon. Kyl\u00e4ll\u00e4 on oma latukelkka ja noin 15 km:n latuja pidet\u00e4\u00e4n auki talkoovoimin.\n\t\t<style type=\"text\/css\">\n\t\t\t#gallery-1 {\n\t\t\t\tmargin: auto;\n\t\t\t}\n\t\t\t#gallery-1 .gallery-item {\n\t\t\t\tfloat: left;\n\t\t\t\tmargin-top: 10px;\n\t\t\t\ttext-align: center;\n\t\t\t\twidth: 33%;\n\t\t\t}\n\t\t\t#gallery-1 img {\n\t\t\t\tborder: 2px solid #cfcfcf;\n\t\t\t}\n\t\t\t#gallery-1 .gallery-caption {\n\t\t\t\tmargin-left: 0;\n\t\t\t}\n\t\t\t\/* see gallery_shortcode() in wp-includes\/media.php *\/\n\t\t<\/style>\n\t\t<div id='gallery-1' class='gallery galleryid-143 gallery-columns-3 gallery-size-thumbnail'><dl class='gallery-item'>\n\t\t\t<dt class='gallery-icon landscape'>\n\t\t\t\t<a href='https:\/\/kylat.ekarjala.fi\/korkea-aho\/harrastukset\/har2\/'><img loading=\"lazy\" decoding=\"async\" width=\"150\" height=\"113\" src=\"https:\/\/kylat.ekarjala.fi\/korkea-aho\/wp-content\/uploads\/sites\/16\/2011\/10\/har2.jpg\" class=\"attachment-thumbnail size-thumbnail\" alt=\"\" \/><\/a>\n\t\t\t<\/dt><\/dl><dl class='gallery-item'>\n\t\t\t<dt class='gallery-icon landscape'>\n\t\t\t\t<a href='https:\/\/kylat.ekarjala.fi\/korkea-aho\/harrastukset\/har1\/'><img loading=\"lazy\" decoding=\"async\" width=\"150\" height=\"112\" src=\"https:\/\/kylat.ekarjala.fi\/korkea-aho\/wp-content\/uploads\/sites\/16\/2011\/10\/har1.jpg\" class=\"attachment-thumbnail size-thumbnail\" alt=\"\" \/><\/a>\n\t\t\t<\/dt><\/dl>\n\t\t\t<br style='clear: both' \/>\n\t\t<\/div>\n<\/p>\n<p>Urheilukentt\u00e4 sijaitsee koulun l\u00e4hell\u00e4 ja sen ja koulun v\u00e4lisess\u00e4 maastossa on valaistu latu ja lenkkipolku kes\u00e4isin. Urheilukent\u00e4ll\u00e4 on pukukoppi ja 2 muuta l\u00e4mmitett\u00e4v\u00e4\u00e4 rakennusta, joista toisessa martat pit\u00e4v\u00e4t talvisin mehu-, kahvi- ja vohvelimyynti\u00e4 hiiht\u00e4jille, luistelijoille ja muille kulkijoille (sunnuntaisin).<\/p>\n<p>Urheilukent\u00e4st\u00e4 on kehittynyt kyl\u00e4n toiminnallinen keskipiste, jossa on nykyisin my\u00f6s laavu ja varastorakennus. Laavu t\u00e4ydent\u00e4\u00e4 retkeilij\u00f6iden palveluita &#8211; nyt ulkoilijoille onnistuu my\u00f6s makkaranpaisto. Latu liittyy valmiisiin retkeilypolkuihin.<\/p>\n<p><strong>Uimarannat Ala-Kyynelmyksell\u00e4 ja Suur-Pyh\u00e4kalalla<\/strong><br \/>\nYleiset uimarannat sijaitsevat Ala-Kyynelmyksell\u00e4 Sysm\u00e4entien p\u00e4\u00e4ss\u00e4 ja Moisiossa Suur-Pyh\u00e4kalalla (Pyh\u00e4kalantiell\u00e4). Kes\u00e4isin uimarannoilla on j\u00e4rjestetty uimakouluja l\u00e4hikylien lapsille.<\/p>\n<p><strong>Kalastusluvat<\/strong><\/p>\n<p><strong>Korkea-ahon osakaskunta <\/strong>puheenjohtaja Timo Kalliosaari puh. 050-3529256. Kalastuslupien myynti sihteeri Kari Jukkala puh. 0500-258356<\/p>\n<p><a href=\"https:\/\/kylat.ekarjala.fi\/korkea-aho\/harrastukset\/har3\/\" target=\"_blank\"><img loading=\"lazy\" decoding=\"async\" class=\"alignnone\" src=\"https:\/\/kylat.ekarjala.fi\/korkea-aho\/wp-content\/uploads\/sites\/16\/2011\/10\/har3.jpg\" alt=\"\" width=\"152\" height=\"118\" \/><\/a><\/p>\n","protected":false},"excerpt":{"rendered":"<p>Hyv\u00e4t ulkoilu- ja retkeilymahdollisuudet Korkea-ahossa on hyv\u00e4t ulkoilu- ja retkeilymahdollisuudet. Kyl\u00e4ss\u00e4 on 2,2 km pitk\u00e4 valaistu kuntopolku ja hiihtolatu sek\u00e4 urheilukentt\u00e4, jossa talvisin kiekkokaukalo. Hiihtolatu l\u00e4htee\u00a0 Vihtolaan, josta se on yhteydess\u00e4 kaupungin latuverkostoon. Kyl\u00e4ll\u00e4 on oma latukelkka ja noin 15 &hellip; <a href=\"https:\/\/kylat.ekarjala.fi\/korkea-aho\/harrastukset\/\">Continue reading <span class=\"meta-nav\">&rarr;<\/span><\/a><\/p>\n","protected":false},"author":25,"featured_media":0,"parent":0,"menu_order":0,"comment_status":"closed","ping_status":"closed","template":"","meta":{"footnotes":""},"class_list":["post-143","page","type-page","status-publish","hentry"],"_links":{"self":[{"href":"https:\/\/kylat.ekarjala.fi\/korkea-aho\/wp-json\/wp\/v2\/pages\/143","targetHints":{"allow":["GET"]}}],"collection":[{"href":"https:\/\/kylat.ekarjala.fi\/korkea-aho\/wp-json\/wp\/v2\/pages"}],"about":[{"href":"https:\/\/kylat.ekarjala.fi\/korkea-aho\/wp-json\/wp\/v2\/types\/page"}],"author":[{"embeddable":true,"href":"https:\/\/kylat.ekarjala.fi\/korkea-aho\/wp-json\/wp\/v2\/users\/25"}],"replies":[{"embeddable":true,"href":"https:\/\/kylat.ekarjala.fi\/korkea-aho\/wp-json\/wp\/v2\/comments?post=143"}],"version-history":[{"count":15,"href":"https:\/\/kylat.ekarjala.fi\/korkea-aho\/wp-json\/wp\/v2\/pages\/143\/revisions"}],"predecessor-version":[{"id":312,"href":"https:\/\/kylat.ekarjala.fi\/korkea-aho\/wp-json\/wp\/v2\/pages\/143\/revisions\/312"}],"wp:attachment":[{"href":"https:\/\/kylat.ekarjala.fi\/korkea-aho\/wp-json\/wp\/v2\/media?parent=143"}],"curies":[{"name":"wp","href":"https:\/\/api.w.org\/{rel}","templated":true}]}}