{"id":156,"date":"2011-10-12T12:38:32","date_gmt":"2011-10-12T11:08:32","guid":{"rendered":"https:\/\/kylat.ekarjala.fi\/korkea-aho\/?page_id=156"},"modified":"2019-02-24T16:33:53","modified_gmt":"2019-02-24T15:03:53","slug":"info","status":"publish","type":"page","link":"https:\/\/kylat.ekarjala.fi\/korkea-aho\/yhdistykset\/martat-2\/info\/","title":{"rendered":"Info"},"content":{"rendered":"<p>KOHTAAMISPAIKKANA KOTI\u00a0 TULE MUKAAMME ILOISEEN JA REIPPAASEEN TOIMINTAAMME\u00a0 !<\/p>\n<p>ME TARJOAMME SINULLE:<\/p>\n<ul>\n<li>\u00a0Iloisia Martta-iltoja ja kursseja el\u00e4m\u00e4n eri aloilta.<\/li>\n<li>\u00a0M\u00f6kki-iltoja saunomisineen ja yhdess\u00e4 olon merkeiss\u00e4.<\/li>\n<li>\u00a0Koko perheen joulujuhla ja kauneimmat joululaulut<\/li>\n<li>\u00a0Uuden vuoden vastaanottajaiset ilotulituksineen yhdess\u00e4\u00a0 \u00a0kyl\u00e4toimikunnan kanssa.<\/li>\n<li>\u00a0Lapsille pikkukokkikursseja<\/li>\n<li>\u00a0Lapsille hiihtokilpailut ja kes\u00e4olympialaiset yhdess\u00e4\u00a0 \u00a0Kyl\u00e4toimikunnan, Mets\u00e4veikkojen ja Lappeen Riennon Korkea-\u00a0 \u00a0ahon kyl\u00e4osaston kanssa.<\/li>\n<\/ul>\n<p>Teemme teatterimatkoja, retki\u00e4 ja tutustumisk\u00e4yntej\u00e4 niin paikallisiin kohteisiin kuin my\u00f6s hieman kauemmaksikin. Retkien kustannuksiin yhdistyksemme osallistuu talkooty\u00f6ll\u00e4 ker\u00e4tyin varoin.<br \/>\nTalvikaudella tammi-maaliskuussa toimii urheilukent\u00e4ll\u00e4 sunnuntaisin klo 10-14 Marttojen vohvelikahvio.<\/p>\n<p>Kaiken kansan kyl\u00e4markkinat elonkorjuun aikaan Marttojen, Kyl\u00e4toimikunnan ja kyl\u00e4l\u00e4isten yhteisty\u00f6ll\u00e4.<\/p>\n<p>Voit my\u00f6s lainata astiastoamme, p\u00f6yti\u00e4mme ja telttojamme.<\/p>\n<p>JA TIETENKIN MUKAVAA YHDESS\u00c4OLOA JA UUSIA YST\u00c4VI\u00c4\u00a0 !<\/p>\n<p>OTA YHTEYTT\u00c4, ANNA VINKKEJ\u00c4 JA TOIVOMUKSIA TOIMINNASTA JA TULE MUKAAN ILOISEEN JOUKKOOMME\u00a0 !<\/p>\n<p><a href=\"https:\/\/kylat.ekarjala.fi\/korkea-aho\/wp-content\/uploads\/sites\/16\/2019\/02\/Toimintakalenteri-syksy-2018.pdf\">Toimintakalenteri syksy 2018<\/a><\/p>\n","protected":false},"excerpt":{"rendered":"<p>KOHTAAMISPAIKKANA KOTI\u00a0 TULE MUKAAMME ILOISEEN JA REIPPAASEEN TOIMINTAAMME\u00a0 ! ME TARJOAMME SINULLE: \u00a0Iloisia Martta-iltoja ja kursseja el\u00e4m\u00e4n eri aloilta. \u00a0M\u00f6kki-iltoja saunomisineen ja yhdess\u00e4 olon merkeiss\u00e4. \u00a0Koko perheen joulujuhla ja kauneimmat joululaulut \u00a0Uuden vuoden vastaanottajaiset ilotulituksineen yhdess\u00e4\u00a0 \u00a0kyl\u00e4toimikunnan kanssa. \u00a0Lapsille pikkukokkikursseja &hellip; <a href=\"https:\/\/kylat.ekarjala.fi\/korkea-aho\/yhdistykset\/martat-2\/info\/\">Continue reading <span class=\"meta-nav\">&rarr;<\/span><\/a><\/p>\n","protected":false},"author":25,"featured_media":0,"parent":101,"menu_order":0,"comment_status":"closed","ping_status":"closed","template":"","meta":{"footnotes":""},"class_list":["post-156","page","type-page","status-publish","hentry"],"_links":{"self":[{"href":"https:\/\/kylat.ekarjala.fi\/korkea-aho\/wp-json\/wp\/v2\/pages\/156","targetHints":{"allow":["GET"]}}],"collection":[{"href":"https:\/\/kylat.ekarjala.fi\/korkea-aho\/wp-json\/wp\/v2\/pages"}],"about":[{"href":"https:\/\/kylat.ekarjala.fi\/korkea-aho\/wp-json\/wp\/v2\/types\/page"}],"author":[{"embeddable":true,"href":"https:\/\/kylat.ekarjala.fi\/korkea-aho\/wp-json\/wp\/v2\/users\/25"}],"replies":[{"embeddable":true,"href":"https:\/\/kylat.ekarjala.fi\/korkea-aho\/wp-json\/wp\/v2\/comments?post=156"}],"version-history":[{"count":16,"href":"https:\/\/kylat.ekarjala.fi\/korkea-aho\/wp-json\/wp\/v2\/pages\/156\/revisions"}],"predecessor-version":[{"id":1299,"href":"https:\/\/kylat.ekarjala.fi\/korkea-aho\/wp-json\/wp\/v2\/pages\/156\/revisions\/1299"}],"up":[{"embeddable":true,"href":"https:\/\/kylat.ekarjala.fi\/korkea-aho\/wp-json\/wp\/v2\/pages\/101"}],"wp:attachment":[{"href":"https:\/\/kylat.ekarjala.fi\/korkea-aho\/wp-json\/wp\/v2\/media?parent=156"}],"curies":[{"name":"wp","href":"https:\/\/api.w.org\/{rel}","templated":true}]}}