{"id":160,"date":"2011-10-12T12:40:58","date_gmt":"2011-10-12T11:10:58","guid":{"rendered":"https:\/\/kylat.ekarjala.fi\/korkea-aho\/?page_id=160"},"modified":"2011-10-20T19:51:11","modified_gmt":"2011-10-20T18:21:11","slug":"kilpailukalenteri","status":"publish","type":"page","link":"https:\/\/kylat.ekarjala.fi\/korkea-aho\/yhdistykset\/metsaveikot-2\/kilpailukalenteri\/","title":{"rendered":"Kilpailukalenteri"},"content":{"rendered":"<p><strong>Kilpailukalenteri 2008-2009<\/strong><\/p>\n<p>&#8211; Hirvenhiihdot Tanissa 3 \/ 2009<br \/>\n&#8211; Hirviharjoitukset Muukon ampumaradalla . <strong>Torstaisin klo 16-20 ja lauantaisin klo 8-12<\/strong>. Toukokuun alusta alkaen. Hirvijahtiin ampujana aikovat: jokainen k\u00e4y harjoituksissa v\u00e4hint\u00e4\u00e4n 3-4 kertaa kes\u00e4n aikana. Syyt\u00e4 harjoitella my\u00f6s liikkuvaan maaliin ammuntaa entiseen tapaan. Seuran johto valvoo.<\/p>\n","protected":false},"excerpt":{"rendered":"<p>Kilpailukalenteri 2008-2009 &#8211; Hirvenhiihdot Tanissa 3 \/ 2009 &#8211; Hirviharjoitukset Muukon ampumaradalla . Torstaisin klo 16-20 ja lauantaisin klo 8-12. Toukokuun alusta alkaen. Hirvijahtiin ampujana aikovat: jokainen k\u00e4y harjoituksissa v\u00e4hint\u00e4\u00e4n 3-4 kertaa kes\u00e4n aikana. Syyt\u00e4 harjoitella my\u00f6s liikkuvaan maaliin ammuntaa &hellip; <a href=\"https:\/\/kylat.ekarjala.fi\/korkea-aho\/yhdistykset\/metsaveikot-2\/kilpailukalenteri\/\">Continue reading <span class=\"meta-nav\">&rarr;<\/span><\/a><\/p>\n","protected":false},"author":25,"featured_media":0,"parent":96,"menu_order":0,"comment_status":"closed","ping_status":"closed","template":"","meta":{"footnotes":""},"class_list":["post-160","page","type-page","status-publish","hentry"],"_links":{"self":[{"href":"https:\/\/kylat.ekarjala.fi\/korkea-aho\/wp-json\/wp\/v2\/pages\/160","targetHints":{"allow":["GET"]}}],"collection":[{"href":"https:\/\/kylat.ekarjala.fi\/korkea-aho\/wp-json\/wp\/v2\/pages"}],"about":[{"href":"https:\/\/kylat.ekarjala.fi\/korkea-aho\/wp-json\/wp\/v2\/types\/page"}],"author":[{"embeddable":true,"href":"https:\/\/kylat.ekarjala.fi\/korkea-aho\/wp-json\/wp\/v2\/users\/25"}],"replies":[{"embeddable":true,"href":"https:\/\/kylat.ekarjala.fi\/korkea-aho\/wp-json\/wp\/v2\/comments?post=160"}],"version-history":[{"count":6,"href":"https:\/\/kylat.ekarjala.fi\/korkea-aho\/wp-json\/wp\/v2\/pages\/160\/revisions"}],"predecessor-version":[{"id":257,"href":"https:\/\/kylat.ekarjala.fi\/korkea-aho\/wp-json\/wp\/v2\/pages\/160\/revisions\/257"}],"up":[{"embeddable":true,"href":"https:\/\/kylat.ekarjala.fi\/korkea-aho\/wp-json\/wp\/v2\/pages\/96"}],"wp:attachment":[{"href":"https:\/\/kylat.ekarjala.fi\/korkea-aho\/wp-json\/wp\/v2\/media?parent=160"}],"curies":[{"name":"wp","href":"https:\/\/api.w.org\/{rel}","templated":true}]}}