{"id":163,"date":"2011-10-12T12:44:58","date_gmt":"2011-10-12T11:14:58","guid":{"rendered":"https:\/\/kylat.ekarjala.fi\/korkea-aho\/?page_id=163"},"modified":"2011-10-31T18:26:06","modified_gmt":"2011-10-31T16:56:06","slug":"tiedotteet","status":"publish","type":"page","link":"https:\/\/kylat.ekarjala.fi\/korkea-aho\/yhdistykset\/metsaveikot-2\/tiedotteet\/","title":{"rendered":"Tiedotteet"},"content":{"rendered":"<p>1.\u00a0\u00a0 J\u00e4senmaksut a\u2019 \u20ac 30,-, liittymismaksut\u00a0 maanomistaja \u20ac100, ei maanomistaja \u20ac500. Seuran tilille er\u00e4p\u00e4iv\u00e4n\u00e4\u00a0 06.2011, ( k\u00e4teismaksu rahastonhoitajalle\u00a0 ei\u00a0 k\u00e4y).\u00a0 OP- Seuran tilille . Viitenumero ja maksajan nimi mainittava, pankkisiirrot liitteen\u00e4.\u00a0 Pnkkisiirrot postissa j\u00e4senille.<\/p>\n<p>2.\u00a0\u00a0 Vieraskortit , \u00e1 \u20ac 10, korttien myyj\u00e4t (Kari Jukkala, Pentti Jukkala, Juha Kemppi ) tai maksun voi maksaa seuran tilille ennen mets\u00e4styst\u00e4 pankkiautomaatilla. Pankkiautomaatin kuitti mukaan maastoon.<\/p>\n<p>3.\u00a0\u00a0 Osoitteenmuutokset kirjallisesti tai puhelimella 0400-158408 tai s\u00e4hk\u00f6postilla Juha Kemppi, Majavatie 5, 45150 Kouvola, s\u00e4hk\u00f6posti juha.kemppi(at)ctse.fi<\/p>\n<p>4.\u00a0\u00a0 Hirviel\u00e4imien luvat\u00a0 2011<br \/>\nHirvi 4+5=9 ( aikuinen + vasa).Jahtip\u00e4\u00e4llikk\u00f6 Juha Kemppi.<br \/>\nJahti p\u00e4\u00e4ttynyt t\u00e4lt\u00e4kaudelta, kiitoksia osaanotosta.<\/p>\n<p>5.\u00a0 Saalisilmoitukset 1.1. &#8211; 31.12.2011<br \/>\nJos olet saanut saalista, niin tilaa lomake sihteerilt\u00e4, niin postita saalislomake t\u00e4ytettyn\u00e4 10.1.2012 menness\u00e4 , tai\u00a0 puh.\u00a0 0400-158408, Juha Kemppi, my\u00f6s e-mail, juha.kemppi(at)ctse.fi, ( excel linkki sivun alareunassa )<\/p>\n<p>6.\u00a0 Suurpetohavainnot, Perttu Jukkalalle, puh. 050-3262904 tai 05-4582042<\/p>\n<p>7.\u00a0\u00a0\u00a0 Talkoot kutsutaan erillisell\u00e4 kutsulla. Riistapellot entisen k\u00e4yt\u00e4nn\u00f6n mukaan.<\/p>\n<p>8. Kes\u00e4 ja hirvikokous, maanantaina 15.8.2011 klo 19.00<\/p>\n<p>9. Tervetuloa seuraan uudet j\u00e4senet: Simo Peltola ja Markku Laivamaa<\/p>\n<p>10. <a href=\"https:\/\/kylat.ekarjala.fi\/korkea-aho\/wp-content\/uploads\/sites\/16\/2011\/10\/Saalisilmoitus2006-N-N.xls\">Saalisilmoitus<\/a><\/p>\n","protected":false},"excerpt":{"rendered":"<p>1.\u00a0\u00a0 J\u00e4senmaksut a\u2019 \u20ac 30,-, liittymismaksut\u00a0 maanomistaja \u20ac100, ei maanomistaja \u20ac500. Seuran tilille er\u00e4p\u00e4iv\u00e4n\u00e4\u00a0 06.2011, ( k\u00e4teismaksu rahastonhoitajalle\u00a0 ei\u00a0 k\u00e4y).\u00a0 OP- Seuran tilille . Viitenumero ja maksajan nimi mainittava, pankkisiirrot liitteen\u00e4.\u00a0 Pnkkisiirrot postissa j\u00e4senille. 2.\u00a0\u00a0 Vieraskortit , \u00e1 \u20ac 10, &hellip; <a href=\"https:\/\/kylat.ekarjala.fi\/korkea-aho\/yhdistykset\/metsaveikot-2\/tiedotteet\/\">Continue reading <span class=\"meta-nav\">&rarr;<\/span><\/a><\/p>\n","protected":false},"author":25,"featured_media":0,"parent":96,"menu_order":0,"comment_status":"closed","ping_status":"closed","template":"","meta":{"footnotes":""},"class_list":["post-163","page","type-page","status-publish","hentry"],"_links":{"self":[{"href":"https:\/\/kylat.ekarjala.fi\/korkea-aho\/wp-json\/wp\/v2\/pages\/163","targetHints":{"allow":["GET"]}}],"collection":[{"href":"https:\/\/kylat.ekarjala.fi\/korkea-aho\/wp-json\/wp\/v2\/pages"}],"about":[{"href":"https:\/\/kylat.ekarjala.fi\/korkea-aho\/wp-json\/wp\/v2\/types\/page"}],"author":[{"embeddable":true,"href":"https:\/\/kylat.ekarjala.fi\/korkea-aho\/wp-json\/wp\/v2\/users\/25"}],"replies":[{"embeddable":true,"href":"https:\/\/kylat.ekarjala.fi\/korkea-aho\/wp-json\/wp\/v2\/comments?post=163"}],"version-history":[{"count":8,"href":"https:\/\/kylat.ekarjala.fi\/korkea-aho\/wp-json\/wp\/v2\/pages\/163\/revisions"}],"predecessor-version":[{"id":201,"href":"https:\/\/kylat.ekarjala.fi\/korkea-aho\/wp-json\/wp\/v2\/pages\/163\/revisions\/201"}],"up":[{"embeddable":true,"href":"https:\/\/kylat.ekarjala.fi\/korkea-aho\/wp-json\/wp\/v2\/pages\/96"}],"wp:attachment":[{"href":"https:\/\/kylat.ekarjala.fi\/korkea-aho\/wp-json\/wp\/v2\/media?parent=163"}],"curies":[{"name":"wp","href":"https:\/\/api.w.org\/{rel}","templated":true}]}}