{"id":176,"date":"2011-10-12T12:51:19","date_gmt":"2011-10-12T11:21:19","guid":{"rendered":"https:\/\/kylat.ekarjala.fi\/korkea-aho\/?page_id=176"},"modified":"2019-02-17T13:47:13","modified_gmt":"2019-02-17T12:17:13","slug":"toimintasuunnitelma","status":"publish","type":"page","link":"https:\/\/kylat.ekarjala.fi\/korkea-aho\/yhdistykset\/kylatoimikunta-2\/toimintasuunnitelma\/","title":{"rendered":"Toimintasuunnitelma"},"content":{"rendered":"<p><strong>TOIMINTASUUNNITELMA 2019<\/strong><\/p>\n<ul>\n<li>Vuosikokous 29.1.2019 klo 19.00, kahvitus klo 18.30<\/li>\n<li>Markkinatalkooruokailu 2.2.2019<\/li>\n<li>Saimaan hiihdon mehupiste urheilukent\u00e4ll\u00e4<\/li>\n<li>Talvitapahtuma urheilukent\u00e4ll\u00e4 &#8211; Korkea-ahon koulun vanhempaintoimikunta, Korkea-ahon Martat ja Lappeen Riennon kyl\u00e4osasto mukana<\/li>\n<li>Siivoustalkoot urheilukent\u00e4ll\u00e4 huhti-toukokuussa<\/li>\n<li>Polttopuutalkoot maalis &#8211; toukokuussa<\/li>\n<li>Kyl\u00e4py\u00f6r\u00e4ily kev\u00e4\u00e4ll\u00e4 ja syksyll\u00e4<\/li>\n<li>Kes\u00e4retki yhdess\u00e4 Korkea-ahon Martat ry:n\u00a0kanssa<\/li>\n<li>Lasten kes\u00e4olympialaiset urheilukent\u00e4ll\u00e4<\/li>\n<li>Korkea-ahon kyl\u00e4markkinoiden suunnittelukokouksia<\/li>\n<li>Urheilukent\u00e4n siivoustalkoot\u00a0ennen kyl\u00e4markkinoita<\/li>\n<li>Markkinatelttojen pystytystalkoot<\/li>\n<li>Korkea-ahon 25. kyl\u00e4markkinat urheilukent\u00e4ll\u00e4 25.8.2019<\/li>\n<li>Pururadan ja hiihtolatupohjien kunnostus talkoilla<\/li>\n<li>Uuden vuoden vastaanotto urheilukent\u00e4ll\u00e4 31.12.2019<\/li>\n<li>Toimikunnan kokouksia tarvittaessa<\/li>\n<li>Uimarantojen kunnostus; Kyynelmys, Suur-Pyh\u00e4kala<\/li>\n<li>Rautaromun ker\u00e4ys<\/li>\n<li>Kahvion lattian uusinta<\/li>\n<\/ul>\n","protected":false},"excerpt":{"rendered":"<p>TOIMINTASUUNNITELMA 2019 Vuosikokous 29.1.2019 klo 19.00, kahvitus klo 18.30 Markkinatalkooruokailu 2.2.2019 Saimaan hiihdon mehupiste urheilukent\u00e4ll\u00e4 Talvitapahtuma urheilukent\u00e4ll\u00e4 &#8211; Korkea-ahon koulun vanhempaintoimikunta, Korkea-ahon Martat ja Lappeen Riennon kyl\u00e4osasto mukana Siivoustalkoot urheilukent\u00e4ll\u00e4 huhti-toukokuussa Polttopuutalkoot maalis &#8211; toukokuussa Kyl\u00e4py\u00f6r\u00e4ily kev\u00e4\u00e4ll\u00e4 ja syksyll\u00e4 Kes\u00e4retki &hellip; <a href=\"https:\/\/kylat.ekarjala.fi\/korkea-aho\/yhdistykset\/kylatoimikunta-2\/toimintasuunnitelma\/\">Continue reading <span class=\"meta-nav\">&rarr;<\/span><\/a><\/p>\n","protected":false},"author":25,"featured_media":0,"parent":88,"menu_order":0,"comment_status":"closed","ping_status":"closed","template":"","meta":{"footnotes":""},"class_list":["post-176","page","type-page","status-publish","hentry"],"_links":{"self":[{"href":"https:\/\/kylat.ekarjala.fi\/korkea-aho\/wp-json\/wp\/v2\/pages\/176","targetHints":{"allow":["GET"]}}],"collection":[{"href":"https:\/\/kylat.ekarjala.fi\/korkea-aho\/wp-json\/wp\/v2\/pages"}],"about":[{"href":"https:\/\/kylat.ekarjala.fi\/korkea-aho\/wp-json\/wp\/v2\/types\/page"}],"author":[{"embeddable":true,"href":"https:\/\/kylat.ekarjala.fi\/korkea-aho\/wp-json\/wp\/v2\/users\/25"}],"replies":[{"embeddable":true,"href":"https:\/\/kylat.ekarjala.fi\/korkea-aho\/wp-json\/wp\/v2\/comments?post=176"}],"version-history":[{"count":18,"href":"https:\/\/kylat.ekarjala.fi\/korkea-aho\/wp-json\/wp\/v2\/pages\/176\/revisions"}],"predecessor-version":[{"id":1283,"href":"https:\/\/kylat.ekarjala.fi\/korkea-aho\/wp-json\/wp\/v2\/pages\/176\/revisions\/1283"}],"up":[{"embeddable":true,"href":"https:\/\/kylat.ekarjala.fi\/korkea-aho\/wp-json\/wp\/v2\/pages\/88"}],"wp:attachment":[{"href":"https:\/\/kylat.ekarjala.fi\/korkea-aho\/wp-json\/wp\/v2\/media?parent=176"}],"curies":[{"name":"wp","href":"https:\/\/api.w.org\/{rel}","templated":true}]}}