{"id":183,"date":"2011-10-12T14:29:18","date_gmt":"2011-10-12T11:59:18","guid":{"rendered":"https:\/\/kylat.ekarjala.fi\/korkea-aho\/?page_id=183"},"modified":"2015-10-04T18:00:00","modified_gmt":"2015-10-04T16:30:00","slug":"palvelut-2","status":"publish","type":"page","link":"https:\/\/kylat.ekarjala.fi\/korkea-aho\/palvelut-2\/","title":{"rendered":"Palvelut"},"content":{"rendered":"<p><strong>Autojen peltikorjaukset, hitsaukset, hiekkapuhallukset, maalaukset, alustasuojaukset<\/strong><br \/>\nT:mi E. Taraneva Salmannontie 54 puh. 050 575 7727<\/p>\n<p><strong>Fixfone -matkapuhelinhuoltopalvelut, tarvikkeet ja varaosat \u00a0 \u00a0 \u00a0 \u00a0 \u00a0 \u00a0 \u00a0 \u00a0 <\/strong>Ari Jantunen Ratakatu 33 puh. 0400 361 633<\/p>\n<p><strong>Graafista suunnittelua;<\/strong> logot, yritysilmeet, mainokset, esitteet ym. \u00a0 \u00a0 Johanna Halme, graafinen suunnittelija\/Osuuskunta Otsina \u00a0 \u00a0 \u00a0 \u00a0 \u00a0 \u00a0 \u00a0 \u00a0 \u00a0 \u00a0\u00a0<span style=\"color: #0000ff\"><a style=\"color: #0000ff\" href=\"http:\/\/otsina.fi\/\">Osuuskunta Otsina<\/a><\/span><\/p>\n<p><strong>H\u00e4m\u00e4l\u00e4isen tila<\/strong><br \/>\nKes\u00e4kukat, kukka-amppelit ja kotiel\u00e4inpiha Korkea-ahontie 688, 0500-903 717 <a href=\"mailto:hamalaisentila@pp.inet.fi\">hamalaisentila@pp.inet.fi<\/a><\/p>\n<p><strong>Kaakon Lavapalvelu Oy <\/strong>Jorma Huuhtanen Lappeenrannantie 840 puh. 050-3506195<\/p>\n<p><strong>Kahvila-Ravintola Saimaan Helmi<\/strong><br \/>\nAjurintie 6 (Etel\u00e4katu 2) ma-pe 6-18, la 8-17 ja su 11-17 Maukkaita, isoja ruoka-annoksia nopeasti ja edullisesti. Annoksia my\u00f6s mukaan viet\u00e4v\u00e4ksi.<\/p>\n<p><strong>Kiinteist\u00f6nhuoltoa<\/strong><br \/>\nLappeen Huoltomestarit Oy Myllym\u00e4enkatu 17 puh. 05-6224 200<\/p>\n<p><strong>K\u00e4sity\u00f6tuotteita ja lahjatavaraa my\u00f6s tilausty\u00f6n\u00e4, K\u00e4sity\u00f6- ja askartelukursseja<\/strong><br \/>\nMontonen Virve Korkea-ahontie 891, 53100 Lpr puh.040- 7655 256<\/p>\n<p><strong>Metalli- ja hitsausty\u00f6t<\/strong><br \/>\nEsa Kankaanranta Toikkalantie 434\u00a0puh. 050-326 4862<\/p>\n<p><strong>Metalli- ja ter\u00e4stuotteita Komez Lpr <\/strong>Puolakatu 8 puh. 040-5159815<\/p>\n<p><strong>Laadukasta konesuunnittelua<\/strong><br \/>\nMeka-Suunnittelu Oy Esko Sepp\u00e4nen Valtakatu 2, PL 122, 53101 Lappeenranta 05-671 6370, 0400-948 829, S\u00e4hk\u00f6posti:esko.seppanen(\u00e4t)meka-suunnittelu.fi<\/p>\n<p><strong>Sirkkelisahaus, pienimuotoinen sahatavaran myynti<\/strong><br \/>\nEsa Myllynen Heiskantie 51 \u00a0puh. 050-337 1901<\/p>\n<p><strong>Polttopuita, sahatavaraa, pienimuotoisia mets\u00e4nhoito ja -viljelyt\u00f6it\u00e4<\/strong><br \/>\nHovi Vesa Hovintie 20 puh. 0400-258 815<\/p>\n<p><strong>Maansiirto Vammas Oy<\/strong>\u00a0 Maanrakennusty\u00f6t, sora, murske ja multatoimitukset Korkea-ahontie 829 puh.\u00a00400-151 510<\/p>\n<p><strong>RK-koneurakointi<\/strong> Rumpu Kasper Turkniementie 147 puh.\u00a00500-358 559<\/p>\n<p><strong>Sora- ja hiekkatoimitukset, murskeet <\/strong>Montonen Juha Korkea-ahontie 891 puh. 0400-552276<\/p>\n<p><strong>Preetzmannin puutarha<\/strong><br \/>\nKes\u00e4kukat, amppelit, vihannesten taimet, amppelimansikat ja yrtit Korkea-ahontie 740 puh. 0500-3658523<\/p>\n<p><strong>Taksit<\/strong><br \/>\nTaksi Eero Lappalainen Pyh\u00e4kalantie 31 puh. 040 563 5928<\/p>\n<p>Taxi Jaakko Pilli Korkea-ahontie 583 puh. 040 9602730 <a href=\"mailto:jaakko.pilli@gmail.com\">jaakko.pilli@gmail.com<\/a><\/p>\n<p><strong>Yksityinen perhep\u00e4iv\u00e4hoito<\/strong><br \/>\nSatu Lehtonen Salmannontie 54 puh. 050 321 7125<\/p>\n<p><strong>Ykk\u00f6s-Is\u00e4nn\u00f6inti<\/strong> Erja Lappalainen Valtakatu 35 puh.045-2631339<\/p>\n<p><strong>Kotileipomo Karvanen Ky<\/strong><br \/>\nKorkea-ahontie 630, 05-4582 155. Maukkaita Viipurinrinkeleit\u00e4.<\/p>\n<p>&nbsp;<\/p>\n","protected":false},"excerpt":{"rendered":"<p>Autojen peltikorjaukset, hitsaukset, hiekkapuhallukset, maalaukset, alustasuojaukset T:mi E. Taraneva Salmannontie 54 puh. 050 575 7727 Fixfone -matkapuhelinhuoltopalvelut, tarvikkeet ja varaosat \u00a0 \u00a0 \u00a0 \u00a0 \u00a0 \u00a0 \u00a0 \u00a0 Ari Jantunen Ratakatu 33 puh. 0400 361 633 Graafista suunnittelua; logot, yritysilmeet, &hellip; <a href=\"https:\/\/kylat.ekarjala.fi\/korkea-aho\/palvelut-2\/\">Continue reading <span class=\"meta-nav\">&rarr;<\/span><\/a><\/p>\n","protected":false},"author":25,"featured_media":0,"parent":0,"menu_order":0,"comment_status":"closed","ping_status":"closed","template":"","meta":{"footnotes":""},"class_list":["post-183","page","type-page","status-publish","hentry"],"_links":{"self":[{"href":"https:\/\/kylat.ekarjala.fi\/korkea-aho\/wp-json\/wp\/v2\/pages\/183","targetHints":{"allow":["GET"]}}],"collection":[{"href":"https:\/\/kylat.ekarjala.fi\/korkea-aho\/wp-json\/wp\/v2\/pages"}],"about":[{"href":"https:\/\/kylat.ekarjala.fi\/korkea-aho\/wp-json\/wp\/v2\/types\/page"}],"author":[{"embeddable":true,"href":"https:\/\/kylat.ekarjala.fi\/korkea-aho\/wp-json\/wp\/v2\/users\/25"}],"replies":[{"embeddable":true,"href":"https:\/\/kylat.ekarjala.fi\/korkea-aho\/wp-json\/wp\/v2\/comments?post=183"}],"version-history":[{"count":15,"href":"https:\/\/kylat.ekarjala.fi\/korkea-aho\/wp-json\/wp\/v2\/pages\/183\/revisions"}],"predecessor-version":[{"id":1062,"href":"https:\/\/kylat.ekarjala.fi\/korkea-aho\/wp-json\/wp\/v2\/pages\/183\/revisions\/1062"}],"wp:attachment":[{"href":"https:\/\/kylat.ekarjala.fi\/korkea-aho\/wp-json\/wp\/v2\/media?parent=183"}],"curies":[{"name":"wp","href":"https:\/\/api.w.org\/{rel}","templated":true}]}}