{"id":186,"date":"2011-10-12T14:32:17","date_gmt":"2011-10-12T12:02:17","guid":{"rendered":"https:\/\/kylat.ekarjala.fi\/korkea-aho\/?page_id=186"},"modified":"2018-08-16T19:45:15","modified_gmt":"2018-08-16T18:15:15","slug":"kylamarkkinat","status":"publish","type":"page","link":"https:\/\/kylat.ekarjala.fi\/korkea-aho\/kylamarkkinat\/","title":{"rendered":"Kyl\u00e4markkinat"},"content":{"rendered":"<p>Suurin vuosittainen tapahtuma on Kyl\u00e4markkinat, joka houkuttelee satoja kaupunkilaisia tutustumaan Korkea-ahon palveluihin ja yritt\u00e4jiin. Markkinoilla on tarjolla muun muassa leivonnaisia, k\u00e4sit\u00f6it\u00e4 ja paikallisten viljelij\u00f6iden tuotteita.\u00a0<a href=\"https:\/\/kylat.ekarjala.fi\/korkea-aho\/wp-content\/uploads\/sites\/16\/2011\/10\/kylamarkkinat.jpg\"><img loading=\"lazy\" decoding=\"async\" class=\"alignleft size-full wp-image-187\" src=\"https:\/\/kylat.ekarjala.fi\/korkea-aho\/wp-content\/uploads\/sites\/16\/2011\/10\/kylamarkkinat.jpg\" alt=\"\" width=\"240\" height=\"187\" \/><\/a><\/p>\n<p>Ensimm\u00e4iset kyl\u00e4markkinat j\u00e4rjestettiin vuonna 1995. Markkinat j\u00e4rjestet\u00e4\u00e4n elokuun viimeisen\u00e4 sunnuntaina. T\u00e4ll\u00e4 hetkell\u00e4 markkinoilla on kolmisenkymment\u00e4 myyj\u00e4\u00e4. Myyj\u00e4t ovat ensisijassa omalta kyl\u00e4lt\u00e4, ulkopuolisia myyji\u00e4 otetaan vain jos vastaavia tuotteita ei omalta kyl\u00e4lt\u00e4 l\u00f6ydy. K\u00e4vij\u00f6it\u00e4 markkinoilla k\u00e4y vuosittain yli tuhat.<br \/>\nKyl\u00e4toimikunta j\u00e4rjest\u00e4\u00e4 kyl\u00e4markkinat yhteisty\u00f6ss\u00e4 marttojen kanssa.<\/p>\n<p>Myyntipaikkatiedustelut ja varaukset: Tuula Salopelto\u00a0p. 0400529957<\/p>\n","protected":false},"excerpt":{"rendered":"<p>Suurin vuosittainen tapahtuma on Kyl\u00e4markkinat, joka houkuttelee satoja kaupunkilaisia tutustumaan Korkea-ahon palveluihin ja yritt\u00e4jiin. Markkinoilla on tarjolla muun muassa leivonnaisia, k\u00e4sit\u00f6it\u00e4 ja paikallisten viljelij\u00f6iden tuotteita.\u00a0 Ensimm\u00e4iset kyl\u00e4markkinat j\u00e4rjestettiin vuonna 1995. Markkinat j\u00e4rjestet\u00e4\u00e4n elokuun viimeisen\u00e4 sunnuntaina. T\u00e4ll\u00e4 hetkell\u00e4 markkinoilla on kolmisenkymment\u00e4 &hellip; <a href=\"https:\/\/kylat.ekarjala.fi\/korkea-aho\/kylamarkkinat\/\">Continue reading <span class=\"meta-nav\">&rarr;<\/span><\/a><\/p>\n","protected":false},"author":25,"featured_media":0,"parent":0,"menu_order":0,"comment_status":"closed","ping_status":"closed","template":"","meta":{"footnotes":""},"class_list":["post-186","page","type-page","status-publish","hentry"],"_links":{"self":[{"href":"https:\/\/kylat.ekarjala.fi\/korkea-aho\/wp-json\/wp\/v2\/pages\/186","targetHints":{"allow":["GET"]}}],"collection":[{"href":"https:\/\/kylat.ekarjala.fi\/korkea-aho\/wp-json\/wp\/v2\/pages"}],"about":[{"href":"https:\/\/kylat.ekarjala.fi\/korkea-aho\/wp-json\/wp\/v2\/types\/page"}],"author":[{"embeddable":true,"href":"https:\/\/kylat.ekarjala.fi\/korkea-aho\/wp-json\/wp\/v2\/users\/25"}],"replies":[{"embeddable":true,"href":"https:\/\/kylat.ekarjala.fi\/korkea-aho\/wp-json\/wp\/v2\/comments?post=186"}],"version-history":[{"count":6,"href":"https:\/\/kylat.ekarjala.fi\/korkea-aho\/wp-json\/wp\/v2\/pages\/186\/revisions"}],"predecessor-version":[{"id":1149,"href":"https:\/\/kylat.ekarjala.fi\/korkea-aho\/wp-json\/wp\/v2\/pages\/186\/revisions\/1149"}],"wp:attachment":[{"href":"https:\/\/kylat.ekarjala.fi\/korkea-aho\/wp-json\/wp\/v2\/media?parent=186"}],"curies":[{"name":"wp","href":"https:\/\/api.w.org\/{rel}","templated":true}]}}