{"id":276,"date":"2011-10-20T20:21:42","date_gmt":"2011-10-20T18:51:42","guid":{"rendered":"https:\/\/kylat.ekarjala.fi\/korkea-aho\/?page_id=276"},"modified":"2011-10-20T20:21:42","modified_gmt":"2011-10-20T18:51:42","slug":"tontit","status":"publish","type":"page","link":"https:\/\/kylat.ekarjala.fi\/korkea-aho\/tontit\/","title":{"rendered":"TONTIT"},"content":{"rendered":"<p>Myyt\u00e4v\u00e4n\u00e4 0,5-1 ha tontti Korkea-ahon Toikkalan (Pesun) kyl\u00e4ss\u00e4.<\/p>\n<p>Tarkemmat tiedustelut: Jorma Huuhtanen, puh. 050-3506195<\/p>\n<p>s\u00e4hk\u00f6posti: jorma.huuhtanen@kaakonlavapalvelu.com<\/p>\n","protected":false},"excerpt":{"rendered":"<p>Myyt\u00e4v\u00e4n\u00e4 0,5-1 ha tontti Korkea-ahon Toikkalan (Pesun) kyl\u00e4ss\u00e4. Tarkemmat tiedustelut: Jorma Huuhtanen, puh. 050-3506195 s\u00e4hk\u00f6posti: jorma.huuhtanen@kaakonlavapalvelu.com<\/p>\n","protected":false},"author":54,"featured_media":0,"parent":0,"menu_order":0,"comment_status":"open","ping_status":"open","template":"","meta":{"footnotes":""},"class_list":["post-276","page","type-page","status-publish","hentry"],"_links":{"self":[{"href":"https:\/\/kylat.ekarjala.fi\/korkea-aho\/wp-json\/wp\/v2\/pages\/276","targetHints":{"allow":["GET"]}}],"collection":[{"href":"https:\/\/kylat.ekarjala.fi\/korkea-aho\/wp-json\/wp\/v2\/pages"}],"about":[{"href":"https:\/\/kylat.ekarjala.fi\/korkea-aho\/wp-json\/wp\/v2\/types\/page"}],"author":[{"embeddable":true,"href":"https:\/\/kylat.ekarjala.fi\/korkea-aho\/wp-json\/wp\/v2\/users\/54"}],"replies":[{"embeddable":true,"href":"https:\/\/kylat.ekarjala.fi\/korkea-aho\/wp-json\/wp\/v2\/comments?post=276"}],"version-history":[{"count":1,"href":"https:\/\/kylat.ekarjala.fi\/korkea-aho\/wp-json\/wp\/v2\/pages\/276\/revisions"}],"predecessor-version":[{"id":282,"href":"https:\/\/kylat.ekarjala.fi\/korkea-aho\/wp-json\/wp\/v2\/pages\/276\/revisions\/282"}],"wp:attachment":[{"href":"https:\/\/kylat.ekarjala.fi\/korkea-aho\/wp-json\/wp\/v2\/media?parent=276"}],"curies":[{"name":"wp","href":"https:\/\/api.w.org\/{rel}","templated":true}]}}