{"id":366,"date":"2012-03-11T21:11:44","date_gmt":"2012-03-11T19:41:44","guid":{"rendered":"https:\/\/kylat.ekarjala.fi\/korkea-aho\/?page_id=366"},"modified":"2012-03-11T22:01:01","modified_gmt":"2012-03-11T20:31:01","slug":"ampumahiihtokilpailut","status":"publish","type":"page","link":"https:\/\/kylat.ekarjala.fi\/korkea-aho\/yhdistykset\/metsaveikot-2\/ampumahiihtokilpailut\/","title":{"rendered":"Ampumahiihtokilpailut"},"content":{"rendered":"<p><a href=\"https:\/\/kylat.ekarjala.fi\/korkea-aho\/wp-content\/uploads\/sites\/16\/2012\/03\/0572.jpg\"><img loading=\"lazy\" decoding=\"async\" class=\"alignleft size-full wp-image-378\" src=\"https:\/\/kylat.ekarjala.fi\/korkea-aho\/wp-content\/uploads\/sites\/16\/2012\/03\/0572.jpg\" alt=\"\" width=\"640\" height=\"480\" \/><\/a>Perinteiset ampumahiihtokilpailut Korkea-Ahon Mets\u00e4veikot-<br \/>\nTanin Er\u00e4nk\u00e4vij\u00e4t Korkea-Ahon pidettiin urheilukent\u00e4ll\u00e4 10.3.2012. Kilpailuja<br \/>\non pidetty yli 40 vuotta.<\/p>\n<p>Tiukan kilpailun voitti t\u00e4ll\u00e4 kertaa 5 vuoden tauon j\u00e4lkeen<br \/>\nKorkea-Aho<br \/>\nYleinen sarja:<\/p>\n<ol>\n<li>Pekka Tuisku, Tani<\/li>\n<li>Petri Hovi Korkea-Aho<\/li>\n<li>Rauno Laapas, Korkea-Aho<\/li>\n<\/ol>\n<p><a href=\"https:\/\/kylat.ekarjala.fi\/korkea-aho\/wp-content\/uploads\/sites\/16\/2012\/03\/0394.jpg\"><img loading=\"lazy\" decoding=\"async\" class=\"alignleft size-full wp-image-387\" src=\"https:\/\/kylat.ekarjala.fi\/korkea-aho\/wp-content\/uploads\/sites\/16\/2012\/03\/0394.jpg\" alt=\"\" width=\"3648\" height=\"2736\" \/><\/a><br \/>\n&nbsp;<\/p>\n<p>Ik\u00e4miehet<\/p>\n<ol>\n<li>Vesa Hovi, Korkea-Aho<\/li>\n<li>Juha Kemppi , Korkea-Aho<\/li>\n<li>Juha Tuisku, Tani<\/li>\n<\/ol>\n<p><a href=\"https:\/\/kylat.ekarjala.fi\/korkea-aho\/wp-content\/uploads\/sites\/16\/2012\/03\/038.jpg\"><img loading=\"lazy\" decoding=\"async\" class=\"alignleft size-full wp-image-382\" src=\"https:\/\/kylat.ekarjala.fi\/korkea-aho\/wp-content\/uploads\/sites\/16\/2012\/03\/038.jpg\" alt=\"\" width=\"3648\" height=\"2736\" \/><\/a><\/p>\n<p>Korkea-Ahon Mestaruus<\/p>\n<ol>\n<li>Petri Hovi<\/li>\n<li>Vesa Hovi<\/li>\n<li>Juha Kemppi<\/li>\n<\/ol>\n<p>Kilpailun nopein hiiht\u00e4j\u00e4 oli Petri Hovi 31 min, 6.2 km<br \/>\nmatkalla ja paras ampuja oli Pekka Tuisku eritt\u00e4in hyv\u00e4ll\u00e4 tuloksella 97 p (<br \/>\nmax. 100 p.)<\/p>\n<p>Ensi vuonna kilpailujen is\u00e4nt\u00e4n\u00e4 on Tanin Er\u00e4nk\u00e4vij\u00e4t<\/p>\n<p><a href=\"https:\/\/kylat.ekarjala.fi\/korkea-aho\/wp-content\/uploads\/sites\/16\/2012\/03\/033.jpg\"><img loading=\"lazy\" decoding=\"async\" class=\"alignleft size-full wp-image-390\" src=\"https:\/\/kylat.ekarjala.fi\/korkea-aho\/wp-content\/uploads\/sites\/16\/2012\/03\/033.jpg\" alt=\"\" width=\"3648\" height=\"2736\" \/><\/a><\/p>\n<p>Puheenjohtajat valmiina palkintojen jakoon.<\/p>\n","protected":false},"excerpt":{"rendered":"<p>Perinteiset ampumahiihtokilpailut Korkea-Ahon Mets\u00e4veikot- Tanin Er\u00e4nk\u00e4vij\u00e4t Korkea-Ahon pidettiin urheilukent\u00e4ll\u00e4 10.3.2012. Kilpailuja on pidetty yli 40 vuotta. Tiukan kilpailun voitti t\u00e4ll\u00e4 kertaa 5 vuoden tauon j\u00e4lkeen Korkea-Aho Yleinen sarja: Pekka Tuisku, Tani Petri Hovi Korkea-Aho Rauno Laapas, Korkea-Aho &nbsp; Ik\u00e4miehet Vesa &hellip; <a href=\"https:\/\/kylat.ekarjala.fi\/korkea-aho\/yhdistykset\/metsaveikot-2\/ampumahiihtokilpailut\/\">Continue reading <span class=\"meta-nav\">&rarr;<\/span><\/a><\/p>\n","protected":false},"author":25,"featured_media":374,"parent":96,"menu_order":0,"comment_status":"open","ping_status":"open","template":"","meta":{"footnotes":""},"class_list":["post-366","page","type-page","status-publish","has-post-thumbnail","hentry"],"_links":{"self":[{"href":"https:\/\/kylat.ekarjala.fi\/korkea-aho\/wp-json\/wp\/v2\/pages\/366","targetHints":{"allow":["GET"]}}],"collection":[{"href":"https:\/\/kylat.ekarjala.fi\/korkea-aho\/wp-json\/wp\/v2\/pages"}],"about":[{"href":"https:\/\/kylat.ekarjala.fi\/korkea-aho\/wp-json\/wp\/v2\/types\/page"}],"author":[{"embeddable":true,"href":"https:\/\/kylat.ekarjala.fi\/korkea-aho\/wp-json\/wp\/v2\/users\/25"}],"replies":[{"embeddable":true,"href":"https:\/\/kylat.ekarjala.fi\/korkea-aho\/wp-json\/wp\/v2\/comments?post=366"}],"version-history":[{"count":15,"href":"https:\/\/kylat.ekarjala.fi\/korkea-aho\/wp-json\/wp\/v2\/pages\/366\/revisions"}],"predecessor-version":[{"id":370,"href":"https:\/\/kylat.ekarjala.fi\/korkea-aho\/wp-json\/wp\/v2\/pages\/366\/revisions\/370"}],"up":[{"embeddable":true,"href":"https:\/\/kylat.ekarjala.fi\/korkea-aho\/wp-json\/wp\/v2\/pages\/96"}],"wp:featuredmedia":[{"embeddable":true,"href":"https:\/\/kylat.ekarjala.fi\/korkea-aho\/wp-json\/wp\/v2\/media\/374"}],"wp:attachment":[{"href":"https:\/\/kylat.ekarjala.fi\/korkea-aho\/wp-json\/wp\/v2\/media?parent=366"}],"curies":[{"name":"wp","href":"https:\/\/api.w.org\/{rel}","templated":true}]}}