{"id":412,"date":"2012-04-03T21:48:05","date_gmt":"2012-04-03T20:18:05","guid":{"rendered":"https:\/\/kylat.ekarjala.fi\/korkea-aho\/?page_id=412"},"modified":"2013-07-26T14:19:45","modified_gmt":"2013-07-26T12:49:45","slug":"humaljarven-metsatie","status":"publish","type":"page","link":"https:\/\/kylat.ekarjala.fi\/korkea-aho\/humaljarven-metsatie\/","title":{"rendered":"Humalj\u00e4rven mets\u00e4tie"},"content":{"rendered":"<p>Humalj\u00e4rven mets\u00e4tien tiekunnan vuosikokous pidettiin korkea-ahon Mets\u00e4veikkojen laavulla 28.6.2013 t\u00e4ss\u00e4 <a href=\"https:\/\/kylat.ekarjala.fi\/korkea-aho\/wp-content\/uploads\/sites\/16\/2013\/07\/P\u00f6yt\u00e4kirja_Humalj\u00e4rven_mets\u00e4tie04-07-2013-162916.pdf\">p\u00f6yt\u00e4kirja<\/a> kokouksesta.<\/p>\n<p>Humalj\u00e4rven mets\u00e4tien tiekunnan vuosikokous pidet\u00e4\u00e4n Korkea-ahon koululla Maanantaina 16.4.2012 klo 18.30.<\/p>\n<p>Kokouksessa k\u00e4sitell\u00e4\u00e4n vuosikokoukselle kuuluvat asiat ja lis\u00e4ksi p\u00e4\u00e4tet\u00e4\u00e4n Humalj\u00e4rven mets\u00e4tien perusparantamisen toteuttamisesta sek\u00e4 vahvistetaan uusi rakentamisyksikk\u00f6laskelma.<\/p>\n<p>Kartan mukaisella vaikutusalueen rajauksella (428 ha) tien kunnostamiseen voi saada tukea 6420 metrin matkalle eli tukea ei my\u00f6nnet\u00e4 290 metrin matkalle. T\u00e4m\u00e4 tarkoittaa sit\u00e4, ett\u00e4 kemera-hankkeesta pit\u00e4\u00e4 lyhent\u00e4\u00e4 jotain tienosaa. Asia<br \/>\np\u00e4\u00e4tet\u00e4\u00e4n varmaan tiekunnan kokouksessa.<\/p>\n<p>T\u00e4ss\u00e4 liite karttaan:<a href=\"https:\/\/kylat.ekarjala.fi\/korkea-aho\/wp-content\/uploads\/sites\/16\/2012\/04\/Humaljarvi_kartta.pdf\">Humaljarvi_kartta<\/a><\/p>\n<p>T\u00e4ss\u00e4 liitteet rakentamisyksikk\u00f6laskelmiin: <a href=\"https:\/\/kylat.ekarjala.fi\/korkea-aho\/wp-content\/uploads\/sites\/16\/2013\/07\/Humaljarvenmt_yksikot_paatie10102012.pdf\">yksikkolaskelma_paatie<\/a>, <a href=\"https:\/\/kylat.ekarjala.fi\/korkea-aho\/wp-content\/uploads\/sites\/16\/2013\/07\/Humaljarvenmt_yksikot_pistotie10102012.pdf\">yksikkolaskelma_pistotie<\/a>.<\/p>\n<p>Kutsut osakkaille on l\u00e4hetetty postissa, tervetuloa Tiekunnan puolesta Esko Sepp\u00e4nen pj.<\/p>\n","protected":false},"excerpt":{"rendered":"<p>Humalj\u00e4rven mets\u00e4tien tiekunnan vuosikokous pidettiin korkea-ahon Mets\u00e4veikkojen laavulla 28.6.2013 t\u00e4ss\u00e4 p\u00f6yt\u00e4kirja kokouksesta. Humalj\u00e4rven mets\u00e4tien tiekunnan vuosikokous pidet\u00e4\u00e4n Korkea-ahon koululla Maanantaina 16.4.2012 klo 18.30. Kokouksessa k\u00e4sitell\u00e4\u00e4n vuosikokoukselle kuuluvat asiat ja lis\u00e4ksi p\u00e4\u00e4tet\u00e4\u00e4n Humalj\u00e4rven mets\u00e4tien perusparantamisen toteuttamisesta sek\u00e4 vahvistetaan uusi rakentamisyksikk\u00f6laskelma. Kartan &hellip; <a href=\"https:\/\/kylat.ekarjala.fi\/korkea-aho\/humaljarven-metsatie\/\">Continue reading <span class=\"meta-nav\">&rarr;<\/span><\/a><\/p>\n","protected":false},"author":25,"featured_media":0,"parent":0,"menu_order":0,"comment_status":"open","ping_status":"open","template":"","meta":{"footnotes":""},"class_list":["post-412","page","type-page","status-publish","hentry"],"_links":{"self":[{"href":"https:\/\/kylat.ekarjala.fi\/korkea-aho\/wp-json\/wp\/v2\/pages\/412","targetHints":{"allow":["GET"]}}],"collection":[{"href":"https:\/\/kylat.ekarjala.fi\/korkea-aho\/wp-json\/wp\/v2\/pages"}],"about":[{"href":"https:\/\/kylat.ekarjala.fi\/korkea-aho\/wp-json\/wp\/v2\/types\/page"}],"author":[{"embeddable":true,"href":"https:\/\/kylat.ekarjala.fi\/korkea-aho\/wp-json\/wp\/v2\/users\/25"}],"replies":[{"embeddable":true,"href":"https:\/\/kylat.ekarjala.fi\/korkea-aho\/wp-json\/wp\/v2\/comments?post=412"}],"version-history":[{"count":13,"href":"https:\/\/kylat.ekarjala.fi\/korkea-aho\/wp-json\/wp\/v2\/pages\/412\/revisions"}],"predecessor-version":[{"id":671,"href":"https:\/\/kylat.ekarjala.fi\/korkea-aho\/wp-json\/wp\/v2\/pages\/412\/revisions\/671"}],"wp:attachment":[{"href":"https:\/\/kylat.ekarjala.fi\/korkea-aho\/wp-json\/wp\/v2\/media?parent=412"}],"curies":[{"name":"wp","href":"https:\/\/api.w.org\/{rel}","templated":true}]}}