{"id":442,"date":"2012-04-16T19:06:53","date_gmt":"2012-04-16T17:36:53","guid":{"rendered":"https:\/\/kylat.ekarjala.fi\/korkea-aho\/?page_id=442"},"modified":"2019-08-21T12:48:22","modified_gmt":"2019-08-21T11:18:22","slug":"vanhempaintoimikunta","status":"publish","type":"page","link":"https:\/\/kylat.ekarjala.fi\/korkea-aho\/yhdistykset\/vanhempaintoimikunta\/","title":{"rendered":"Vanhempaintoimikunta"},"content":{"rendered":"<p style=\"text-align: center\"><strong>\u00a0 \u00a0 \u00a0<span style=\"color: #3366ff\">\u00a0<\/span><\/strong><\/p>\n<hr \/>\n<p style=\"text-align: center\"><strong>TERVETULOA MUKAAN!<\/strong><\/p>\n<p style=\"text-align: center\"><b>Seuraava kokoontuminen Vilma\u00b4s kirpparilla (Ratakatu 33)<\/b><\/p>\n<p style=\"text-align: center\"><b>ma 9.9.2019 klo 18.30<\/b><\/p>\n<hr \/>\n<p style=\"text-align: center\">Korkea-ahon koulun vanhempaintoimikunta on tammikuussa 2012 perustettu rekister\u00f6im\u00e4t\u00f6n yhteis\u00f6, joka toimii yhteisty\u00f6ss\u00e4 koulun kanssa oppilaiden hyv\u00e4ksi. Toimikunta j\u00e4rjest\u00e4\u00e4 tekemist\u00e4 koulun kaikkien lasten kasvun, oppimisen, hyvinvoinnin ja virkistyksen edist\u00e4miseksi.\u00a0Pilke silm\u00e4kulmassa puuhailemme\u00a0porukalla erilaisia tapahtumia, retki\u00e4, kerhoja, keskusteluja, myyj\u00e4isi\u00e4, vaikuttamista ja vertaistukea.<\/p>\n<p style=\"text-align: center\">Vanhempaintoimikuntalaiset tekev\u00e4t t\u00e4rke\u00e4\u00e4 vapaaehtoisty\u00f6t\u00e4 lapsiemme hyv\u00e4ksi. Ja kokemukset osoittavat ett\u00e4\u00a0se tuo iloa paitsi koululaisille\u00a0my\u00f6s tekij\u00f6illeen\u00a0\ud83d\ude42<\/p>\n<h4 style=\"text-align: center\"><em>MUKAAN P\u00c4\u00c4SET HELPOSTI TULEMALLA ROHKEASTI SEURAAVAAN TAPAAMISEEMME \ud83d\ude42<\/em><\/h4>\n<p>Lis\u00e4\u00e4 vanhempaintoimikunnan juttuja t\u00e4m\u00e4n sivun alaotsikoista:<\/p>\n<ul>\n<li style=\"text-align: left\">\n<h5><span style=\"color: #993366\"><a style=\"color: #993366\" href=\"https:\/\/kylat.ekarjala.fi\/korkea-aho\/yhdistykset\/vanhempaintoimikunta\/jasenet\/\">J\u00e4senet<\/a><\/span><\/h5>\n<\/li>\n<li style=\"text-align: left\">\n<h5><span style=\"color: #993366\"><a style=\"color: #993366\" href=\"https:\/\/kylat.ekarjala.fi\/korkea-aho\/yhdistykset\/vanhempaintoimikunta\/toimintasuunnitelma\/\">Toimintasuunnitelma<\/a><\/span><\/h5>\n<\/li>\n<li style=\"text-align: left\">\n<h5><span style=\"color: #993366\"><a style=\"color: #993366\" href=\"https:\/\/kylat.ekarjala.fi\/korkea-aho\/yhdistykset\/vanhempaintoimikunta\/menneita-tapahtumia\/\">Menneit\u00e4 tapahtumia<\/a><\/span><\/h5>\n<\/li>\n<\/ul>\n<h5 style=\"text-align: center\"><span style=\"color: #993366\">\u00a0<\/span><\/h5>\n","protected":false},"excerpt":{"rendered":"<p>\u00a0 \u00a0 \u00a0\u00a0 TERVETULOA MUKAAN! Seuraava kokoontuminen Vilma\u00b4s kirpparilla (Ratakatu 33) ma 9.9.2019 klo 18.30 Korkea-ahon koulun vanhempaintoimikunta on tammikuussa 2012 perustettu rekister\u00f6im\u00e4t\u00f6n yhteis\u00f6, joka toimii yhteisty\u00f6ss\u00e4 koulun kanssa oppilaiden hyv\u00e4ksi. Toimikunta j\u00e4rjest\u00e4\u00e4 tekemist\u00e4 koulun kaikkien lasten kasvun, oppimisen, hyvinvoinnin &hellip; <a href=\"https:\/\/kylat.ekarjala.fi\/korkea-aho\/yhdistykset\/vanhempaintoimikunta\/\">Continue reading <span class=\"meta-nav\">&rarr;<\/span><\/a><\/p>\n","protected":false},"author":115,"featured_media":0,"parent":210,"menu_order":0,"comment_status":"closed","ping_status":"closed","template":"","meta":{"footnotes":""},"class_list":["post-442","page","type-page","status-publish","hentry"],"_links":{"self":[{"href":"https:\/\/kylat.ekarjala.fi\/korkea-aho\/wp-json\/wp\/v2\/pages\/442","targetHints":{"allow":["GET"]}}],"collection":[{"href":"https:\/\/kylat.ekarjala.fi\/korkea-aho\/wp-json\/wp\/v2\/pages"}],"about":[{"href":"https:\/\/kylat.ekarjala.fi\/korkea-aho\/wp-json\/wp\/v2\/types\/page"}],"author":[{"embeddable":true,"href":"https:\/\/kylat.ekarjala.fi\/korkea-aho\/wp-json\/wp\/v2\/users\/115"}],"replies":[{"embeddable":true,"href":"https:\/\/kylat.ekarjala.fi\/korkea-aho\/wp-json\/wp\/v2\/comments?post=442"}],"version-history":[{"count":102,"href":"https:\/\/kylat.ekarjala.fi\/korkea-aho\/wp-json\/wp\/v2\/pages\/442\/revisions"}],"predecessor-version":[{"id":1308,"href":"https:\/\/kylat.ekarjala.fi\/korkea-aho\/wp-json\/wp\/v2\/pages\/442\/revisions\/1308"}],"up":[{"embeddable":true,"href":"https:\/\/kylat.ekarjala.fi\/korkea-aho\/wp-json\/wp\/v2\/pages\/210"}],"wp:attachment":[{"href":"https:\/\/kylat.ekarjala.fi\/korkea-aho\/wp-json\/wp\/v2\/media?parent=442"}],"curies":[{"name":"wp","href":"https:\/\/api.w.org\/{rel}","templated":true}]}}