{"id":460,"date":"2012-05-23T15:31:50","date_gmt":"2012-05-23T14:01:50","guid":{"rendered":"https:\/\/kylat.ekarjala.fi\/korkea-aho\/?page_id=460"},"modified":"2020-11-11T06:38:19","modified_gmt":"2020-11-11T05:08:19","slug":"jasenet","status":"publish","type":"page","link":"https:\/\/kylat.ekarjala.fi\/korkea-aho\/yhdistykset\/vanhempaintoimikunta\/jasenet\/","title":{"rendered":"J\u00e4senet"},"content":{"rendered":"<h3>LUKUVUOSI 2020-2021<\/h3>\n<ul>\n<li>Marja Jantunen, pj p. 0400 221 855, marja.jantunen(at)pp.inet.fi<\/li>\n<li>Liisa Tirkkonen, yhteysopettaja<\/li>\n<li>Ari Jantunen<\/li>\n<li>Paula Vataa<\/li>\n<li>Riikka Nurmiainen<\/li>\n<li>Johanna Halme<\/li>\n<li>Jasmin Jantunen<\/li>\n<li>Maria Taina<\/li>\n<li>Suvi Nikkinen<\/li>\n<li>Satu Rautio<\/li>\n<\/ul>\n<p>Kaipaamme lis\u00e4\u00e4 \u00e4itej\u00e4 ja isi\u00e4 mukaan rentoon ja iloiseen porukkaan! Ota rohkeasti yhteytt\u00e4 puheenjohtajaan tai tule seuraavaan tapaamiseen (ajankohta etusivulla). Jokainen j\u00e4sen osallistuu toimintaan oman innostuksen, taitojen ja voimavarojen mukaan. Kokoonnumme n. kerran kuukaudessa lukuvuoden aikana (kes\u00e4ll\u00e4 lomailemme).<\/p>\n<ul>\n<li style=\"text-align: left\">\n<h5><span style=\"color: #993366\"><a style=\"color: #993366\" href=\"https:\/\/kylat.ekarjala.fi\/korkea-aho\/yhdistykset\/vanhempaintoimikunta\/\">Etusivu<\/a><\/span><\/h5>\n<\/li>\n<li style=\"text-align: left\">\n<h5><span style=\"color: #993366\"><a style=\"color: #993366\" href=\"https:\/\/kylat.ekarjala.fi\/korkea-aho\/yhdistykset\/vanhempaintoimikunta\/toimintasuunnitelma\/\">Toimintasuunnitelma<\/a><\/span><\/h5>\n<\/li>\n<li style=\"text-align: left\">\n<h5><span style=\"color: #993366\"><a style=\"color: #993366\" href=\"https:\/\/kylat.ekarjala.fi\/korkea-aho\/yhdistykset\/vanhempaintoimikunta\/menneita-tapahtumia\/\">Menneit\u00e4 tapahtumia<\/a><\/span><\/h5>\n<\/li>\n<\/ul>\n","protected":false},"excerpt":{"rendered":"<p>LUKUVUOSI 2020-2021 Marja Jantunen, pj p. 0400 221 855, marja.jantunen(at)pp.inet.fi Liisa Tirkkonen, yhteysopettaja Ari Jantunen Paula Vataa Riikka Nurmiainen Johanna Halme Jasmin Jantunen Maria Taina Suvi Nikkinen Satu Rautio Kaipaamme lis\u00e4\u00e4 \u00e4itej\u00e4 ja isi\u00e4 mukaan rentoon ja iloiseen porukkaan! Ota &hellip; <a href=\"https:\/\/kylat.ekarjala.fi\/korkea-aho\/yhdistykset\/vanhempaintoimikunta\/jasenet\/\">Continue reading <span class=\"meta-nav\">&rarr;<\/span><\/a><\/p>\n","protected":false},"author":115,"featured_media":0,"parent":442,"menu_order":1,"comment_status":"open","ping_status":"open","template":"","meta":{"footnotes":""},"class_list":["post-460","page","type-page","status-publish","hentry"],"_links":{"self":[{"href":"https:\/\/kylat.ekarjala.fi\/korkea-aho\/wp-json\/wp\/v2\/pages\/460","targetHints":{"allow":["GET"]}}],"collection":[{"href":"https:\/\/kylat.ekarjala.fi\/korkea-aho\/wp-json\/wp\/v2\/pages"}],"about":[{"href":"https:\/\/kylat.ekarjala.fi\/korkea-aho\/wp-json\/wp\/v2\/types\/page"}],"author":[{"embeddable":true,"href":"https:\/\/kylat.ekarjala.fi\/korkea-aho\/wp-json\/wp\/v2\/users\/115"}],"replies":[{"embeddable":true,"href":"https:\/\/kylat.ekarjala.fi\/korkea-aho\/wp-json\/wp\/v2\/comments?post=460"}],"version-history":[{"count":20,"href":"https:\/\/kylat.ekarjala.fi\/korkea-aho\/wp-json\/wp\/v2\/pages\/460\/revisions"}],"predecessor-version":[{"id":1325,"href":"https:\/\/kylat.ekarjala.fi\/korkea-aho\/wp-json\/wp\/v2\/pages\/460\/revisions\/1325"}],"up":[{"embeddable":true,"href":"https:\/\/kylat.ekarjala.fi\/korkea-aho\/wp-json\/wp\/v2\/pages\/442"}],"wp:attachment":[{"href":"https:\/\/kylat.ekarjala.fi\/korkea-aho\/wp-json\/wp\/v2\/media?parent=460"}],"curies":[{"name":"wp","href":"https:\/\/api.w.org\/{rel}","templated":true}]}}