{"id":80,"date":"2011-10-12T11:51:05","date_gmt":"2011-10-12T09:21:05","guid":{"rendered":"https:\/\/kylat.ekarjala.fi\/korkea-aho\/?page_id=80"},"modified":"2011-10-20T19:52:58","modified_gmt":"2011-10-20T18:22:58","slug":"esittely","status":"publish","type":"page","link":"https:\/\/kylat.ekarjala.fi\/korkea-aho\/esittely\/","title":{"rendered":"Esittely"},"content":{"rendered":"<p>Rauhallinen, tunnelmallinen Korkea-aho sijaitsee vain kymmenen minuutin matkan p\u00e4\u00e4ss\u00e4 Lappeenrannan keskustasta. Korkea-ahon luonnonymp\u00e4rist\u00f6 on kumpuilevaa ja maalaismaisema el\u00e4v\u00e4\u00e4.\u00a0 Alueella on muutama pieni j\u00e4rvi: Yl\u00e4- ja Ala-Kyynelmys, Suur-Pyh\u00e4kala ja Pien-Pyh\u00e4kala, Humalj\u00e4rvi, Kirlampi ja Ahvenlampi. Korkea-ahon lis\u00e4ksi alueeseen kuuluvat J\u00e4k\u00f6n, Pesun, Pienkuukan ja Moision kyl\u00e4t.<\/p>\n<div id=\"attachment_82\" style=\"width: 110px\" class=\"wp-caption alignleft\"><a href=\"https:\/\/kylat.ekarjala.fi\/korkea-aho\/wp-content\/uploads\/sites\/16\/2011\/10\/Koulu.jpg\"><img loading=\"lazy\" decoding=\"async\" aria-describedby=\"caption-attachment-82\" class=\"size-full wp-image-82  \" src=\"https:\/\/kylat.ekarjala.fi\/korkea-aho\/wp-content\/uploads\/sites\/16\/2011\/10\/Koulu.jpg\" alt=\"\" width=\"100\" height=\"97\" \/><\/a><p id=\"caption-attachment-82\" class=\"wp-caption-text\">Nykyinen koulurakennus on vuodelta 1948<\/p><\/div>\n<p>Korkea-aho on mainio asuinpaikka. Kyl\u00e4l\u00e4iset arvostavat erityisesti kyl\u00e4n hyv\u00e4\u00e4 ilmapiiri\u00e4 ja monipuolista yhteistoimintaa. Naapuriapua saa tarvittaessa ja kyl\u00e4n talkoohenki on hyv\u00e4. Kyl\u00e4l\u00e4iset arvostavat rauhallista, luonnonl\u00e4heist\u00e4 asuinymp\u00e4rist\u00f6\u00e4 ja hyvi\u00e4 liikuntamahdollisuuksia.<\/p>\n<div id=\"attachment_81\" style=\"width: 113px\" class=\"wp-caption alignright\"><a href=\"https:\/\/kylat.ekarjala.fi\/korkea-aho\/wp-content\/uploads\/sites\/16\/2011\/10\/Koulu2.jpg\"><img loading=\"lazy\" decoding=\"async\" aria-describedby=\"caption-attachment-81\" class=\"size-full wp-image-81 \" src=\"https:\/\/kylat.ekarjala.fi\/korkea-aho\/wp-content\/uploads\/sites\/16\/2011\/10\/Koulu2.jpg\" alt=\"\" width=\"103\" height=\"103\" \/><\/a><p id=\"caption-attachment-81\" class=\"wp-caption-text\">Koulu t\u00e4ytti 100 vuotta v. 2009<\/p><\/div>\n<p>Korkea-ahossa asuu paljon lapsiperheit\u00e4. Vajaan 300 ihmisen kyl\u00e4ss\u00e4 onkin kehittyv\u00e4 ja vire\u00e4 kyl\u00e4koulu. Koulussa on noin 70\u00a0oppilasta, luokat 1 &#8211; 2, 3 &#8211; 4 ja 5 &#8211; 6. Henkil\u00f6kuntaan kuuluu kolme opettajaa, koulunk\u00e4yntiavustaja\u00a0ja palveluvastaava. Lis\u00e4ksi koululla k\u00e4yv\u00e4t s\u00e4\u00e4nn\u00f6llisin v\u00e4liajoin\u00a0laaja-alainen erityisopettaja, terveydenhoitaja, koulukuraattori ja koulul\u00e4\u00e4k\u00e4ri.<\/p>\n<p>Tervetuloa osallistumaan toimintaamme!<\/p>\n<p><a href=\"https:\/\/kylat.ekarjala.fi\/korkea-aho\/wp-content\/uploads\/sites\/16\/2011\/10\/Korkea-ahon-kyl\u00e4suunnitelma-2011-2015.docx\">Korkea-ahon kyl\u00e4suunnitelma 2011 &#8211; 2015<\/a><\/p>\n","protected":false},"excerpt":{"rendered":"<p>Rauhallinen, tunnelmallinen Korkea-aho sijaitsee vain kymmenen minuutin matkan p\u00e4\u00e4ss\u00e4 Lappeenrannan keskustasta. Korkea-ahon luonnonymp\u00e4rist\u00f6 on kumpuilevaa ja maalaismaisema el\u00e4v\u00e4\u00e4.\u00a0 Alueella on muutama pieni j\u00e4rvi: Yl\u00e4- ja Ala-Kyynelmys, Suur-Pyh\u00e4kala ja Pien-Pyh\u00e4kala, Humalj\u00e4rvi, Kirlampi ja Ahvenlampi. Korkea-ahon lis\u00e4ksi alueeseen kuuluvat J\u00e4k\u00f6n, Pesun, Pienkuukan &hellip; <a href=\"https:\/\/kylat.ekarjala.fi\/korkea-aho\/esittely\/\">Continue reading <span class=\"meta-nav\">&rarr;<\/span><\/a><\/p>\n","protected":false},"author":25,"featured_media":0,"parent":0,"menu_order":0,"comment_status":"closed","ping_status":"closed","template":"","meta":{"footnotes":""},"class_list":["post-80","page","type-page","status-publish","hentry"],"_links":{"self":[{"href":"https:\/\/kylat.ekarjala.fi\/korkea-aho\/wp-json\/wp\/v2\/pages\/80","targetHints":{"allow":["GET"]}}],"collection":[{"href":"https:\/\/kylat.ekarjala.fi\/korkea-aho\/wp-json\/wp\/v2\/pages"}],"about":[{"href":"https:\/\/kylat.ekarjala.fi\/korkea-aho\/wp-json\/wp\/v2\/types\/page"}],"author":[{"embeddable":true,"href":"https:\/\/kylat.ekarjala.fi\/korkea-aho\/wp-json\/wp\/v2\/users\/25"}],"replies":[{"embeddable":true,"href":"https:\/\/kylat.ekarjala.fi\/korkea-aho\/wp-json\/wp\/v2\/comments?post=80"}],"version-history":[{"count":7,"href":"https:\/\/kylat.ekarjala.fi\/korkea-aho\/wp-json\/wp\/v2\/pages\/80\/revisions"}],"predecessor-version":[{"id":264,"href":"https:\/\/kylat.ekarjala.fi\/korkea-aho\/wp-json\/wp\/v2\/pages\/80\/revisions\/264"}],"wp:attachment":[{"href":"https:\/\/kylat.ekarjala.fi\/korkea-aho\/wp-json\/wp\/v2\/media?parent=80"}],"curies":[{"name":"wp","href":"https:\/\/api.w.org\/{rel}","templated":true}]}}