{"id":853,"date":"2014-08-25T11:58:44","date_gmt":"2014-08-25T10:28:44","guid":{"rendered":"https:\/\/kylat.ekarjala.fi\/korkea-aho\/?page_id=853"},"modified":"2014-08-25T12:47:15","modified_gmt":"2014-08-25T11:17:15","slug":"historian-havinaa","status":"publish","type":"page","link":"https:\/\/kylat.ekarjala.fi\/korkea-aho\/koulu\/historian-havinaa\/","title":{"rendered":"Historian havinaa"},"content":{"rendered":"<p><em>Koulun perustava kokous p\u00e4\u00e4tti koulun rakentamisesta ja kauppias J. A. Enckellin johdolla koulurakennus pystytettiin maanviljelij\u00e4 Pietari Teiton lahjoittamalle Pyh\u00e4m\u00e4ki- nimiselle tilalle. K<\/em><em>oulu aloitti toimintansa\u00a0<\/em><em>27.9.1909<\/em><\/p>\n<p style=\"text-align: center\"><em>Syyskes\u00e4n p\u00e4iv\u00e4n\u00e4 v. 1946 kaikuivat kyl\u00e4ll\u00e4 h\u00e4t\u00e4\u00e4ntyneet huudot ilmoittaen, ett\u00e4 koulu palaa. Palon huomasi opettaja ollessaan peltot\u00f6iss\u00e4. Palo oli saanut alkunsa k\u00e4sity\u00f6luokasta, jossa\u00a0uunin eteen lakaistut\u00a0h\u00f6yl\u00e4lastut olivat\u00a0syttyneet tuleen.<\/em><\/p>\n<p style=\"text-align: center\"><em>Koulu paloi perustuksiaan my\u00f6ten, samoin tuhoutui koko irtaimisto. Vahinkojen arvo oli n. 15 milj. markkaa. Koulunk\u00e4ynti siirtyi l\u00e4hell\u00e4 sijaitsevaan suureen maalaistaloon, jossa opiskeltiin uuden koulun valmistumiseen saakka.<\/em><\/p>\n<p style=\"text-align: center\"><a href=\"https:\/\/kylat.ekarjala.fi\/korkea-aho\/wp-content\/uploads\/sites\/16\/2014\/08\/Koulu-vanhoissa-v\u00e4reiss\u00e4.png\"><img loading=\"lazy\" decoding=\"async\" class=\"size-medium wp-image-854 aligncenter\" alt=\"Koulu vanhoissa v\u00e4reiss\u00e4\" src=\"https:\/\/kylat.ekarjala.fi\/korkea-aho\/wp-content\/uploads\/sites\/16\/2014\/08\/Koulu-vanhoissa-v\u00e4reiss\u00e4-300x169.png\" width=\"300\" height=\"169\" srcset=\"https:\/\/kylat.ekarjala.fi\/korkea-aho\/wp-content\/uploads\/sites\/16\/2014\/08\/Koulu-vanhoissa-v\u00e4reiss\u00e4-300x169.png 300w, https:\/\/kylat.ekarjala.fi\/korkea-aho\/wp-content\/uploads\/sites\/16\/2014\/08\/Koulu-vanhoissa-v\u00e4reiss\u00e4.png 623w\" sizes=\"auto, (max-width: 300px) 100vw, 300px\" \/><\/a><\/p>\n<p style=\"text-align: center\"><em>Uusi, nykyinen koulu otettiin k\u00e4ytt\u00f6\u00f6n<\/em><em>\u00a0loppiaisena v. 1948.<\/em><\/p>\n<p style=\"text-align: center\">\n","protected":false},"excerpt":{"rendered":"<p>Koulun perustava kokous p\u00e4\u00e4tti koulun rakentamisesta ja kauppias J. A. Enckellin johdolla koulurakennus pystytettiin maanviljelij\u00e4 Pietari Teiton lahjoittamalle Pyh\u00e4m\u00e4ki- nimiselle tilalle. Koulu aloitti toimintansa\u00a027.9.1909 Syyskes\u00e4n p\u00e4iv\u00e4n\u00e4 v. 1946 kaikuivat kyl\u00e4ll\u00e4 h\u00e4t\u00e4\u00e4ntyneet huudot ilmoittaen, ett\u00e4 koulu palaa. Palon huomasi opettaja ollessaan &hellip; <a href=\"https:\/\/kylat.ekarjala.fi\/korkea-aho\/koulu\/historian-havinaa\/\">Continue reading <span class=\"meta-nav\">&rarr;<\/span><\/a><\/p>\n","protected":false},"author":115,"featured_media":854,"parent":116,"menu_order":0,"comment_status":"closed","ping_status":"closed","template":"","meta":{"footnotes":""},"class_list":["post-853","page","type-page","status-publish","has-post-thumbnail","hentry"],"_links":{"self":[{"href":"https:\/\/kylat.ekarjala.fi\/korkea-aho\/wp-json\/wp\/v2\/pages\/853","targetHints":{"allow":["GET"]}}],"collection":[{"href":"https:\/\/kylat.ekarjala.fi\/korkea-aho\/wp-json\/wp\/v2\/pages"}],"about":[{"href":"https:\/\/kylat.ekarjala.fi\/korkea-aho\/wp-json\/wp\/v2\/types\/page"}],"author":[{"embeddable":true,"href":"https:\/\/kylat.ekarjala.fi\/korkea-aho\/wp-json\/wp\/v2\/users\/115"}],"replies":[{"embeddable":true,"href":"https:\/\/kylat.ekarjala.fi\/korkea-aho\/wp-json\/wp\/v2\/comments?post=853"}],"version-history":[{"count":4,"href":"https:\/\/kylat.ekarjala.fi\/korkea-aho\/wp-json\/wp\/v2\/pages\/853\/revisions"}],"predecessor-version":[{"id":868,"href":"https:\/\/kylat.ekarjala.fi\/korkea-aho\/wp-json\/wp\/v2\/pages\/853\/revisions\/868"}],"up":[{"embeddable":true,"href":"https:\/\/kylat.ekarjala.fi\/korkea-aho\/wp-json\/wp\/v2\/pages\/116"}],"wp:featuredmedia":[{"embeddable":true,"href":"https:\/\/kylat.ekarjala.fi\/korkea-aho\/wp-json\/wp\/v2\/media\/854"}],"wp:attachment":[{"href":"https:\/\/kylat.ekarjala.fi\/korkea-aho\/wp-json\/wp\/v2\/media?parent=853"}],"curies":[{"name":"wp","href":"https:\/\/api.w.org\/{rel}","templated":true}]}}