{"id":869,"date":"2014-08-25T12:49:10","date_gmt":"2014-08-25T11:19:10","guid":{"rendered":"https:\/\/kylat.ekarjala.fi\/korkea-aho\/?page_id=869"},"modified":"2014-08-25T13:02:55","modified_gmt":"2014-08-25T11:32:55","slug":"hyva-koulu","status":"publish","type":"page","link":"https:\/\/kylat.ekarjala.fi\/korkea-aho\/koulu\/hyva-koulu\/","title":{"rendered":"Hyv\u00e4 koulu"},"content":{"rendered":"<p style=\"text-align: left\" align=\"center\"><span style=\"color: #0000ff\"><strong>K<\/strong><\/span><span style=\"color: #993300\"><em>ORKEALAATUISTA OPETUSTA<\/em><\/span><\/p>\n<p style=\"text-align: left\" align=\"center\"><span style=\"color: #0000ff\"><strong>O<\/strong><\/span><span style=\"color: #993300\"><em>PPILAAT HUOMATAAN YKSIL\u00d6IN\u00c4<\/em><\/span><\/p>\n<p><span style=\"color: #0000ff\"><strong>R<\/strong><\/span><span style=\"color: #993300\"><em>YHM\u00c4HENKI TIIVIS YLI LUOKKARAJOJEN<\/em><\/span><\/p>\n<p><span style=\"color: #0000ff\"><strong>K<\/strong><\/span><span style=\"color: #993300\"><em>iVa \u2013KOULU = KIUSAAMINEN KIELLETTY!<\/em><\/span><\/p>\n<p><span style=\"color: #0000ff\"><strong>E<\/strong><\/span><span style=\"color: #993300\"><em>LINYMP\u00c4RIST\u00d6\u00c4 HY\u00d6DYNNET\u00c4\u00c4N OPISKELUSSA<\/em><\/span><\/p>\n<p><span style=\"color: #0000ff\"><strong>A<\/strong><\/span><span style=\"color: #993300\"><em>HKERUUS ON OPISKELUN KULMAKIVI<\/em><\/span><\/p>\n<p>&nbsp;<\/p>\n<p><span style=\"color: #0000ff\"><strong>A<\/strong><\/span><span style=\"color: #993300\"><em>JATTELEMME ITSE \u201dMAALAISJ\u00c4RJELL\u00c4\u201d<\/em><\/span><\/p>\n<p><span style=\"color: #0000ff\"><strong>H<\/strong><\/span><span style=\"color: #993300\"><em>YV\u00c4KSYMME ERILAISUUTTA<\/em><\/span><\/p>\n<p><span style=\"color: #0000ff\"><strong>O<\/strong><\/span><span style=\"color: #993300\"><em>MIA VAHVUUKSIA KEHITET\u00c4\u00c4N<\/em><\/span><\/p>\n<p><span style=\"color: #0000ff\"><strong>N<\/strong><\/span><span style=\"color: #993300\"><em>AUTIMME LUONNON L\u00c4HEISYYDEST\u00c4<\/em><\/span><\/p>\n<p>&nbsp;<\/p>\n<p><span style=\"color: #0000ff\"><strong>K<\/strong><\/span><span style=\"color: #993300\"><em>EV\u00c4TRETKELLE P\u00c4\u00c4SEE KOKO KOULU JOKA VUOSI<\/em><\/span><\/p>\n<p><span style=\"color: #0000ff\"><strong>O<\/strong><\/span><span style=\"color: #993300\"><em>PETTAJAT ON KIVOJA \ud83d\ude42<\/em><\/span><\/p>\n<p><span style=\"color: #0000ff\"><strong>U<\/strong><\/span><span style=\"color: #993300\"><em>LKOLIIKUNTAA L\u00c4PI VUODEN<\/em><\/span><\/p>\n<p><span style=\"color: #0000ff\"><strong>L<\/strong><\/span><span style=\"color: #993300\"><em>\u00c4KSYJ\u00c4 ON SOPIVASTI<\/em><\/span><\/p>\n<p><span style=\"color: #0000ff\"><strong>U<\/strong><\/span><span style=\"color: #993300\"><em>SKOMME ITSEEMME!<\/em><\/span><\/p>\n","protected":false},"excerpt":{"rendered":"<p>KORKEALAATUISTA OPETUSTA OPPILAAT HUOMATAAN YKSIL\u00d6IN\u00c4 RYHM\u00c4HENKI TIIVIS YLI LUOKKARAJOJEN KiVa \u2013KOULU = KIUSAAMINEN KIELLETTY! ELINYMP\u00c4RIST\u00d6\u00c4 HY\u00d6DYNNET\u00c4\u00c4N OPISKELUSSA AHKERUUS ON OPISKELUN KULMAKIVI &nbsp; AJATTELEMME ITSE \u201dMAALAISJ\u00c4RJELL\u00c4\u201d HYV\u00c4KSYMME ERILAISUUTTA OMIA VAHVUUKSIA KEHITET\u00c4\u00c4N NAUTIMME LUONNON L\u00c4HEISYYDEST\u00c4 &nbsp; KEV\u00c4TRETKELLE P\u00c4\u00c4SEE KOKO KOULU JOKA VUOSI &hellip; <a href=\"https:\/\/kylat.ekarjala.fi\/korkea-aho\/koulu\/hyva-koulu\/\">Continue reading <span class=\"meta-nav\">&rarr;<\/span><\/a><\/p>\n","protected":false},"author":115,"featured_media":0,"parent":116,"menu_order":0,"comment_status":"closed","ping_status":"closed","template":"","meta":{"footnotes":""},"class_list":["post-869","page","type-page","status-publish","hentry"],"_links":{"self":[{"href":"https:\/\/kylat.ekarjala.fi\/korkea-aho\/wp-json\/wp\/v2\/pages\/869","targetHints":{"allow":["GET"]}}],"collection":[{"href":"https:\/\/kylat.ekarjala.fi\/korkea-aho\/wp-json\/wp\/v2\/pages"}],"about":[{"href":"https:\/\/kylat.ekarjala.fi\/korkea-aho\/wp-json\/wp\/v2\/types\/page"}],"author":[{"embeddable":true,"href":"https:\/\/kylat.ekarjala.fi\/korkea-aho\/wp-json\/wp\/v2\/users\/115"}],"replies":[{"embeddable":true,"href":"https:\/\/kylat.ekarjala.fi\/korkea-aho\/wp-json\/wp\/v2\/comments?post=869"}],"version-history":[{"count":5,"href":"https:\/\/kylat.ekarjala.fi\/korkea-aho\/wp-json\/wp\/v2\/pages\/869\/revisions"}],"predecessor-version":[{"id":874,"href":"https:\/\/kylat.ekarjala.fi\/korkea-aho\/wp-json\/wp\/v2\/pages\/869\/revisions\/874"}],"up":[{"embeddable":true,"href":"https:\/\/kylat.ekarjala.fi\/korkea-aho\/wp-json\/wp\/v2\/pages\/116"}],"wp:attachment":[{"href":"https:\/\/kylat.ekarjala.fi\/korkea-aho\/wp-json\/wp\/v2\/media?parent=869"}],"curies":[{"name":"wp","href":"https:\/\/api.w.org\/{rel}","templated":true}]}}