{"id":877,"date":"2014-08-25T13:11:43","date_gmt":"2014-08-25T11:41:43","guid":{"rendered":"https:\/\/kylat.ekarjala.fi\/korkea-aho\/?page_id=877"},"modified":"2014-08-25T14:08:38","modified_gmt":"2014-08-25T12:38:38","slug":"koulun-vanhempaintoimikunta","status":"publish","type":"page","link":"https:\/\/kylat.ekarjala.fi\/korkea-aho\/koulu\/koulun-vanhempaintoimikunta\/","title":{"rendered":"Koulun vanhempaintoimikunta"},"content":{"rendered":"<p style=\"text-align: center\"><em>Yhteisty\u00f6ss\u00e4 koulun kanssa toimii aktiivisesti vanhempaintoimikunta, joka j\u00e4rjest\u00e4\u00e4 erilaisia tapahtumia, ker\u00e4\u00e4 varoja mm. luokkaretke\u00e4 varten, lahjoittaa koululle v\u00e4lineit\u00e4 ja laitteita ja valvoo koulun etuja kouluverkkomuutoksissa.<\/em><\/p>\n<p style=\"text-align: center\"><em>Vanhempaintoimikunnan sivuille p\u00e4\u00e4set <span style=\"color: #0000ff\"><a title=\"Vanhempaintoimikunta\" href=\"https:\/\/kylat.ekarjala.fi\/korkea-aho\/yhdistykset\/vanhempaintoimikunta\/\"><span style=\"color: #0000ff\">t\u00e4st\u00e4<\/span><\/a><\/span>.<\/em><\/p>\n<p style=\"text-align: center\"><span style=\"color: #993300\">Tervetuloa mukaan ryhm\u00e4r\u00e4m\u00e4\u00e4n toimimaan lasten hyv\u00e4ksi \ud83d\ude42<\/span><\/p>\n<div id=\"attachment_882\" style=\"width: 310px\" class=\"wp-caption aligncenter\"><a href=\"https:\/\/kylat.ekarjala.fi\/korkea-aho\/wp-content\/uploads\/sites\/16\/2014\/08\/Vastatalkoot.jpg\"><img loading=\"lazy\" decoding=\"async\" aria-describedby=\"caption-attachment-882\" class=\"size-medium wp-image-882 \" alt=\"Vastatalkoot\" src=\"https:\/\/kylat.ekarjala.fi\/korkea-aho\/wp-content\/uploads\/sites\/16\/2014\/08\/Vastatalkoot-300x168.jpg\" width=\"300\" height=\"168\" srcset=\"https:\/\/kylat.ekarjala.fi\/korkea-aho\/wp-content\/uploads\/sites\/16\/2014\/08\/Vastatalkoot-300x168.jpg 300w, https:\/\/kylat.ekarjala.fi\/korkea-aho\/wp-content\/uploads\/sites\/16\/2014\/08\/Vastatalkoot-1024x576.jpg 1024w, https:\/\/kylat.ekarjala.fi\/korkea-aho\/wp-content\/uploads\/sites\/16\/2014\/08\/Vastatalkoot.jpg 1632w\" sizes=\"auto, (max-width: 300px) 100vw, 300px\" \/><\/a><p id=\"caption-attachment-882\" class=\"wp-caption-text\">Vastatalkoot markkinoita varten<\/p><\/div>\n","protected":false},"excerpt":{"rendered":"<p>Yhteisty\u00f6ss\u00e4 koulun kanssa toimii aktiivisesti vanhempaintoimikunta, joka j\u00e4rjest\u00e4\u00e4 erilaisia tapahtumia, ker\u00e4\u00e4 varoja mm. luokkaretke\u00e4 varten, lahjoittaa koululle v\u00e4lineit\u00e4 ja laitteita ja valvoo koulun etuja kouluverkkomuutoksissa. Vanhempaintoimikunnan sivuille p\u00e4\u00e4set t\u00e4st\u00e4. Tervetuloa mukaan ryhm\u00e4r\u00e4m\u00e4\u00e4n toimimaan lasten hyv\u00e4ksi \ud83d\ude42<\/p>\n","protected":false},"author":115,"featured_media":0,"parent":116,"menu_order":0,"comment_status":"closed","ping_status":"closed","template":"","meta":{"footnotes":""},"class_list":["post-877","page","type-page","status-publish","hentry"],"_links":{"self":[{"href":"https:\/\/kylat.ekarjala.fi\/korkea-aho\/wp-json\/wp\/v2\/pages\/877","targetHints":{"allow":["GET"]}}],"collection":[{"href":"https:\/\/kylat.ekarjala.fi\/korkea-aho\/wp-json\/wp\/v2\/pages"}],"about":[{"href":"https:\/\/kylat.ekarjala.fi\/korkea-aho\/wp-json\/wp\/v2\/types\/page"}],"author":[{"embeddable":true,"href":"https:\/\/kylat.ekarjala.fi\/korkea-aho\/wp-json\/wp\/v2\/users\/115"}],"replies":[{"embeddable":true,"href":"https:\/\/kylat.ekarjala.fi\/korkea-aho\/wp-json\/wp\/v2\/comments?post=877"}],"version-history":[{"count":6,"href":"https:\/\/kylat.ekarjala.fi\/korkea-aho\/wp-json\/wp\/v2\/pages\/877\/revisions"}],"predecessor-version":[{"id":895,"href":"https:\/\/kylat.ekarjala.fi\/korkea-aho\/wp-json\/wp\/v2\/pages\/877\/revisions\/895"}],"up":[{"embeddable":true,"href":"https:\/\/kylat.ekarjala.fi\/korkea-aho\/wp-json\/wp\/v2\/pages\/116"}],"wp:attachment":[{"href":"https:\/\/kylat.ekarjala.fi\/korkea-aho\/wp-json\/wp\/v2\/media?parent=877"}],"curies":[{"name":"wp","href":"https:\/\/api.w.org\/{rel}","templated":true}]}}