{"id":88,"date":"2011-10-12T11:58:25","date_gmt":"2011-10-12T09:28:25","guid":{"rendered":"https:\/\/kylat.ekarjala.fi\/korkea-aho\/?page_id=88"},"modified":"2020-02-15T11:41:24","modified_gmt":"2020-02-15T10:11:24","slug":"kylatoimikunta-2","status":"publish","type":"page","link":"https:\/\/kylat.ekarjala.fi\/korkea-aho\/yhdistykset\/kylatoimikunta-2\/","title":{"rendered":"Kyl\u00e4toimikunta"},"content":{"rendered":"<p>Kyl\u00e4toimikunta j\u00e4rjest\u00e4\u00e4 mm. uuden vuoden vastaanoton ilotulituksineen, koko perheen talvitapahtuman ja lasten hiihtokilpailut sek\u00e4 lasten kes\u00e4olympialaiset. Kyl\u00e4toimikunta aloitti toimintansa vuonna 1990.<\/p>\n<p>Toiminta perustuu talkoot\u00f6ihin.<\/p>\n","protected":false},"excerpt":{"rendered":"<p>Kyl\u00e4toimikunta j\u00e4rjest\u00e4\u00e4 mm. uuden vuoden vastaanoton ilotulituksineen, koko perheen talvitapahtuman ja lasten hiihtokilpailut sek\u00e4 lasten kes\u00e4olympialaiset. Kyl\u00e4toimikunta aloitti toimintansa vuonna 1990. Toiminta perustuu talkoot\u00f6ihin.<\/p>\n","protected":false},"author":25,"featured_media":0,"parent":210,"menu_order":0,"comment_status":"closed","ping_status":"closed","template":"","meta":{"footnotes":""},"class_list":["post-88","page","type-page","status-publish","hentry"],"_links":{"self":[{"href":"https:\/\/kylat.ekarjala.fi\/korkea-aho\/wp-json\/wp\/v2\/pages\/88","targetHints":{"allow":["GET"]}}],"collection":[{"href":"https:\/\/kylat.ekarjala.fi\/korkea-aho\/wp-json\/wp\/v2\/pages"}],"about":[{"href":"https:\/\/kylat.ekarjala.fi\/korkea-aho\/wp-json\/wp\/v2\/types\/page"}],"author":[{"embeddable":true,"href":"https:\/\/kylat.ekarjala.fi\/korkea-aho\/wp-json\/wp\/v2\/users\/25"}],"replies":[{"embeddable":true,"href":"https:\/\/kylat.ekarjala.fi\/korkea-aho\/wp-json\/wp\/v2\/comments?post=88"}],"version-history":[{"count":17,"href":"https:\/\/kylat.ekarjala.fi\/korkea-aho\/wp-json\/wp\/v2\/pages\/88\/revisions"}],"predecessor-version":[{"id":1322,"href":"https:\/\/kylat.ekarjala.fi\/korkea-aho\/wp-json\/wp\/v2\/pages\/88\/revisions\/1322"}],"up":[{"embeddable":true,"href":"https:\/\/kylat.ekarjala.fi\/korkea-aho\/wp-json\/wp\/v2\/pages\/210"}],"wp:attachment":[{"href":"https:\/\/kylat.ekarjala.fi\/korkea-aho\/wp-json\/wp\/v2\/media?parent=88"}],"curies":[{"name":"wp","href":"https:\/\/api.w.org\/{rel}","templated":true}]}}