{"id":887,"date":"2014-08-25T13:39:16","date_gmt":"2014-08-25T12:09:16","guid":{"rendered":"https:\/\/kylat.ekarjala.fi\/korkea-aho\/?page_id=887"},"modified":"2014-08-26T06:01:53","modified_gmt":"2014-08-26T04:31:53","slug":"muuta-mukavaa","status":"publish","type":"page","link":"https:\/\/kylat.ekarjala.fi\/korkea-aho\/koulu\/muuta-mukavaa\/","title":{"rendered":"Muuta mukavaa"},"content":{"rendered":"<p><strong>LIONS QUEST- el\u00e4misen taitoja<\/strong><\/p>\n<p><em>Koulussa pidet\u00e4\u00e4n Lions Quest -tunteja, joiden aihealueina ovat mm. turvallinen ilmapiiri, itsetunto, j\u00e4m\u00e4kkyys, p\u00e4\u00e4t\u00f6ksentekotaidot, tunnetaidot, ristiriitojen ratkaisukeinot, keskustelutaidot, vuorovaikutustaidot, terveelliset elintavat ja p\u00e4ihteett\u00f6myyden arvostaminen. Lis\u00e4\u00e4 aiheesta<\/em>:\u00a0<span style=\"color: #0000ff\"><a href=\"http:\/\/www.lions.fi\/toiminta\/lions_quest_-_elamisentaitoja\"><span style=\"color: #0000ff\">www.lions.fi\/toiminta\/lions_quest_-_elamisentaitoja<\/span><\/a><\/span><\/p>\n<p><strong>PROKOULUssa mukana!<\/strong><\/p>\n<p><em>ProKoulussa (Positiivisesti ryhm\u00e4ss\u00e4 oppien) luodaan tutkimukseen perustuen koko koulun toimintamalli positiivisen k\u00e4ytt\u00e4ytymisen tukemiseksi. Lis\u00e4tietoa:<\/em> <span style=\"color: #0000ff\"><a href=\"http:\/\/www.prokoulu.fi\/\"><span style=\"color: #0000ff\">www.prokoulu.fi<\/span><\/a><\/span><\/p>\n<p><strong>Koulu on mukana KiVa -koulu -hankkeessa<\/strong><\/p>\n<p><em>KiVa Koulu\u00ae on kiusaamisen vastainen valtakunnallinen toimenpideohjelma, joka on kehitetty\u00a0Turun yliopiston psykologian oppiaineen\u00a0ja\u00a0Oppimistutkimuksen keskuksen\u00a0yhteisty\u00f6n\u00e4 opetus- ja kulttuuriministeri\u00f6n rahoituksella. Lis\u00e4tietoa hankkeesta<\/em>:\u00a0<span style=\"color: #0000ff\"><a href=\"http:\/\/www.kivakoulu.fi\"><span style=\"color: #0000ff\">www.kivakoulu.fi<\/span><\/a><\/span><\/p>\n<p><strong>Oppilaiden tekem\u00e4t uutiset<\/strong><\/p>\n<p><em>Linkist\u00e4\u00a0l\u00f6ytyy oppilaiden tekem\u00e4t uutiset liittyen Metakka-projektiin. Uutisissa vieraillaan H\u00e4m\u00e4l\u00e4isen tilalla ja Preetzmannin puutarhalla sek\u00e4 esitell\u00e4\u00e4n koulua.<\/em>\u00a0<a href=\"http:\/\/atuubi.yle.fi\/mun_uutiset\">Koululaisten tekem\u00e4t videot &#8211; Mun uutiset<\/a><\/p>\n<p>&nbsp;<\/p>\n","protected":false},"excerpt":{"rendered":"<p>LIONS QUEST- el\u00e4misen taitoja Koulussa pidet\u00e4\u00e4n Lions Quest -tunteja, joiden aihealueina ovat mm. turvallinen ilmapiiri, itsetunto, j\u00e4m\u00e4kkyys, p\u00e4\u00e4t\u00f6ksentekotaidot, tunnetaidot, ristiriitojen ratkaisukeinot, keskustelutaidot, vuorovaikutustaidot, terveelliset elintavat ja p\u00e4ihteett\u00f6myyden arvostaminen. Lis\u00e4\u00e4 aiheesta:\u00a0www.lions.fi\/toiminta\/lions_quest_-_elamisentaitoja PROKOULUssa mukana! ProKoulussa (Positiivisesti ryhm\u00e4ss\u00e4 oppien) luodaan tutkimukseen perustuen koko &hellip; <a href=\"https:\/\/kylat.ekarjala.fi\/korkea-aho\/koulu\/muuta-mukavaa\/\">Continue reading <span class=\"meta-nav\">&rarr;<\/span><\/a><\/p>\n","protected":false},"author":115,"featured_media":0,"parent":116,"menu_order":0,"comment_status":"closed","ping_status":"closed","template":"","meta":{"footnotes":""},"class_list":["post-887","page","type-page","status-publish","hentry"],"_links":{"self":[{"href":"https:\/\/kylat.ekarjala.fi\/korkea-aho\/wp-json\/wp\/v2\/pages\/887","targetHints":{"allow":["GET"]}}],"collection":[{"href":"https:\/\/kylat.ekarjala.fi\/korkea-aho\/wp-json\/wp\/v2\/pages"}],"about":[{"href":"https:\/\/kylat.ekarjala.fi\/korkea-aho\/wp-json\/wp\/v2\/types\/page"}],"author":[{"embeddable":true,"href":"https:\/\/kylat.ekarjala.fi\/korkea-aho\/wp-json\/wp\/v2\/users\/115"}],"replies":[{"embeddable":true,"href":"https:\/\/kylat.ekarjala.fi\/korkea-aho\/wp-json\/wp\/v2\/comments?post=887"}],"version-history":[{"count":8,"href":"https:\/\/kylat.ekarjala.fi\/korkea-aho\/wp-json\/wp\/v2\/pages\/887\/revisions"}],"predecessor-version":[{"id":899,"href":"https:\/\/kylat.ekarjala.fi\/korkea-aho\/wp-json\/wp\/v2\/pages\/887\/revisions\/899"}],"up":[{"embeddable":true,"href":"https:\/\/kylat.ekarjala.fi\/korkea-aho\/wp-json\/wp\/v2\/pages\/116"}],"wp:attachment":[{"href":"https:\/\/kylat.ekarjala.fi\/korkea-aho\/wp-json\/wp\/v2\/media?parent=887"}],"curies":[{"name":"wp","href":"https:\/\/api.w.org\/{rel}","templated":true}]}}