{"id":96,"date":"2011-10-12T12:02:03","date_gmt":"2011-10-12T10:32:03","guid":{"rendered":"https:\/\/kylat.ekarjala.fi\/korkea-aho\/?page_id=96"},"modified":"2011-10-20T19:52:52","modified_gmt":"2011-10-20T18:22:52","slug":"metsaveikot-2","status":"publish","type":"page","link":"https:\/\/kylat.ekarjala.fi\/korkea-aho\/yhdistykset\/metsaveikot-2\/","title":{"rendered":"Mets\u00e4veikot"},"content":{"rendered":"<p>Korkea-ahon Mets\u00e4veikot on perustettu vuonna 1958. Seuraan kuuluu yli 130 j\u00e4sent\u00e4 ja mets\u00e4stysaluetta on 4000 hehtaaria Korkea-ahossa, Vihtolassa, Moisiossa, Pien-Kuukassa, J\u00e4k\u00f6ss\u00e4, Pahloisessa ja Siparissa. Seuralla on oma maja- ja saunarakennus, tilava nylkykatos sek\u00e4 haulikko-, pienoiskiv\u00e4\u00e4ri- ja ilmapistooliradat.\n\t\t<style type=\"text\/css\">\n\t\t\t#gallery-1 {\n\t\t\t\tmargin: auto;\n\t\t\t}\n\t\t\t#gallery-1 .gallery-item {\n\t\t\t\tfloat: left;\n\t\t\t\tmargin-top: 10px;\n\t\t\t\ttext-align: center;\n\t\t\t\twidth: 50%;\n\t\t\t}\n\t\t\t#gallery-1 img {\n\t\t\t\tborder: 2px solid #cfcfcf;\n\t\t\t}\n\t\t\t#gallery-1 .gallery-caption {\n\t\t\t\tmargin-left: 0;\n\t\t\t}\n\t\t\t\/* see gallery_shortcode() in wp-includes\/media.php *\/\n\t\t<\/style>\n\t\t<div id='gallery-1' class='gallery galleryid-96 gallery-columns-2 gallery-size-thumbnail'><dl class='gallery-item'>\n\t\t\t<dt class='gallery-icon landscape'>\n\t\t\t\t<a href='https:\/\/kylat.ekarjala.fi\/korkea-aho\/yhdistykset\/metsaveikot-2\/metsaveikot2\/'><img loading=\"lazy\" decoding=\"async\" width=\"150\" height=\"148\" src=\"https:\/\/kylat.ekarjala.fi\/korkea-aho\/wp-content\/uploads\/sites\/16\/2011\/10\/Mets\u00e4veikot2.jpg\" class=\"attachment-thumbnail size-thumbnail\" alt=\"\" \/><\/a>\n\t\t\t<\/dt><\/dl><dl class='gallery-item'>\n\t\t\t<dt class='gallery-icon landscape'>\n\t\t\t\t<a href='https:\/\/kylat.ekarjala.fi\/korkea-aho\/yhdistykset\/metsaveikot-2\/metsaveikot-2\/'><img loading=\"lazy\" decoding=\"async\" width=\"150\" height=\"113\" src=\"https:\/\/kylat.ekarjala.fi\/korkea-aho\/wp-content\/uploads\/sites\/16\/2011\/10\/mets\u00e4veikot.jpg\" class=\"attachment-thumbnail size-thumbnail\" alt=\"\" \/><\/a>\n\t\t\t<\/dt><\/dl><br style=\"clear: both\" \/>\n\t\t<\/div>\n<\/p>\n<p>Ampumaurheilutoimintaa ja -kilpailuja j\u00e4rjestet\u00e4\u00e4n naapuriseurojen kanssa aktiivisesti. Laajempaakin yhteisty\u00f6t\u00e4 Riistanhoitoyhdistyksen alueella on tehty suurpeto- ja hirvikannan s\u00e4\u00e4telyss\u00e4. Joka syksy j\u00e4rjestet\u00e4\u00e4n hirvijahti. Seura aloitti lasten hiihtokilpailujen j\u00e4rjest\u00e4misen vuonna 1970. Nykyisin lasten hiihtojen p\u00e4\u00e4j\u00e4rjestelyvastuu on kyl\u00e4toimikunnalla.<\/p>\n","protected":false},"excerpt":{"rendered":"<p>Korkea-ahon Mets\u00e4veikot on perustettu vuonna 1958. Seuraan kuuluu yli 130 j\u00e4sent\u00e4 ja mets\u00e4stysaluetta on 4000 hehtaaria Korkea-ahossa, Vihtolassa, Moisiossa, Pien-Kuukassa, J\u00e4k\u00f6ss\u00e4, Pahloisessa ja Siparissa. Seuralla on oma maja- ja saunarakennus, tilava nylkykatos sek\u00e4 haulikko-, pienoiskiv\u00e4\u00e4ri- ja ilmapistooliradat. Ampumaurheilutoimintaa ja -kilpailuja &hellip; <a href=\"https:\/\/kylat.ekarjala.fi\/korkea-aho\/yhdistykset\/metsaveikot-2\/\">Continue reading <span class=\"meta-nav\">&rarr;<\/span><\/a><\/p>\n","protected":false},"author":25,"featured_media":0,"parent":210,"menu_order":0,"comment_status":"closed","ping_status":"closed","template":"","meta":{"footnotes":""},"class_list":["post-96","page","type-page","status-publish","hentry"],"_links":{"self":[{"href":"https:\/\/kylat.ekarjala.fi\/korkea-aho\/wp-json\/wp\/v2\/pages\/96","targetHints":{"allow":["GET"]}}],"collection":[{"href":"https:\/\/kylat.ekarjala.fi\/korkea-aho\/wp-json\/wp\/v2\/pages"}],"about":[{"href":"https:\/\/kylat.ekarjala.fi\/korkea-aho\/wp-json\/wp\/v2\/types\/page"}],"author":[{"embeddable":true,"href":"https:\/\/kylat.ekarjala.fi\/korkea-aho\/wp-json\/wp\/v2\/users\/25"}],"replies":[{"embeddable":true,"href":"https:\/\/kylat.ekarjala.fi\/korkea-aho\/wp-json\/wp\/v2\/comments?post=96"}],"version-history":[{"count":6,"href":"https:\/\/kylat.ekarjala.fi\/korkea-aho\/wp-json\/wp\/v2\/pages\/96\/revisions"}],"predecessor-version":[{"id":259,"href":"https:\/\/kylat.ekarjala.fi\/korkea-aho\/wp-json\/wp\/v2\/pages\/96\/revisions\/259"}],"up":[{"embeddable":true,"href":"https:\/\/kylat.ekarjala.fi\/korkea-aho\/wp-json\/wp\/v2\/pages\/210"}],"wp:attachment":[{"href":"https:\/\/kylat.ekarjala.fi\/korkea-aho\/wp-json\/wp\/v2\/media?parent=96"}],"curies":[{"name":"wp","href":"https:\/\/api.w.org\/{rel}","templated":true}]}}