{"id":159,"date":"2015-01-19T22:54:20","date_gmt":"2015-01-19T22:24:20","guid":{"rendered":"https:\/\/kylat.ekarjala.fi\/korvenrauha\/?page_id=159"},"modified":"2017-05-19T19:51:07","modified_gmt":"2017-05-19T19:21:07","slug":"yhdistykset-ja-harrastustoiminta","status":"publish","type":"page","link":"https:\/\/kylat.ekarjala.fi\/korvenrauha\/yhdistykset-ja-harrastustoiminta\/","title":{"rendered":"Yhdistykset ja harrastustoiminta"},"content":{"rendered":"<p>Kyl\u00e4ll\u00e4 toimii useita eri alojen yhdistyksi\u00e4 ja harrastusryhmi\u00e4. Lis\u00e4ksi Holiday Club Saimaan yhteydess\u00e4 ja sen l\u00e4heisyydess\u00e4 toimii useita yksityisi\u00e4 vapaa-aikaan keskittyvi\u00e4 yrityksi\u00e4.<\/p>\n<p>Yritysten ja yhdistysten nettisivut l\u00f6ytyv\u00e4t etusivun oikealta sivulta linkeist\u00e4.<\/p>\n<p>Jos huomaat, ett\u00e4 yhdistyksesi yhteystiedot ovat vanhentuneet tai ne puuttuvat, toimita oikeat tiedot hallitukselle (<a title=\"Yhteystiedot\" href=\"https:\/\/kylat.ekarjala.fi\/korvenrauha\/yhteystiedot\/\">Yhteystiedot<\/a>)<\/p>\n<p>Etel\u00e4-Karjalan kansalaisopisto tarjoaa koulun tiloissa liikuntakursseja.<\/p>\n<p><a title=\"http:\/\/www.ekko.fi\/\" href=\"http:\/\/www.ekko.fi\/\">http:\/\/www.ekko.fi\/<\/a><\/p>\n<p>Joutsenon seurakunta yll\u00e4pit\u00e4\u00e4 seurakuntatalolla perhekerhoa ja iltap\u00e4iv\u00e4kerhotoimintaa sek\u00e4 muuta kirkollista toimintaa.<\/p>\n<p><a title=\"http:\/\/www.lappeenrannanseurakunnat.fi\/joutseno\/\" href=\"http:\/\/www.lappeenrannanseurakunnat.fi\/joutseno\/\">http:\/\/www.lappeenrannanseurakunnat.fi\/joutseno\/<\/a><\/p>\n<p><strong>Joutsenon Korvenkyl\u00e4n Martat ry<\/strong><\/p>\n<p>Marttala Korvenkyl\u00e4n seuratalolla, osoite Kurenm\u00e4entie 2, 55300 Rauha.<\/p>\n<p>Sihteeri Kirsi Inkinen, kirsi.inkinen(at)pp.inet.fi ja puh.joht.Maire Kokko puh.0503780510, kokko.maire(at)gmail.com.<\/p>\n<p><strong>Rauhan Martat ry<\/strong><\/p>\n<p>Puheenjohtaja: Kaija Blankenstein, p. 050-3737813, <a href=\"mailto:kaija.b@luukku.com\">kaija.b(at)luukku.com<\/a><\/p>\n<p>Sihteeri ja j\u00e4senasiat : Eija Suvanto, p. 050-3469406\u00a0\u00a0, esuvanto(at) gmail.com<\/p>\n<p><strong>Joutsenon Korvenkyl\u00e4n Ty\u00f6v\u00e4enyhdistys ry<\/strong><\/p>\n<p>Puheenjohtaja Pentti Tamminen, p. 050 373 4380, <a href=\"mailto:pentti.tamminen@pp4.inet.fi\">pentti.tamminen@pp4.inet.fi<\/a><\/p>\n<p><strong>Korvenkyl\u00e4n El\u00e4kkeensaajat ry<\/strong><\/p>\n<p>Pj. Aulis Myller<\/p>\n<p><strong>Korvenkyl\u00e4n koulun vanhempainyhdistys Korva ry<br \/>\n<\/strong><\/p>\n<p><strong>Nuorisoseura Harmonikka ry <\/strong><\/p>\n<p>Markku Sorsa, puh. 0400-558187<\/p>\n<p>Kirsi Kalpio, puh. 050 3619025<\/p>\n<p>&nbsp;<\/p>\n<table style=\"height: 70px\" width=\"596\">\n<tbody>\n<tr>\n<td><\/td>\n<\/tr>\n<\/tbody>\n<\/table>\n<table style=\"height: 95px\" width=\"403\">\n<tbody>\n<tr>\n<td><\/td>\n<\/tr>\n<tr>\n<td><strong>\u00a0 <\/strong><\/td>\n<\/tr>\n<tr>\n<td><strong>\u00a0<\/strong><\/td>\n<\/tr>\n<\/tbody>\n<\/table>\n<p>&nbsp;<\/p>\n<table>\n<tbody>\n<tr>\n<td><\/td>\n<\/tr>\n<\/tbody>\n<\/table>\n<p>&nbsp;<\/p>\n<table>\n<tbody>\n<tr>\n<td><strong>\u00a0<\/strong><\/td>\n<\/tr>\n<tr>\n<td>&nbsp;<\/p>\n<p>&nbsp;<\/p>\n<p><strong>\u00a0<\/strong><\/td>\n<\/tr>\n<\/tbody>\n<\/table>\n<p>&nbsp;<\/p>\n<table>\n<tbody>\n<tr>\n<td><strong>\u00a0<\/strong><\/td>\n<\/tr>\n<tr>\n<td><\/td>\n<\/tr>\n<\/tbody>\n<\/table>\n<p>&nbsp;<\/p>\n<table>\n<tbody>\n<tr>\n<td><strong>\u00a0<\/strong><\/td>\n<\/tr>\n<tr>\n<td><\/td>\n<\/tr>\n<\/tbody>\n<\/table>\n<p>&nbsp;<\/p>\n<table>\n<tbody>\n<tr>\n<td><strong>\u00a0<\/strong><\/td>\n<\/tr>\n<\/tbody>\n<\/table>\n<p>&nbsp;<\/p>\n<table>\n<tbody>\n<tr>\n<td><\/td>\n<\/tr>\n<\/tbody>\n<\/table>\n<p>&nbsp;<\/p>\n<table>\n<tbody>\n<tr>\n<td><strong>\u00a0<\/strong><\/td>\n<\/tr>\n<\/tbody>\n<\/table>\n<p>&nbsp;<\/p>\n<table>\n<tbody>\n<tr>\n<td><strong>\u00a0<\/strong><\/td>\n<\/tr>\n<\/tbody>\n<\/table>\n<p>&nbsp;<\/p>\n<table style=\"height: 146px\" width=\"58\">\n<tbody>\n<tr>\n<td><\/td>\n<\/tr>\n<\/tbody>\n<\/table>\n","protected":false},"excerpt":{"rendered":"<p>Kyl\u00e4ll\u00e4 toimii useita eri alojen yhdistyksi\u00e4 ja harrastusryhmi\u00e4. Lis\u00e4ksi Holiday Club Saimaan yhteydess\u00e4 ja sen l\u00e4heisyydess\u00e4 toimii useita yksityisi\u00e4 vapaa-aikaan keskittyvi\u00e4 yrityksi\u00e4. Yritysten ja yhdistysten nettisivut l\u00f6ytyv\u00e4t etusivun oikealta sivulta linkeist\u00e4. Jos huomaat, ett\u00e4 yhdistyksesi yhteystiedot ovat vanhentuneet tai ne &hellip; <a href=\"https:\/\/kylat.ekarjala.fi\/korvenrauha\/yhdistykset-ja-harrastustoiminta\/\">Lue loppuun <span class=\"meta-nav\">&rarr;<\/span><\/a><\/p>\n","protected":false},"author":160,"featured_media":0,"parent":0,"menu_order":0,"comment_status":"open","ping_status":"closed","template":"","meta":{"footnotes":""},"class_list":["post-159","page","type-page","status-publish","hentry"],"_links":{"self":[{"href":"https:\/\/kylat.ekarjala.fi\/korvenrauha\/wp-json\/wp\/v2\/pages\/159","targetHints":{"allow":["GET"]}}],"collection":[{"href":"https:\/\/kylat.ekarjala.fi\/korvenrauha\/wp-json\/wp\/v2\/pages"}],"about":[{"href":"https:\/\/kylat.ekarjala.fi\/korvenrauha\/wp-json\/wp\/v2\/types\/page"}],"author":[{"embeddable":true,"href":"https:\/\/kylat.ekarjala.fi\/korvenrauha\/wp-json\/wp\/v2\/users\/160"}],"replies":[{"embeddable":true,"href":"https:\/\/kylat.ekarjala.fi\/korvenrauha\/wp-json\/wp\/v2\/comments?post=159"}],"version-history":[{"count":2,"href":"https:\/\/kylat.ekarjala.fi\/korvenrauha\/wp-json\/wp\/v2\/pages\/159\/revisions"}],"predecessor-version":[{"id":233,"href":"https:\/\/kylat.ekarjala.fi\/korvenrauha\/wp-json\/wp\/v2\/pages\/159\/revisions\/233"}],"wp:attachment":[{"href":"https:\/\/kylat.ekarjala.fi\/korvenrauha\/wp-json\/wp\/v2\/media?parent=159"}],"curies":[{"name":"wp","href":"https:\/\/api.w.org\/{rel}","templated":true}]}}