{"id":18,"date":"2012-04-27T17:33:40","date_gmt":"2012-04-27T17:03:40","guid":{"rendered":"https:\/\/kylat.ekarjala.fi\/korvenrauha\/?page_id=18"},"modified":"2015-05-19T19:27:26","modified_gmt":"2015-05-19T18:57:26","slug":"leikkikentta","status":"publish","type":"page","link":"https:\/\/kylat.ekarjala.fi\/korvenrauha\/leikkikentta\/","title":{"rendered":"Leikkikentt\u00e4"},"content":{"rendered":"<p>Korvenrauhan yll\u00e4pit\u00e4m\u00e4 Korvenkyl\u00e4n leikkikentt\u00e4 on j\u00e4lleen kunnostettu kes\u00e4kuntoon talkoovoimin. Siivoustalkoissa 18.5.2015 siistittiin my\u00f6s ymp\u00e4rist\u00f6n tienvarsia.<\/p>\n<p>Kent\u00e4n siistin\u00e4 pit\u00e4misess\u00e4 tarvitaan talkoohenke\u00e4. Kanna siis omat kortesi kekoon ja ilmoita yhdistykselle esimerkiksi rikkoutuneista v\u00e4lineist\u00e4.<\/p>\n<p><a href=\"https:\/\/kylat.ekarjala.fi\/korvenrauha\/wp-content\/uploads\/sites\/18\/2012\/04\/DSC_0129.jpg\"><img fetchpriority=\"high\" decoding=\"async\" class=\"alignleft wp-image-149 size-large\" src=\"https:\/\/kylat.ekarjala.fi\/korvenrauha\/wp-content\/uploads\/sites\/18\/2012\/04\/DSC_0129-1024x682.jpg\" alt=\"DSC_0129\" width=\"640\" height=\"426\" srcset=\"https:\/\/kylat.ekarjala.fi\/korvenrauha\/wp-content\/uploads\/sites\/18\/2012\/04\/DSC_0129-1024x682.jpg 1024w, https:\/\/kylat.ekarjala.fi\/korvenrauha\/wp-content\/uploads\/sites\/18\/2012\/04\/DSC_0129-300x200.jpg 300w, https:\/\/kylat.ekarjala.fi\/korvenrauha\/wp-content\/uploads\/sites\/18\/2012\/04\/DSC_0129-600x400.jpg 600w\" sizes=\"(max-width: 640px) 100vw, 640px\" \/><\/a><\/p>\n","protected":false},"excerpt":{"rendered":"<p>Korvenrauhan yll\u00e4pit\u00e4m\u00e4 Korvenkyl\u00e4n leikkikentt\u00e4 on j\u00e4lleen kunnostettu kes\u00e4kuntoon talkoovoimin. Siivoustalkoissa 18.5.2015 siistittiin my\u00f6s ymp\u00e4rist\u00f6n tienvarsia. Kent\u00e4n siistin\u00e4 pit\u00e4misess\u00e4 tarvitaan talkoohenke\u00e4. Kanna siis omat kortesi kekoon ja ilmoita yhdistykselle esimerkiksi rikkoutuneista v\u00e4lineist\u00e4.<\/p>\n","protected":false},"author":30,"featured_media":0,"parent":0,"menu_order":0,"comment_status":"open","ping_status":"open","template":"","meta":{"footnotes":""},"class_list":["post-18","page","type-page","status-publish","hentry"],"_links":{"self":[{"href":"https:\/\/kylat.ekarjala.fi\/korvenrauha\/wp-json\/wp\/v2\/pages\/18","targetHints":{"allow":["GET"]}}],"collection":[{"href":"https:\/\/kylat.ekarjala.fi\/korvenrauha\/wp-json\/wp\/v2\/pages"}],"about":[{"href":"https:\/\/kylat.ekarjala.fi\/korvenrauha\/wp-json\/wp\/v2\/types\/page"}],"author":[{"embeddable":true,"href":"https:\/\/kylat.ekarjala.fi\/korvenrauha\/wp-json\/wp\/v2\/users\/30"}],"replies":[{"embeddable":true,"href":"https:\/\/kylat.ekarjala.fi\/korvenrauha\/wp-json\/wp\/v2\/comments?post=18"}],"version-history":[{"count":9,"href":"https:\/\/kylat.ekarjala.fi\/korvenrauha\/wp-json\/wp\/v2\/pages\/18\/revisions"}],"predecessor-version":[{"id":187,"href":"https:\/\/kylat.ekarjala.fi\/korvenrauha\/wp-json\/wp\/v2\/pages\/18\/revisions\/187"}],"wp:attachment":[{"href":"https:\/\/kylat.ekarjala.fi\/korvenrauha\/wp-json\/wp\/v2\/media?parent=18"}],"curies":[{"name":"wp","href":"https:\/\/api.w.org\/{rel}","templated":true}]}}