{"id":19,"date":"2012-04-27T17:37:46","date_gmt":"2012-04-27T17:07:46","guid":{"rendered":"https:\/\/kylat.ekarjala.fi\/korvenrauha\/?page_id=19"},"modified":"2017-05-19T19:22:17","modified_gmt":"2017-05-19T18:52:17","slug":"rantasauna","status":"publish","type":"page","link":"https:\/\/kylat.ekarjala.fi\/korvenrauha\/rantasauna\/","title":{"rendered":"Rantasauna"},"content":{"rendered":"<p>Kyl\u00e4yhdistys Korvenrauha ry sai hallintaansa ja kyl\u00e4l\u00e4isten k\u00e4ytt\u00f6\u00f6n Rauhan sairaalaan entisen ns. potilassaunan muutama vuosi sitten.<\/p>\n<div id=\"attachment_22\" style=\"width: 305px\" class=\"wp-caption alignleft\"><a href=\"https:\/\/kylat.ekarjala.fi\/korvenrauha\/wp-content\/uploads\/sites\/18\/2012\/04\/Rantasauna.jpg\"><img fetchpriority=\"high\" decoding=\"async\" aria-describedby=\"caption-attachment-22\" class=\" wp-image-22\" src=\"https:\/\/kylat.ekarjala.fi\/korvenrauha\/wp-content\/uploads\/sites\/18\/2012\/04\/Rantasauna.jpg\" alt=\"\" width=\"295\" height=\"221\" \/><\/a><p id=\"caption-attachment-22\" class=\"wp-caption-text\">Uusittu rantasauna<\/p><\/div>\n<p>Saunaa ja ymp\u00e4rist\u00f6\u00e4 on kunnostettu talkoovoimin. Sauna on ollut suosittu ja siell\u00e4 on vietetty monet juhlat ja nautittu h\u00e4ik\u00e4isev\u00e4st\u00e4 Saimaa-n\u00e4kym\u00e4st\u00e4.<\/p>\n<p>Kes\u00e4ll\u00e4 2015 saimme uuden laiturin valmiiksi.<\/p>\n<p><strong>Yleiset saunavuorot<\/strong><\/p>\n<p>Sauna l\u00e4mpi\u00e4\u00e4 torstai-iltaisin koko kes\u00e4n ajan. Naisten vuoro 17-19, miehet 19-21. Saunamaksu 3 e, pikkulapset ilmaiseksi.<\/p>\n<p><strong>Saunan varaaminen yksityisk\u00e4ytt\u00f6\u00f6n<\/strong><\/p>\n<p>Sauna on varattavissa yksityisk\u00e4ytt\u00f6\u00f6n hintaan 20 e\/3 h tai 40 e\/6 h. Pidemm\u00e4t varaukset on sovittava erikseen hallituksen kanssa. Varauksien kysyminen, avaimet ja tarkemmat ohjeet ravintola Pikku-Pietarista osoitteesta Asematie 14, 55300 Korvenkyl\u00e4 puh. 054547722. Varaukset voi tehd\u00e4 vain paikan p\u00e4\u00e4ll\u00e4.<\/p>\n<p><a href=\"https:\/\/kylat.ekarjala.fi\/korvenrauha\/wp-content\/uploads\/sites\/18\/2012\/04\/DSC_0231.jpg\"><img decoding=\"async\" class=\"alignleft wp-image-143\" src=\"https:\/\/kylat.ekarjala.fi\/korvenrauha\/wp-content\/uploads\/sites\/18\/2012\/04\/DSC_0231-300x200.jpg\" alt=\"DSC_0231\" width=\"468\" height=\"312\" srcset=\"https:\/\/kylat.ekarjala.fi\/korvenrauha\/wp-content\/uploads\/sites\/18\/2012\/04\/DSC_0231-300x200.jpg 300w, https:\/\/kylat.ekarjala.fi\/korvenrauha\/wp-content\/uploads\/sites\/18\/2012\/04\/DSC_0231-1024x685.jpg 1024w, https:\/\/kylat.ekarjala.fi\/korvenrauha\/wp-content\/uploads\/sites\/18\/2012\/04\/DSC_0231-600x401.jpg 600w, https:\/\/kylat.ekarjala.fi\/korvenrauha\/wp-content\/uploads\/sites\/18\/2012\/04\/DSC_0231.jpg 1280w\" sizes=\"(max-width: 468px) 100vw, 468px\" \/><\/a> <a href=\"https:\/\/kylat.ekarjala.fi\/korvenrauha\/wp-content\/uploads\/sites\/18\/2012\/04\/DSC_0461.jpg\"><img decoding=\"async\" class=\"alignleft wp-image-148\" src=\"https:\/\/kylat.ekarjala.fi\/korvenrauha\/wp-content\/uploads\/sites\/18\/2012\/04\/DSC_0461-300x200.jpg\" alt=\"DSC_0461\" width=\"459\" height=\"306\" srcset=\"https:\/\/kylat.ekarjala.fi\/korvenrauha\/wp-content\/uploads\/sites\/18\/2012\/04\/DSC_0461-300x200.jpg 300w, https:\/\/kylat.ekarjala.fi\/korvenrauha\/wp-content\/uploads\/sites\/18\/2012\/04\/DSC_0461-1024x682.jpg 1024w, https:\/\/kylat.ekarjala.fi\/korvenrauha\/wp-content\/uploads\/sites\/18\/2012\/04\/DSC_0461-600x400.jpg 600w\" sizes=\"(max-width: 459px) 100vw, 459px\" \/><\/a> <a href=\"https:\/\/kylat.ekarjala.fi\/korvenrauha\/wp-content\/uploads\/sites\/18\/2012\/04\/P5060109.jpg\"><img loading=\"lazy\" decoding=\"async\" class=\"alignleft wp-image-138\" src=\"https:\/\/kylat.ekarjala.fi\/korvenrauha\/wp-content\/uploads\/sites\/18\/2012\/04\/P5060109-300x225.jpg\" alt=\"OLYMPUS DIGITAL CAMERA\" width=\"445\" height=\"334\" srcset=\"https:\/\/kylat.ekarjala.fi\/korvenrauha\/wp-content\/uploads\/sites\/18\/2012\/04\/P5060109-300x225.jpg 300w, https:\/\/kylat.ekarjala.fi\/korvenrauha\/wp-content\/uploads\/sites\/18\/2012\/04\/P5060109-1024x768.jpg 1024w, https:\/\/kylat.ekarjala.fi\/korvenrauha\/wp-content\/uploads\/sites\/18\/2012\/04\/P5060109-600x450.jpg 600w\" sizes=\"(max-width: 445px) 100vw, 445px\" \/><\/a><\/p>\n","protected":false},"excerpt":{"rendered":"<p>Kyl\u00e4yhdistys Korvenrauha ry sai hallintaansa ja kyl\u00e4l\u00e4isten k\u00e4ytt\u00f6\u00f6n Rauhan sairaalaan entisen ns. potilassaunan muutama vuosi sitten. Saunaa ja ymp\u00e4rist\u00f6\u00e4 on kunnostettu talkoovoimin. Sauna on ollut suosittu ja siell\u00e4 on vietetty monet juhlat ja nautittu h\u00e4ik\u00e4isev\u00e4st\u00e4 Saimaa-n\u00e4kym\u00e4st\u00e4. Kes\u00e4ll\u00e4 2015 saimme uuden &hellip; <a href=\"https:\/\/kylat.ekarjala.fi\/korvenrauha\/rantasauna\/\">Lue loppuun <span class=\"meta-nav\">&rarr;<\/span><\/a><\/p>\n","protected":false},"author":29,"featured_media":0,"parent":0,"menu_order":0,"comment_status":"open","ping_status":"open","template":"","meta":{"footnotes":""},"class_list":["post-19","page","type-page","status-publish","hentry"],"_links":{"self":[{"href":"https:\/\/kylat.ekarjala.fi\/korvenrauha\/wp-json\/wp\/v2\/pages\/19","targetHints":{"allow":["GET"]}}],"collection":[{"href":"https:\/\/kylat.ekarjala.fi\/korvenrauha\/wp-json\/wp\/v2\/pages"}],"about":[{"href":"https:\/\/kylat.ekarjala.fi\/korvenrauha\/wp-json\/wp\/v2\/types\/page"}],"author":[{"embeddable":true,"href":"https:\/\/kylat.ekarjala.fi\/korvenrauha\/wp-json\/wp\/v2\/users\/29"}],"replies":[{"embeddable":true,"href":"https:\/\/kylat.ekarjala.fi\/korvenrauha\/wp-json\/wp\/v2\/comments?post=19"}],"version-history":[{"count":14,"href":"https:\/\/kylat.ekarjala.fi\/korvenrauha\/wp-json\/wp\/v2\/pages\/19\/revisions"}],"predecessor-version":[{"id":217,"href":"https:\/\/kylat.ekarjala.fi\/korvenrauha\/wp-json\/wp\/v2\/pages\/19\/revisions\/217"}],"wp:attachment":[{"href":"https:\/\/kylat.ekarjala.fi\/korvenrauha\/wp-json\/wp\/v2\/media?parent=19"}],"curies":[{"name":"wp","href":"https:\/\/api.w.org\/{rel}","templated":true}]}}