{"id":46,"date":"2014-05-27T12:10:40","date_gmt":"2014-05-27T11:40:40","guid":{"rendered":"https:\/\/kylat.ekarjala.fi\/korvenrauha\/?page_id=46"},"modified":"2017-05-19T19:39:52","modified_gmt":"2017-05-19T19:09:52","slug":"yhteystiedot","status":"publish","type":"page","link":"https:\/\/kylat.ekarjala.fi\/korvenrauha\/yhteystiedot\/","title":{"rendered":"Yhteystiedot"},"content":{"rendered":"<p>Vuonna 2017 hallituksessa toimivat seuraavat henkil\u00f6t:<\/p>\n<p><strong>Puheenjohtaja <\/strong><\/p>\n<p>Minna Arminen, <a href=\"mailto:minna.m.arminen@gmail.com\">minna.m.arminen@gmail.com<\/a><\/p>\n<p><strong>Varapuheenjohtaja<\/strong><\/p>\n<p>Antti Arminen,<a href=\"mailto:ajarmine@gmail.com\"> ajarmine@gmail.com<\/a> p. 0405817468<\/p>\n<p><strong>Taloudenhoitaja<\/strong><\/p>\n<p>Pentti Tamminen, <a href=\"mailto:pentti.tamminen@pp4.inet.fi\">pentti.tamminen@pp4.inet.fi<\/a>, p. 0503734380<\/p>\n<p><strong>Sihteeri<\/strong><\/p>\n<p>Eija \u00a0Lemmetty-Jakkonen, <a href=\"mailto:eija.lemmetty-jaakkonen@netti.fi\">eija.lemmetty-jaakkonen@netti.fi<\/a><\/p>\n<p><strong>Saunamajuri<\/strong><\/p>\n<p>Reino Jantunen, p. 0405460969<\/p>\n<p><strong>Hallituksen muut j\u00e4senet<\/strong><\/p>\n<p>Sanna Kemppainen, Ilkka Lampinen, Tuomo Lampinen, Hannu Monto, Sam Reinikainen, Teemu Ahl ja Tapio Virkki.<\/p>\n<p>Ota yhteytt\u00e4 tarvittaessa suoraan puheenjohtajaan tai hallitukseen tai l\u00e4het\u00e4 viesti\u00e4 nettisivun tai facebookin v\u00e4lityksell\u00e4.<\/p>\n<p><strong>Saunavaraukset<\/strong>: Ravintola Pikku-Pietari, Asematie 14, 55300 Korvenkyl\u00e4 p. 054547722<\/p>\n<p>Tapahtumista tiedotetaan my\u00f6s kyl\u00e4n ilmoitustauluilla (mm. kirjasto, Karjalan Portti, Pihlaja). Lis\u00e4ksi tapahtumatiedot julkaistaan Uutisvuoksen seurapalstalla.<\/p>\n<p><a title=\"Korvenrauha facebookissa\" href=\"https:\/\/fi-fi.facebook.com\/pages\/Korvenkyl%C3%A4n-kyl%C3%A4yhdistys-Korvenrauha-ry\/289029454496208\" target=\"_blank\" rel=\"noopener noreferrer\">Korvenrauha facebookissa<\/a><\/p>\n<p>&nbsp;<\/p>\n","protected":false},"excerpt":{"rendered":"<p>Vuonna 2017 hallituksessa toimivat seuraavat henkil\u00f6t: Puheenjohtaja Minna Arminen, minna.m.arminen@gmail.com Varapuheenjohtaja Antti Arminen, ajarmine@gmail.com p. 0405817468 Taloudenhoitaja Pentti Tamminen, pentti.tamminen@pp4.inet.fi, p. 0503734380 Sihteeri Eija \u00a0Lemmetty-Jakkonen, eija.lemmetty-jaakkonen@netti.fi Saunamajuri Reino Jantunen, p. 0405460969 Hallituksen muut j\u00e4senet Sanna Kemppainen, Ilkka Lampinen, Tuomo Lampinen, &hellip; <a href=\"https:\/\/kylat.ekarjala.fi\/korvenrauha\/yhteystiedot\/\">Lue loppuun <span class=\"meta-nav\">&rarr;<\/span><\/a><\/p>\n","protected":false},"author":142,"featured_media":0,"parent":0,"menu_order":2,"comment_status":"open","ping_status":"closed","template":"","meta":{"footnotes":""},"class_list":["post-46","page","type-page","status-publish","hentry"],"_links":{"self":[{"href":"https:\/\/kylat.ekarjala.fi\/korvenrauha\/wp-json\/wp\/v2\/pages\/46","targetHints":{"allow":["GET"]}}],"collection":[{"href":"https:\/\/kylat.ekarjala.fi\/korvenrauha\/wp-json\/wp\/v2\/pages"}],"about":[{"href":"https:\/\/kylat.ekarjala.fi\/korvenrauha\/wp-json\/wp\/v2\/types\/page"}],"author":[{"embeddable":true,"href":"https:\/\/kylat.ekarjala.fi\/korvenrauha\/wp-json\/wp\/v2\/users\/142"}],"replies":[{"embeddable":true,"href":"https:\/\/kylat.ekarjala.fi\/korvenrauha\/wp-json\/wp\/v2\/comments?post=46"}],"version-history":[{"count":16,"href":"https:\/\/kylat.ekarjala.fi\/korvenrauha\/wp-json\/wp\/v2\/pages\/46\/revisions"}],"predecessor-version":[{"id":228,"href":"https:\/\/kylat.ekarjala.fi\/korvenrauha\/wp-json\/wp\/v2\/pages\/46\/revisions\/228"}],"wp:attachment":[{"href":"https:\/\/kylat.ekarjala.fi\/korvenrauha\/wp-json\/wp\/v2\/media?parent=46"}],"curies":[{"name":"wp","href":"https:\/\/api.w.org\/{rel}","templated":true}]}}