{"id":50,"date":"2014-05-27T12:58:13","date_gmt":"2014-05-27T12:28:13","guid":{"rendered":"https:\/\/kylat.ekarjala.fi\/korvenrauha\/?page_id=50"},"modified":"2015-09-21T20:03:55","modified_gmt":"2015-09-21T19:33:55","slug":"ajankohtaista","status":"publish","type":"page","link":"https:\/\/kylat.ekarjala.fi\/korvenrauha\/ajankohtaista\/","title":{"rendered":"Kokousp\u00f6yt\u00e4kirjat"},"content":{"rendered":"<p>Hallituksen p\u00f6yt\u00e4kirja 1\/2015<\/p>\n<p>Aika: \u00a0\u00a0\u00a0\u00a0\u00a0\u00a0\u00a0\u00a0\u00a0\u00a0\u00a0 14.1.2015 kello 17<\/p>\n<p>Paikka: \u00a0\u00a0\u00a0\u00a0\u00a0\u00a0\u00a0 Korvenkyl\u00e4n kirjasto<\/p>\n<p>L\u00e4sn\u00e4: \u00a0\u00a0\u00a0\u00a0\u00a0\u00a0\u00a0\u00a0\u00a0 Anu Huttunen, Reino Jantunen, Sanna Kemppainen, Tuomo Lampinen, Ilkka Lampinen, Hannu Monto, Tiina Rasa, Sam Reinikainen, Pentti Tamminen.<\/p>\n<p>1)\u00a0\u00a0\u00a0\u00a0\u00a0 Puheenjohtaja avasi kokouksen.<\/p>\n<p>2)\u00a0\u00a0\u00a0\u00a0\u00a0 Kokous todettiin lailliseksi ja p\u00e4\u00e4t\u00f6svaltaiseksi.<\/p>\n<p>3)\u00a0\u00a0\u00a0\u00a0\u00a0 Esityslistan hyv\u00e4ksyminen<\/p>\n<p>Vaihdettiin kohtien 4 ja 5 j\u00e4rjestyst\u00e4. Kohta \u201dtaloustilanne\u201d vaihdettiin tilinp\u00e4\u00e4t\u00f6kseksi ja kohdassa 6 k\u00e4siteltiin vuoden 2014 tilinp\u00e4\u00e4t\u00f6s.<\/p>\n<p>4)\u00a0\u00a0\u00a0\u00a0\u00a0 Hallituksen toimihenkil\u00f6iden valinta<\/p>\n<p>Taloudenhoitajaksi valittiin Pentti Tamminen.<\/p>\n<p>Sihteeriksi valittiin Tiina Rasa, joka huolehtii kokousasiakirjoista.<\/p>\n<p>Tiedottajaksi valittiin Anu Huttunen, joka p\u00e4ivitt\u00e4\u00e4 nettisivut ja hoitaa ulkoista tiedotusta.<\/p>\n<p>Saunamajuriksi valittiin Reino Jantunen.<\/p>\n<p>Vauvavastaavaksi valittiin Minna Arminen, vahvistetaan seuraavassa kokouksessa.<\/p>\n<p>5)\u00a0\u00a0\u00a0\u00a0\u00a0 Edellisen kokouksen p\u00f6yt\u00e4kirja hyv\u00e4ksyttiin.<\/p>\n<p>6)\u00a0\u00a0\u00a0\u00a0\u00a0 Tilinp\u00e4\u00e4t\u00f6s ja toiminta-avustuksen hakeminen<\/p>\n<p>Vuoden 2014 tilinp\u00e4\u00e4t\u00f6ksess\u00e4 ei ollut huomautettavaa. Yhdistyksen tilill\u00e4 on rahaa.<\/p>\n<p>P\u00e4\u00e4tettiin hakea kaupungin toiminta-avustusta. Puheenjohtaja laatii hakemuksen.<\/p>\n<p>P\u00e4\u00e4tettiin hakea kaupungilta my\u00f6s kunnossapitoavustusta kiukaan uusimiseen.<\/p>\n<p>7) \u00a0\u00a0\u00a0\u00a0 Partiolaisten apuraha ja projektin tilanne<\/p>\n<p>Asiassa ei ole tapahtunut muutosta. Partiolaisten pyynn\u00f6st\u00e4 asia j\u00e4i p\u00f6yd\u00e4lle. Siihen palataan seuraavassa kokouksessa. P\u00e4\u00e4tettiin, ett\u00e4 Korvenrauha ei ota tililleen apurahaa, jonka k\u00e4ytt\u00f6ehdot ovat ep\u00e4selv\u00e4t.<\/p>\n<p>8) \u00a0\u00a0\u00a0\u00a0 Nettisivut ja tiedotusvastuut<\/p>\n<p>P\u00e4\u00e4tettiin pit\u00e4\u00e4 erillinen kokous, jossa k\u00e4sitell\u00e4\u00e4n nettisivujen sis\u00e4lt\u00f6\u00e4 ja tiedotusvastuita. Ty\u00f6ryhm\u00e4 kokoontuu 19.1. klo 18 Pikku-Pietarissa.<\/p>\n<p>P\u00e4\u00e4tettiin laittaa nettisivulle puheenjohtajan, taloudenhoitajan, sihteerin ja tiedotusvastaavan suorat yhteystiedot.<\/p>\n<p>P\u00e4\u00e4tettiin alkaa julkaista hallituksen p\u00f6yt\u00e4kirjat nettisivulla.<\/p>\n<p>9) \u00a0\u00a0\u00a0\u00a0 Hallituskaveri-kamppanja<\/p>\n<p>Puheenjohtaja esitti uutta kampanjaa, jonka tavoite on tehd\u00e4 toimintaa tutuksi ja avoimeksi uusille ihmisille.<\/p>\n<p>Jokainen j\u00e4sen tuo yhden henkil\u00f6n vuorollaan mukanaan kokoukseen. Toivotaan, ett\u00e4 n\u00e4in l\u00f6ytyy uusia aktiiveja mukaan toimintaan. Tulokset arvioidaan vuoden lopussa.<\/p>\n<p>10)\u00a0\u00a0\u00a0 Laskiaistapahtuma<\/p>\n<p>P\u00e4\u00e4tettiin pit\u00e4\u00e4 laskiaistapahtuma 15.2.2015 kello 10-13. Tuomo Lampinen selvitt\u00e4\u00e4, onko tapahtuma mahdollista pit\u00e4\u00e4 Holiday Clubin maastossa.<\/p>\n<p>P\u00e4\u00e4tettiin pyyt\u00e4\u00e4 mukaan j\u00e4rjestelyihin muita yhdistyksi\u00e4: koulun vanhempainyhdistyst\u00e4, p\u00e4iv\u00e4kodin vanhempainyhdistyst\u00e4 ja partiolaisia. Partiolaisilta kysyt\u00e4\u00e4n, olisiko mahdollista saada l\u00e4mmittelypaikaksi puolijoukkueteltta kaminalla.<\/p>\n<p>Kotaravintolan pit\u00e4j\u00e4 suhtautui tapahtumaan my\u00f6nteisesti ja oli valmis j\u00e4rjest\u00e4m\u00e4\u00e4n poroajelua tms toimintaa. Rantaravintolasta kysyt\u00e4\u00e4n tarjoilumahdollisuuksia ja luisteluradan k\u00e4ytt\u00f6\u00e4.<\/p>\n<p>Kyl\u00e4yhdistys j\u00e4rjest\u00e4\u00e4 ainakin makkaranmyynnin ja tiedotuksen.<\/p>\n<p>11)\u00a0\u00a0\u00a0 Muut mahdolliset asiat<\/p>\n<p>Yhdistys l\u00e4htee mukaan koulun vanhempaintoimikunnan kirpputoritapahtumaan 24.1. Reino ja Ilkka vastaavat makkaranmyynnist\u00e4.<\/p>\n<p>Puheenjohtaja laatii yhdistyksen puolesta kaavalausunnon kaupungille 9.2. menness\u00e4. Muut j\u00e4senet tutkivat, l\u00f6ytyyk\u00f6 luonnoksesta huomautettavaa ja ovat yhteydess\u00e4 puheenjohtajaan, jos muutettavaa l\u00f6ytyy.<\/p>\n<p>Sihteeri toi tietoon, ett\u00e4 koulun vanhempaintoimikunnan kokouksessa on keskusteltu Korvenkyl\u00e4n teiden huonosta aurauksesta kahtena viime vuonna. Toimikunta ehdottaa, ett\u00e4 kyl\u00e4yhdistys veisi asiaa eteenp\u00e4in, mik\u00e4li ovat my\u00f6s tyytym\u00e4tt\u00f6mi\u00e4 teiden kunnossapitoon.<\/p>\n<p>P\u00e4\u00e4tettiin, ett\u00e4 tiedottaja on yhteydess\u00e4 toimikuntaan ja laatii mahdollisesti kannanoton kaupungille.<\/p>\n<p>12)\u00a0\u00a0\u00a0 Seuraava kokous pidet\u00e4\u00e4n 4.2. kello 17 kirjastossa.<\/p>\n<p>13)\u00a0\u00a0\u00a0 Kokouksen p\u00e4\u00e4tettiin.<\/p>\n<p>&nbsp;<\/p>\n<p>&nbsp;<\/p>\n<p>&nbsp;<\/p>\n<p>&nbsp;<\/p>\n<p>&nbsp;<\/p>\n<p>&nbsp;<\/p>\n<p>&nbsp;<\/p>\n<p>&nbsp;<\/p>\n<p>&nbsp;<\/p>\n","protected":false},"excerpt":{"rendered":"<p>Hallituksen p\u00f6yt\u00e4kirja 1\/2015 Aika: \u00a0\u00a0\u00a0\u00a0\u00a0\u00a0\u00a0\u00a0\u00a0\u00a0\u00a0 14.1.2015 kello 17 Paikka: \u00a0\u00a0\u00a0\u00a0\u00a0\u00a0\u00a0 Korvenkyl\u00e4n kirjasto L\u00e4sn\u00e4: \u00a0\u00a0\u00a0\u00a0\u00a0\u00a0\u00a0\u00a0\u00a0 Anu Huttunen, Reino Jantunen, Sanna Kemppainen, Tuomo Lampinen, Ilkka Lampinen, Hannu Monto, Tiina Rasa, Sam Reinikainen, Pentti Tamminen. 1)\u00a0\u00a0\u00a0\u00a0\u00a0 Puheenjohtaja avasi kokouksen. 2)\u00a0\u00a0\u00a0\u00a0\u00a0 Kokous todettiin lailliseksi &hellip; <a href=\"https:\/\/kylat.ekarjala.fi\/korvenrauha\/ajankohtaista\/\">Lue loppuun <span class=\"meta-nav\">&rarr;<\/span><\/a><\/p>\n","protected":false},"author":142,"featured_media":0,"parent":0,"menu_order":0,"comment_status":"open","ping_status":"closed","template":"","meta":{"footnotes":""},"class_list":["post-50","page","type-page","status-publish","hentry"],"_links":{"self":[{"href":"https:\/\/kylat.ekarjala.fi\/korvenrauha\/wp-json\/wp\/v2\/pages\/50","targetHints":{"allow":["GET"]}}],"collection":[{"href":"https:\/\/kylat.ekarjala.fi\/korvenrauha\/wp-json\/wp\/v2\/pages"}],"about":[{"href":"https:\/\/kylat.ekarjala.fi\/korvenrauha\/wp-json\/wp\/v2\/types\/page"}],"author":[{"embeddable":true,"href":"https:\/\/kylat.ekarjala.fi\/korvenrauha\/wp-json\/wp\/v2\/users\/142"}],"replies":[{"embeddable":true,"href":"https:\/\/kylat.ekarjala.fi\/korvenrauha\/wp-json\/wp\/v2\/comments?post=50"}],"version-history":[{"count":10,"href":"https:\/\/kylat.ekarjala.fi\/korvenrauha\/wp-json\/wp\/v2\/pages\/50\/revisions"}],"predecessor-version":[{"id":209,"href":"https:\/\/kylat.ekarjala.fi\/korvenrauha\/wp-json\/wp\/v2\/pages\/50\/revisions\/209"}],"wp:attachment":[{"href":"https:\/\/kylat.ekarjala.fi\/korvenrauha\/wp-json\/wp\/v2\/media?parent=50"}],"curies":[{"name":"wp","href":"https:\/\/api.w.org\/{rel}","templated":true}]}}