{"id":54,"date":"2014-05-27T19:04:04","date_gmt":"2014-05-27T18:34:04","guid":{"rendered":"https:\/\/kylat.ekarjala.fi\/korvenrauha\/?page_id=54"},"modified":"2015-01-13T22:28:05","modified_gmt":"2015-01-13T21:58:05","slug":"tietoa-yhdistyksesta","status":"publish","type":"page","link":"https:\/\/kylat.ekarjala.fi\/korvenrauha\/tietoa-yhdistyksesta\/","title":{"rendered":"Tietoa yhdistyksest\u00e4"},"content":{"rendered":"<p>Kyl\u00e4yhdistys Korvenrauha ry toimii paikallisten asukkaiden, yhdistysten ja yritysten voimien yhteen kokoajana.\u00a0K\u00e4sittelemme asukkaiden toiveita kaikenlaisista kyl\u00e4n kehitt\u00e4miseen liittyvist\u00e4 asioista ja ker\u00e4\u00e4mme vapaaehtoisvoimia toiveiden toteuttamiseksi. My\u00f6s kyl\u00e4l\u00e4isten yhteisten asioiden hoito kaupungin p\u00e4\u00e4tt\u00e4jien ja viranomaisten suuntaan onnistuu paremmin kyl\u00e4yhdistyksen voimin kuin yksitt\u00e4iselt\u00e4 asukkaalta.<\/p>\n<p>Kyl\u00e4yhdistys on rakentanut talkoovoimin mm. lasten leikkipuiston ja yll\u00e4pit\u00e4\u00e4 kyl\u00e4l\u00e4isten k\u00e4yt\u00f6ss\u00e4 olevaa rantasaunaa Rauhassa.<\/p>\n<p>Kyl\u00e4yhdistys j\u00e4rjest\u00e4\u00e4 vuosittain useita erilaisia tapahtumia, mm. laskiaistapahtuman, tienvarsien siivoustalkoot, kyl\u00e4illan ja syksyll\u00e4 kynttil\u00e4saunan. Tiedot tapahtumista l\u00f6ytyv\u00e4t ajankohtaista-sivuilta.<\/p>\n<p><strong>Toiminta-alue<\/strong><\/p>\n<p>Kyl\u00e4yhdistyksen toiminta-alueeseen kuuluvat Korvenkyl\u00e4n taajaman lis\u00e4ksi Rauha, Tiuruniemi ja osa Pellisenrantaa. Taajama-alue jaetaan seuraaviin alueisiin: Korvenkangas, Hepoharju, Korvenkeskus, Asemanrinne, Repokivi, Vipele, Papusenranta, Hiekkapeto, Muteikko, Mullinm\u00e4ki ja Kurenm\u00e4ki.<\/p>\n<p>&nbsp;<\/p>\n","protected":false},"excerpt":{"rendered":"<p>Kyl\u00e4yhdistys Korvenrauha ry toimii paikallisten asukkaiden, yhdistysten ja yritysten voimien yhteen kokoajana.\u00a0K\u00e4sittelemme asukkaiden toiveita kaikenlaisista kyl\u00e4n kehitt\u00e4miseen liittyvist\u00e4 asioista ja ker\u00e4\u00e4mme vapaaehtoisvoimia toiveiden toteuttamiseksi. My\u00f6s kyl\u00e4l\u00e4isten yhteisten asioiden hoito kaupungin p\u00e4\u00e4tt\u00e4jien ja viranomaisten suuntaan onnistuu paremmin kyl\u00e4yhdistyksen voimin kuin yksitt\u00e4iselt\u00e4 &hellip; <a href=\"https:\/\/kylat.ekarjala.fi\/korvenrauha\/tietoa-yhdistyksesta\/\">Lue loppuun <span class=\"meta-nav\">&rarr;<\/span><\/a><\/p>\n","protected":false},"author":142,"featured_media":0,"parent":0,"menu_order":0,"comment_status":"open","ping_status":"closed","template":"","meta":{"footnotes":""},"class_list":["post-54","page","type-page","status-publish","hentry"],"_links":{"self":[{"href":"https:\/\/kylat.ekarjala.fi\/korvenrauha\/wp-json\/wp\/v2\/pages\/54","targetHints":{"allow":["GET"]}}],"collection":[{"href":"https:\/\/kylat.ekarjala.fi\/korvenrauha\/wp-json\/wp\/v2\/pages"}],"about":[{"href":"https:\/\/kylat.ekarjala.fi\/korvenrauha\/wp-json\/wp\/v2\/types\/page"}],"author":[{"embeddable":true,"href":"https:\/\/kylat.ekarjala.fi\/korvenrauha\/wp-json\/wp\/v2\/users\/142"}],"replies":[{"embeddable":true,"href":"https:\/\/kylat.ekarjala.fi\/korvenrauha\/wp-json\/wp\/v2\/comments?post=54"}],"version-history":[{"count":6,"href":"https:\/\/kylat.ekarjala.fi\/korvenrauha\/wp-json\/wp\/v2\/pages\/54\/revisions"}],"predecessor-version":[{"id":112,"href":"https:\/\/kylat.ekarjala.fi\/korvenrauha\/wp-json\/wp\/v2\/pages\/54\/revisions\/112"}],"wp:attachment":[{"href":"https:\/\/kylat.ekarjala.fi\/korvenrauha\/wp-json\/wp\/v2\/media?parent=54"}],"curies":[{"name":"wp","href":"https:\/\/api.w.org\/{rel}","templated":true}]}}