{"id":1569,"date":"2021-01-25T11:26:35","date_gmt":"2021-01-25T09:26:35","guid":{"rendered":"https:\/\/kylat.ekarjala.fi\/kuivasensaari\/?page_id=1569"},"modified":"2023-09-20T12:08:54","modified_gmt":"2023-09-20T09:08:54","slug":"saannot","status":"publish","type":"page","link":"https:\/\/kylat.ekarjala.fi\/kuivasensaari\/saannot\/","title":{"rendered":"S\u00e4\u00e4nn\u00f6t"},"content":{"rendered":"\t\t<div data-elementor-type=\"wp-page\" data-elementor-id=\"1569\" class=\"elementor elementor-1569\" data-elementor-post-type=\"page\">\n\t\t\t\t\t\t<section class=\"elementor-section elementor-top-section elementor-element elementor-element-8e1c9c3 elementor-section-boxed elementor-section-height-default elementor-section-height-default\" data-id=\"8e1c9c3\" data-element_type=\"section\" data-e-type=\"section\" data-settings=\"{&quot;background_background&quot;:&quot;classic&quot;}\">\n\t\t\t\t\t\t\t<div class=\"elementor-background-overlay\"><\/div>\n\t\t\t\t\t\t\t<div class=\"elementor-container elementor-column-gap-default\">\n\t\t\t\t\t<div class=\"elementor-column elementor-col-33 elementor-top-column elementor-element elementor-element-92b943f\" data-id=\"92b943f\" data-element_type=\"column\" data-e-type=\"column\">\n\t\t\t<div class=\"elementor-widget-wrap\">\n\t\t\t\t\t\t\t<\/div>\n\t\t<\/div>\n\t\t\t\t<div class=\"elementor-column elementor-col-33 elementor-top-column elementor-element elementor-element-0139643\" data-id=\"0139643\" data-element_type=\"column\" data-e-type=\"column\">\n\t\t\t<div class=\"elementor-widget-wrap elementor-element-populated\">\n\t\t\t\t\t\t<div class=\"elementor-element elementor-element-0544ff2 animated-slow elementor-invisible elementor-widget elementor-widget-heading\" data-id=\"0544ff2\" data-element_type=\"widget\" data-e-type=\"widget\" data-settings=\"{&quot;_animation&quot;:&quot;fadeIn&quot;}\" data-widget_type=\"heading.default\">\n\t\t\t\t<div class=\"elementor-widget-container\">\n\t\t\t\t\t<h1 class=\"elementor-heading-title elementor-size-default\">S\u00e4\u00e4nn\u00f6t<\/h1>\t\t\t\t<\/div>\n\t\t\t\t<\/div>\n\t\t\t\t\t<\/div>\n\t\t<\/div>\n\t\t\t\t<div class=\"elementor-column elementor-col-33 elementor-top-column elementor-element elementor-element-1797a82\" data-id=\"1797a82\" data-element_type=\"column\" data-e-type=\"column\">\n\t\t\t<div class=\"elementor-widget-wrap\">\n\t\t\t\t\t\t\t<\/div>\n\t\t<\/div>\n\t\t\t\t\t<\/div>\n\t\t<\/section>\n\t\t\t\t<section class=\"elementor-section elementor-top-section elementor-element elementor-element-e480f00 elementor-section-boxed elementor-section-height-default elementor-section-height-default\" data-id=\"e480f00\" data-element_type=\"section\" data-e-type=\"section\">\n\t\t\t\t\t\t<div class=\"elementor-container elementor-column-gap-default\">\n\t\t\t\t\t<div class=\"elementor-column elementor-col-100 elementor-top-column elementor-element elementor-element-8e8dab5\" data-id=\"8e8dab5\" data-element_type=\"column\" data-e-type=\"column\">\n\t\t\t<div class=\"elementor-widget-wrap elementor-element-populated\">\n\t\t\t\t\t\t<div class=\"elementor-element elementor-element-dca32a1 elementor-widget elementor-widget-heading\" data-id=\"dca32a1\" data-element_type=\"widget\" data-e-type=\"widget\" data-widget_type=\"heading.default\">\n\t\t\t\t<div class=\"elementor-widget-container\">\n\t\t\t\t\t<h2 class=\"elementor-heading-title elementor-size-default\">Yhdistyksen s\u00e4\u00e4nn\u00f6t<\/h2>\t\t\t\t<\/div>\n\t\t\t\t<\/div>\n\t\t\t\t\t<\/div>\n\t\t<\/div>\n\t\t\t\t\t<\/div>\n\t\t<\/section>\n\t\t\t\t<section class=\"elementor-section elementor-top-section elementor-element elementor-element-0cf608c elementor-section-boxed elementor-section-height-default elementor-section-height-default\" data-id=\"0cf608c\" data-element_type=\"section\" data-e-type=\"section\">\n\t\t\t\t\t\t<div class=\"elementor-container elementor-column-gap-default\">\n\t\t\t\t\t<div class=\"elementor-column elementor-col-100 elementor-top-column elementor-element elementor-element-44b9ab8\" data-id=\"44b9ab8\" data-element_type=\"column\" data-e-type=\"column\">\n\t\t\t<div class=\"elementor-widget-wrap elementor-element-populated\">\n\t\t\t\t\t\t<div class=\"elementor-element elementor-element-55fe403 elementor-widget__width-initial elementor-widget elementor-widget-text-editor\" data-id=\"55fe403\" data-element_type=\"widget\" data-e-type=\"widget\" data-widget_type=\"text-editor.default\">\n\t\t\t\t<div class=\"elementor-widget-container\">\n\t\t\t\t\t\t\t\t\t<p><b>Voimassaolevat s\u00e4\u00e4nn\u00f6t<\/b><\/p><p><b>Voimassaolon alku: 12.09.2023 14:08:14<\/b><\/p><p><b>1. Yhdistyksen nimi ja kotipaikka<\/b><\/p><p>Yhdistyksen nimi on Veskansan ry ja sen kotipaikka on Savitaipale.<\/p><p><b>2. Tarkoitus ja toiminnan laatu<\/b><\/p><p>Yhdistyksen tarkoituksena on edist\u00e4\u00e4 ja kehitt\u00e4\u00e4 Kuivasensaaren alueen palveluja,<br \/><span style=\"font-size: 16px;\">harrastustoimintaa ja elinkeinotoiminnan yleisi\u00e4 edellytyksi\u00e4 sek\u00e4 alueen asukkaiden yleisen<br \/><\/span><span style=\"font-size: 16px;\">hyvinvoinnin ja viihtyisyyden edist\u00e4minen.<br \/><\/span><span style=\"font-size: 16px;\">Tarkoituksensa toteuttamiseksi yhdistys j\u00e4rjest\u00e4\u00e4 koulutusta, opastusta, retki\u00e4 ja juhlia. Huolehtii<br \/><\/span><span style=\"font-size: 16px;\">harrastusmahdollisuuksien j\u00e4rjest\u00e4misest\u00e4. J\u00e4rjest\u00e4\u00e4 kulttuuritilaisuuksia. Toimii yhteisty\u00f6ss\u00e4<br \/><\/span><span style=\"font-size: 16px;\">kunnan ja muiden mahdollisten tahojen kanssa palvelujen ja elinkeinomahdollisuuksien\u00a0<\/span><span style=\"font-size: 16px;\">lis\u00e4\u00e4miseksi.<br \/><\/span><span style=\"font-size: 16px;\">Toimintansa tukemiseksi yhdistys voi hankittuaan asianomaisen luvan j\u00e4rjest\u00e4\u00e4 rahanker\u00e4yksi\u00e4 ja<br \/><\/span><span style=\"font-size: 16px;\">arpajaisia. Omistaa toimintaansa varten tarpeellista kiinte\u00e4\u00e4 ja irtainta omaisuutta. Ottaa vastaan<br \/><\/span><span style=\"font-size: 16px;\">lahjoituksia ja testamentteja. Harjoittaa julkaisutoimintaa. Omistaa toimintaansa varten tarpeellisia<br \/><\/span><span style=\"font-size: 16px;\">kiinteist\u00f6j\u00e4 ja harjoittaa niiden vuokrausta. J\u00e4rjest\u00e4\u00e4 maksullisia tilaisuuksia. Yhdistys voi harjoittaa<br \/><\/span><span style=\"font-size: 16px;\">kioskitoimintaa sek\u00e4 yhdistyslain 5 \u00a7:n mukaista taloudellista toimintaa.<\/span><\/p><p><b>3. J\u00e4senet<\/b><\/p><p>Yhdistykseen varsinaiseksi j\u00e4seneksi voidaan hyv\u00e4ksy\u00e4 henkil\u00f6, joka hyv\u00e4ksyy yhdistyksen<br \/><span style=\"font-size: 16px;\">tarkoituksen, on ilmoittanut halukkuutensa liitty\u00e4 j\u00e4seneksi ja on maksanut yhdistyksen\u00a0<\/span><span style=\"font-size: 16px;\">j\u00e4senmaksun.<br \/><\/span><span style=\"font-size: 16px;\">Kannattavaksi j\u00e4seneksi voidaan hyv\u00e4ksy\u00e4 yksityinen henkil\u00f6 tai oikeuskelpoinen yhteis\u00f6, joka<br \/><\/span><span style=\"font-size: 16px;\">haluaa tukea yhdistyksen tarkoitusta ja toimintaa.<br \/><\/span><span style=\"font-size: 16px;\">Varsinaiset j\u00e4senet ja kannattavat j\u00e4senet hyv\u00e4ksyy yhdistyksen hallitus. Kunniapuheenjohtajaksi<br \/><\/span><span style=\"font-size: 16px;\">tai kunniaj\u00e4seneksi voidaan hallituksen esityksest\u00e4 yhdistyksen kokouksessa kutsua henkil\u00f6, joka<br \/><\/span><span style=\"font-size: 16px;\">on huomattavasti edist\u00e4nyt ja tukenut yhdistyksen toimintaa.<\/span><\/p><p><b>4. J\u00e4senen eroaminen ja erottaminen<\/b><\/p><p>J\u00e4senell\u00e4 on oikeus erota yhdistyksest\u00e4 ilmoittamalla siit\u00e4 kirjallisesti hallitukselle tai sen<br \/><span style=\"font-size: 16px;\">puheenjohtajalle taikka ilmoittamalla erosta yhdistyksen kokouksessa merkitt\u00e4v\u00e4ksi p\u00f6yt\u00e4kirjaan.<br \/><\/span><span style=\"font-size: 16px;\">Hallitus voi erottaa j\u00e4senen yhdistyksest\u00e4, jos j\u00e4sen on j\u00e4tt\u00e4nyt er\u00e4\u00e4ntyneen j\u00e4senmaksunsa<br \/><\/span><span style=\"font-size: 16px;\">maksamatta tai muuten j\u00e4tt\u00e4nyt t\u00e4ytt\u00e4m\u00e4tt\u00e4 ne velvoitukset, joihin h\u00e4n on yhdistykseen liittym\u00e4ll\u00e4<br \/><\/span><span style=\"font-size: 16px;\">sitoutunut tai on menettelyll\u00e4\u00e4n yhdistyksess\u00e4 tai sen ulkopuolella huomattavasti vahingoittanut<br \/><\/span><span style=\"font-size: 16px;\">yhdistyst\u00e4 tai ei en\u00e4\u00e4 t\u00e4yt\u00e4 laissa taikka yhdistyksen s\u00e4\u00e4nn\u00f6iss\u00e4 mainittuja j\u00e4senyyden ehtoja.<\/span><\/p><p><b>5. Liittymis- ja j\u00e4senmaksu<\/b><\/p><p>Varsinaisilta j\u00e4senilt\u00e4 ja kannattavilta j\u00e4senilt\u00e4 peritt\u00e4v\u00e4n liittymismaksun ja vuotuisen j\u00e4senmaksun<br \/><span style=\"font-size: 16px;\">suuruudesta erikseen kummallekin j\u00e4senryhm\u00e4lle p\u00e4\u00e4tt\u00e4\u00e4 yhdistyksen kokous.<br \/><\/span><span style=\"font-size: 16px;\">Kunniapuheenjohtaja ja kunniaj\u00e4senet eiv\u00e4t suorita j\u00e4senmaksuja.<\/span><\/p><p><b>6. Hallitus<\/b><\/p><p>Yhdistyksen asioita hoitaa hallitus, johon kuuluu yhdistyksen kokouksessa valitut puheenjohtaja ja<br \/><span style=\"font-size: 16px;\">5 muuta varsinaista j\u00e4sent\u00e4 sek\u00e4 3 varaj\u00e4sent\u00e4. Varaj\u00e4senet numeroidaan ja yhdistyksen kokous<br \/><\/span><span style=\"font-size: 16px;\">p\u00e4\u00e4tt\u00e4\u00e4 vuosittain miss\u00e4 j\u00e4rjestyksess\u00e4 varaj\u00e4senet kutsutaan hallituksen kokoukseen varsinaisen<br \/><\/span><span style=\"font-size: 16px;\">j\u00e4senen ollessa estynyt. Hallituksen toimikausi on vuosikokousten v\u00e4linen aika.<br \/><\/span><span style=\"font-size: 16px;\">Hallitus valitsee keskuudestaan varapuheenjohtajan sek\u00e4 ottaa keskuudestaan tai ulkopuoleltaan<br \/><\/span><span style=\"font-size: 16px;\">sihteerin, rahastonhoitajan ja muut tarvittavat toimihenkil\u00f6t. Hallitus kokoontuu puheenjohtajan<br \/><\/span><span style=\"font-size: 16px;\">tai h\u00e4nen estyneen\u00e4 ollessaan varapuheenjohtajan kutsusta, kun he katsovat siihen olevan aihetta<br \/><\/span><span style=\"font-size: 16px;\">tai kun v\u00e4hint\u00e4\u00e4n puolet hallituksen j\u00e4senist\u00e4 sit\u00e4 vaatii. Hallitus on p\u00e4\u00e4t\u00f6svaltainen, kun v\u00e4hint\u00e4\u00e4n<br \/><\/span><span style=\"font-size: 16px;\">puolet sen j\u00e4senist\u00e4, puheenjohtaja tai varapuheenjohtaja mukaanluettuna on l\u00e4sn\u00e4.<br \/><\/span><span style=\"font-size: 16px;\">\u00c4\u00e4nestykset ratkaistaan ehdottomalla \u00e4\u00e4ntenenemmist\u00f6ll\u00e4. \u00c4\u00e4nten menness\u00e4 tasan ratkaisee<br \/><\/span><span style=\"font-size: 16px;\">puheenjohtajan \u00e4\u00e4ni, vaaleissa kuitenkin arpa.<\/span><\/p><p><b>7. Yhdistyksen nimen kirjoittaminen<\/b><\/p><p>Yhdistyksen nimen kirjoittaa hallituksen puheenjohtaja, varapuheenjohtaja, sihteeri tai<br \/><span style=\"font-size: 16px;\">rahastonhoitaja, kaksi yhdess\u00e4.<\/span><\/p><p><b>8. Tilikausi ja tilintarkastus<\/b><\/p><p>Yhdistyksen tilikausi on kalenterivuosi. Tilinp\u00e4\u00e4t\u00f6s tarvittavine asiakirjoineen ja hallituksen<br \/><span style=\"font-size: 16px;\">vuosikertomus on annettava toiminnantarkastajille\/tilintarkastajille viimeist\u00e4\u00e4n kuukautta ennen<br \/><\/span><span style=\"font-size: 16px;\">yhdistyksen kokousta. Toiminnantarkastajien\/tilintarkastajien tulee antaa kirjallinen lausuntonsa<br \/><\/span><span style=\"font-size: 16px;\">viimeist\u00e4\u00e4n kaksi viikkoa ennen yhdistyksen kokousta hallitukselle.<\/span><\/p><p><b>9. Yhdistyksen kokoukset<\/b><\/p><p>Yhdistyksen kokous pidet\u00e4\u00e4n vuosittain hallituksen m\u00e4\u00e4r\u00e4\u00e4m\u00e4n\u00e4 p\u00e4iv\u00e4n\u00e4 tammi-toukokuussa.<br \/><span style=\"font-size: 16px;\">Ylim\u00e4\u00e4r\u00e4inen kokous pidet\u00e4\u00e4n, kun yhdistyksen kokous niin p\u00e4\u00e4tt\u00e4\u00e4 tai kun hallitus katsoo siihen<br \/><\/span><span style=\"font-size: 16px;\">olevan aihetta tai kun v\u00e4hint\u00e4\u00e4n kymmenesosa (1\/10) yhdistyksen \u00e4\u00e4nioikeutetuista j\u00e4senist\u00e4 sit\u00e4<br \/><\/span><span style=\"font-size: 16px;\">hallitukselta erityisesti ilmoitettua asiaa varten kirjallisesti vaatii.<br \/><\/span><span style=\"font-size: 16px;\">Kokous on pidett\u00e4v\u00e4 kolmenkymmenen vuorokauden kuluessa siit\u00e4, kun vaatimus sen pit\u00e4misest\u00e4<br \/><\/span><span style=\"font-size: 16px;\">on esitetty hallitukselle. Yhdistyksen kokouksissa on jokaisella varsinaisella j\u00e4senell\u00e4,<br \/><\/span><span style=\"font-size: 16px;\">kunniapuheenjohtajalla ja kunniaj\u00e4senell\u00e4 yksi \u00e4\u00e4ni. Kannattavalla j\u00e4senell\u00e4 on kokouksessa<br \/><\/span><span style=\"font-size: 16px;\">l\u00e4sn\u00e4olo- ja puheoikeus. Yhdistyksen kokouksen p\u00e4\u00e4t\u00f6kseksi tulee, ellei s\u00e4\u00e4nn\u00f6iss\u00e4 ole toisin<br \/><\/span><span style=\"font-size: 16px;\">m\u00e4\u00e4r\u00e4tty, se mielipide, jota on kannattanut yli puolet annetuista \u00e4\u00e4nist\u00e4. \u00c4\u00e4nten menness\u00e4 tasan<br \/><\/span><span style=\"font-size: 16px;\">ratkaisee kokouksen puheenjohtajan \u00e4\u00e4ni, vaaleissa kuitenkin arpa.<\/span><\/p><p><b>10. Yhdistyksen kokousten koollekutsuminen<\/b><\/p><p>Hallituksen on kutsuttava yhdistyksen kokoukset koolle v\u00e4hint\u00e4\u00e4n nelj\u00e4toista (14) vuorokautta<br \/><span style=\"font-size: 16px;\">ennen kokousta Kuivasaaren alueella olevilla ilmoitustauluilla, yhdistyksen kotipaikkakunnalla<br \/><\/span><span style=\"font-size: 16px;\">ilmestyv\u00e4ss\u00e4 lehdess\u00e4 sek\u00e4 s\u00e4hk\u00f6postitse niiden j\u00e4senten osalta, joiden s\u00e4hk\u00f6postiosoite on<br \/><\/span><span style=\"font-size: 16px;\">yhdistyksen tiedossa.<\/span><\/p><p><b>11.\u00a0<\/b><span style=\"font-size: 16px; font-style: normal; font-weight: bold;\">Yhdistyksen kokouksessa k\u00e4sitell\u00e4\u00e4n seuraavat asiat:<\/span><\/p><p>1. kokouksen avaus<br \/><span style=\"font-size: 16px;\">2. valitaan kokouksen puheenjohtaja, sihteeri, kaksi p\u00f6yt\u00e4kirjantarkastajaa ja tarvittaessa kaksi<br \/><\/span><span style=\"font-size: 16px;\">\u00e4\u00e4ntenlaskijaa<br \/><\/span><span style=\"font-size: 16px;\">3. todetaan kokouksen laillisuus ja p\u00e4\u00e4t\u00f6svaltaisuus<br \/><\/span><span style=\"font-size: 16px;\">4. hyv\u00e4ksyt\u00e4\u00e4n kokouksen esityslista<br \/><\/span><span style=\"font-size: 16px;\">5. esitet\u00e4\u00e4n tilinp\u00e4\u00e4t\u00f6s, vuosikertomus ja toiminnantarkastajien\/tilintarkastajien lausunto<br \/><\/span><span style=\"font-size: 16px;\">6. p\u00e4\u00e4tet\u00e4\u00e4n tilinp\u00e4\u00e4t\u00f6ksen vahvistamisesta ja vastuuvapauden my\u00f6nt\u00e4misest\u00e4 hallitukselle ja<br \/><\/span><span style=\"font-size: 16px;\">muille vastuuvelvollisille<br \/><\/span><span style=\"font-size: 16px;\">7. vahvistetaan toimintasuunnitelma, tulo- ja menoarvio sek\u00e4 j\u00e4senmaksujen suuruudet<br \/><\/span><span style=\"font-size: 16px;\">8. valitaan hallituksen puheenjohtaja ja muut j\u00e4senet<br \/><\/span><span style=\"font-size: 16px;\">9. valitaan yksi tai kaksi toiminnantarkastajaa ja varatoiminnantarkastajaa taikka yksi tai kaksi<br \/><\/span><span style=\"font-size: 16px;\">tilintarkastajaa ja varatilintarkastajaa<br \/><\/span><span style=\"font-size: 16px;\">10. k\u00e4sitell\u00e4\u00e4n muut kokouskutsussa mainitut asiat.<br \/><\/span><span style=\"font-size: 16px;\">Mik\u00e4li yhdistyksen j\u00e4sen haluaa saada jonkin asian yhdistyksen kokouksen k\u00e4sitelt\u00e4v\u00e4ksi, on h\u00e4nen<br \/><\/span><span style=\"font-size: 16px;\">ilmoitettava siit\u00e4 kirjallisesti postitse tai s\u00e4hk\u00f6postitse hallitukselle 4 vrk ennen kokousta.<br \/><\/span><span style=\"font-size: 16px;\">12. S\u00e4\u00e4nt\u00f6jen muuttaminen ja yhdistyksen purkaminen<br \/><\/span><span style=\"font-size: 16px;\">P\u00e4\u00e4t\u00f6s s\u00e4\u00e4nt\u00f6jen muuttamisesta ja yhdistyksen purkamisesta on teht\u00e4v\u00e4 yhdistyksen kokouksessa<br \/><\/span><span style=\"font-size: 16px;\">v\u00e4hint\u00e4\u00e4n kolmen nelj\u00e4sosan (3\/4) enemmist\u00f6ll\u00e4 annetuista \u00e4\u00e4nist\u00e4. Kokouskutsussa on mainittava<br \/><\/span><span style=\"font-size: 16px;\">s\u00e4\u00e4nt\u00f6jen muuttamisesta tai yhdistyksen purkamisesta. Yhdistyksen purkautuessa k\u00e4ytet\u00e4\u00e4n<br \/><\/span><span style=\"font-size: 16px;\">yhdistyksen varat yhdistyksen tarkoituksen edist\u00e4miseen purkamisesta p\u00e4\u00e4tt\u00e4v\u00e4n kokouksen<br \/><\/span><span style=\"font-size: 16px;\">m\u00e4\u00e4r\u00e4\u00e4m\u00e4ll\u00e4 tavalla. Yhdistyksen tullessa lakkautetuksi k\u00e4ytet\u00e4\u00e4n sen varat samaan tarkoitukseen.<\/span><\/p>\t\t\t\t\t\t\t\t<\/div>\n\t\t\t\t<\/div>\n\t\t\t\t\t<\/div>\n\t\t<\/div>\n\t\t\t\t\t<\/div>\n\t\t<\/section>\n\t\t\t\t<\/div>\n\t\t","protected":false},"excerpt":{"rendered":"<p>S\u00e4\u00e4nn\u00f6t Yhdistyksen s\u00e4\u00e4nn\u00f6t Voimassaolevat s\u00e4\u00e4nn\u00f6t Voimassaolon alku: 12.09.2023 14:08:14 1. Yhdistyksen nimi ja kotipaikka Yhdistyksen nimi on Veskansan ry ja sen kotipaikka on Savitaipale. 2. Tarkoitus ja toiminnan laatu Yhdistyksen tarkoituksena on edist\u00e4\u00e4 ja kehitt\u00e4\u00e4 Kuivasensaaren alueen palveluja,harrastustoimintaa ja elinkeinotoiminnan yleisi\u00e4 edellytyksi\u00e4 sek\u00e4 alueen asukkaiden yleisenhyvinvoinnin ja viihtyisyyden edist\u00e4minen.Tarkoituksensa toteuttamiseksi yhdistys j\u00e4rjest\u00e4\u00e4 koulutusta, opastusta, retki\u00e4 [&hellip;]<\/p>\n","protected":false},"author":175,"featured_media":0,"parent":0,"menu_order":0,"comment_status":"closed","ping_status":"closed","template":"","meta":{"site-sidebar-layout":"no-sidebar","site-content-layout":"page-builder","ast-site-content-layout":"default","site-content-style":"default","site-sidebar-style":"default","ast-global-header-display":"","ast-banner-title-visibility":"","ast-main-header-display":"","ast-hfb-above-header-display":"","ast-hfb-below-header-display":"","ast-hfb-mobile-header-display":"","site-post-title":"disabled","ast-breadcrumbs-content":"","ast-featured-img":"disabled","footer-sml-layout":"","ast-disable-related-posts":"","theme-transparent-header-meta":"","adv-header-id-meta":"","stick-header-meta":"","header-above-stick-meta":"","header-main-stick-meta":"","header-below-stick-meta":"","astra-migrate-meta-layouts":"default","ast-page-background-enabled":"default","ast-page-background-meta":{"desktop":{"background-color":"","background-image":"","background-repeat":"repeat","background-position":"center center","background-size":"auto","background-attachment":"scroll","background-type":"","background-media":"","overlay-type":"","overlay-color":"","overlay-opacity":"","overlay-gradient":""},"tablet":{"background-color":"","background-image":"","background-repeat":"repeat","background-position":"center center","background-size":"auto","background-attachment":"scroll","background-type":"","background-media":"","overlay-type":"","overlay-color":"","overlay-opacity":"","overlay-gradient":""},"mobile":{"background-color":"","background-image":"","background-repeat":"repeat","background-position":"center center","background-size":"auto","background-attachment":"scroll","background-type":"","background-media":"","overlay-type":"","overlay-color":"","overlay-opacity":"","overlay-gradient":""}},"ast-content-background-meta":{"desktop":{"background-color":"var(--ast-global-color-5)","background-image":"","background-repeat":"repeat","background-position":"center center","background-size":"auto","background-attachment":"scroll","background-type":"","background-media":"","overlay-type":"","overlay-color":"","overlay-opacity":"","overlay-gradient":""},"tablet":{"background-color":"var(--ast-global-color-5)","background-image":"","background-repeat":"repeat","background-position":"center center","background-size":"auto","background-attachment":"scroll","background-type":"","background-media":"","overlay-type":"","overlay-color":"","overlay-opacity":"","overlay-gradient":""},"mobile":{"background-color":"var(--ast-global-color-5)","background-image":"","background-repeat":"repeat","background-position":"center center","background-size":"auto","background-attachment":"scroll","background-type":"","background-media":"","overlay-type":"","overlay-color":"","overlay-opacity":"","overlay-gradient":""}},"footnotes":""},"class_list":["post-1569","page","type-page","status-publish","hentry"],"_links":{"self":[{"href":"https:\/\/kylat.ekarjala.fi\/kuivasensaari\/wp-json\/wp\/v2\/pages\/1569","targetHints":{"allow":["GET"]}}],"collection":[{"href":"https:\/\/kylat.ekarjala.fi\/kuivasensaari\/wp-json\/wp\/v2\/pages"}],"about":[{"href":"https:\/\/kylat.ekarjala.fi\/kuivasensaari\/wp-json\/wp\/v2\/types\/page"}],"author":[{"embeddable":true,"href":"https:\/\/kylat.ekarjala.fi\/kuivasensaari\/wp-json\/wp\/v2\/users\/175"}],"replies":[{"embeddable":true,"href":"https:\/\/kylat.ekarjala.fi\/kuivasensaari\/wp-json\/wp\/v2\/comments?post=1569"}],"version-history":[{"count":20,"href":"https:\/\/kylat.ekarjala.fi\/kuivasensaari\/wp-json\/wp\/v2\/pages\/1569\/revisions"}],"predecessor-version":[{"id":3019,"href":"https:\/\/kylat.ekarjala.fi\/kuivasensaari\/wp-json\/wp\/v2\/pages\/1569\/revisions\/3019"}],"wp:attachment":[{"href":"https:\/\/kylat.ekarjala.fi\/kuivasensaari\/wp-json\/wp\/v2\/media?parent=1569"}],"curies":[{"name":"wp","href":"https:\/\/api.w.org\/{rel}","templated":true}]}}