{"id":1841,"date":"2021-06-03T15:06:17","date_gmt":"2021-06-03T12:06:17","guid":{"rendered":"https:\/\/kylat.ekarjala.fi\/kuivasensaari\/?page_id=1841"},"modified":"2023-01-31T14:24:38","modified_gmt":"2023-01-31T12:24:38","slug":"kuivasensaari-2","status":"publish","type":"page","link":"https:\/\/kylat.ekarjala.fi\/kuivasensaari\/kuivasensaari-2\/","title":{"rendered":"Kuivasensaari"},"content":{"rendered":"\t\t<div data-elementor-type=\"wp-page\" data-elementor-id=\"1841\" class=\"elementor elementor-1841\" data-elementor-post-type=\"page\">\n\t\t\t\t\t\t<section class=\"elementor-section elementor-top-section elementor-element elementor-element-c7f32d7 elementor-section-boxed elementor-section-height-default elementor-section-height-default\" data-id=\"c7f32d7\" data-element_type=\"section\" data-e-type=\"section\" data-settings=\"{&quot;background_background&quot;:&quot;classic&quot;}\">\n\t\t\t\t\t\t\t<div class=\"elementor-background-overlay\"><\/div>\n\t\t\t\t\t\t\t<div class=\"elementor-container elementor-column-gap-default\">\n\t\t\t\t\t<div class=\"elementor-column elementor-col-100 elementor-top-column elementor-element elementor-element-77617d7\" data-id=\"77617d7\" data-element_type=\"column\" data-e-type=\"column\">\n\t\t\t<div class=\"elementor-widget-wrap elementor-element-populated\">\n\t\t\t\t\t\t<div class=\"elementor-element elementor-element-3264fe9 animated-slow elementor-invisible elementor-widget elementor-widget-heading\" data-id=\"3264fe9\" data-element_type=\"widget\" data-e-type=\"widget\" data-settings=\"{&quot;_animation&quot;:&quot;fadeIn&quot;}\" data-widget_type=\"heading.default\">\n\t\t\t\t<div class=\"elementor-widget-container\">\n\t\t\t\t\t<h1 class=\"elementor-heading-title elementor-size-default\">Kuivasensaari<\/h1>\t\t\t\t<\/div>\n\t\t\t\t<\/div>\n\t\t\t\t\t<\/div>\n\t\t<\/div>\n\t\t\t\t\t<\/div>\n\t\t<\/section>\n\t\t\t\t<section class=\"elementor-section elementor-top-section elementor-element elementor-element-7b7ee0a elementor-section-boxed elementor-section-height-default elementor-section-height-default\" data-id=\"7b7ee0a\" data-element_type=\"section\" data-e-type=\"section\">\n\t\t\t\t\t\t<div class=\"elementor-container elementor-column-gap-default\">\n\t\t\t\t\t<div class=\"elementor-column elementor-col-100 elementor-top-column elementor-element elementor-element-2662c8a\" data-id=\"2662c8a\" data-element_type=\"column\" data-e-type=\"column\">\n\t\t\t<div class=\"elementor-widget-wrap elementor-element-populated\">\n\t\t\t\t\t\t<div class=\"elementor-element elementor-element-4093f65 elementor-widget elementor-widget-spacer\" data-id=\"4093f65\" data-element_type=\"widget\" data-e-type=\"widget\" data-widget_type=\"spacer.default\">\n\t\t\t\t<div class=\"elementor-widget-container\">\n\t\t\t\t\t\t\t<div class=\"elementor-spacer\">\n\t\t\t<div class=\"elementor-spacer-inner\"><\/div>\n\t\t<\/div>\n\t\t\t\t\t\t<\/div>\n\t\t\t\t<\/div>\n\t\t\t\t<section class=\"elementor-section elementor-inner-section elementor-element elementor-element-eb0e7fa elementor-section-boxed elementor-section-height-default elementor-section-height-default\" data-id=\"eb0e7fa\" data-element_type=\"section\" data-e-type=\"section\">\n\t\t\t\t\t\t<div class=\"elementor-container elementor-column-gap-default\">\n\t\t\t\t\t<div class=\"elementor-column elementor-col-50 elementor-inner-column elementor-element elementor-element-a334fb5\" data-id=\"a334fb5\" data-element_type=\"column\" data-e-type=\"column\">\n\t\t\t<div class=\"elementor-widget-wrap elementor-element-populated\">\n\t\t\t\t\t\t<div class=\"elementor-element elementor-element-d90b7ce elementor-widget elementor-widget-heading\" data-id=\"d90b7ce\" data-element_type=\"widget\" data-e-type=\"widget\" data-widget_type=\"heading.default\">\n\t\t\t\t<div class=\"elementor-widget-container\">\n\t\t\t\t\t<h2 class=\"elementor-heading-title elementor-size-default\">Kuivasensaari<\/h2>\t\t\t\t<\/div>\n\t\t\t\t<\/div>\n\t\t\t\t<div class=\"elementor-element elementor-element-89d2d84 elementor-widget elementor-widget-text-editor\" data-id=\"89d2d84\" data-element_type=\"widget\" data-e-type=\"widget\" data-widget_type=\"text-editor.default\">\n\t\t\t\t<div class=\"elementor-widget-container\">\n\t\t\t\t\t\t\t\t\t<p>Kuivasensaari on Saimaan ymp\u00e4r\u00f6im\u00e4 upea alue Savitaipaleen kunnan pohjoisosassa. Alueeseen kuuluvat Pettil\u00e4n, Korholan, Kuivaisen, Rahikkalan ja Tukialan kyl\u00e4t. N\u00e4m\u00e4 kylien nimet ovat olleet k\u00e4yt\u00f6ss\u00e4 vuoden 1602 maakirjasta alkaen t\u00e4h\u00e4n p\u00e4iv\u00e4\u00e4n asti.<\/p>\n<p>Ensimm\u00e4iset merkinn\u00e4t aikakirjoissa Kuivasensaaresta ja sen asukkaista nimin\u00e4 l\u00f6ytyv\u00e4t 1540 luvulta, kun Kustaa Vaasa pani alulle verolaitoksen uudistamisen. N\u00e4in syntyiv\u00e4t ensimm\u00e4iset maakirjat.<\/p>\n<p>Pysyvi\u00e4 asukkaiden lis\u00e4ksi alueella viihtyy kes\u00e4isin useita satoja kes\u00e4asukkaita. Toimeentulonsa paikalliset ihmiset saavat, maataloudesta ja muusta yritys toiminnasta. Suurin osa ty\u00f6ss\u00e4k\u00e4yv\u00e4st\u00e4 v\u00e4est\u00f6st\u00e4 k\u00e4y omassa tai l\u00e4hikunnissa t\u00f6iss\u00e4.<\/p>\n<p>Alueella toimii aktiivisesti Veskansan ry:n lis\u00e4ksi useita muitakin yhdistyksi\u00e4 kuten, Kuivasensaaren Er\u00e4, Kuivasensaaren Vapaapalokunta, Kuivasensaaren Osakaskunta, Kuivasensaaren Martat sek\u00e4 Taipaleen seurakunnan l\u00e4hetyspiiri.<\/p><p><br><\/p>\n<p>Kuivasensaari valittiin <a href=\"https:\/\/fi.wikipedia.org\/wiki\/Vuoden_etel%C3%A4karjalainen_kyl%C3%A4\" target=\"_blank\" rel=\"noopener\">Vuoden etel\u00e4karjalaiseksi kyl\u00e4ksi<\/a><br>vuonna 1999. Kuivasenkyl\u00e4t sai vastaavan<br>huomionosoituksen vuonna 2007.<\/p>\n<p>Kuivasensaaren kyl\u00e4t valittiin vuonna 2022 vuoden 2022 etel\u00e4karjalaiseksi kyl\u00e4ksi.<\/p>\t\t\t\t\t\t\t\t<\/div>\n\t\t\t\t<\/div>\n\t\t\t\t\t<\/div>\n\t\t<\/div>\n\t\t\t\t<div class=\"elementor-column elementor-col-50 elementor-inner-column elementor-element elementor-element-b67d503\" data-id=\"b67d503\" data-element_type=\"column\" data-e-type=\"column\">\n\t\t\t<div class=\"elementor-widget-wrap elementor-element-populated\">\n\t\t\t\t\t\t<div class=\"elementor-element elementor-element-5347e71 elementor-widget elementor-widget-image\" data-id=\"5347e71\" data-element_type=\"widget\" data-e-type=\"widget\" data-widget_type=\"image.default\">\n\t\t\t\t<div class=\"elementor-widget-container\">\n\t\t\t\t\t\t\t\t\t\t\t\t\t\t\t<img fetchpriority=\"high\" decoding=\"async\" width=\"750\" height=\"686\" src=\"https:\/\/kylat.ekarjala.fi\/kuivasensaari\/wp-content\/uploads\/sites\/11\/2011\/06\/Nimet\u00f6n2.jpg\" class=\"attachment-full size-full wp-image-255\" alt=\"\" \/>\t\t\t\t\t\t\t\t\t\t\t\t\t\t\t<\/div>\n\t\t\t\t<\/div>\n\t\t\t\t<div class=\"elementor-element elementor-element-9a3d123 elementor-widget elementor-widget-image\" data-id=\"9a3d123\" data-element_type=\"widget\" data-e-type=\"widget\" data-widget_type=\"image.default\">\n\t\t\t\t<div class=\"elementor-widget-container\">\n\t\t\t\t\t\t\t\t\t\t\t\t\t\t\t<img decoding=\"async\" width=\"1024\" height=\"682\" src=\"https:\/\/kylat.ekarjala.fi\/kuivasensaari\/wp-content\/uploads\/sites\/11\/2023\/01\/vuoden_kyla_22-1024x682.png\" class=\"attachment-large size-large wp-image-2748\" alt=\"\" srcset=\"https:\/\/kylat.ekarjala.fi\/kuivasensaari\/wp-content\/uploads\/sites\/11\/2023\/01\/vuoden_kyla_22-1024x682.png 1024w, https:\/\/kylat.ekarjala.fi\/kuivasensaari\/wp-content\/uploads\/sites\/11\/2023\/01\/vuoden_kyla_22-300x200.png 300w, https:\/\/kylat.ekarjala.fi\/kuivasensaari\/wp-content\/uploads\/sites\/11\/2023\/01\/vuoden_kyla_22-768x512.png 768w, https:\/\/kylat.ekarjala.fi\/kuivasensaari\/wp-content\/uploads\/sites\/11\/2023\/01\/vuoden_kyla_22-1536x1023.png 1536w, https:\/\/kylat.ekarjala.fi\/kuivasensaari\/wp-content\/uploads\/sites\/11\/2023\/01\/vuoden_kyla_22.png 1984w\" sizes=\"(max-width: 1024px) 100vw, 1024px\" \/>\t\t\t\t\t\t\t\t\t\t\t\t\t\t\t<\/div>\n\t\t\t\t<\/div>\n\t\t\t\t\t<\/div>\n\t\t<\/div>\n\t\t\t\t\t<\/div>\n\t\t<\/section>\n\t\t\t\t\t<\/div>\n\t\t<\/div>\n\t\t\t\t\t<\/div>\n\t\t<\/section>\n\t\t\t\t<section class=\"elementor-section elementor-top-section elementor-element elementor-element-306db0a elementor-section-boxed elementor-section-height-default elementor-section-height-default\" data-id=\"306db0a\" data-element_type=\"section\" data-e-type=\"section\">\n\t\t\t\t\t\t<div class=\"elementor-container elementor-column-gap-default\">\n\t\t\t\t\t<div class=\"elementor-column elementor-col-100 elementor-top-column elementor-element elementor-element-8d18896\" data-id=\"8d18896\" data-element_type=\"column\" data-e-type=\"column\">\n\t\t\t<div class=\"elementor-widget-wrap elementor-element-populated\">\n\t\t\t\t\t\t<div class=\"elementor-element elementor-element-54dcfb4 elementor-widget elementor-widget-spacer\" data-id=\"54dcfb4\" data-element_type=\"widget\" data-e-type=\"widget\" data-widget_type=\"spacer.default\">\n\t\t\t\t<div class=\"elementor-widget-container\">\n\t\t\t\t\t\t\t<div class=\"elementor-spacer\">\n\t\t\t<div class=\"elementor-spacer-inner\"><\/div>\n\t\t<\/div>\n\t\t\t\t\t\t<\/div>\n\t\t\t\t<\/div>\n\t\t\t\t\t<\/div>\n\t\t<\/div>\n\t\t\t\t\t<\/div>\n\t\t<\/section>\n\t\t\t\t<\/div>\n\t\t","protected":false},"excerpt":{"rendered":"<p>Kuivasensaari Kuivasensaari Kuivasensaari on Saimaan ymp\u00e4r\u00f6im\u00e4 upea alue Savitaipaleen kunnan pohjoisosassa. Alueeseen kuuluvat Pettil\u00e4n, Korholan, Kuivaisen, Rahikkalan ja Tukialan kyl\u00e4t. N\u00e4m\u00e4 kylien nimet ovat olleet k\u00e4yt\u00f6ss\u00e4 vuoden 1602 maakirjasta alkaen t\u00e4h\u00e4n p\u00e4iv\u00e4\u00e4n asti. Ensimm\u00e4iset merkinn\u00e4t aikakirjoissa Kuivasensaaresta ja sen asukkaista nimin\u00e4 l\u00f6ytyv\u00e4t 1540 luvulta, kun Kustaa Vaasa pani alulle verolaitoksen uudistamisen. N\u00e4in syntyiv\u00e4t ensimm\u00e4iset maakirjat. [&hellip;]<\/p>\n","protected":false},"author":175,"featured_media":0,"parent":0,"menu_order":0,"comment_status":"closed","ping_status":"closed","template":"","meta":{"site-sidebar-layout":"no-sidebar","site-content-layout":"page-builder","ast-site-content-layout":"default","site-content-style":"default","site-sidebar-style":"default","ast-global-header-display":"","ast-banner-title-visibility":"","ast-main-header-display":"","ast-hfb-above-header-display":"","ast-hfb-below-header-display":"","ast-hfb-mobile-header-display":"","site-post-title":"disabled","ast-breadcrumbs-content":"","ast-featured-img":"disabled","footer-sml-layout":"","ast-disable-related-posts":"","theme-transparent-header-meta":"default","adv-header-id-meta":"","stick-header-meta":"","header-above-stick-meta":"","header-main-stick-meta":"","header-below-stick-meta":"","astra-migrate-meta-layouts":"default","ast-page-background-enabled":"default","ast-page-background-meta":{"desktop":{"background-color":"","background-image":"","background-repeat":"repeat","background-position":"center center","background-size":"auto","background-attachment":"scroll","background-type":"","background-media":"","overlay-type":"","overlay-color":"","overlay-opacity":"","overlay-gradient":""},"tablet":{"background-color":"","background-image":"","background-repeat":"repeat","background-position":"center center","background-size":"auto","background-attachment":"scroll","background-type":"","background-media":"","overlay-type":"","overlay-color":"","overlay-opacity":"","overlay-gradient":""},"mobile":{"background-color":"","background-image":"","background-repeat":"repeat","background-position":"center center","background-size":"auto","background-attachment":"scroll","background-type":"","background-media":"","overlay-type":"","overlay-color":"","overlay-opacity":"","overlay-gradient":""}},"ast-content-background-meta":{"desktop":{"background-color":"var(--ast-global-color-5)","background-image":"","background-repeat":"repeat","background-position":"center center","background-size":"auto","background-attachment":"scroll","background-type":"","background-media":"","overlay-type":"","overlay-color":"","overlay-opacity":"","overlay-gradient":""},"tablet":{"background-color":"var(--ast-global-color-5)","background-image":"","background-repeat":"repeat","background-position":"center center","background-size":"auto","background-attachment":"scroll","background-type":"","background-media":"","overlay-type":"","overlay-color":"","overlay-opacity":"","overlay-gradient":""},"mobile":{"background-color":"var(--ast-global-color-5)","background-image":"","background-repeat":"repeat","background-position":"center center","background-size":"auto","background-attachment":"scroll","background-type":"","background-media":"","overlay-type":"","overlay-color":"","overlay-opacity":"","overlay-gradient":""}},"footnotes":""},"class_list":["post-1841","page","type-page","status-publish","hentry"],"_links":{"self":[{"href":"https:\/\/kylat.ekarjala.fi\/kuivasensaari\/wp-json\/wp\/v2\/pages\/1841","targetHints":{"allow":["GET"]}}],"collection":[{"href":"https:\/\/kylat.ekarjala.fi\/kuivasensaari\/wp-json\/wp\/v2\/pages"}],"about":[{"href":"https:\/\/kylat.ekarjala.fi\/kuivasensaari\/wp-json\/wp\/v2\/types\/page"}],"author":[{"embeddable":true,"href":"https:\/\/kylat.ekarjala.fi\/kuivasensaari\/wp-json\/wp\/v2\/users\/175"}],"replies":[{"embeddable":true,"href":"https:\/\/kylat.ekarjala.fi\/kuivasensaari\/wp-json\/wp\/v2\/comments?post=1841"}],"version-history":[{"count":20,"href":"https:\/\/kylat.ekarjala.fi\/kuivasensaari\/wp-json\/wp\/v2\/pages\/1841\/revisions"}],"predecessor-version":[{"id":2754,"href":"https:\/\/kylat.ekarjala.fi\/kuivasensaari\/wp-json\/wp\/v2\/pages\/1841\/revisions\/2754"}],"wp:attachment":[{"href":"https:\/\/kylat.ekarjala.fi\/kuivasensaari\/wp-json\/wp\/v2\/media?parent=1841"}],"curies":[{"name":"wp","href":"https:\/\/api.w.org\/{rel}","templated":true}]}}