{"id":2064,"date":"2021-07-29T11:37:31","date_gmt":"2021-07-29T08:37:31","guid":{"rendered":"https:\/\/kylat.ekarjala.fi\/kuivasensaari\/?page_id=2064"},"modified":"2026-01-19T15:00:31","modified_gmt":"2026-01-19T13:00:31","slug":"maalaismarkkinat","status":"publish","type":"page","link":"https:\/\/kylat.ekarjala.fi\/kuivasensaari\/maalaismarkkinat\/","title":{"rendered":"Maalaismarkkinat ja polkuformulat"},"content":{"rendered":"\t\t<div data-elementor-type=\"wp-page\" data-elementor-id=\"2064\" class=\"elementor elementor-2064\" data-elementor-post-type=\"page\">\n\t\t\t\t\t\t<section class=\"elementor-section elementor-top-section elementor-element elementor-element-63d4113 elementor-section-boxed elementor-section-height-default elementor-section-height-default\" data-id=\"63d4113\" data-element_type=\"section\" data-e-type=\"section\" data-settings=\"{&quot;background_background&quot;:&quot;classic&quot;}\">\n\t\t\t\t\t\t\t<div class=\"elementor-background-overlay\"><\/div>\n\t\t\t\t\t\t\t<div class=\"elementor-container elementor-column-gap-default\">\n\t\t\t\t\t<div class=\"elementor-column elementor-col-100 elementor-top-column elementor-element elementor-element-7187c88\" data-id=\"7187c88\" data-element_type=\"column\" data-e-type=\"column\">\n\t\t\t<div class=\"elementor-widget-wrap elementor-element-populated\">\n\t\t\t\t\t\t<div class=\"elementor-element elementor-element-b6a81f4 animated-slow elementor-invisible elementor-widget elementor-widget-heading\" data-id=\"b6a81f4\" data-element_type=\"widget\" data-e-type=\"widget\" data-settings=\"{&quot;_animation&quot;:&quot;fadeIn&quot;}\" data-widget_type=\"heading.default\">\n\t\t\t\t<div class=\"elementor-widget-container\">\n\t\t\t\t\t<h1 class=\"elementor-heading-title elementor-size-default\">Maalaismarkkinat ja polkuformulat<\/h1>\t\t\t\t<\/div>\n\t\t\t\t<\/div>\n\t\t\t\t\t<\/div>\n\t\t<\/div>\n\t\t\t\t\t<\/div>\n\t\t<\/section>\n\t\t\t\t<section class=\"elementor-section elementor-top-section elementor-element elementor-element-c022242 elementor-section-boxed elementor-section-height-default elementor-section-height-default\" data-id=\"c022242\" data-element_type=\"section\" data-e-type=\"section\">\n\t\t\t\t\t\t<div class=\"elementor-container elementor-column-gap-default\">\n\t\t\t\t\t<div class=\"elementor-column elementor-col-50 elementor-top-column elementor-element elementor-element-bc00383\" data-id=\"bc00383\" data-element_type=\"column\" data-e-type=\"column\">\n\t\t\t<div class=\"elementor-widget-wrap elementor-element-populated\">\n\t\t\t\t\t\t<div class=\"elementor-element elementor-element-b4155d0 elementor-widget elementor-widget-text-editor\" data-id=\"b4155d0\" data-element_type=\"widget\" data-e-type=\"widget\" data-widget_type=\"text-editor.default\">\n\t\t\t\t<div class=\"elementor-widget-container\">\n\t\t\t\t\t\t\t\t\t<p>Maalaismarkkinat ja Polkuformula-ajot ovat perinteinen Veskansan ry:n j\u00e4rjest\u00e4m\u00e4 kes\u00e4tapahtuma Savitaipaleella Kuivasensaaressa Pettil\u00e4n kyl\u00e4ss\u00e4. <br \/>Veskansan ry j\u00e4rjesti ensimm\u00e4iset maalaismarkkinat vuonna 1998, silloin ei viel\u00e4 j\u00e4rjestetty polkuformula kisoja.<\/p><p>Ensimm\u00e4iset maalaismarkkina ja Polkuformula kisat j\u00e4rjestettiin vuonna 1999 ja siit\u00e4 eteenp\u00e4in vuosittain, tauko oli 2009 &#8211; 2012, kunnes kisoja jatkettiin 2013 alkaen Nostalgia Formuloilla t\u00e4h\u00e4n p\u00e4iv\u00e4\u00e4n asti. T\u00e4n\u00e4 vuonna j\u00e4rjestet\u00e4\u00e4n 22. Maalaismarkkina ja Polkuformula tapahtuma lauantaina 11.7.2026 klo. 11.00 &#8211; 15.00.<\/p><p>Tapahtuma j\u00e4rjestet\u00e4\u00e4n Pettil\u00e4n entisen kansakoulun pihapiiriss\u00e4 ja l\u00e4hist\u00f6ll\u00e4 olevalla Veskansan ry:n hallinnoimalla urheilukent\u00e4ll\u00e4.<\/p>\t\t\t\t\t\t\t\t<\/div>\n\t\t\t\t<\/div>\n\t\t\t\t\t<\/div>\n\t\t<\/div>\n\t\t\t\t<div class=\"elementor-column elementor-col-50 elementor-top-column elementor-element elementor-element-8755f57\" data-id=\"8755f57\" data-element_type=\"column\" data-e-type=\"column\">\n\t\t\t<div class=\"elementor-widget-wrap elementor-element-populated\">\n\t\t\t\t\t\t<div class=\"elementor-element elementor-element-dabe7bd elementor-widget elementor-widget-image\" data-id=\"dabe7bd\" data-element_type=\"widget\" data-e-type=\"widget\" data-widget_type=\"image.default\">\n\t\t\t\t<div class=\"elementor-widget-container\">\n\t\t\t\t\t\t\t\t\t\t\t\t\t\t\t<img fetchpriority=\"high\" decoding=\"async\" width=\"2000\" height=\"1333\" src=\"https:\/\/kylat.ekarjala.fi\/kuivasensaari\/wp-content\/uploads\/sites\/11\/2021\/08\/YLEISKUVA-PETTILA.jpg\" class=\"attachment-full size-full wp-image-2096\" alt=\"\" srcset=\"https:\/\/kylat.ekarjala.fi\/kuivasensaari\/wp-content\/uploads\/sites\/11\/2021\/08\/YLEISKUVA-PETTILA.jpg 2000w, https:\/\/kylat.ekarjala.fi\/kuivasensaari\/wp-content\/uploads\/sites\/11\/2021\/08\/YLEISKUVA-PETTILA-300x200.jpg 300w, https:\/\/kylat.ekarjala.fi\/kuivasensaari\/wp-content\/uploads\/sites\/11\/2021\/08\/YLEISKUVA-PETTILA-1024x682.jpg 1024w, https:\/\/kylat.ekarjala.fi\/kuivasensaari\/wp-content\/uploads\/sites\/11\/2021\/08\/YLEISKUVA-PETTILA-768x512.jpg 768w, https:\/\/kylat.ekarjala.fi\/kuivasensaari\/wp-content\/uploads\/sites\/11\/2021\/08\/YLEISKUVA-PETTILA-1536x1024.jpg 1536w\" sizes=\"(max-width: 2000px) 100vw, 2000px\" \/>\t\t\t\t\t\t\t\t\t\t\t\t\t\t\t<\/div>\n\t\t\t\t<\/div>\n\t\t\t\t\t<\/div>\n\t\t<\/div>\n\t\t\t\t\t<\/div>\n\t\t<\/section>\n\t\t\t\t<section class=\"elementor-section elementor-top-section elementor-element elementor-element-fbe7303 elementor-section-boxed elementor-section-height-default elementor-section-height-default\" data-id=\"fbe7303\" data-element_type=\"section\" data-e-type=\"section\">\n\t\t\t\t\t\t<div class=\"elementor-container elementor-column-gap-default\">\n\t\t\t\t\t<div class=\"elementor-column elementor-col-50 elementor-top-column elementor-element elementor-element-665e3ac\" data-id=\"665e3ac\" data-element_type=\"column\" data-e-type=\"column\">\n\t\t\t<div class=\"elementor-widget-wrap elementor-element-populated\">\n\t\t\t\t\t\t<div class=\"elementor-element elementor-element-8cab208 elementor-widget elementor-widget-image\" data-id=\"8cab208\" data-element_type=\"widget\" data-e-type=\"widget\" data-widget_type=\"image.default\">\n\t\t\t\t<div class=\"elementor-widget-container\">\n\t\t\t\t\t\t\t\t\t\t\t\t\t\t\t<img decoding=\"async\" width=\"1024\" height=\"682\" src=\"https:\/\/kylat.ekarjala.fi\/kuivasensaari\/wp-content\/uploads\/sites\/11\/2021\/08\/MAALIIN-TULO-TEAM-VVY-1024x682.jpg\" class=\"attachment-large size-large wp-image-2093\" alt=\"\" srcset=\"https:\/\/kylat.ekarjala.fi\/kuivasensaari\/wp-content\/uploads\/sites\/11\/2021\/08\/MAALIIN-TULO-TEAM-VVY-1024x682.jpg 1024w, https:\/\/kylat.ekarjala.fi\/kuivasensaari\/wp-content\/uploads\/sites\/11\/2021\/08\/MAALIIN-TULO-TEAM-VVY-300x200.jpg 300w, https:\/\/kylat.ekarjala.fi\/kuivasensaari\/wp-content\/uploads\/sites\/11\/2021\/08\/MAALIIN-TULO-TEAM-VVY-768x511.jpg 768w, https:\/\/kylat.ekarjala.fi\/kuivasensaari\/wp-content\/uploads\/sites\/11\/2021\/08\/MAALIIN-TULO-TEAM-VVY-1536x1023.jpg 1536w, https:\/\/kylat.ekarjala.fi\/kuivasensaari\/wp-content\/uploads\/sites\/11\/2021\/08\/MAALIIN-TULO-TEAM-VVY.jpg 2000w\" sizes=\"(max-width: 1024px) 100vw, 1024px\" \/>\t\t\t\t\t\t\t\t\t\t\t\t\t\t\t<\/div>\n\t\t\t\t<\/div>\n\t\t\t\t\t<\/div>\n\t\t<\/div>\n\t\t\t\t<div class=\"elementor-column elementor-col-50 elementor-top-column elementor-element elementor-element-c40a14b\" data-id=\"c40a14b\" data-element_type=\"column\" data-e-type=\"column\">\n\t\t\t<div class=\"elementor-widget-wrap elementor-element-populated\">\n\t\t\t\t\t\t<div class=\"elementor-element elementor-element-31f4ff2 elementor-widget elementor-widget-text-editor\" data-id=\"31f4ff2\" data-element_type=\"widget\" data-e-type=\"widget\" data-widget_type=\"text-editor.default\">\n\t\t\t\t<div class=\"elementor-widget-container\">\n\t\t\t\t\t\t\t\t\t<p>Maalaismarkkinoilla on ollut tarjolla niin paikallisten kuin ulkopuolistenkin myyjien tuotteita, perunaa, rieskaa, hunajaa, hernekeittoa, lettuja, makkaroita jne. Ty\u00f6n\u00e4yt\u00f6ksin\u00e4 on j\u00e4rjestetty mm. tervanpolttoa ja p\u00e4reiden tekoa iki vanhoilla menetelmill\u00e4. N\u00e4ht\u00e4vill\u00e4 on ollut mm kilpa-autoja ja moottoripy\u00f6ri\u00e4. Suomen lippukin on tuotu Polkuformula kisaan laskuvarjolla.<\/p><p>Vuodesta 2019 alkaen Veskansan ry on j\u00e4rjest\u00e4nyt ep\u00e4viralliset Polkuformula-ajojen SM- kisat. Kisaan on laadittu omat s\u00e4\u00e4nn\u00f6t, jotka l\u00f6ytyv\u00e4t alta olevasta linkist\u00e4.<\/p><p><a href=\"https:\/\/kylat.ekarjala.fi\/kuivasensaari\/wp-content\/uploads\/sites\/11\/2022\/03\/SAANNOT-SM-KISOIHIN-PDF-280302022.pdf\" target=\"_blank\" rel=\"noopener\">Polkuformulakisojen s\u00e4\u00e4nn\u00f6t<\/a><\/p><p>Ohjeita joukkueille l\u00f6ytyy alla olevasta linkist\u00e4:<\/p><p><a href=\"https:\/\/kylat.ekarjala.fi\/kuivasensaari\/wp-content\/uploads\/sites\/11\/2026\/01\/ohjeet_joukkueille_2026.pdf\" target=\"_blank\" rel=\"noopener\">Ohjeita joukkueille<\/a><\/p>\t\t\t\t\t\t\t\t<\/div>\n\t\t\t\t<\/div>\n\t\t\t\t\t<\/div>\n\t\t<\/div>\n\t\t\t\t\t<\/div>\n\t\t<\/section>\n\t\t\t\t<section class=\"elementor-section elementor-top-section elementor-element elementor-element-25c5170 elementor-section-boxed elementor-section-height-default elementor-section-height-default\" data-id=\"25c5170\" data-element_type=\"section\" data-e-type=\"section\">\n\t\t\t\t\t\t<div class=\"elementor-container elementor-column-gap-default\">\n\t\t\t\t\t<div class=\"elementor-column elementor-col-50 elementor-top-column elementor-element elementor-element-f6c3d08\" data-id=\"f6c3d08\" data-element_type=\"column\" data-e-type=\"column\">\n\t\t\t<div class=\"elementor-widget-wrap elementor-element-populated\">\n\t\t\t\t\t\t<div class=\"elementor-element elementor-element-26ddd2b elementor-widget elementor-widget-text-editor\" data-id=\"26ddd2b\" data-element_type=\"widget\" data-e-type=\"widget\" data-widget_type=\"text-editor.default\">\n\t\t\t\t<div class=\"elementor-widget-container\">\n\t\t\t\t\t\t\t\t\t<p><br \/>Kisat noudattavat oikeiden Formulakisojen kaavaa; aika-ajot ratkaisevat l\u00e4ht\u00f6j\u00e4rjestyksen finaalissa, radalla on varikkoalue, tankkauspaikka, aikasakkojakin annetaan ja tarvittaessa jurykin kokoontuu ratkomaan tehtyj\u00e4 protesteja. Kuohuvat jaetaan ja palkintokorokkeella kolme parasta kastelevat toisensa.<\/p><p>Kaiken kruunaa Savitaipaleen oma Formulalegenda Matti Kyll\u00f6nen, joka juontaa mukaansa tempaavalla tyylill\u00e4\u00e4n koko tapahtuman, joten aitoa ja taattua formulatunnelmaa on kattoon asti.<\/p>\t\t\t\t\t\t\t\t<\/div>\n\t\t\t\t<\/div>\n\t\t\t\t\t<\/div>\n\t\t<\/div>\n\t\t\t\t<div class=\"elementor-column elementor-col-50 elementor-top-column elementor-element elementor-element-4167332\" data-id=\"4167332\" data-element_type=\"column\" data-e-type=\"column\">\n\t\t\t<div class=\"elementor-widget-wrap elementor-element-populated\">\n\t\t\t\t\t\t<div class=\"elementor-element elementor-element-1b38ec6 elementor-widget elementor-widget-image\" data-id=\"1b38ec6\" data-element_type=\"widget\" data-e-type=\"widget\" data-widget_type=\"image.default\">\n\t\t\t\t<div class=\"elementor-widget-container\">\n\t\t\t\t\t\t\t\t\t\t\t\t\t\t\t<img decoding=\"async\" width=\"1024\" height=\"683\" src=\"https:\/\/kylat.ekarjala.fi\/kuivasensaari\/wp-content\/uploads\/sites\/11\/2021\/04\/MATTI-KYLLONEN-1024x683.jpg\" class=\"attachment-large size-large wp-image-1609\" alt=\"\" srcset=\"https:\/\/kylat.ekarjala.fi\/kuivasensaari\/wp-content\/uploads\/sites\/11\/2021\/04\/MATTI-KYLLONEN-1024x683.jpg 1024w, https:\/\/kylat.ekarjala.fi\/kuivasensaari\/wp-content\/uploads\/sites\/11\/2021\/04\/MATTI-KYLLONEN-300x200.jpg 300w, https:\/\/kylat.ekarjala.fi\/kuivasensaari\/wp-content\/uploads\/sites\/11\/2021\/04\/MATTI-KYLLONEN-768x512.jpg 768w, https:\/\/kylat.ekarjala.fi\/kuivasensaari\/wp-content\/uploads\/sites\/11\/2021\/04\/MATTI-KYLLONEN-1536x1024.jpg 1536w, https:\/\/kylat.ekarjala.fi\/kuivasensaari\/wp-content\/uploads\/sites\/11\/2021\/04\/MATTI-KYLLONEN-2048x1365.jpg 2048w\" sizes=\"(max-width: 1024px) 100vw, 1024px\" \/>\t\t\t\t\t\t\t\t\t\t\t\t\t\t\t<\/div>\n\t\t\t\t<\/div>\n\t\t\t\t\t<\/div>\n\t\t<\/div>\n\t\t\t\t\t<\/div>\n\t\t<\/section>\n\t\t\t\t<section class=\"elementor-section elementor-top-section elementor-element elementor-element-39f4875 elementor-section-boxed elementor-section-height-default elementor-section-height-default\" data-id=\"39f4875\" data-element_type=\"section\" data-e-type=\"section\">\n\t\t\t\t\t\t<div class=\"elementor-container elementor-column-gap-default\">\n\t\t\t\t\t<div class=\"elementor-column elementor-col-100 elementor-top-column elementor-element elementor-element-e840e77\" data-id=\"e840e77\" data-element_type=\"column\" data-e-type=\"column\">\n\t\t\t<div class=\"elementor-widget-wrap elementor-element-populated\">\n\t\t\t\t\t\t<div class=\"elementor-element elementor-element-f3afda4 elementor-widget elementor-widget-spacer\" data-id=\"f3afda4\" data-element_type=\"widget\" data-e-type=\"widget\" data-widget_type=\"spacer.default\">\n\t\t\t\t<div class=\"elementor-widget-container\">\n\t\t\t\t\t\t\t<div class=\"elementor-spacer\">\n\t\t\t<div class=\"elementor-spacer-inner\"><\/div>\n\t\t<\/div>\n\t\t\t\t\t\t<\/div>\n\t\t\t\t<\/div>\n\t\t\t\t\t<\/div>\n\t\t<\/div>\n\t\t\t\t\t<\/div>\n\t\t<\/section>\n\t\t\t\t<\/div>\n\t\t","protected":false},"excerpt":{"rendered":"<p>Maalaismarkkinat ja polkuformulat Maalaismarkkinat ja Polkuformula-ajot ovat perinteinen Veskansan ry:n j\u00e4rjest\u00e4m\u00e4 kes\u00e4tapahtuma Savitaipaleella Kuivasensaaressa Pettil\u00e4n kyl\u00e4ss\u00e4. Veskansan ry j\u00e4rjesti ensimm\u00e4iset maalaismarkkinat vuonna 1998, silloin ei viel\u00e4 j\u00e4rjestetty polkuformula kisoja. Ensimm\u00e4iset maalaismarkkina ja Polkuformula kisat j\u00e4rjestettiin vuonna 1999 ja siit\u00e4 eteenp\u00e4in vuosittain, tauko oli 2009 &#8211; 2012, kunnes kisoja jatkettiin 2013 alkaen Nostalgia Formuloilla t\u00e4h\u00e4n p\u00e4iv\u00e4\u00e4n [&hellip;]<\/p>\n","protected":false},"author":175,"featured_media":0,"parent":0,"menu_order":0,"comment_status":"closed","ping_status":"closed","template":"","meta":{"site-sidebar-layout":"no-sidebar","site-content-layout":"page-builder","ast-site-content-layout":"default","site-content-style":"default","site-sidebar-style":"default","ast-global-header-display":"","ast-banner-title-visibility":"","ast-main-header-display":"","ast-hfb-above-header-display":"","ast-hfb-below-header-display":"","ast-hfb-mobile-header-display":"","site-post-title":"disabled","ast-breadcrumbs-content":"","ast-featured-img":"disabled","footer-sml-layout":"","ast-disable-related-posts":"","theme-transparent-header-meta":"default","adv-header-id-meta":"","stick-header-meta":"","header-above-stick-meta":"","header-main-stick-meta":"","header-below-stick-meta":"","astra-migrate-meta-layouts":"default","ast-page-background-enabled":"default","ast-page-background-meta":{"desktop":{"background-color":"","background-image":"","background-repeat":"repeat","background-position":"center center","background-size":"auto","background-attachment":"scroll","background-type":"","background-media":"","overlay-type":"","overlay-color":"","overlay-opacity":"","overlay-gradient":""},"tablet":{"background-color":"","background-image":"","background-repeat":"repeat","background-position":"center center","background-size":"auto","background-attachment":"scroll","background-type":"","background-media":"","overlay-type":"","overlay-color":"","overlay-opacity":"","overlay-gradient":""},"mobile":{"background-color":"","background-image":"","background-repeat":"repeat","background-position":"center center","background-size":"auto","background-attachment":"scroll","background-type":"","background-media":"","overlay-type":"","overlay-color":"","overlay-opacity":"","overlay-gradient":""}},"ast-content-background-meta":{"desktop":{"background-color":"var(--ast-global-color-5)","background-image":"","background-repeat":"repeat","background-position":"center center","background-size":"auto","background-attachment":"scroll","background-type":"","background-media":"","overlay-type":"","overlay-color":"","overlay-opacity":"","overlay-gradient":""},"tablet":{"background-color":"var(--ast-global-color-5)","background-image":"","background-repeat":"repeat","background-position":"center center","background-size":"auto","background-attachment":"scroll","background-type":"","background-media":"","overlay-type":"","overlay-color":"","overlay-opacity":"","overlay-gradient":""},"mobile":{"background-color":"var(--ast-global-color-5)","background-image":"","background-repeat":"repeat","background-position":"center center","background-size":"auto","background-attachment":"scroll","background-type":"","background-media":"","overlay-type":"","overlay-color":"","overlay-opacity":"","overlay-gradient":""}},"footnotes":""},"class_list":["post-2064","page","type-page","status-publish","hentry"],"_links":{"self":[{"href":"https:\/\/kylat.ekarjala.fi\/kuivasensaari\/wp-json\/wp\/v2\/pages\/2064","targetHints":{"allow":["GET"]}}],"collection":[{"href":"https:\/\/kylat.ekarjala.fi\/kuivasensaari\/wp-json\/wp\/v2\/pages"}],"about":[{"href":"https:\/\/kylat.ekarjala.fi\/kuivasensaari\/wp-json\/wp\/v2\/types\/page"}],"author":[{"embeddable":true,"href":"https:\/\/kylat.ekarjala.fi\/kuivasensaari\/wp-json\/wp\/v2\/users\/175"}],"replies":[{"embeddable":true,"href":"https:\/\/kylat.ekarjala.fi\/kuivasensaari\/wp-json\/wp\/v2\/comments?post=2064"}],"version-history":[{"count":20,"href":"https:\/\/kylat.ekarjala.fi\/kuivasensaari\/wp-json\/wp\/v2\/pages\/2064\/revisions"}],"predecessor-version":[{"id":3432,"href":"https:\/\/kylat.ekarjala.fi\/kuivasensaari\/wp-json\/wp\/v2\/pages\/2064\/revisions\/3432"}],"wp:attachment":[{"href":"https:\/\/kylat.ekarjala.fi\/kuivasensaari\/wp-json\/wp\/v2\/media?parent=2064"}],"curies":[{"name":"wp","href":"https:\/\/api.w.org\/{rel}","templated":true}]}}