{"id":2084,"date":"2021-07-29T11:52:49","date_gmt":"2021-07-29T08:52:49","guid":{"rendered":"https:\/\/kylat.ekarjala.fi\/kuivasensaari\/?page_id=2084"},"modified":"2026-01-19T15:01:33","modified_gmt":"2026-01-19T13:01:33","slug":"ruispuurojuhla","status":"publish","type":"page","link":"https:\/\/kylat.ekarjala.fi\/kuivasensaari\/ruispuurojuhla\/","title":{"rendered":"Pettil\u00e4n ruispuurojuhla"},"content":{"rendered":"\t\t<div data-elementor-type=\"wp-page\" data-elementor-id=\"2084\" class=\"elementor elementor-2084\" data-elementor-post-type=\"page\">\n\t\t\t\t\t\t<section class=\"elementor-section elementor-top-section elementor-element elementor-element-bebc5bc elementor-section-boxed elementor-section-height-default elementor-section-height-default\" data-id=\"bebc5bc\" data-element_type=\"section\" data-e-type=\"section\" data-settings=\"{&quot;background_background&quot;:&quot;classic&quot;}\">\n\t\t\t\t\t\t\t<div class=\"elementor-background-overlay\"><\/div>\n\t\t\t\t\t\t\t<div class=\"elementor-container elementor-column-gap-default\">\n\t\t\t\t\t<div class=\"elementor-column elementor-col-100 elementor-top-column elementor-element elementor-element-f0c9687\" data-id=\"f0c9687\" data-element_type=\"column\" data-e-type=\"column\">\n\t\t\t<div class=\"elementor-widget-wrap elementor-element-populated\">\n\t\t\t\t\t\t<div class=\"elementor-element elementor-element-eb6eb94 animated-slow elementor-invisible elementor-widget elementor-widget-heading\" data-id=\"eb6eb94\" data-element_type=\"widget\" data-e-type=\"widget\" data-settings=\"{&quot;_animation&quot;:&quot;fadeIn&quot;}\" data-widget_type=\"heading.default\">\n\t\t\t\t<div class=\"elementor-widget-container\">\n\t\t\t\t\t<h1 class=\"elementor-heading-title elementor-size-default\">Pettil\u00e4n ruispuurojuhla<\/h1>\t\t\t\t<\/div>\n\t\t\t\t<\/div>\n\t\t\t\t\t<\/div>\n\t\t<\/div>\n\t\t\t\t\t<\/div>\n\t\t<\/section>\n\t\t\t\t<section class=\"elementor-section elementor-top-section elementor-element elementor-element-41243ff elementor-section-boxed elementor-section-height-default elementor-section-height-default\" data-id=\"41243ff\" data-element_type=\"section\" data-e-type=\"section\">\n\t\t\t\t\t\t<div class=\"elementor-container elementor-column-gap-default\">\n\t\t\t\t\t<div class=\"elementor-column elementor-col-100 elementor-top-column elementor-element elementor-element-772f776\" data-id=\"772f776\" data-element_type=\"column\" data-e-type=\"column\">\n\t\t\t<div class=\"elementor-widget-wrap elementor-element-populated\">\n\t\t\t\t\t\t<div class=\"elementor-element elementor-element-697f68b elementor-widget elementor-widget-spacer\" data-id=\"697f68b\" data-element_type=\"widget\" data-e-type=\"widget\" data-widget_type=\"spacer.default\">\n\t\t\t\t<div class=\"elementor-widget-container\">\n\t\t\t\t\t\t\t<div class=\"elementor-spacer\">\n\t\t\t<div class=\"elementor-spacer-inner\"><\/div>\n\t\t<\/div>\n\t\t\t\t\t\t<\/div>\n\t\t\t\t<\/div>\n\t\t\t\t\t<\/div>\n\t\t<\/div>\n\t\t\t\t\t<\/div>\n\t\t<\/section>\n\t\t\t\t<section class=\"elementor-section elementor-top-section elementor-element elementor-element-31eebb3 elementor-section-boxed elementor-section-height-default elementor-section-height-default\" data-id=\"31eebb3\" data-element_type=\"section\" data-e-type=\"section\">\n\t\t\t\t\t\t<div class=\"elementor-container elementor-column-gap-default\">\n\t\t\t\t\t<div class=\"elementor-column elementor-col-100 elementor-top-column elementor-element elementor-element-e530e66\" data-id=\"e530e66\" data-element_type=\"column\" data-e-type=\"column\">\n\t\t\t<div class=\"elementor-widget-wrap elementor-element-populated\">\n\t\t\t\t\t\t<section class=\"elementor-section elementor-inner-section elementor-element elementor-element-41c924d elementor-section-boxed elementor-section-height-default elementor-section-height-default\" data-id=\"41c924d\" data-element_type=\"section\" data-e-type=\"section\">\n\t\t\t\t\t\t<div class=\"elementor-container elementor-column-gap-default\">\n\t\t\t\t\t<div class=\"elementor-column elementor-col-50 elementor-inner-column elementor-element elementor-element-626c11f\" data-id=\"626c11f\" data-element_type=\"column\" data-e-type=\"column\">\n\t\t\t<div class=\"elementor-widget-wrap elementor-element-populated\">\n\t\t\t\t\t\t<div class=\"elementor-element elementor-element-e60c641 elementor-widget elementor-widget-text-editor\" data-id=\"e60c641\" data-element_type=\"widget\" data-e-type=\"widget\" data-widget_type=\"text-editor.default\">\n\t\t\t\t<div class=\"elementor-widget-container\">\n\t\t\t\t\t\t\t\t\t<p>Pettil\u00e4n Ruispuuurojuhla on uusinta uutta Veskansan ry:n<br>toiminnassa. Tapahtuma j\u00e4rjestet\u00e4\u00e4n kulttuurihistoriallisesti arvokkaan ja<br>suojellun entisen Pettil\u00e4n kansakoulun pihapiiriss\u00e4. Tapahtuma kokoaa<br>yhteen niin paikaliset kuin vapaa-ajan asukkaatkin sek\u00e4 yst\u00e4v\u00e4t ja<br>sukulaiset.<\/p>\n<p>Tapahtuma avataan juhlavasti Suomen lipun nostolla. Muusta ohjelmasta<br>voidaan mainita mm. musiikki- ja lauluesitykset, myyt\u00e4v\u00e4n\u00e4 on paikallisia<br>tuotteita; perunaa, rieskaa, kakkuja sek\u00e4 kahvia ja leivonnaisia.<br>Paistettuja lettuja ja hilloakin on my\u00f6s tarjolla. Kyl\u00e4keskuksen Pikku<br>Puodissa on tarjolla virvokkeita, j\u00e4\u00e4tel\u00f6\u00e4 ja makeisia.<\/p>\n<p>Kun on kyse Ruispuurojuhlasta niin kaiken kruunaa paikan p\u00e4\u00e4ll\u00e4 aamusta<br>alkaen pitk\u00e4\u00e4n haudutettu herkullinen ruispuuro voisilm\u00e4n kera.<\/p>\n<p>Pettil\u00e4n Ruispuurojuhla pidet\u00e4\u00e4n 8.8.2026 klo 12.00 &#8211; 15.00<br>osoitteessa Kuivasensaarentie 1196 54950 Pettil\u00e4<\/p>\t\t\t\t\t\t\t\t<\/div>\n\t\t\t\t<\/div>\n\t\t\t\t\t<\/div>\n\t\t<\/div>\n\t\t\t\t<div class=\"elementor-column elementor-col-50 elementor-inner-column elementor-element elementor-element-eff6e98\" data-id=\"eff6e98\" data-element_type=\"column\" data-e-type=\"column\">\n\t\t\t<div class=\"elementor-widget-wrap elementor-element-populated\">\n\t\t\t\t\t\t<div class=\"elementor-element elementor-element-a365b16 elementor-widget elementor-widget-gallery\" data-id=\"a365b16\" data-element_type=\"widget\" data-e-type=\"widget\" data-settings=\"{&quot;lazyload&quot;:&quot;yes&quot;,&quot;gallery_layout&quot;:&quot;grid&quot;,&quot;columns&quot;:4,&quot;columns_tablet&quot;:2,&quot;columns_mobile&quot;:1,&quot;gap&quot;:{&quot;unit&quot;:&quot;px&quot;,&quot;size&quot;:10,&quot;sizes&quot;:[]},&quot;gap_tablet&quot;:{&quot;unit&quot;:&quot;px&quot;,&quot;size&quot;:10,&quot;sizes&quot;:[]},&quot;gap_mobile&quot;:{&quot;unit&quot;:&quot;px&quot;,&quot;size&quot;:10,&quot;sizes&quot;:[]},&quot;link_to&quot;:&quot;file&quot;,&quot;aspect_ratio&quot;:&quot;3:2&quot;,&quot;overlay_background&quot;:&quot;yes&quot;,&quot;content_hover_animation&quot;:&quot;fade-in&quot;}\" data-widget_type=\"gallery.default\">\n\t\t\t\t<div class=\"elementor-widget-container\">\n\t\t\t\t\t\t\t<div class=\"elementor-gallery__container\">\n\t\t\t\t\t\t\t<a class=\"e-gallery-item elementor-gallery-item elementor-animated-content\" href=\"https:\/\/kylat.ekarjala.fi\/kuivasensaari\/wp-content\/uploads\/sites\/11\/2023\/02\/ruispelto_ja_haitarimies.jpg\" data-elementor-open-lightbox=\"yes\" data-elementor-lightbox-slideshow=\"a365b16\" data-elementor-lightbox-title=\"ruispelto_ja_haitarimies\" data-e-action-hash=\"#elementor-action%3Aaction%3Dlightbox%26settings%3DeyJpZCI6MjgzNCwidXJsIjoiaHR0cHM6XC9cL2t5bGF0LmVrYXJqYWxhLmZpXC9rdWl2YXNlbnNhYXJpXC93cC1jb250ZW50XC91cGxvYWRzXC9zaXRlc1wvMTFcLzIwMjNcLzAyXC9ydWlzcGVsdG9famFfaGFpdGFyaW1pZXMuanBnIiwic2xpZGVzaG93IjoiYTM2NWIxNiJ9\">\n\t\t\t\t\t<div class=\"e-gallery-image elementor-gallery-item__image\" data-thumbnail=\"https:\/\/kylat.ekarjala.fi\/kuivasensaari\/wp-content\/uploads\/sites\/11\/2023\/02\/ruispelto_ja_haitarimies-300x200.jpg\" data-width=\"300\" data-height=\"200\" aria-label=\"\" role=\"img\" ><\/div>\n\t\t\t\t\t\t\t\t\t\t\t<div class=\"elementor-gallery-item__overlay\"><\/div>\n\t\t\t\t\t\t\t\t\t\t\t\t\t\t<\/a>\n\t\t\t\t\t\t\t<a class=\"e-gallery-item elementor-gallery-item elementor-animated-content\" href=\"https:\/\/kylat.ekarjala.fi\/kuivasensaari\/wp-content\/uploads\/sites\/11\/2023\/02\/ruiskukka.jpg\" data-elementor-open-lightbox=\"yes\" data-elementor-lightbox-slideshow=\"a365b16\" data-elementor-lightbox-title=\"ruiskukka\" data-e-action-hash=\"#elementor-action%3Aaction%3Dlightbox%26settings%3DeyJpZCI6MjgzNSwidXJsIjoiaHR0cHM6XC9cL2t5bGF0LmVrYXJqYWxhLmZpXC9rdWl2YXNlbnNhYXJpXC93cC1jb250ZW50XC91cGxvYWRzXC9zaXRlc1wvMTFcLzIwMjNcLzAyXC9ydWlza3Vra2EuanBnIiwic2xpZGVzaG93IjoiYTM2NWIxNiJ9\">\n\t\t\t\t\t<div class=\"e-gallery-image elementor-gallery-item__image\" data-thumbnail=\"https:\/\/kylat.ekarjala.fi\/kuivasensaari\/wp-content\/uploads\/sites\/11\/2023\/02\/ruiskukka-300x200.jpg\" data-width=\"300\" data-height=\"200\" aria-label=\"\" role=\"img\" ><\/div>\n\t\t\t\t\t\t\t\t\t\t\t<div class=\"elementor-gallery-item__overlay\"><\/div>\n\t\t\t\t\t\t\t\t\t\t\t\t\t\t<\/a>\n\t\t\t\t\t\t\t<a class=\"e-gallery-item elementor-gallery-item elementor-animated-content\" href=\"https:\/\/kylat.ekarjala.fi\/kuivasensaari\/wp-content\/uploads\/sites\/11\/2023\/02\/ruiskuhilas.jpg\" data-elementor-open-lightbox=\"yes\" data-elementor-lightbox-slideshow=\"a365b16\" data-elementor-lightbox-title=\"ruiskuhilas\" data-e-action-hash=\"#elementor-action%3Aaction%3Dlightbox%26settings%3DeyJpZCI6MjgzNiwidXJsIjoiaHR0cHM6XC9cL2t5bGF0LmVrYXJqYWxhLmZpXC9rdWl2YXNlbnNhYXJpXC93cC1jb250ZW50XC91cGxvYWRzXC9zaXRlc1wvMTFcLzIwMjNcLzAyXC9ydWlza3VoaWxhcy5qcGciLCJzbGlkZXNob3ciOiJhMzY1YjE2In0%3D\">\n\t\t\t\t\t<div class=\"e-gallery-image elementor-gallery-item__image\" data-thumbnail=\"https:\/\/kylat.ekarjala.fi\/kuivasensaari\/wp-content\/uploads\/sites\/11\/2023\/02\/ruiskuhilas-300x200.jpg\" data-width=\"300\" data-height=\"200\" aria-label=\"\" role=\"img\" ><\/div>\n\t\t\t\t\t\t\t\t\t\t\t<div class=\"elementor-gallery-item__overlay\"><\/div>\n\t\t\t\t\t\t\t\t\t\t\t\t\t\t<\/a>\n\t\t\t\t\t\t\t<a class=\"e-gallery-item elementor-gallery-item elementor-animated-content\" href=\"https:\/\/kylat.ekarjala.fi\/kuivasensaari\/wp-content\/uploads\/sites\/11\/2023\/02\/miehet_ja_kuhlas.jpg\" data-elementor-open-lightbox=\"yes\" data-elementor-lightbox-slideshow=\"a365b16\" data-elementor-lightbox-title=\"miehet_ja_kuhlas\" data-e-action-hash=\"#elementor-action%3Aaction%3Dlightbox%26settings%3DeyJpZCI6MjgzNywidXJsIjoiaHR0cHM6XC9cL2t5bGF0LmVrYXJqYWxhLmZpXC9rdWl2YXNlbnNhYXJpXC93cC1jb250ZW50XC91cGxvYWRzXC9zaXRlc1wvMTFcLzIwMjNcLzAyXC9taWVoZXRfamFfa3VobGFzLmpwZyIsInNsaWRlc2hvdyI6ImEzNjViMTYifQ%3D%3D\">\n\t\t\t\t\t<div class=\"e-gallery-image elementor-gallery-item__image\" data-thumbnail=\"https:\/\/kylat.ekarjala.fi\/kuivasensaari\/wp-content\/uploads\/sites\/11\/2023\/02\/miehet_ja_kuhlas-300x200.jpg\" data-width=\"300\" data-height=\"200\" aria-label=\"\" role=\"img\" ><\/div>\n\t\t\t\t\t\t\t\t\t\t\t<div class=\"elementor-gallery-item__overlay\"><\/div>\n\t\t\t\t\t\t\t\t\t\t\t\t\t\t<\/a>\n\t\t\t\t\t\t\t<a class=\"e-gallery-item elementor-gallery-item elementor-animated-content\" href=\"https:\/\/kylat.ekarjala.fi\/kuivasensaari\/wp-content\/uploads\/sites\/11\/2023\/02\/valmiit.jpg\" data-elementor-open-lightbox=\"yes\" data-elementor-lightbox-slideshow=\"a365b16\" data-elementor-lightbox-title=\"valmiit\" data-e-action-hash=\"#elementor-action%3Aaction%3Dlightbox%26settings%3DeyJpZCI6MjgzOCwidXJsIjoiaHR0cHM6XC9cL2t5bGF0LmVrYXJqYWxhLmZpXC9rdWl2YXNlbnNhYXJpXC93cC1jb250ZW50XC91cGxvYWRzXC9zaXRlc1wvMTFcLzIwMjNcLzAyXC92YWxtaWl0LmpwZyIsInNsaWRlc2hvdyI6ImEzNjViMTYifQ%3D%3D\">\n\t\t\t\t\t<div class=\"e-gallery-image elementor-gallery-item__image\" data-thumbnail=\"https:\/\/kylat.ekarjala.fi\/kuivasensaari\/wp-content\/uploads\/sites\/11\/2023\/02\/valmiit-300x200.jpg\" data-width=\"300\" data-height=\"200\" aria-label=\"\" role=\"img\" ><\/div>\n\t\t\t\t\t\t\t\t\t\t\t<div class=\"elementor-gallery-item__overlay\"><\/div>\n\t\t\t\t\t\t\t\t\t\t\t\t\t\t<\/a>\n\t\t\t\t\t<\/div>\n\t\t\t\t\t<\/div>\n\t\t\t\t<\/div>\n\t\t\t\t\t<\/div>\n\t\t<\/div>\n\t\t\t\t\t<\/div>\n\t\t<\/section>\n\t\t\t\t\t<\/div>\n\t\t<\/div>\n\t\t\t\t\t<\/div>\n\t\t<\/section>\n\t\t\t\t<section class=\"elementor-section elementor-top-section elementor-element elementor-element-4bcd49e elementor-section-boxed elementor-section-height-default elementor-section-height-default\" data-id=\"4bcd49e\" data-element_type=\"section\" data-e-type=\"section\">\n\t\t\t\t\t\t<div class=\"elementor-container elementor-column-gap-default\">\n\t\t\t\t\t<div class=\"elementor-column elementor-col-100 elementor-top-column elementor-element elementor-element-44ee1ab\" data-id=\"44ee1ab\" data-element_type=\"column\" data-e-type=\"column\">\n\t\t\t<div class=\"elementor-widget-wrap elementor-element-populated\">\n\t\t\t\t\t\t<div class=\"elementor-element elementor-element-5b8028a elementor-widget elementor-widget-spacer\" data-id=\"5b8028a\" data-element_type=\"widget\" data-e-type=\"widget\" data-widget_type=\"spacer.default\">\n\t\t\t\t<div class=\"elementor-widget-container\">\n\t\t\t\t\t\t\t<div class=\"elementor-spacer\">\n\t\t\t<div class=\"elementor-spacer-inner\"><\/div>\n\t\t<\/div>\n\t\t\t\t\t\t<\/div>\n\t\t\t\t<\/div>\n\t\t\t\t\t<\/div>\n\t\t<\/div>\n\t\t\t\t\t<\/div>\n\t\t<\/section>\n\t\t\t\t<\/div>\n\t\t","protected":false},"excerpt":{"rendered":"<p>Pettil\u00e4n ruispuurojuhla Pettil\u00e4n Ruispuuurojuhla on uusinta uutta Veskansan ry:ntoiminnassa. Tapahtuma j\u00e4rjestet\u00e4\u00e4n kulttuurihistoriallisesti arvokkaan jasuojellun entisen Pettil\u00e4n kansakoulun pihapiiriss\u00e4. Tapahtuma kokoaayhteen niin paikaliset kuin vapaa-ajan asukkaatkin sek\u00e4 yst\u00e4v\u00e4t jasukulaiset. Tapahtuma avataan juhlavasti Suomen lipun nostolla. Muusta ohjelmastavoidaan mainita mm. musiikki- ja lauluesitykset, myyt\u00e4v\u00e4n\u00e4 on paikallisiatuotteita; perunaa, rieskaa, kakkuja sek\u00e4 kahvia ja leivonnaisia.Paistettuja lettuja ja hilloakin on [&hellip;]<\/p>\n","protected":false},"author":175,"featured_media":0,"parent":0,"menu_order":0,"comment_status":"closed","ping_status":"closed","template":"","meta":{"site-sidebar-layout":"no-sidebar","site-content-layout":"page-builder","ast-site-content-layout":"default","site-content-style":"default","site-sidebar-style":"default","ast-global-header-display":"","ast-banner-title-visibility":"","ast-main-header-display":"","ast-hfb-above-header-display":"","ast-hfb-below-header-display":"","ast-hfb-mobile-header-display":"","site-post-title":"disabled","ast-breadcrumbs-content":"","ast-featured-img":"disabled","footer-sml-layout":"","ast-disable-related-posts":"","theme-transparent-header-meta":"default","adv-header-id-meta":"","stick-header-meta":"","header-above-stick-meta":"","header-main-stick-meta":"","header-below-stick-meta":"","astra-migrate-meta-layouts":"default","ast-page-background-enabled":"default","ast-page-background-meta":{"desktop":{"background-color":"","background-image":"","background-repeat":"repeat","background-position":"center center","background-size":"auto","background-attachment":"scroll","background-type":"","background-media":"","overlay-type":"","overlay-color":"","overlay-opacity":"","overlay-gradient":""},"tablet":{"background-color":"","background-image":"","background-repeat":"repeat","background-position":"center center","background-size":"auto","background-attachment":"scroll","background-type":"","background-media":"","overlay-type":"","overlay-color":"","overlay-opacity":"","overlay-gradient":""},"mobile":{"background-color":"","background-image":"","background-repeat":"repeat","background-position":"center center","background-size":"auto","background-attachment":"scroll","background-type":"","background-media":"","overlay-type":"","overlay-color":"","overlay-opacity":"","overlay-gradient":""}},"ast-content-background-meta":{"desktop":{"background-color":"var(--ast-global-color-5)","background-image":"","background-repeat":"repeat","background-position":"center center","background-size":"auto","background-attachment":"scroll","background-type":"","background-media":"","overlay-type":"","overlay-color":"","overlay-opacity":"","overlay-gradient":""},"tablet":{"background-color":"var(--ast-global-color-5)","background-image":"","background-repeat":"repeat","background-position":"center center","background-size":"auto","background-attachment":"scroll","background-type":"","background-media":"","overlay-type":"","overlay-color":"","overlay-opacity":"","overlay-gradient":""},"mobile":{"background-color":"var(--ast-global-color-5)","background-image":"","background-repeat":"repeat","background-position":"center center","background-size":"auto","background-attachment":"scroll","background-type":"","background-media":"","overlay-type":"","overlay-color":"","overlay-opacity":"","overlay-gradient":""}},"footnotes":""},"class_list":["post-2084","page","type-page","status-publish","hentry"],"_links":{"self":[{"href":"https:\/\/kylat.ekarjala.fi\/kuivasensaari\/wp-json\/wp\/v2\/pages\/2084","targetHints":{"allow":["GET"]}}],"collection":[{"href":"https:\/\/kylat.ekarjala.fi\/kuivasensaari\/wp-json\/wp\/v2\/pages"}],"about":[{"href":"https:\/\/kylat.ekarjala.fi\/kuivasensaari\/wp-json\/wp\/v2\/types\/page"}],"author":[{"embeddable":true,"href":"https:\/\/kylat.ekarjala.fi\/kuivasensaari\/wp-json\/wp\/v2\/users\/175"}],"replies":[{"embeddable":true,"href":"https:\/\/kylat.ekarjala.fi\/kuivasensaari\/wp-json\/wp\/v2\/comments?post=2084"}],"version-history":[{"count":20,"href":"https:\/\/kylat.ekarjala.fi\/kuivasensaari\/wp-json\/wp\/v2\/pages\/2084\/revisions"}],"predecessor-version":[{"id":3435,"href":"https:\/\/kylat.ekarjala.fi\/kuivasensaari\/wp-json\/wp\/v2\/pages\/2084\/revisions\/3435"}],"wp:attachment":[{"href":"https:\/\/kylat.ekarjala.fi\/kuivasensaari\/wp-json\/wp\/v2\/media?parent=2084"}],"curies":[{"name":"wp","href":"https:\/\/api.w.org\/{rel}","templated":true}]}}