{"id":2574,"date":"2023-01-09T12:00:30","date_gmt":"2023-01-09T10:00:30","guid":{"rendered":"https:\/\/kylat.ekarjala.fi\/kuivasensaari\/?page_id=2574"},"modified":"2023-11-27T13:39:50","modified_gmt":"2023-11-27T11:39:50","slug":"jaseneksi","status":"publish","type":"page","link":"https:\/\/kylat.ekarjala.fi\/kuivasensaari\/jaseneksi\/","title":{"rendered":"Liity j\u00e4seneksi"},"content":{"rendered":"\t\t<div data-elementor-type=\"wp-page\" data-elementor-id=\"2574\" class=\"elementor elementor-2574\" data-elementor-post-type=\"page\">\n\t\t\t\t\t\t<section class=\"elementor-section elementor-top-section elementor-element elementor-element-8a92361 elementor-section-boxed elementor-section-height-default elementor-section-height-default\" data-id=\"8a92361\" data-element_type=\"section\" data-e-type=\"section\" data-settings=\"{&quot;background_background&quot;:&quot;classic&quot;}\">\n\t\t\t\t\t\t\t<div class=\"elementor-background-overlay\"><\/div>\n\t\t\t\t\t\t\t<div class=\"elementor-container elementor-column-gap-default\">\n\t\t\t\t\t<div class=\"elementor-column elementor-col-100 elementor-top-column elementor-element elementor-element-d47c77b animated-slow elementor-invisible\" data-id=\"d47c77b\" data-element_type=\"column\" data-e-type=\"column\" data-settings=\"{&quot;animation&quot;:&quot;fadeIn&quot;}\">\n\t\t\t<div class=\"elementor-widget-wrap elementor-element-populated\">\n\t\t\t\t\t\t<div class=\"elementor-element elementor-element-08e244a elementor-widget elementor-widget-heading\" data-id=\"08e244a\" data-element_type=\"widget\" data-e-type=\"widget\" data-widget_type=\"heading.default\">\n\t\t\t\t<div class=\"elementor-widget-container\">\n\t\t\t\t\t<h1 class=\"elementor-heading-title elementor-size-default\">liity j\u00e4seneksi<\/h1>\t\t\t\t<\/div>\n\t\t\t\t<\/div>\n\t\t\t\t\t<\/div>\n\t\t<\/div>\n\t\t\t\t\t<\/div>\n\t\t<\/section>\n\t\t\t\t<section class=\"elementor-section elementor-top-section elementor-element elementor-element-2b6552f elementor-section-boxed elementor-section-height-default elementor-section-height-default\" data-id=\"2b6552f\" data-element_type=\"section\" data-e-type=\"section\">\n\t\t\t\t\t\t<div class=\"elementor-container elementor-column-gap-default\">\n\t\t\t\t\t<div class=\"elementor-column elementor-col-100 elementor-top-column elementor-element elementor-element-240546d\" data-id=\"240546d\" data-element_type=\"column\" data-e-type=\"column\">\n\t\t\t<div class=\"elementor-widget-wrap elementor-element-populated\">\n\t\t\t\t\t\t<div class=\"elementor-element elementor-element-968c152 elementor-widget elementor-widget-spacer\" data-id=\"968c152\" data-element_type=\"widget\" data-e-type=\"widget\" data-widget_type=\"spacer.default\">\n\t\t\t\t<div class=\"elementor-widget-container\">\n\t\t\t\t\t\t\t<div class=\"elementor-spacer\">\n\t\t\t<div class=\"elementor-spacer-inner\"><\/div>\n\t\t<\/div>\n\t\t\t\t\t\t<\/div>\n\t\t\t\t<\/div>\n\t\t\t\t\t<\/div>\n\t\t<\/div>\n\t\t\t\t\t<\/div>\n\t\t<\/section>\n\t\t\t\t<section class=\"elementor-section elementor-top-section elementor-element elementor-element-19f4166 elementor-section-boxed elementor-section-height-default elementor-section-height-default\" data-id=\"19f4166\" data-element_type=\"section\" data-e-type=\"section\">\n\t\t\t\t\t\t<div class=\"elementor-container elementor-column-gap-default\">\n\t\t\t\t\t<div class=\"elementor-column elementor-col-100 elementor-top-column elementor-element elementor-element-aee90e4\" data-id=\"aee90e4\" data-element_type=\"column\" data-e-type=\"column\">\n\t\t\t<div class=\"elementor-widget-wrap elementor-element-populated\">\n\t\t\t\t\t\t<div class=\"elementor-element elementor-element-14876b2 elementor-widget elementor-widget-text-editor\" data-id=\"14876b2\" data-element_type=\"widget\" data-e-type=\"widget\" data-widget_type=\"text-editor.default\">\n\t\t\t\t<div class=\"elementor-widget-container\">\n\t\t\t\t\t\t\t\t\t<p>OHJEET VESKANSAN RY:n J\u00c4SENEKSI LIITTYMIST\u00c4 VARTEN<\/p><p>T\u00e4ytt\u00e4m\u00e4ll\u00e4 oheisen lomakkeen siit\u00e4 v\u00e4littyy tieto Veskansan ry:n s\u00e4hk\u00f6postiin. Maksettuasi j\u00e4senmaksun<br \/>olet liittynyt yhdistykseemme ja laitamme tietosi yhdistyksen j\u00e4senrekisteriin. Perehdy yhdistyksemme<br \/>s\u00e4\u00e4nt\u00f6ihin, jotka l\u00f6yd\u00e4t n\u00e4ilt\u00e4 sivuilta kohdasta YHDISTYS.<\/p><p><strong>Jos maksat oman maksusi lis\u00e4ksi my\u00f6s jonkun toisen henkil\u00f6n j\u00e4senmaksun niin mainitse kyseisen<\/strong><br \/><strong>henkil\u00f6n nimi lomakkeen kohdassa VIESTI. T\u00e4ll\u00e4 tavoin helpotat j\u00e4senrekisterimme yll\u00e4pitoa.<\/strong><\/p><p>Yhdistyksemme muusta toiminnasta saat tietoa my\u00f6s n\u00e4ilt\u00e4 sivuilta sek\u00e4 <a href=\"https:\/\/www.facebook.com\/veskansary\" target=\"_blank\" rel=\"noopener\" data-wplink-edit=\"true\">Facebook<\/a> sivuilta. Lis\u00e4ksi n\u00e4iden<br \/>sivujen kohdassa YHDISTYS julkaisemme kaksi kertaa vuodessa j\u00e4senkirjeen. S\u00e4hk\u00f6postin kautta l\u00e4het\u00e4mme<br \/>tarpeen niin vaatiessa my\u00f6s j\u00e4sentiedotteita.<\/p><p>Jos sinulla on kysymyksi\u00e4, niin ota yhteytt\u00e4 n\u00e4iden sivujen kohdan OTA YHTEYTT\u00c4 avulla, soittamalla puh<br \/>050- 3133943 tai s-postitse veskansary(at)gmail.com<br \/>L\u00e4mpim\u00e4sti tervetuloa Veskansan ry:n j\u00e4seneksi.<\/p><p>J\u00e4senmaksu tilille:<br \/>Tili: FI72 5415 0040 0404 69<br \/>Saaja: Veskansan ry<br \/>Euroa: 25<br \/>Viite: 1012<\/p>\t\t\t\t\t\t\t\t<\/div>\n\t\t\t\t<\/div>\n\t\t\t\t\t<\/div>\n\t\t<\/div>\n\t\t\t\t\t<\/div>\n\t\t<\/section>\n\t\t\t\t<section class=\"elementor-section elementor-top-section elementor-element elementor-element-502a74a elementor-section-boxed elementor-section-height-default elementor-section-height-default\" data-id=\"502a74a\" data-element_type=\"section\" data-e-type=\"section\">\n\t\t\t\t\t\t<div class=\"elementor-container elementor-column-gap-default\">\n\t\t\t\t\t<div class=\"elementor-column elementor-col-100 elementor-top-column elementor-element elementor-element-54b1882\" data-id=\"54b1882\" data-element_type=\"column\" data-e-type=\"column\">\n\t\t\t<div class=\"elementor-widget-wrap elementor-element-populated\">\n\t\t\t\t\t\t<div class=\"elementor-element elementor-element-66043d0 elementor-button-align-start elementor-mobile-button-align-center elementor-widget elementor-widget-form\" data-id=\"66043d0\" data-element_type=\"widget\" data-e-type=\"widget\" data-settings=\"{&quot;button_width&quot;:&quot;40&quot;,&quot;step_next_label&quot;:&quot;Next&quot;,&quot;step_previous_label&quot;:&quot;Previous&quot;,&quot;button_width_mobile&quot;:&quot;100&quot;,&quot;step_type&quot;:&quot;number_text&quot;,&quot;step_icon_shape&quot;:&quot;circle&quot;}\" data-widget_type=\"form.default\">\n\t\t\t\t<div class=\"elementor-widget-container\">\n\t\t\t\t\t\t\t<form class=\"elementor-form\" method=\"post\" name=\"jasenlomake\" aria-label=\"jasenlomake\">\n\t\t\t<input type=\"hidden\" name=\"post_id\" value=\"2574\"\/>\n\t\t\t<input type=\"hidden\" name=\"form_id\" value=\"66043d0\"\/>\n\t\t\t<input type=\"hidden\" name=\"referer_title\" value=\"Liity j\u00e4seneksi\" \/>\n\n\t\t\t\t\t\t\t<input type=\"hidden\" name=\"queried_id\" value=\"2574\"\/>\n\t\t\t\n\t\t\t<div class=\"elementor-form-fields-wrapper elementor-labels-above\">\n\t\t\t\t\t\t\t\t<div class=\"elementor-field-type-text elementor-field-group elementor-column elementor-field-group-name elementor-col-30 elementor-field-required\">\n\t\t\t\t\t\t\t\t\t\t\t\t<label for=\"form-field-name\" class=\"elementor-field-label\">\n\t\t\t\t\t\t\t\tEtunimi\t\t\t\t\t\t\t<\/label>\n\t\t\t\t\t\t\t\t\t\t\t\t\t\t<input size=\"1\" type=\"text\" name=\"form_fields[name]\" id=\"form-field-name\" class=\"elementor-field elementor-size-sm  elementor-field-textual\" required=\"required\">\n\t\t\t\t\t\t\t\t\t\t\t<\/div>\n\t\t\t\t\t\t\t\t<div class=\"elementor-field-type-text elementor-field-group elementor-column elementor-field-group-field_85bd8cb elementor-col-30 elementor-field-required\">\n\t\t\t\t\t\t\t\t\t\t\t\t<label for=\"form-field-field_85bd8cb\" class=\"elementor-field-label\">\n\t\t\t\t\t\t\t\tSukunimi\t\t\t\t\t\t\t<\/label>\n\t\t\t\t\t\t\t\t\t\t\t\t\t\t<input size=\"1\" type=\"text\" name=\"form_fields[field_85bd8cb]\" id=\"form-field-field_85bd8cb\" class=\"elementor-field elementor-size-sm  elementor-field-textual\" required=\"required\">\n\t\t\t\t\t\t\t\t\t\t\t<\/div>\n\t\t\t\t\t\t\t\t<div class=\"elementor-field-type-email elementor-field-group elementor-column elementor-field-group-email elementor-col-70 elementor-field-required\">\n\t\t\t\t\t\t\t\t\t\t\t\t<label for=\"form-field-email\" class=\"elementor-field-label\">\n\t\t\t\t\t\t\t\tS\u00e4hk\u00f6posti\t\t\t\t\t\t\t<\/label>\n\t\t\t\t\t\t\t\t\t\t\t\t\t\t<input size=\"1\" type=\"email\" name=\"form_fields[email]\" id=\"form-field-email\" class=\"elementor-field elementor-size-sm  elementor-field-textual\" required=\"required\">\n\t\t\t\t\t\t\t\t\t\t\t<\/div>\n\t\t\t\t\t\t\t\t<div class=\"elementor-field-type-text elementor-field-group elementor-column elementor-field-group-message elementor-col-70 elementor-field-required\">\n\t\t\t\t\t\t\t\t\t\t\t\t<label for=\"form-field-message\" class=\"elementor-field-label\">\n\t\t\t\t\t\t\t\tL\u00e4hiosoite\t\t\t\t\t\t\t<\/label>\n\t\t\t\t\t\t\t\t\t\t\t\t\t\t<input size=\"1\" type=\"text\" name=\"form_fields[message]\" id=\"form-field-message\" class=\"elementor-field elementor-size-sm  elementor-field-textual\" required=\"required\">\n\t\t\t\t\t\t\t\t\t\t\t<\/div>\n\t\t\t\t\t\t\t\t<div class=\"elementor-field-type-text elementor-field-group elementor-column elementor-field-group-field_c404a30 elementor-col-70 elementor-field-required\">\n\t\t\t\t\t\t\t\t\t\t\t\t<label for=\"form-field-field_c404a30\" class=\"elementor-field-label\">\n\t\t\t\t\t\t\t\tPostitoimipaikka\t\t\t\t\t\t\t<\/label>\n\t\t\t\t\t\t\t\t\t\t\t\t\t\t<input size=\"1\" type=\"text\" name=\"form_fields[field_c404a30]\" id=\"form-field-field_c404a30\" class=\"elementor-field elementor-size-sm  elementor-field-textual\" required=\"required\">\n\t\t\t\t\t\t\t\t\t\t\t<\/div>\n\t\t\t\t\t\t\t\t<div class=\"elementor-field-type-textarea elementor-field-group elementor-column elementor-field-group-field_3885124 elementor-col-70\">\n\t\t\t\t\t\t\t\t\t\t\t\t<label for=\"form-field-field_3885124\" class=\"elementor-field-label\">\n\t\t\t\t\t\t\t\tViesti\t\t\t\t\t\t\t<\/label>\n\t\t\t\t\t\t<textarea class=\"elementor-field-textual elementor-field  elementor-size-sm\" name=\"form_fields[field_3885124]\" id=\"form-field-field_3885124\" rows=\"4\"><\/textarea>\t\t\t\t<\/div>\n\t\t\t\t\t\t\t\t<div class=\"elementor-field-group elementor-column elementor-field-type-submit elementor-col-40 e-form__buttons elementor-sm-100\">\n\t\t\t\t\t<button class=\"elementor-button elementor-size-sm\" type=\"submit\">\n\t\t\t\t\t\t<span class=\"elementor-button-content-wrapper\">\n\t\t\t\t\t\t\t\t\t\t\t\t\t\t\t\t\t\t\t\t\t\t<span class=\"elementor-button-text\">L\u00e4het\u00e4<\/span>\n\t\t\t\t\t\t\t\t\t\t\t\t\t<\/span>\n\t\t\t\t\t<\/button>\n\t\t\t\t<\/div>\n\t\t\t<\/div>\n\t\t<\/form>\n\t\t\t\t\t\t<\/div>\n\t\t\t\t<\/div>\n\t\t\t\t\t<\/div>\n\t\t<\/div>\n\t\t\t\t\t<\/div>\n\t\t<\/section>\n\t\t\t\t<section class=\"elementor-section elementor-top-section elementor-element elementor-element-fa8fe73 elementor-section-boxed elementor-section-height-default elementor-section-height-default\" data-id=\"fa8fe73\" data-element_type=\"section\" data-e-type=\"section\">\n\t\t\t\t\t\t<div class=\"elementor-container elementor-column-gap-default\">\n\t\t\t\t\t<div class=\"elementor-column elementor-col-100 elementor-top-column elementor-element elementor-element-86914f5\" data-id=\"86914f5\" data-element_type=\"column\" data-e-type=\"column\">\n\t\t\t<div class=\"elementor-widget-wrap elementor-element-populated\">\n\t\t\t\t\t\t<div class=\"elementor-element elementor-element-40cfabf elementor-widget elementor-widget-spacer\" data-id=\"40cfabf\" data-element_type=\"widget\" data-e-type=\"widget\" data-widget_type=\"spacer.default\">\n\t\t\t\t<div class=\"elementor-widget-container\">\n\t\t\t\t\t\t\t<div class=\"elementor-spacer\">\n\t\t\t<div class=\"elementor-spacer-inner\"><\/div>\n\t\t<\/div>\n\t\t\t\t\t\t<\/div>\n\t\t\t\t<\/div>\n\t\t\t\t\t<\/div>\n\t\t<\/div>\n\t\t\t\t\t<\/div>\n\t\t<\/section>\n\t\t\t\t<\/div>\n\t\t","protected":false},"excerpt":{"rendered":"<p>liity j\u00e4seneksi OHJEET VESKANSAN RY:n J\u00c4SENEKSI LIITTYMIST\u00c4 VARTEN T\u00e4ytt\u00e4m\u00e4ll\u00e4 oheisen lomakkeen siit\u00e4 v\u00e4littyy tieto Veskansan ry:n s\u00e4hk\u00f6postiin. Maksettuasi j\u00e4senmaksunolet liittynyt yhdistykseemme ja laitamme tietosi yhdistyksen j\u00e4senrekisteriin. Perehdy yhdistyksemmes\u00e4\u00e4nt\u00f6ihin, jotka l\u00f6yd\u00e4t n\u00e4ilt\u00e4 sivuilta kohdasta YHDISTYS. Jos maksat oman maksusi lis\u00e4ksi my\u00f6s jonkun toisen henkil\u00f6n j\u00e4senmaksun niin mainitse kyseisenhenkil\u00f6n nimi lomakkeen kohdassa VIESTI. T\u00e4ll\u00e4 tavoin helpotat j\u00e4senrekisterimme [&hellip;]<\/p>\n","protected":false},"author":175,"featured_media":0,"parent":0,"menu_order":0,"comment_status":"closed","ping_status":"closed","template":"","meta":{"site-sidebar-layout":"no-sidebar","site-content-layout":"page-builder","ast-site-content-layout":"default","site-content-style":"default","site-sidebar-style":"default","ast-global-header-display":"","ast-banner-title-visibility":"","ast-main-header-display":"","ast-hfb-above-header-display":"","ast-hfb-below-header-display":"","ast-hfb-mobile-header-display":"","site-post-title":"disabled","ast-breadcrumbs-content":"","ast-featured-img":"disabled","footer-sml-layout":"","ast-disable-related-posts":"","theme-transparent-header-meta":"","adv-header-id-meta":"","stick-header-meta":"","header-above-stick-meta":"","header-main-stick-meta":"","header-below-stick-meta":"","astra-migrate-meta-layouts":"default","ast-page-background-enabled":"default","ast-page-background-meta":{"desktop":{"background-color":"","background-image":"","background-repeat":"repeat","background-position":"center center","background-size":"auto","background-attachment":"scroll","background-type":"","background-media":"","overlay-type":"","overlay-color":"","overlay-opacity":"","overlay-gradient":""},"tablet":{"background-color":"","background-image":"","background-repeat":"repeat","background-position":"center center","background-size":"auto","background-attachment":"scroll","background-type":"","background-media":"","overlay-type":"","overlay-color":"","overlay-opacity":"","overlay-gradient":""},"mobile":{"background-color":"","background-image":"","background-repeat":"repeat","background-position":"center center","background-size":"auto","background-attachment":"scroll","background-type":"","background-media":"","overlay-type":"","overlay-color":"","overlay-opacity":"","overlay-gradient":""}},"ast-content-background-meta":{"desktop":{"background-color":"var(--ast-global-color-5)","background-image":"","background-repeat":"repeat","background-position":"center center","background-size":"auto","background-attachment":"scroll","background-type":"","background-media":"","overlay-type":"","overlay-color":"","overlay-opacity":"","overlay-gradient":""},"tablet":{"background-color":"var(--ast-global-color-5)","background-image":"","background-repeat":"repeat","background-position":"center center","background-size":"auto","background-attachment":"scroll","background-type":"","background-media":"","overlay-type":"","overlay-color":"","overlay-opacity":"","overlay-gradient":""},"mobile":{"background-color":"var(--ast-global-color-5)","background-image":"","background-repeat":"repeat","background-position":"center center","background-size":"auto","background-attachment":"scroll","background-type":"","background-media":"","overlay-type":"","overlay-color":"","overlay-opacity":"","overlay-gradient":""}},"footnotes":""},"class_list":["post-2574","page","type-page","status-publish","hentry"],"_links":{"self":[{"href":"https:\/\/kylat.ekarjala.fi\/kuivasensaari\/wp-json\/wp\/v2\/pages\/2574","targetHints":{"allow":["GET"]}}],"collection":[{"href":"https:\/\/kylat.ekarjala.fi\/kuivasensaari\/wp-json\/wp\/v2\/pages"}],"about":[{"href":"https:\/\/kylat.ekarjala.fi\/kuivasensaari\/wp-json\/wp\/v2\/types\/page"}],"author":[{"embeddable":true,"href":"https:\/\/kylat.ekarjala.fi\/kuivasensaari\/wp-json\/wp\/v2\/users\/175"}],"replies":[{"embeddable":true,"href":"https:\/\/kylat.ekarjala.fi\/kuivasensaari\/wp-json\/wp\/v2\/comments?post=2574"}],"version-history":[{"count":20,"href":"https:\/\/kylat.ekarjala.fi\/kuivasensaari\/wp-json\/wp\/v2\/pages\/2574\/revisions"}],"predecessor-version":[{"id":3045,"href":"https:\/\/kylat.ekarjala.fi\/kuivasensaari\/wp-json\/wp\/v2\/pages\/2574\/revisions\/3045"}],"wp:attachment":[{"href":"https:\/\/kylat.ekarjala.fi\/kuivasensaari\/wp-json\/wp\/v2\/media?parent=2574"}],"curies":[{"name":"wp","href":"https:\/\/api.w.org\/{rel}","templated":true}]}}