{"id":2621,"date":"2023-01-16T10:55:03","date_gmt":"2023-01-16T08:55:03","guid":{"rendered":"https:\/\/kylat.ekarjala.fi\/kuivasensaari\/?page_id=2621"},"modified":"2026-03-18T13:58:55","modified_gmt":"2026-03-18T11:58:55","slug":"jasentiedotteet","status":"publish","type":"page","link":"https:\/\/kylat.ekarjala.fi\/kuivasensaari\/jasentiedotteet\/","title":{"rendered":"J\u00e4sentiedotteet"},"content":{"rendered":"\t\t<div data-elementor-type=\"wp-page\" data-elementor-id=\"2621\" class=\"elementor elementor-2621\" data-elementor-post-type=\"page\">\n\t\t\t\t\t\t<section class=\"elementor-section elementor-top-section elementor-element elementor-element-3bec564 elementor-section-boxed elementor-section-height-default elementor-section-height-default\" data-id=\"3bec564\" data-element_type=\"section\" data-e-type=\"section\" data-settings=\"{&quot;background_background&quot;:&quot;classic&quot;}\">\n\t\t\t\t\t\t\t<div class=\"elementor-background-overlay\"><\/div>\n\t\t\t\t\t\t\t<div class=\"elementor-container elementor-column-gap-default\">\n\t\t\t\t\t<div class=\"elementor-column elementor-col-33 elementor-top-column elementor-element elementor-element-a672633\" data-id=\"a672633\" data-element_type=\"column\" data-e-type=\"column\">\n\t\t\t<div class=\"elementor-widget-wrap\">\n\t\t\t\t\t\t\t<\/div>\n\t\t<\/div>\n\t\t\t\t<div class=\"elementor-column elementor-col-33 elementor-top-column elementor-element elementor-element-8e07862\" data-id=\"8e07862\" data-element_type=\"column\" data-e-type=\"column\">\n\t\t\t<div class=\"elementor-widget-wrap elementor-element-populated\">\n\t\t\t\t\t\t<div class=\"elementor-element elementor-element-134bde7 animated-slow elementor-invisible elementor-widget elementor-widget-heading\" data-id=\"134bde7\" data-element_type=\"widget\" data-e-type=\"widget\" data-settings=\"{&quot;_animation&quot;:&quot;fadeIn&quot;}\" data-widget_type=\"heading.default\">\n\t\t\t\t<div class=\"elementor-widget-container\">\n\t\t\t\t\t<h1 class=\"elementor-heading-title elementor-size-default\">J\u00e4sentiedotteet<\/h1>\t\t\t\t<\/div>\n\t\t\t\t<\/div>\n\t\t\t\t\t<\/div>\n\t\t<\/div>\n\t\t\t\t<div class=\"elementor-column elementor-col-33 elementor-top-column elementor-element elementor-element-15e7431\" data-id=\"15e7431\" data-element_type=\"column\" data-e-type=\"column\">\n\t\t\t<div class=\"elementor-widget-wrap\">\n\t\t\t\t\t\t\t<\/div>\n\t\t<\/div>\n\t\t\t\t\t<\/div>\n\t\t<\/section>\n\t\t\t\t<section class=\"elementor-section elementor-top-section elementor-element elementor-element-28b3162 elementor-section-boxed elementor-section-height-default elementor-section-height-default\" data-id=\"28b3162\" data-element_type=\"section\" data-e-type=\"section\">\n\t\t\t\t\t\t<div class=\"elementor-container elementor-column-gap-default\">\n\t\t\t\t\t<div class=\"elementor-column elementor-col-100 elementor-top-column elementor-element elementor-element-c051d3f\" data-id=\"c051d3f\" data-element_type=\"column\" data-e-type=\"column\">\n\t\t\t<div class=\"elementor-widget-wrap elementor-element-populated\">\n\t\t\t\t\t\t<div class=\"elementor-element elementor-element-fbcff10 elementor-widget elementor-widget-spacer\" data-id=\"fbcff10\" data-element_type=\"widget\" data-e-type=\"widget\" data-widget_type=\"spacer.default\">\n\t\t\t\t<div class=\"elementor-widget-container\">\n\t\t\t\t\t\t\t<div class=\"elementor-spacer\">\n\t\t\t<div class=\"elementor-spacer-inner\"><\/div>\n\t\t<\/div>\n\t\t\t\t\t\t<\/div>\n\t\t\t\t<\/div>\n\t\t\t\t<div class=\"elementor-element elementor-element-d6921f8 elementor-widget elementor-widget-text-editor\" data-id=\"d6921f8\" data-element_type=\"widget\" data-e-type=\"widget\" data-widget_type=\"text-editor.default\">\n\t\t\t\t<div class=\"elementor-widget-container\">\n\t\t\t\t\t\t\t\t\t<p>Alla listattuna yhdistyksen j\u00e4sentiedotteet. Klikkaamalla alla olevia linkkej\u00e4 saat tiedotteet auki.<\/p>\t\t\t\t\t\t\t\t<\/div>\n\t\t\t\t<\/div>\n\t\t\t\t<div class=\"elementor-element elementor-element-9832a91 elementor-widget elementor-widget-text-editor\" data-id=\"9832a91\" data-element_type=\"widget\" data-e-type=\"widget\" data-widget_type=\"text-editor.default\">\n\t\t\t\t<div class=\"elementor-widget-container\">\n\t\t\t\t\t\t\t\t\t<p><strong>2026<br \/><\/strong><a href=\"https:\/\/kylat.ekarjala.fi\/kuivasensaari\/wp-content\/uploads\/sites\/11\/2026\/03\/jasentiedote_1_2026.pdf\" target=\"_blank\" rel=\"noopener\">J\u00e4sentiedote nro 1<\/a><br \/><a href=\"https:\/\/kylat.ekarjala.fi\/kuivasensaari\/wp-content\/uploads\/sites\/11\/2026\/03\/jasentiedote_2_2026.pdf\" target=\"_blank\" rel=\"noopener\">J\u00e4sentiedote nro 2<\/a><\/p>\t\t\t\t\t\t\t\t<\/div>\n\t\t\t\t<\/div>\n\t\t\t\t<div class=\"elementor-element elementor-element-2be5a58 elementor-widget elementor-widget-text-editor\" data-id=\"2be5a58\" data-element_type=\"widget\" data-e-type=\"widget\" data-widget_type=\"text-editor.default\">\n\t\t\t\t<div class=\"elementor-widget-container\">\n\t\t\t\t\t\t\t\t\t<p><strong>2025<br \/><\/strong><a href=\"https:\/\/kylat.ekarjala.fi\/kuivasensaari\/wp-content\/uploads\/sites\/11\/2025\/09\/JASENTIEDOTE-NRO-1-2025-ASUNNON-VUOKRAAMINEN.pdf\" target=\"_blank\" rel=\"noopener\">J\u00e4sentiedote nro 1<\/a><br \/><a href=\"https:\/\/kylat.ekarjala.fi\/kuivasensaari\/wp-content\/uploads\/sites\/11\/2025\/09\/JASENTIEDOTE-NRO-2-2025-RAHASTONHOITAJAN-VALINTA-JA-ASUNNON-VUOKRAAMINEN.pdf\" target=\"_blank\" rel=\"noopener\">J\u00e4sentiedote nro 2<\/a><br \/><a href=\"https:\/\/kylat.ekarjala.fi\/kuivasensaari\/wp-content\/uploads\/sites\/11\/2025\/09\/JASENTIEDOTE-NRO-3-2025-YHDISTYKSEN-KOKOUS-JA-MUITA-ASIOITA.pdf\" target=\"_blank\" rel=\"noopener\">J\u00e4sentiedote nro 3<\/a><br \/><a href=\"https:\/\/kylat.ekarjala.fi\/kuivasensaari\/wp-content\/uploads\/sites\/11\/2025\/03\/JASENTIEDOTE-NRO-4-2025-YHDISTYKSEN-KOKOUS.pdf\" target=\"_blank\" rel=\"noopener\">J\u00e4sentiedote nro 4<\/a><br \/><a href=\"https:\/\/kylat.ekarjala.fi\/kuivasensaari\/wp-content\/uploads\/sites\/11\/2025\/09\/JASENTIEDOTE-NRO-5-2025-KEVAAN-TAPAHTUMIA.pdf\" target=\"_blank\" rel=\"noopener\">J\u00e4sentiedote nro 5<\/a><br \/><a href=\"https:\/\/kylat.ekarjala.fi\/kuivasensaari\/wp-content\/uploads\/sites\/11\/2025\/09\/JASENTIEDOTE-NRO-6-2025-KESAN-TAPAHTUMIA.pdf\" target=\"_blank\" rel=\"noopener\">J\u00e4sentiedote nro 6<\/a><br \/><a href=\"https:\/\/kylat.ekarjala.fi\/kuivasensaari\/wp-content\/uploads\/sites\/11\/2025\/12\/JASENTIEDOTE-NRO-7-2025.pdf\" target=\"_blank\" rel=\"noopener\">J\u00e4sentiedote nro 7<\/a><\/p>\t\t\t\t\t\t\t\t<\/div>\n\t\t\t\t<\/div>\n\t\t\t\t<div class=\"elementor-element elementor-element-e0ad76d elementor-widget elementor-widget-text-editor\" data-id=\"e0ad76d\" data-element_type=\"widget\" data-e-type=\"widget\" data-widget_type=\"text-editor.default\">\n\t\t\t\t<div class=\"elementor-widget-container\">\n\t\t\t\t\t\t\t\t\t<p><strong>2024<br \/><\/strong><a href=\"https:\/\/kylat.ekarjala.fi\/kuivasensaari\/wp-content\/uploads\/sites\/11\/2024\/10\/JASENTIEDOTE-NRO-1-2024.pdf\" target=\"_blank\" rel=\"noopener\">J\u00e4sentiedote nro 1<\/a><br \/><a href=\"https:\/\/kylat.ekarjala.fi\/kuivasensaari\/wp-content\/uploads\/sites\/11\/2024\/10\/JASENTIEDOTE-NRO-2-2024.pdf\" target=\"_blank\" rel=\"noopener\">J\u00e4sentiedote nro 2<\/a><br \/><a href=\"https:\/\/kylat.ekarjala.fi\/kuivasensaari\/wp-content\/uploads\/sites\/11\/2025\/01\/JASENTIEDOTE-NRO-3-2024.pdf\" target=\"_blank\" rel=\"noopener\">J\u00e4sentiedote nro 3<\/a><br \/><a href=\"https:\/\/kylat.ekarjala.fi\/kuivasensaari\/wp-content\/uploads\/sites\/11\/2025\/01\/JASENTIEDOTE-NRO-4-2024.pdf\" target=\"_blank\" rel=\"noopener\">J\u00e4sentiedote nro 4<\/a><br \/><a href=\"https:\/\/kylat.ekarjala.fi\/kuivasensaari\/wp-content\/uploads\/sites\/11\/2025\/01\/JASENTIEDOTE-NRO-5-2024.pdf\" target=\"_blank\" rel=\"noopener\">J\u00e4sentiedote nro 5<\/a><\/p>\t\t\t\t\t\t\t\t<\/div>\n\t\t\t\t<\/div>\n\t\t\t\t<div class=\"elementor-element elementor-element-ee8680a elementor-widget elementor-widget-spacer\" data-id=\"ee8680a\" data-element_type=\"widget\" data-e-type=\"widget\" data-widget_type=\"spacer.default\">\n\t\t\t\t<div class=\"elementor-widget-container\">\n\t\t\t\t\t\t\t<div class=\"elementor-spacer\">\n\t\t\t<div class=\"elementor-spacer-inner\"><\/div>\n\t\t<\/div>\n\t\t\t\t\t\t<\/div>\n\t\t\t\t<\/div>\n\t\t\t\t\t<\/div>\n\t\t<\/div>\n\t\t\t\t\t<\/div>\n\t\t<\/section>\n\t\t\t\t<\/div>\n\t\t","protected":false},"excerpt":{"rendered":"<p>J\u00e4sentiedotteet Alla listattuna yhdistyksen j\u00e4sentiedotteet. Klikkaamalla alla olevia linkkej\u00e4 saat tiedotteet auki. 2026J\u00e4sentiedote nro 1J\u00e4sentiedote nro 2 2025J\u00e4sentiedote nro 1J\u00e4sentiedote nro 2J\u00e4sentiedote nro 3J\u00e4sentiedote nro 4J\u00e4sentiedote nro 5J\u00e4sentiedote nro 6J\u00e4sentiedote nro 7 2024J\u00e4sentiedote nro 1J\u00e4sentiedote nro 2J\u00e4sentiedote nro 3J\u00e4sentiedote nro 4J\u00e4sentiedote nro 5<\/p>\n","protected":false},"author":175,"featured_media":0,"parent":0,"menu_order":0,"comment_status":"closed","ping_status":"closed","template":"","meta":{"site-sidebar-layout":"no-sidebar","site-content-layout":"page-builder","ast-site-content-layout":"default","site-content-style":"default","site-sidebar-style":"default","ast-global-header-display":"","ast-banner-title-visibility":"","ast-main-header-display":"","ast-hfb-above-header-display":"","ast-hfb-below-header-display":"","ast-hfb-mobile-header-display":"","site-post-title":"disabled","ast-breadcrumbs-content":"","ast-featured-img":"disabled","footer-sml-layout":"","ast-disable-related-posts":"","theme-transparent-header-meta":"","adv-header-id-meta":"","stick-header-meta":"","header-above-stick-meta":"","header-main-stick-meta":"","header-below-stick-meta":"","astra-migrate-meta-layouts":"default","ast-page-background-enabled":"default","ast-page-background-meta":{"desktop":{"background-color":"","background-image":"","background-repeat":"repeat","background-position":"center center","background-size":"auto","background-attachment":"scroll","background-type":"","background-media":"","overlay-type":"","overlay-color":"","overlay-opacity":"","overlay-gradient":""},"tablet":{"background-color":"","background-image":"","background-repeat":"repeat","background-position":"center center","background-size":"auto","background-attachment":"scroll","background-type":"","background-media":"","overlay-type":"","overlay-color":"","overlay-opacity":"","overlay-gradient":""},"mobile":{"background-color":"","background-image":"","background-repeat":"repeat","background-position":"center center","background-size":"auto","background-attachment":"scroll","background-type":"","background-media":"","overlay-type":"","overlay-color":"","overlay-opacity":"","overlay-gradient":""}},"ast-content-background-meta":{"desktop":{"background-color":"var(--ast-global-color-5)","background-image":"","background-repeat":"repeat","background-position":"center center","background-size":"auto","background-attachment":"scroll","background-type":"","background-media":"","overlay-type":"","overlay-color":"","overlay-opacity":"","overlay-gradient":""},"tablet":{"background-color":"var(--ast-global-color-5)","background-image":"","background-repeat":"repeat","background-position":"center center","background-size":"auto","background-attachment":"scroll","background-type":"","background-media":"","overlay-type":"","overlay-color":"","overlay-opacity":"","overlay-gradient":""},"mobile":{"background-color":"var(--ast-global-color-5)","background-image":"","background-repeat":"repeat","background-position":"center center","background-size":"auto","background-attachment":"scroll","background-type":"","background-media":"","overlay-type":"","overlay-color":"","overlay-opacity":"","overlay-gradient":""}},"footnotes":""},"class_list":["post-2621","page","type-page","status-publish","hentry"],"_links":{"self":[{"href":"https:\/\/kylat.ekarjala.fi\/kuivasensaari\/wp-json\/wp\/v2\/pages\/2621","targetHints":{"allow":["GET"]}}],"collection":[{"href":"https:\/\/kylat.ekarjala.fi\/kuivasensaari\/wp-json\/wp\/v2\/pages"}],"about":[{"href":"https:\/\/kylat.ekarjala.fi\/kuivasensaari\/wp-json\/wp\/v2\/types\/page"}],"author":[{"embeddable":true,"href":"https:\/\/kylat.ekarjala.fi\/kuivasensaari\/wp-json\/wp\/v2\/users\/175"}],"replies":[{"embeddable":true,"href":"https:\/\/kylat.ekarjala.fi\/kuivasensaari\/wp-json\/wp\/v2\/comments?post=2621"}],"version-history":[{"count":20,"href":"https:\/\/kylat.ekarjala.fi\/kuivasensaari\/wp-json\/wp\/v2\/pages\/2621\/revisions"}],"predecessor-version":[{"id":3487,"href":"https:\/\/kylat.ekarjala.fi\/kuivasensaari\/wp-json\/wp\/v2\/pages\/2621\/revisions\/3487"}],"wp:attachment":[{"href":"https:\/\/kylat.ekarjala.fi\/kuivasensaari\/wp-json\/wp\/v2\/media?parent=2621"}],"curies":[{"name":"wp","href":"https:\/\/api.w.org\/{rel}","templated":true}]}}