{"id":2949,"date":"2023-04-06T13:23:14","date_gmt":"2023-04-06T10:23:14","guid":{"rendered":"https:\/\/kylat.ekarjala.fi\/kuivasensaari\/?page_id=2949"},"modified":"2026-03-17T16:26:16","modified_gmt":"2026-03-17T14:26:16","slug":"rosvopaisti-ilta","status":"publish","type":"page","link":"https:\/\/kylat.ekarjala.fi\/kuivasensaari\/rosvopaisti-ilta\/","title":{"rendered":"Pettil\u00e4n Rosvopaisti-ilta"},"content":{"rendered":"\t\t<div data-elementor-type=\"wp-page\" data-elementor-id=\"2949\" class=\"elementor elementor-2949\" data-elementor-post-type=\"page\">\n\t\t\t\t\t\t<section class=\"elementor-section elementor-top-section elementor-element elementor-element-0cf5656 elementor-section-boxed elementor-section-height-default elementor-section-height-default\" data-id=\"0cf5656\" data-element_type=\"section\" data-e-type=\"section\" data-settings=\"{&quot;background_background&quot;:&quot;classic&quot;}\">\n\t\t\t\t\t\t\t<div class=\"elementor-background-overlay\"><\/div>\n\t\t\t\t\t\t\t<div class=\"elementor-container elementor-column-gap-default\">\n\t\t\t\t\t<div class=\"elementor-column elementor-col-100 elementor-top-column elementor-element elementor-element-1fe498e\" data-id=\"1fe498e\" data-element_type=\"column\" data-e-type=\"column\">\n\t\t\t<div class=\"elementor-widget-wrap elementor-element-populated\">\n\t\t\t\t\t\t<div class=\"elementor-element elementor-element-ffbf17d animated-slow elementor-invisible elementor-widget elementor-widget-heading\" data-id=\"ffbf17d\" data-element_type=\"widget\" data-e-type=\"widget\" data-settings=\"{&quot;_animation&quot;:&quot;fadeIn&quot;}\" data-widget_type=\"heading.default\">\n\t\t\t\t<div class=\"elementor-widget-container\">\n\t\t\t\t\t<h1 class=\"elementor-heading-title elementor-size-default\">Pettil\u00e4n rosvopaisti-ilta<\/h1>\t\t\t\t<\/div>\n\t\t\t\t<\/div>\n\t\t\t\t\t<\/div>\n\t\t<\/div>\n\t\t\t\t\t<\/div>\n\t\t<\/section>\n\t\t\t\t<section class=\"elementor-section elementor-top-section elementor-element elementor-element-7743a1c elementor-section-boxed elementor-section-height-default elementor-section-height-default\" data-id=\"7743a1c\" data-element_type=\"section\" data-e-type=\"section\">\n\t\t\t\t\t\t<div class=\"elementor-container elementor-column-gap-default\">\n\t\t\t\t\t<div class=\"elementor-column elementor-col-100 elementor-top-column elementor-element elementor-element-0530103\" data-id=\"0530103\" data-element_type=\"column\" data-e-type=\"column\">\n\t\t\t<div class=\"elementor-widget-wrap elementor-element-populated\">\n\t\t\t\t\t\t<div class=\"elementor-element elementor-element-6e05ba3 elementor-widget elementor-widget-spacer\" data-id=\"6e05ba3\" data-element_type=\"widget\" data-e-type=\"widget\" data-widget_type=\"spacer.default\">\n\t\t\t\t<div class=\"elementor-widget-container\">\n\t\t\t\t\t\t\t<div class=\"elementor-spacer\">\n\t\t\t<div class=\"elementor-spacer-inner\"><\/div>\n\t\t<\/div>\n\t\t\t\t\t\t<\/div>\n\t\t\t\t<\/div>\n\t\t\t\t\t<\/div>\n\t\t<\/div>\n\t\t\t\t\t<\/div>\n\t\t<\/section>\n\t\t\t\t<section class=\"elementor-section elementor-top-section elementor-element elementor-element-6515b2f elementor-section-boxed elementor-section-height-default elementor-section-height-default\" data-id=\"6515b2f\" data-element_type=\"section\" data-e-type=\"section\">\n\t\t\t\t\t\t<div class=\"elementor-container elementor-column-gap-default\">\n\t\t\t\t\t<div class=\"elementor-column elementor-col-100 elementor-top-column elementor-element elementor-element-1d59aa1\" data-id=\"1d59aa1\" data-element_type=\"column\" data-e-type=\"column\">\n\t\t\t<div class=\"elementor-widget-wrap elementor-element-populated\">\n\t\t\t\t\t\t<section class=\"elementor-section elementor-inner-section elementor-element elementor-element-9761b5d elementor-section-boxed elementor-section-height-default elementor-section-height-default\" data-id=\"9761b5d\" data-element_type=\"section\" data-e-type=\"section\">\n\t\t\t\t\t\t<div class=\"elementor-container elementor-column-gap-default\">\n\t\t\t\t\t<div class=\"elementor-column elementor-col-50 elementor-inner-column elementor-element elementor-element-e7f262d\" data-id=\"e7f262d\" data-element_type=\"column\" data-e-type=\"column\">\n\t\t\t<div class=\"elementor-widget-wrap elementor-element-populated\">\n\t\t\t\t\t\t<div class=\"elementor-element elementor-element-c501976 elementor-widget elementor-widget-text-editor\" data-id=\"c501976\" data-element_type=\"widget\" data-e-type=\"widget\" data-widget_type=\"text-editor.default\">\n\t\t\t\t<div class=\"elementor-widget-container\">\n\t\t\t\t\t\t\t\t\t<p>Veskansan ry on j\u00e4rjest\u00e4nyt kuuluisan Pettil\u00e4n Rosvopaisti-illan Kyl\u00e4keskuksessa vuodesta 2018 alkaen. Rosvopaistin valmistus alkaa aamulla ani varhain, noin kuuden aikaan, tulien sytytt\u00e4misell\u00e4 rosvopaistimonttuun. <br>Tulta pidet\u00e4\u00e4n yll\u00e4 puoleen p\u00e4iv\u00e4\u00e4n asti, jonka j\u00e4lkeen hiillos otetaan pois montusta ja laitetaan rosvopaisti paketit monttuun, p\u00e4\u00e4lle hiillos ja hiekkaa. Lihojen annetaan kypsy\u00e4 hiljalleen montussa noin 5 tuntia pieni tuli koko ajan montussa hiekan p\u00e4\u00e4ll\u00e4.<br>T\u00e4m\u00e4n j\u00e4lkeen sitten lihat pois montusta, ensimm\u00e4iset maistiaiset, ja hyv\u00e4\u00e4 on. Paistin lis\u00e4ksi on tarjolla uunijuureksia, perunoita, salaattia, rusinasoppaa, paikallista rieskaa ja kahvit.<\/p>\n<p>T\u00e4n\u00e4 vuonna Pettil\u00e4n Rosvopaisti-ilta j\u00e4rjestet\u00e4\u00e4n perjantaina 18.9.2026 klo 17.00 &#8211; 19.00 Veskansan ry:n Kyl\u00e4keskuksessa, osoitteessa Kuivasensaarentie 1196, 54950 Pettil\u00e4.<\/p>\n<p>Nyt kaikki maistamaan paikan p\u00e4\u00e4ll\u00e4 tehty\u00e4 ja takuu varmasti mureata Pettil\u00e4n Rosvopaistia. Paikkavaraukset ja tilaukset 11.9.2026 menness\u00e4, puh 040-9379591 tai s-posti: veskansary(at)gmail.com <br>Voit tilata rosvopaistia my\u00f6s kotiin tai m\u00f6kille viet\u00e4v\u00e4ksi.<\/p>\n<p>Tervetuloa herkuttelemaan.<br>Yst\u00e4v\u00e4llisin terveisin Veskansan ry:n v\u00e4ki!<\/p>\t\t\t\t\t\t\t\t<\/div>\n\t\t\t\t<\/div>\n\t\t\t\t\t<\/div>\n\t\t<\/div>\n\t\t\t\t<div class=\"elementor-column elementor-col-50 elementor-inner-column elementor-element elementor-element-31f7282\" data-id=\"31f7282\" data-element_type=\"column\" data-e-type=\"column\">\n\t\t\t<div class=\"elementor-widget-wrap elementor-element-populated\">\n\t\t\t\t\t\t<div class=\"elementor-element elementor-element-cdbd5a7 elementor-widget elementor-widget-gallery\" data-id=\"cdbd5a7\" data-element_type=\"widget\" data-e-type=\"widget\" data-settings=\"{&quot;lazyload&quot;:&quot;yes&quot;,&quot;gallery_layout&quot;:&quot;grid&quot;,&quot;columns&quot;:4,&quot;columns_tablet&quot;:2,&quot;columns_mobile&quot;:1,&quot;gap&quot;:{&quot;unit&quot;:&quot;px&quot;,&quot;size&quot;:10,&quot;sizes&quot;:[]},&quot;gap_tablet&quot;:{&quot;unit&quot;:&quot;px&quot;,&quot;size&quot;:10,&quot;sizes&quot;:[]},&quot;gap_mobile&quot;:{&quot;unit&quot;:&quot;px&quot;,&quot;size&quot;:10,&quot;sizes&quot;:[]},&quot;link_to&quot;:&quot;file&quot;,&quot;aspect_ratio&quot;:&quot;3:2&quot;,&quot;overlay_background&quot;:&quot;yes&quot;,&quot;content_hover_animation&quot;:&quot;fade-in&quot;}\" data-widget_type=\"gallery.default\">\n\t\t\t\t<div class=\"elementor-widget-container\">\n\t\t\t\t\t\t\t<div class=\"elementor-gallery__container\">\n\t\t\t\t\t\t\t<a class=\"e-gallery-item elementor-gallery-item elementor-animated-content\" href=\"https:\/\/kylat.ekarjala.fi\/kuivasensaari\/wp-content\/uploads\/sites\/11\/2023\/04\/PAISTIT-MONTUSSA-JA-TULET-PAALLA-1-scaled.jpg\" data-elementor-open-lightbox=\"yes\" data-elementor-lightbox-slideshow=\"cdbd5a7\" data-elementor-lightbox-title=\"PAISTIT MONTUSSA JA TULET P\u00c4\u00c4LL\u00c4\" data-e-action-hash=\"#elementor-action%3Aaction%3Dlightbox%26settings%3DeyJpZCI6Mjk2MCwidXJsIjoiaHR0cHM6XC9cL2t5bGF0LmVrYXJqYWxhLmZpXC9rdWl2YXNlbnNhYXJpXC93cC1jb250ZW50XC91cGxvYWRzXC9zaXRlc1wvMTFcLzIwMjNcLzA0XC9QQUlTVElULU1PTlRVU1NBLUpBLVRVTEVULVBBQUxMQS0xLXNjYWxlZC5qcGciLCJzbGlkZXNob3ciOiJjZGJkNWE3In0%3D\">\n\t\t\t\t\t<div class=\"e-gallery-image elementor-gallery-item__image\" data-thumbnail=\"https:\/\/kylat.ekarjala.fi\/kuivasensaari\/wp-content\/uploads\/sites\/11\/2023\/04\/PAISTIT-MONTUSSA-JA-TULET-PAALLA-1-225x300.jpg\" data-width=\"225\" data-height=\"300\" aria-label=\"\" role=\"img\" ><\/div>\n\t\t\t\t\t\t\t\t\t\t\t<div class=\"elementor-gallery-item__overlay\"><\/div>\n\t\t\t\t\t\t\t\t\t\t\t\t\t\t<\/a>\n\t\t\t\t\t\t\t<a class=\"e-gallery-item elementor-gallery-item elementor-animated-content\" href=\"https:\/\/kylat.ekarjala.fi\/kuivasensaari\/wp-content\/uploads\/sites\/11\/2023\/04\/PAISTIT-MONTUSSA-1-scaled.jpg\" data-elementor-open-lightbox=\"yes\" data-elementor-lightbox-slideshow=\"cdbd5a7\" data-elementor-lightbox-title=\"PAISTIT MONTUSSA\" data-e-action-hash=\"#elementor-action%3Aaction%3Dlightbox%26settings%3DeyJpZCI6Mjk2MSwidXJsIjoiaHR0cHM6XC9cL2t5bGF0LmVrYXJqYWxhLmZpXC9rdWl2YXNlbnNhYXJpXC93cC1jb250ZW50XC91cGxvYWRzXC9zaXRlc1wvMTFcLzIwMjNcLzA0XC9QQUlTVElULU1PTlRVU1NBLTEtc2NhbGVkLmpwZyIsInNsaWRlc2hvdyI6ImNkYmQ1YTcifQ%3D%3D\">\n\t\t\t\t\t<div class=\"e-gallery-image elementor-gallery-item__image\" data-thumbnail=\"https:\/\/kylat.ekarjala.fi\/kuivasensaari\/wp-content\/uploads\/sites\/11\/2023\/04\/PAISTIT-MONTUSSA-1-300x225.jpg\" data-width=\"300\" data-height=\"225\" aria-label=\"\" role=\"img\" ><\/div>\n\t\t\t\t\t\t\t\t\t\t\t<div class=\"elementor-gallery-item__overlay\"><\/div>\n\t\t\t\t\t\t\t\t\t\t\t\t\t\t<\/a>\n\t\t\t\t\t\t\t<a class=\"e-gallery-item elementor-gallery-item elementor-animated-content\" href=\"https:\/\/kylat.ekarjala.fi\/kuivasensaari\/wp-content\/uploads\/sites\/11\/2023\/04\/PAISTIT-PAKETISSA-1-scaled.jpg\" data-elementor-open-lightbox=\"yes\" data-elementor-lightbox-slideshow=\"cdbd5a7\" data-elementor-lightbox-title=\"PAISTIT PAKETISSA\" data-e-action-hash=\"#elementor-action%3Aaction%3Dlightbox%26settings%3DeyJpZCI6Mjk2MiwidXJsIjoiaHR0cHM6XC9cL2t5bGF0LmVrYXJqYWxhLmZpXC9rdWl2YXNlbnNhYXJpXC93cC1jb250ZW50XC91cGxvYWRzXC9zaXRlc1wvMTFcLzIwMjNcLzA0XC9QQUlTVElULVBBS0VUSVNTQS0xLXNjYWxlZC5qcGciLCJzbGlkZXNob3ciOiJjZGJkNWE3In0%3D\">\n\t\t\t\t\t<div class=\"e-gallery-image elementor-gallery-item__image\" data-thumbnail=\"https:\/\/kylat.ekarjala.fi\/kuivasensaari\/wp-content\/uploads\/sites\/11\/2023\/04\/PAISTIT-PAKETISSA-1-300x225.jpg\" data-width=\"300\" data-height=\"225\" aria-label=\"\" role=\"img\" ><\/div>\n\t\t\t\t\t\t\t\t\t\t\t<div class=\"elementor-gallery-item__overlay\"><\/div>\n\t\t\t\t\t\t\t\t\t\t\t\t\t\t<\/a>\n\t\t\t\t\t\t\t<a class=\"e-gallery-item elementor-gallery-item elementor-animated-content\" href=\"https:\/\/kylat.ekarjala.fi\/kuivasensaari\/wp-content\/uploads\/sites\/11\/2023\/04\/PAISTIT-VALMIINA-TARJOILTAVAKSI-1-scaled.jpg\" data-elementor-open-lightbox=\"yes\" data-elementor-lightbox-slideshow=\"cdbd5a7\" data-elementor-lightbox-title=\"PAISTIT VALMIINA TARJOILTAVAKSI\" data-e-action-hash=\"#elementor-action%3Aaction%3Dlightbox%26settings%3DeyJpZCI6Mjk2MywidXJsIjoiaHR0cHM6XC9cL2t5bGF0LmVrYXJqYWxhLmZpXC9rdWl2YXNlbnNhYXJpXC93cC1jb250ZW50XC91cGxvYWRzXC9zaXRlc1wvMTFcLzIwMjNcLzA0XC9QQUlTVElULVZBTE1JSU5BLVRBUkpPSUxUQVZBS1NJLTEtc2NhbGVkLmpwZyIsInNsaWRlc2hvdyI6ImNkYmQ1YTcifQ%3D%3D\">\n\t\t\t\t\t<div class=\"e-gallery-image elementor-gallery-item__image\" data-thumbnail=\"https:\/\/kylat.ekarjala.fi\/kuivasensaari\/wp-content\/uploads\/sites\/11\/2023\/04\/PAISTIT-VALMIINA-TARJOILTAVAKSI-1-300x225.jpg\" data-width=\"300\" data-height=\"225\" aria-label=\"\" role=\"img\" ><\/div>\n\t\t\t\t\t\t\t\t\t\t\t<div class=\"elementor-gallery-item__overlay\"><\/div>\n\t\t\t\t\t\t\t\t\t\t\t\t\t\t<\/a>\n\t\t\t\t\t\t\t<a class=\"e-gallery-item elementor-gallery-item elementor-animated-content\" href=\"https:\/\/kylat.ekarjala.fi\/kuivasensaari\/wp-content\/uploads\/sites\/11\/2023\/04\/TULET-ROSVOPAISTI-MONTTUUN-AAMULLA-1-scaled.jpg\" data-elementor-open-lightbox=\"yes\" data-elementor-lightbox-slideshow=\"cdbd5a7\" data-elementor-lightbox-title=\"TULET ROSVOPAISTI MONTTUUN AAMULLA\" data-e-action-hash=\"#elementor-action%3Aaction%3Dlightbox%26settings%3DeyJpZCI6Mjk2NCwidXJsIjoiaHR0cHM6XC9cL2t5bGF0LmVrYXJqYWxhLmZpXC9rdWl2YXNlbnNhYXJpXC93cC1jb250ZW50XC91cGxvYWRzXC9zaXRlc1wvMTFcLzIwMjNcLzA0XC9UVUxFVC1ST1NWT1BBSVNUSS1NT05UVFVVTi1BQU1VTExBLTEtc2NhbGVkLmpwZyIsInNsaWRlc2hvdyI6ImNkYmQ1YTcifQ%3D%3D\">\n\t\t\t\t\t<div class=\"e-gallery-image elementor-gallery-item__image\" data-thumbnail=\"https:\/\/kylat.ekarjala.fi\/kuivasensaari\/wp-content\/uploads\/sites\/11\/2023\/04\/TULET-ROSVOPAISTI-MONTTUUN-AAMULLA-1-300x225.jpg\" data-width=\"300\" data-height=\"225\" aria-label=\"\" role=\"img\" ><\/div>\n\t\t\t\t\t\t\t\t\t\t\t<div class=\"elementor-gallery-item__overlay\"><\/div>\n\t\t\t\t\t\t\t\t\t\t\t\t\t\t<\/a>\n\t\t\t\t\t<\/div>\n\t\t\t\t\t<\/div>\n\t\t\t\t<\/div>\n\t\t\t\t\t<\/div>\n\t\t<\/div>\n\t\t\t\t\t<\/div>\n\t\t<\/section>\n\t\t\t\t\t<\/div>\n\t\t<\/div>\n\t\t\t\t\t<\/div>\n\t\t<\/section>\n\t\t\t\t<section class=\"elementor-section elementor-top-section elementor-element elementor-element-1d8ef67 elementor-section-boxed elementor-section-height-default elementor-section-height-default\" data-id=\"1d8ef67\" data-element_type=\"section\" data-e-type=\"section\">\n\t\t\t\t\t\t<div class=\"elementor-container elementor-column-gap-default\">\n\t\t\t\t\t<div class=\"elementor-column elementor-col-100 elementor-top-column elementor-element elementor-element-cc1d947\" data-id=\"cc1d947\" data-element_type=\"column\" data-e-type=\"column\">\n\t\t\t<div class=\"elementor-widget-wrap elementor-element-populated\">\n\t\t\t\t\t\t<div class=\"elementor-element elementor-element-c707a02 elementor-widget elementor-widget-spacer\" data-id=\"c707a02\" data-element_type=\"widget\" data-e-type=\"widget\" data-widget_type=\"spacer.default\">\n\t\t\t\t<div class=\"elementor-widget-container\">\n\t\t\t\t\t\t\t<div class=\"elementor-spacer\">\n\t\t\t<div class=\"elementor-spacer-inner\"><\/div>\n\t\t<\/div>\n\t\t\t\t\t\t<\/div>\n\t\t\t\t<\/div>\n\t\t\t\t\t<\/div>\n\t\t<\/div>\n\t\t\t\t\t<\/div>\n\t\t<\/section>\n\t\t\t\t<\/div>\n\t\t","protected":false},"excerpt":{"rendered":"<p>Pettil\u00e4n rosvopaisti-ilta Veskansan ry on j\u00e4rjest\u00e4nyt kuuluisan Pettil\u00e4n Rosvopaisti-illan Kyl\u00e4keskuksessa vuodesta 2018 alkaen. Rosvopaistin valmistus alkaa aamulla ani varhain, noin kuuden aikaan, tulien sytytt\u00e4misell\u00e4 rosvopaistimonttuun. Tulta pidet\u00e4\u00e4n yll\u00e4 puoleen p\u00e4iv\u00e4\u00e4n asti, jonka j\u00e4lkeen hiillos otetaan pois montusta ja laitetaan rosvopaisti paketit monttuun, p\u00e4\u00e4lle hiillos ja hiekkaa. Lihojen annetaan kypsy\u00e4 hiljalleen montussa noin 5 tuntia pieni [&hellip;]<\/p>\n","protected":false},"author":175,"featured_media":0,"parent":0,"menu_order":0,"comment_status":"closed","ping_status":"closed","template":"","meta":{"site-sidebar-layout":"no-sidebar","site-content-layout":"page-builder","ast-site-content-layout":"default","site-content-style":"default","site-sidebar-style":"default","ast-global-header-display":"","ast-banner-title-visibility":"","ast-main-header-display":"","ast-hfb-above-header-display":"","ast-hfb-below-header-display":"","ast-hfb-mobile-header-display":"","site-post-title":"disabled","ast-breadcrumbs-content":"","ast-featured-img":"disabled","footer-sml-layout":"","ast-disable-related-posts":"","theme-transparent-header-meta":"","adv-header-id-meta":"","stick-header-meta":"","header-above-stick-meta":"","header-main-stick-meta":"","header-below-stick-meta":"","astra-migrate-meta-layouts":"default","ast-page-background-enabled":"default","ast-page-background-meta":{"desktop":{"background-color":"","background-image":"","background-repeat":"repeat","background-position":"center center","background-size":"auto","background-attachment":"scroll","background-type":"","background-media":"","overlay-type":"","overlay-color":"","overlay-opacity":"","overlay-gradient":""},"tablet":{"background-color":"","background-image":"","background-repeat":"repeat","background-position":"center center","background-size":"auto","background-attachment":"scroll","background-type":"","background-media":"","overlay-type":"","overlay-color":"","overlay-opacity":"","overlay-gradient":""},"mobile":{"background-color":"","background-image":"","background-repeat":"repeat","background-position":"center center","background-size":"auto","background-attachment":"scroll","background-type":"","background-media":"","overlay-type":"","overlay-color":"","overlay-opacity":"","overlay-gradient":""}},"ast-content-background-meta":{"desktop":{"background-color":"var(--ast-global-color-5)","background-image":"","background-repeat":"repeat","background-position":"center center","background-size":"auto","background-attachment":"scroll","background-type":"","background-media":"","overlay-type":"","overlay-color":"","overlay-opacity":"","overlay-gradient":""},"tablet":{"background-color":"var(--ast-global-color-5)","background-image":"","background-repeat":"repeat","background-position":"center center","background-size":"auto","background-attachment":"scroll","background-type":"","background-media":"","overlay-type":"","overlay-color":"","overlay-opacity":"","overlay-gradient":""},"mobile":{"background-color":"var(--ast-global-color-5)","background-image":"","background-repeat":"repeat","background-position":"center center","background-size":"auto","background-attachment":"scroll","background-type":"","background-media":"","overlay-type":"","overlay-color":"","overlay-opacity":"","overlay-gradient":""}},"footnotes":""},"class_list":["post-2949","page","type-page","status-publish","hentry"],"_links":{"self":[{"href":"https:\/\/kylat.ekarjala.fi\/kuivasensaari\/wp-json\/wp\/v2\/pages\/2949","targetHints":{"allow":["GET"]}}],"collection":[{"href":"https:\/\/kylat.ekarjala.fi\/kuivasensaari\/wp-json\/wp\/v2\/pages"}],"about":[{"href":"https:\/\/kylat.ekarjala.fi\/kuivasensaari\/wp-json\/wp\/v2\/types\/page"}],"author":[{"embeddable":true,"href":"https:\/\/kylat.ekarjala.fi\/kuivasensaari\/wp-json\/wp\/v2\/users\/175"}],"replies":[{"embeddable":true,"href":"https:\/\/kylat.ekarjala.fi\/kuivasensaari\/wp-json\/wp\/v2\/comments?post=2949"}],"version-history":[{"count":20,"href":"https:\/\/kylat.ekarjala.fi\/kuivasensaari\/wp-json\/wp\/v2\/pages\/2949\/revisions"}],"predecessor-version":[{"id":3470,"href":"https:\/\/kylat.ekarjala.fi\/kuivasensaari\/wp-json\/wp\/v2\/pages\/2949\/revisions\/3470"}],"wp:attachment":[{"href":"https:\/\/kylat.ekarjala.fi\/kuivasensaari\/wp-json\/wp\/v2\/media?parent=2949"}],"curies":[{"name":"wp","href":"https:\/\/api.w.org\/{rel}","templated":true}]}}