{"id":15,"date":"2012-01-13T11:42:37","date_gmt":"2012-01-13T11:42:37","guid":{"rendered":"https:\/\/kylat.ekarjala.fi\/kumpu\/?page_id=15"},"modified":"2012-10-25T15:53:22","modified_gmt":"2012-10-25T15:53:22","slug":"kylakoulu","status":"publish","type":"page","link":"https:\/\/kylat.ekarjala.fi\/kumpu\/palvelut\/kylakoulu\/","title":{"rendered":"Kyl\u00e4koulu"},"content":{"rendered":"<p>Korkea koulu<\/p>\n<div id=\"attachment_93\" style=\"width: 257px\" class=\"wp-caption alignright\"><a href=\"https:\/\/kylat.ekarjala.fi\/kumpu\/wp-content\/uploads\/sites\/44\/2012\/01\/Korkea-koulu.jpg\"><img loading=\"lazy\" decoding=\"async\" aria-describedby=\"caption-attachment-93\" class=\"size-full wp-image-93\" src=\"https:\/\/kylat.ekarjala.fi\/kumpu\/wp-content\/uploads\/sites\/44\/2012\/01\/Korkea-koulu.jpg\" alt=\"\" width=\"247\" height=\"195\" \/><\/a><p id=\"caption-attachment-93\" class=\"wp-caption-text\">Kummunkorkea koulu<\/p><\/div>\n<p>Kyl\u00e4mme sielu on keskell\u00e4 kyl\u00e4\u00e4 sijaitseva Korkea koulu joka ennen toimi kyl\u00e4kouluna.<\/p>\n<p>Korkea koulun omistaa osakeyhti\u00f6 johon kuuluu 4 yhdistyst\u00e4 sek\u00e4 16 henkil\u00f6kohtaista osakasta.<\/p>\n<p>T\u00e4ll\u00e4hetkell\u00e4 Korkea koululla on 1 vakituinen asukas sek\u00e4 toimitiloiksi vuokrattu alakerta ja perhep\u00e4iv\u00e4 hoitotiloiksi vuokrattu huoneisto. Koululla toimii my\u00f6s kansalaisopiston ryhmi\u00e4 sek\u00e4 erilaisia juhlia ja kokouksia.<\/p>\n<p>Tiloja voi vuokrata erilaisiin tilaisuuksiin Suppolan Jounilta joka ottaa varauksia vastaan.<\/p>\n<p>&nbsp;<\/p>\n<p>&nbsp;<\/p>\n<p>&nbsp;<\/p>\n","protected":false},"excerpt":{"rendered":"<p>Korkea koulu Kyl\u00e4mme sielu on keskell\u00e4 kyl\u00e4\u00e4 sijaitseva Korkea koulu joka ennen toimi kyl\u00e4kouluna. Korkea koulun omistaa osakeyhti\u00f6 johon kuuluu 4 yhdistyst\u00e4 sek\u00e4 16 henkil\u00f6kohtaista osakasta. T\u00e4ll\u00e4hetkell\u00e4 Korkea koululla on 1 vakituinen asukas sek\u00e4 toimitiloiksi vuokrattu alakerta ja perhep\u00e4iv\u00e4 hoitotiloiksi &hellip; <a href=\"https:\/\/kylat.ekarjala.fi\/kumpu\/palvelut\/kylakoulu\/\">Lue loppuun <span class=\"meta-nav\">&rarr;<\/span><\/a><\/p>\n","protected":false},"author":106,"featured_media":0,"parent":11,"menu_order":0,"comment_status":"closed","ping_status":"closed","template":"","meta":{"footnotes":""},"class_list":["post-15","page","type-page","status-publish","hentry"],"_links":{"self":[{"href":"https:\/\/kylat.ekarjala.fi\/kumpu\/wp-json\/wp\/v2\/pages\/15","targetHints":{"allow":["GET"]}}],"collection":[{"href":"https:\/\/kylat.ekarjala.fi\/kumpu\/wp-json\/wp\/v2\/pages"}],"about":[{"href":"https:\/\/kylat.ekarjala.fi\/kumpu\/wp-json\/wp\/v2\/types\/page"}],"author":[{"embeddable":true,"href":"https:\/\/kylat.ekarjala.fi\/kumpu\/wp-json\/wp\/v2\/users\/106"}],"replies":[{"embeddable":true,"href":"https:\/\/kylat.ekarjala.fi\/kumpu\/wp-json\/wp\/v2\/comments?post=15"}],"version-history":[{"count":6,"href":"https:\/\/kylat.ekarjala.fi\/kumpu\/wp-json\/wp\/v2\/pages\/15\/revisions"}],"predecessor-version":[{"id":94,"href":"https:\/\/kylat.ekarjala.fi\/kumpu\/wp-json\/wp\/v2\/pages\/15\/revisions\/94"}],"up":[{"embeddable":true,"href":"https:\/\/kylat.ekarjala.fi\/kumpu\/wp-json\/wp\/v2\/pages\/11"}],"wp:attachment":[{"href":"https:\/\/kylat.ekarjala.fi\/kumpu\/wp-json\/wp\/v2\/media?parent=15"}],"curies":[{"name":"wp","href":"https:\/\/api.w.org\/{rel}","templated":true}]}}