{"id":17,"date":"2012-01-13T11:43:44","date_gmt":"2012-01-13T11:43:44","guid":{"rendered":"https:\/\/kylat.ekarjala.fi\/kumpu\/?page_id=17"},"modified":"2017-11-07T20:17:33","modified_gmt":"2017-11-07T20:17:33","slug":"toimintasuunnitelma","status":"publish","type":"page","link":"https:\/\/kylat.ekarjala.fi\/kumpu\/toimintasuunnitelma\/","title":{"rendered":"Tapahtumia"},"content":{"rendered":"<p><strong>Vuosi 2017<\/strong><\/p>\n<p>&nbsp;<\/p>\n<p>KUMMUN KYL\u00c4YHDISTYKSEN 20-VUOTISJUHLA 2.12.2017 klo.13 koululla<\/p>\n<p>&nbsp;<\/p>\n<p>&nbsp;<\/p>\n<p><a href=\"https:\/\/kylat.ekarjala.fi\/kumpu\/wp-content\/uploads\/sites\/44\/2017\/03\/1_0001.jpg\"><img loading=\"lazy\" decoding=\"async\" class=\"alignnone size-medium wp-image-207\" src=\"https:\/\/kylat.ekarjala.fi\/kumpu\/wp-content\/uploads\/sites\/44\/2017\/03\/1_0001-215x300.jpg\" alt=\"\" width=\"215\" height=\"300\" srcset=\"https:\/\/kylat.ekarjala.fi\/kumpu\/wp-content\/uploads\/sites\/44\/2017\/03\/1_0001-215x300.jpg 215w, https:\/\/kylat.ekarjala.fi\/kumpu\/wp-content\/uploads\/sites\/44\/2017\/03\/1_0001-768x1070.jpg 768w, https:\/\/kylat.ekarjala.fi\/kumpu\/wp-content\/uploads\/sites\/44\/2017\/03\/1_0001-735x1024.jpg 735w\" sizes=\"auto, (max-width: 215px) 100vw, 215px\" \/><\/a><\/p>\n<p><em>Uukuniemi hiihto 25.2.2017 klo.11-15 v\u00e4lisen\u00e4 aikana. L\u00e4ht\u00f6 ja paluu Kummunkorkea koululta.<\/em><\/p>\n<p>Kahvio auki, josta saa l\u00e4mmint\u00e4 juotavaa ja pient\u00e4 purtavaa. Tervetuloa!!!<\/p>\n<p><strong><br \/>\n<\/strong><\/p>\n<p><em>Kuusenkaristajaiset<\/em> j\u00e4lleen loppiaisena 6.1.2017 klo. 16 alkaen Korkeakoululla!<\/p>\n<p>Joulumenu j\u00e4senille 10e (sis. aterian ja ohjelman) ei j\u00e4senille 20e henkil\u00f6. Trubaduuri Matti Muhonen vastaa illan ohjelmallisesta osuudesta. Ennakkoilmoittautuminen 2.1.2017 menness\u00e4 Tupu 050-3067815 tai rauno.airas@gmail.com\u00a0 Tervetuloa!<\/p>\n<p><strong>Vuosi 2016<\/strong><\/p>\n<table border=\"0\" width=\"100%\">\n<tbody>\n<tr>\n<td align=\"right\" bgcolor=\"eeeeee\"><span style=\"font-family: arial,sans-serif\"><a href=\"https:\/\/kylat.ekarjala.fi\/kumpu\/wp-content\/uploads\/sites\/44\/2012\/01\/Kummun-kyl\u00e4yhdistys.jpg\"><img loading=\"lazy\" decoding=\"async\" class=\"alignnone size-medium wp-image-191\" src=\"https:\/\/kylat.ekarjala.fi\/kumpu\/wp-content\/uploads\/sites\/44\/2012\/01\/Kummun-kyl\u00e4yhdistys-189x300.jpg\" alt=\"Kummun kyl\u00e4yhdistys\" width=\"189\" height=\"300\" srcset=\"https:\/\/kylat.ekarjala.fi\/kumpu\/wp-content\/uploads\/sites\/44\/2012\/01\/Kummun-kyl\u00e4yhdistys-189x300.jpg 189w, https:\/\/kylat.ekarjala.fi\/kumpu\/wp-content\/uploads\/sites\/44\/2012\/01\/Kummun-kyl\u00e4yhdistys.jpg 465w\" sizes=\"auto, (max-width: 189px) 100vw, 189px\" \/><\/a><a name=\"0.1.3_1\"><\/a><a href=\"https:\/\/kylat.ekarjala.fi\/kumpu\/wp-content\/uploads\/sites\/44\/2012\/01\/KH-page-001.jpg\"><img loading=\"lazy\" decoding=\"async\" class=\"alignnone size-medium wp-image-176\" src=\"https:\/\/kylat.ekarjala.fi\/kumpu\/wp-content\/uploads\/sites\/44\/2012\/01\/KH-page-001-212x300.jpg\" alt=\"KH-page-001\" width=\"212\" height=\"300\" srcset=\"https:\/\/kylat.ekarjala.fi\/kumpu\/wp-content\/uploads\/sites\/44\/2012\/01\/KH-page-001-212x300.jpg 212w, https:\/\/kylat.ekarjala.fi\/kumpu\/wp-content\/uploads\/sites\/44\/2012\/01\/KH-page-001-768x1086.jpg 768w, https:\/\/kylat.ekarjala.fi\/kumpu\/wp-content\/uploads\/sites\/44\/2012\/01\/KH-page-001-724x1024.jpg 724w, https:\/\/kylat.ekarjala.fi\/kumpu\/wp-content\/uploads\/sites\/44\/2012\/01\/KH-page-001.jpg 1240w\" sizes=\"auto, (max-width: 212px) 100vw, 212px\" \/><\/a><b>Page 1<\/b><\/span><\/td>\n<\/tr>\n<\/tbody>\n<\/table>\n<div><b>KYL\u00c4TURVALLISUUSP\u00c4IV\u00c4<\/b><\/div>\n<div><b>paikkakuntalaisille ja kes\u00e4asukkaille<\/b><\/div>\n<div><b>la 28.5. klo 10-14 Kummunkorkea koululla<\/b><\/div>\n<div>Koulutie 19, Uukuniemi<\/div>\n<div><i><b>Pirtti tulessa &#8211; mit\u00e4 teet?<\/b><\/i><\/div>\n<div><b>OHJELMA:<\/b><\/div>\n<div><b>klo 10.00-11.30 luennot<\/b><\/div>\n<div><i><b>\u2022 KYLIEN TURVALLISUUS<\/b><\/i><\/div>\n<div>palotarkastusinsin\u00f6\u00f6ri Tuomas Pylkk\u00e4nen<\/div>\n<div><i><b>\u2022 PALON KEHITTYMINEN &#8211; PALON RISKIT &#8211; ALKUTOIMET<\/b><\/i><\/div>\n<div>riskienhallint\u00e4p\u00e4\u00e4llikk\u00f6 Paavo Tiitta<\/div>\n<div><b>klo 11.30-12.00 <\/b>kahvitauko<\/div>\n<div><b>klo 12.00-14.00<\/b><\/div>\n<div>\u2022 alkusammutusharjoituksia<\/div>\n<div>\u2022 Uukuniemen VPK paloautot paikalla<\/div>\n<div>\u2022 jauhesammuttimien tarkastus, myynti<\/div>\n<div>J. Naukkarinen Ky<\/div>\n<div><b>Mukana:<\/b><\/div>\n<div>\u2022 Etel\u00e4-Karjalan pelastuslaitos<\/div>\n<div>\u2022 Uukuniemen VPK<\/div>\n<div><i><b>Tervetuloa<\/b><\/i><\/div>\n<div><i><b>J\u00e4rjest\u00e4\u00e4 Kummun kyl\u00e4yhdistys ry<\/b><\/i><\/div>\n<div><b>Osallistujien kesken arvotaan 10 kpl <\/b><\/div>\n<div><b>L\u00e4hiTapiola lahjoittamia<\/b><\/div>\n<div><b>SAMMUTUSPEITTEIT\u00c4<\/b><\/div>\n<p>&nbsp;<\/p>\n<p><em>Siivoustalkoot<\/em><\/p>\n<p>Aloitamme vapun juhlinnan siivoustalkoilla. Tervetuloa kodalle haravoimaan, paistamaan makkaraa ja juomaan simaa sek\u00e4 nokipannukahvia vappuaattona lauantaina 30.4 klo. 14.00<\/p>\n<p>Uukuniemi hiihtoa ei t\u00e4n\u00e4 vuonna valitettavasti j\u00e4rjestet\u00e4.<\/p>\n<p><strong>Vuosi 2015<br \/>\n<\/strong><\/p>\n<div id=\"attachment_143\" style=\"width: 222px\" class=\"wp-caption alignnone\"><a href=\"https:\/\/kylat.ekarjala.fi\/kumpu\/wp-content\/uploads\/sites\/44\/2015\/09\/Mainos.jpg\"><img loading=\"lazy\" decoding=\"async\" aria-describedby=\"caption-attachment-143\" class=\"size-medium wp-image-143\" src=\"https:\/\/kylat.ekarjala.fi\/kumpu\/wp-content\/uploads\/sites\/44\/2015\/09\/Mainos-212x300.jpg\" alt=\"Ohjelma\" width=\"212\" height=\"300\" srcset=\"https:\/\/kylat.ekarjala.fi\/kumpu\/wp-content\/uploads\/sites\/44\/2015\/09\/Mainos-212x300.jpg 212w, https:\/\/kylat.ekarjala.fi\/kumpu\/wp-content\/uploads\/sites\/44\/2015\/09\/Mainos-724x1024.jpg 724w\" sizes=\"auto, (max-width: 212px) 100vw, 212px\" \/><\/a><p id=\"caption-attachment-143\" class=\"wp-caption-text\">Ohjelma<\/p><\/div>\n<p><strong>Karpalo soiden helmi<\/strong> lauantaina<strong> 3.10.2015<br \/>\n<\/strong><\/p>\n<p>9.30-10.00 kokoontuminen kummunkorkeakoululle, alkul\u00e4mmittely ja siirtyminen suolle. 9.30-12.30 Opastus suolle, karpalon poimintaa. Lapsiparkki ja poniratsastusta. 12.30-13.30 Ruokailu, makkarakeitto, kahvi ja kahvileip\u00e4 (10e) <em>TERVETULOA!!!<\/em><\/p>\n<p>Liikuntareitti laitteet\u00a0ovat vapaasti k\u00e4yt\u00f6ss\u00e4\u00a0lammintauksenlenkin\u00a0varressa jotka\u00a0sijaitsevat Tornim\u00e4ell\u00e4 sek\u00e4 Hentom\u00e4ell\u00e4 Kummun kuivaamon l\u00e4hell\u00e4 joissa voi vapaasti kehitt\u00e4\u00e4 monipuolisesti eri lihasryhmi\u00e4 liikunnan ohella.<\/p>\n<p>Kyl\u00e4yhdistyksen j\u00e4senmaksujen ker\u00e4ys suoritetaan joka toinen vuosi eli kahdenvuoden maksu kerrallaan. Nyt ker\u00e4t\u00e4\u00e4n 2015 &#8211; 2016 j\u00e4senmaksu joka on perheelt\u00e4 20 \u20ac ja henkil\u00f6kohtainen 10 \u20ac.<\/p>\n<p>J\u00e4seneksi voi liitty\u00e4 maksamalla j\u00e4senmaksun kyl\u00e4yhdistyksen tilille Uukuniemen Op FI2450010740010515\u00a0\u00a0 Tervetuloa j\u00e4seneksi ja kehitt\u00e4m\u00e4\u00e4n kyl\u00e4ntoimintaa.<\/p>\n<p>&nbsp;<\/p>\n<p><strong><em>Uukuniemi hiihto\u00a0 su.01.03.2015\u00a0 klo. 11 &#8211; 15.00 <\/em><\/strong><\/p>\n<p>L\u00e4ht\u00f6piste Kummun korkeakoululla jossa my\u00f6s kisakahvio.<\/p>\n<p>Matkat:\u00a0 5 km\u00a0 9 km\u00a0 ja\u00a0 13 km\u00a0\u00a0\u00a0\u00a0\u00a0\u00a0\u00a0\u00a0 Tervetuloa !<\/p>\n<p>Kiitos ! \u00a0kaikille Uukuniemi hiihtoon osallistuneille, hiiht\u00e4ji\u00e4 oli kaikkiaan 59 kehnosta kelist\u00e4 huolimasta.<\/p>\n<p><em><strong>Kyl\u00e4yhdistyksen j\u00e4senten v\u00e4linen pilkkikilpailu !<\/strong><\/em><\/p>\n<p>Tokkarin rannassa\u00a0\u00a022.03.2015\u00a0 \u00a0klo. \u00a09 &#8211; 12.00 \u00a0kokoontuminen 8.30<\/p>\n<p><strong>TERVETULOA !<\/strong><\/p>\n<p><strong>TALKOOT KYL\u00c4KODALLA\u00a0 !<\/strong><\/p>\n<p>Siivous ja haravointitalkoot pidet\u00e4\u00e4n pe.22.05-15\u00a0 alkaen klo. 17.00 kyl\u00e4kodalla, haravat ja siivousv\u00e4lineit\u00e4 mukaan !<\/p>\n<p><em>Tervetuloa !<\/em><\/p>\n<p>&nbsp;<\/p>\n<p>&nbsp;<\/p>\n<p>&nbsp;<\/p>\n<p>&nbsp;<\/p>\n<p>&nbsp;<\/p>\n<p>&nbsp;<\/p>\n","protected":false},"excerpt":{"rendered":"<p>Vuosi 2017 &nbsp; KUMMUN KYL\u00c4YHDISTYKSEN 20-VUOTISJUHLA 2.12.2017 klo.13 koululla &nbsp; &nbsp; Uukuniemi hiihto 25.2.2017 klo.11-15 v\u00e4lisen\u00e4 aikana. L\u00e4ht\u00f6 ja paluu Kummunkorkea koululta. Kahvio auki, josta saa l\u00e4mmint\u00e4 juotavaa ja pient\u00e4 purtavaa. Tervetuloa!!! Kuusenkaristajaiset j\u00e4lleen loppiaisena 6.1.2017 klo. 16 alkaen Korkeakoululla! &hellip; <a href=\"https:\/\/kylat.ekarjala.fi\/kumpu\/toimintasuunnitelma\/\">Lue loppuun <span class=\"meta-nav\">&rarr;<\/span><\/a><\/p>\n","protected":false},"author":106,"featured_media":0,"parent":0,"menu_order":0,"comment_status":"closed","ping_status":"closed","template":"","meta":{"footnotes":""},"class_list":["post-17","page","type-page","status-publish","hentry"],"_links":{"self":[{"href":"https:\/\/kylat.ekarjala.fi\/kumpu\/wp-json\/wp\/v2\/pages\/17","targetHints":{"allow":["GET"]}}],"collection":[{"href":"https:\/\/kylat.ekarjala.fi\/kumpu\/wp-json\/wp\/v2\/pages"}],"about":[{"href":"https:\/\/kylat.ekarjala.fi\/kumpu\/wp-json\/wp\/v2\/types\/page"}],"author":[{"embeddable":true,"href":"https:\/\/kylat.ekarjala.fi\/kumpu\/wp-json\/wp\/v2\/users\/106"}],"replies":[{"embeddable":true,"href":"https:\/\/kylat.ekarjala.fi\/kumpu\/wp-json\/wp\/v2\/comments?post=17"}],"version-history":[{"count":36,"href":"https:\/\/kylat.ekarjala.fi\/kumpu\/wp-json\/wp\/v2\/pages\/17\/revisions"}],"predecessor-version":[{"id":219,"href":"https:\/\/kylat.ekarjala.fi\/kumpu\/wp-json\/wp\/v2\/pages\/17\/revisions\/219"}],"wp:attachment":[{"href":"https:\/\/kylat.ekarjala.fi\/kumpu\/wp-json\/wp\/v2\/media?parent=17"}],"curies":[{"name":"wp","href":"https:\/\/api.w.org\/{rel}","templated":true}]}}