{"id":180,"date":"2016-06-24T18:54:26","date_gmt":"2016-06-24T18:54:26","guid":{"rendered":"https:\/\/kylat.ekarjala.fi\/kumpu\/?page_id=180"},"modified":"2017-01-21T17:40:28","modified_gmt":"2017-01-21T17:40:28","slug":"kuvia-tapahtumista","status":"publish","type":"page","link":"https:\/\/kylat.ekarjala.fi\/kumpu\/kuvia-tapahtumista\/","title":{"rendered":"Kuvia tapahtumista"},"content":{"rendered":"<div id=\"attachment_197\" style=\"width: 179px\" class=\"wp-caption alignnone\"><a href=\"https:\/\/kylat.ekarjala.fi\/kumpu\/wp-content\/uploads\/sites\/44\/2017\/01\/Kyl\u00e4yhdistys.jpg\"><img loading=\"lazy\" decoding=\"async\" aria-describedby=\"caption-attachment-197\" class=\"size-medium wp-image-197\" src=\"https:\/\/kylat.ekarjala.fi\/kumpu\/wp-content\/uploads\/sites\/44\/2017\/01\/Kyl\u00e4yhdistys-169x300.jpg\" alt=\"\" width=\"169\" height=\"300\" srcset=\"https:\/\/kylat.ekarjala.fi\/kumpu\/wp-content\/uploads\/sites\/44\/2017\/01\/Kyl\u00e4yhdistys-169x300.jpg 169w, https:\/\/kylat.ekarjala.fi\/kumpu\/wp-content\/uploads\/sites\/44\/2017\/01\/Kyl\u00e4yhdistys-768x1365.jpg 768w, https:\/\/kylat.ekarjala.fi\/kumpu\/wp-content\/uploads\/sites\/44\/2017\/01\/Kyl\u00e4yhdistys-576x1024.jpg 576w, https:\/\/kylat.ekarjala.fi\/kumpu\/wp-content\/uploads\/sites\/44\/2017\/01\/Kyl\u00e4yhdistys.jpg 918w\" sizes=\"auto, (max-width: 169px) 100vw, 169px\" \/><\/a><p id=\"caption-attachment-197\" class=\"wp-caption-text\">6.1.2017 Kummun Korkeakoululla heitetyn Kuusen heitto kisan ylivoimainen voittaja oli<br \/>Esa Kankkunen<\/p><\/div>\n<p>Kyl\u00e4turvallisuusp\u00e4iv\u00e4 28.5.2016<\/p>\n<p><a href=\"https:\/\/kylat.ekarjala.fi\/kumpu\/wp-content\/uploads\/sites\/44\/2016\/06\/IMG_20160624_212650_01.jpg\"><img loading=\"lazy\" decoding=\"async\" class=\"size-medium wp-image-182 alignleft\" src=\"https:\/\/kylat.ekarjala.fi\/kumpu\/wp-content\/uploads\/sites\/44\/2016\/06\/IMG_20160624_212650_01-300x225.jpg\" alt=\"IMG_20160624_212650_01\" width=\"300\" height=\"225\" srcset=\"https:\/\/kylat.ekarjala.fi\/kumpu\/wp-content\/uploads\/sites\/44\/2016\/06\/IMG_20160624_212650_01-300x225.jpg 300w, https:\/\/kylat.ekarjala.fi\/kumpu\/wp-content\/uploads\/sites\/44\/2016\/06\/IMG_20160624_212650_01.jpg 640w\" sizes=\"auto, (max-width: 300px) 100vw, 300px\" \/><\/a> <a href=\"https:\/\/kylat.ekarjala.fi\/kumpu\/wp-content\/uploads\/sites\/44\/2016\/06\/IMG_20160624_212659_01.jpg\"><img loading=\"lazy\" decoding=\"async\" class=\"size-medium wp-image-183 alignleft\" src=\"https:\/\/kylat.ekarjala.fi\/kumpu\/wp-content\/uploads\/sites\/44\/2016\/06\/IMG_20160624_212659_01-300x225.jpg\" alt=\"IMG_20160624_212659_01\" width=\"300\" height=\"225\" srcset=\"https:\/\/kylat.ekarjala.fi\/kumpu\/wp-content\/uploads\/sites\/44\/2016\/06\/IMG_20160624_212659_01-300x225.jpg 300w, https:\/\/kylat.ekarjala.fi\/kumpu\/wp-content\/uploads\/sites\/44\/2016\/06\/IMG_20160624_212659_01.jpg 640w\" sizes=\"auto, (max-width: 300px) 100vw, 300px\" \/><\/a> <a href=\"https:\/\/kylat.ekarjala.fi\/kumpu\/wp-content\/uploads\/sites\/44\/2016\/06\/IMG_20160624_212707_01.jpg\"><img loading=\"lazy\" decoding=\"async\" class=\"alignnone size-medium wp-image-184\" src=\"https:\/\/kylat.ekarjala.fi\/kumpu\/wp-content\/uploads\/sites\/44\/2016\/06\/IMG_20160624_212707_01-300x225.jpg\" alt=\"IMG_20160624_212707_01\" width=\"300\" height=\"225\" srcset=\"https:\/\/kylat.ekarjala.fi\/kumpu\/wp-content\/uploads\/sites\/44\/2016\/06\/IMG_20160624_212707_01-300x225.jpg 300w, https:\/\/kylat.ekarjala.fi\/kumpu\/wp-content\/uploads\/sites\/44\/2016\/06\/IMG_20160624_212707_01.jpg 640w\" sizes=\"auto, (max-width: 300px) 100vw, 300px\" \/><\/a> <a href=\"https:\/\/kylat.ekarjala.fi\/kumpu\/wp-content\/uploads\/sites\/44\/2016\/06\/IMG_20160624_212720_01.jpg\"><img loading=\"lazy\" decoding=\"async\" class=\"alignnone size-medium wp-image-187\" src=\"https:\/\/kylat.ekarjala.fi\/kumpu\/wp-content\/uploads\/sites\/44\/2016\/06\/IMG_20160624_212720_01-300x225.jpg\" alt=\"IMG_20160624_212720_01\" width=\"300\" height=\"225\" srcset=\"https:\/\/kylat.ekarjala.fi\/kumpu\/wp-content\/uploads\/sites\/44\/2016\/06\/IMG_20160624_212720_01-300x225.jpg 300w, https:\/\/kylat.ekarjala.fi\/kumpu\/wp-content\/uploads\/sites\/44\/2016\/06\/IMG_20160624_212720_01.jpg 640w\" sizes=\"auto, (max-width: 300px) 100vw, 300px\" \/><\/a> <a href=\"https:\/\/kylat.ekarjala.fi\/kumpu\/wp-content\/uploads\/sites\/44\/2016\/06\/IMG_20160624_212714_01-1.jpg\"><img loading=\"lazy\" decoding=\"async\" class=\"size-medium wp-image-188 alignleft\" src=\"https:\/\/kylat.ekarjala.fi\/kumpu\/wp-content\/uploads\/sites\/44\/2016\/06\/IMG_20160624_212714_01-1-300x225.jpg\" alt=\"IMG_20160624_212714_01\" width=\"300\" height=\"225\" srcset=\"https:\/\/kylat.ekarjala.fi\/kumpu\/wp-content\/uploads\/sites\/44\/2016\/06\/IMG_20160624_212714_01-1-300x225.jpg 300w, https:\/\/kylat.ekarjala.fi\/kumpu\/wp-content\/uploads\/sites\/44\/2016\/06\/IMG_20160624_212714_01-1.jpg 640w\" sizes=\"auto, (max-width: 300px) 100vw, 300px\" \/><\/a><\/p>\n","protected":false},"excerpt":{"rendered":"<p>Kyl\u00e4turvallisuusp\u00e4iv\u00e4 28.5.2016<\/p>\n","protected":false},"author":164,"featured_media":0,"parent":0,"menu_order":0,"comment_status":"closed","ping_status":"closed","template":"","meta":{"footnotes":""},"class_list":["post-180","page","type-page","status-publish","hentry"],"_links":{"self":[{"href":"https:\/\/kylat.ekarjala.fi\/kumpu\/wp-json\/wp\/v2\/pages\/180","targetHints":{"allow":["GET"]}}],"collection":[{"href":"https:\/\/kylat.ekarjala.fi\/kumpu\/wp-json\/wp\/v2\/pages"}],"about":[{"href":"https:\/\/kylat.ekarjala.fi\/kumpu\/wp-json\/wp\/v2\/types\/page"}],"author":[{"embeddable":true,"href":"https:\/\/kylat.ekarjala.fi\/kumpu\/wp-json\/wp\/v2\/users\/164"}],"replies":[{"embeddable":true,"href":"https:\/\/kylat.ekarjala.fi\/kumpu\/wp-json\/wp\/v2\/comments?post=180"}],"version-history":[{"count":3,"href":"https:\/\/kylat.ekarjala.fi\/kumpu\/wp-json\/wp\/v2\/pages\/180\/revisions"}],"predecessor-version":[{"id":199,"href":"https:\/\/kylat.ekarjala.fi\/kumpu\/wp-json\/wp\/v2\/pages\/180\/revisions\/199"}],"wp:attachment":[{"href":"https:\/\/kylat.ekarjala.fi\/kumpu\/wp-json\/wp\/v2\/media?parent=180"}],"curies":[{"name":"wp","href":"https:\/\/api.w.org\/{rel}","templated":true}]}}