{"id":22,"date":"2012-01-13T11:45:45","date_gmt":"2012-01-13T11:45:45","guid":{"rendered":"https:\/\/kylat.ekarjala.fi\/kumpu\/?page_id=22"},"modified":"2012-01-13T12:28:02","modified_gmt":"2012-01-13T12:28:02","slug":"kylayhdistys","status":"publish","type":"page","link":"https:\/\/kylat.ekarjala.fi\/kumpu\/kylayhdistys\/","title":{"rendered":"Kyl\u00e4yhdistys"},"content":{"rendered":"<p>Kyl\u00e4yhdistyksemme perustettiin tukemaan kyl\u00e4n vahvuuksia sek\u00e4 kehitt\u00e4m\u00e4\u00e4n niit\u00e4\u00a0<a href=\"https:\/\/kylat.ekarjala.fi\/kumpu\/wp-content\/uploads\/sites\/44\/2012\/01\/kylayhdistys.jpg\"><img loading=\"lazy\" decoding=\"async\" class=\"alignright size-full wp-image-23\" src=\"https:\/\/kylat.ekarjala.fi\/kumpu\/wp-content\/uploads\/sites\/44\/2012\/01\/kylayhdistys.jpg\" alt=\"\" width=\"288\" height=\"216\" \/><\/a>kyl\u00e4mme toimintoja, jotka edesauttavat aktiivisen ja viihtyis\u00e4n kyl\u00e4mme olemassaoloa.<\/p>\n<p>Yhdistyksemme perustava kokous oli 1.12.1997, ja rekister\u00f6inti tapahtui 24.3.1998.<\/p>\n","protected":false},"excerpt":{"rendered":"<p>Kyl\u00e4yhdistyksemme perustettiin tukemaan kyl\u00e4n vahvuuksia sek\u00e4 kehitt\u00e4m\u00e4\u00e4n niit\u00e4\u00a0kyl\u00e4mme toimintoja, jotka edesauttavat aktiivisen ja viihtyis\u00e4n kyl\u00e4mme olemassaoloa. Yhdistyksemme perustava kokous oli 1.12.1997, ja rekister\u00f6inti tapahtui 24.3.1998.<\/p>\n","protected":false},"author":106,"featured_media":0,"parent":0,"menu_order":0,"comment_status":"closed","ping_status":"closed","template":"","meta":{"footnotes":""},"class_list":["post-22","page","type-page","status-publish","hentry"],"_links":{"self":[{"href":"https:\/\/kylat.ekarjala.fi\/kumpu\/wp-json\/wp\/v2\/pages\/22","targetHints":{"allow":["GET"]}}],"collection":[{"href":"https:\/\/kylat.ekarjala.fi\/kumpu\/wp-json\/wp\/v2\/pages"}],"about":[{"href":"https:\/\/kylat.ekarjala.fi\/kumpu\/wp-json\/wp\/v2\/types\/page"}],"author":[{"embeddable":true,"href":"https:\/\/kylat.ekarjala.fi\/kumpu\/wp-json\/wp\/v2\/users\/106"}],"replies":[{"embeddable":true,"href":"https:\/\/kylat.ekarjala.fi\/kumpu\/wp-json\/wp\/v2\/comments?post=22"}],"version-history":[{"count":3,"href":"https:\/\/kylat.ekarjala.fi\/kumpu\/wp-json\/wp\/v2\/pages\/22\/revisions"}],"predecessor-version":[{"id":71,"href":"https:\/\/kylat.ekarjala.fi\/kumpu\/wp-json\/wp\/v2\/pages\/22\/revisions\/71"}],"wp:attachment":[{"href":"https:\/\/kylat.ekarjala.fi\/kumpu\/wp-json\/wp\/v2\/media?parent=22"}],"curies":[{"name":"wp","href":"https:\/\/api.w.org\/{rel}","templated":true}]}}