{"id":25,"date":"2012-01-13T11:46:23","date_gmt":"2012-01-13T11:46:23","guid":{"rendered":"https:\/\/kylat.ekarjala.fi\/kumpu\/?page_id=25"},"modified":"2012-01-13T12:28:02","modified_gmt":"2012-01-13T12:28:02","slug":"saannot","status":"publish","type":"page","link":"https:\/\/kylat.ekarjala.fi\/kumpu\/kylayhdistys\/saannot\/","title":{"rendered":"S\u00e4\u00e4nn\u00f6t"},"content":{"rendered":"<p>1 \u00a7 Nimi ja kotipaikka<br \/>\nYhdistyksen nimi on Kummun kyl\u00e4yhdistys. Kotipaikka on Uukuniemen kunta.<\/p>\n<p>2 \u00a7 Tarkoitus ja toiminta<br \/>\nYhdistyksen tarkoituksena on Kummun kyl\u00e4n kehitt\u00e4minen, asukkaiden yleisten ja yhteisten etujen valvominen, sek\u00e4 harrastustoiminnan kehitt\u00e4minen.<\/p>\n<p>Tarkoituksensa toteuttamiseksi yhdistys antaa j\u00e4senilleen koulutusta, j\u00e4rjest\u00e4\u00e4 retki\u00e4, kokouksia sek\u00e4 tekee hakemuksia viranomaisille ja harjoittaa yms. yhdistyksen tarkoitusta edist\u00e4v\u00e4\u00e4 vastaavaa toimintaa.<\/p>\n<p>3 \u00a7 J\u00e4senet<br \/>\nYhdistyksen j\u00e4senet hyv\u00e4ksyy hallitus. J\u00e4senilt\u00e4 peritt\u00e4vien liittymis- ja vuotuisten j\u00e4senmaksujen suuruudesta p\u00e4\u00e4tt\u00e4\u00e4 vuosikokous.<\/p>\n<p>4 \u00a7 Hallitus<br \/>\nYhdistyksen asioita hoitaa hallitus, johon kuuluu vuosikokouksessa valitut puheenjohtaja ja v\u00e4hint\u00e4\u00e4n 6 sek\u00e4 enint\u00e4\u00e4n 8 j\u00e4sent\u00e4. Puheenjohtajan ja hallituksen j\u00e4senen toimikausi on vuosikokousten v\u00e4linen aika. Hallitus valitsee keskuudestaan varapuheenjohtajan sek\u00e4 ottaa sihteerin, rahastonhoitajan ja muut tarvittavat toimihenkil\u00f6t.<\/p>\n<p>Hallitus kokoontuu puheenjohtajan tai h\u00e4nen estyneen\u00e4 ollessaan varapuheenjohtajan kutsusta, kun he katsovat siihen olevan aihetta tai kun v\u00e4hint\u00e4\u00e4n 4 hallituksen j\u00e4sent\u00e4 sit\u00e4 vaatii. Hallitus on p\u00e4\u00e4t\u00f6svaltainen, kun v\u00e4hint\u00e4\u00e4n puolet sen j\u00e4senist\u00e4, puheenjohtaja tai varapuheenjohtaja mukaanluettuna ovat l\u00e4sn\u00e4.<\/p>\n<p>5 \u00a7 Yhdistyksen nimen kirjoittaminen<br \/>\nYhdistyksen nimen kirjoittavat puheenjohtaja, varapuheenjohtaja, sihteeri, tai rahastonhoitaja kukin yksin.<\/p>\n<p>6 \u00a7 Tilikausi ja tilintarkistus<br \/>\nYhdistyksen tilikausi on kalenterivuosi.<\/p>\n<p>Tilinp\u00e4\u00e4t\u00f6s tarvittavine asiakirjoineen ja hallituksen vuosikertomus on annettava tilintarkastajille viimeist\u00e4\u00e4n kaksi viikkoa ennen vuosikokousta.<\/p>\n<p>7 \u00a7 Yhdistyksen kokousten koollekutsuminen<br \/>\nYhdistyksen kokoukset kutsuu koolle hallitus. Kokouskutsu on julkaistava viimeist\u00e4\u00e4n seitsem\u00e4n (7) p\u00e4iv\u00e4\u00e4 ennen kokousta yhdistyksen kotipaikkakunnalla ilmestyv\u00e4ss\u00e4 sanomalehdess\u00e4 tai kyl\u00e4n ilmoitustaululla.<\/p>\n<p>8 \u00a7 Yhdistyksen kokoukset<br \/>\nYhdistyksen vuosikokous pidet\u00e4\u00e4n vuosittain hallituksen m\u00e4\u00e4r\u00e4\u00e4m\u00e4n\u00e4 p\u00e4iv\u00e4n\u00e4 helmi- huhtikuun aikana.<br \/>\nYhdistyksen kokouksessa on jokaisella j\u00e4senell\u00e4 \u00e4\u00e4nioikeus ja jokaisella \u00e4\u00e4nioikeutetulla yksi (1) \u00e4\u00e4ni.<\/p>\n<p>9 \u00a7 Vuosikokous<br \/>\nYhdistyksen vuosikokouksessa k\u00e4sitell\u00e4\u00e4n seuraavat asiat:<br \/>\nkokouksen avaus;<br \/>\nvalitaan kokouksen puheenjohtaja, sihteeri, kaksi p\u00f6yt\u00e4kirjantarkastajaa ja tarvittaessa kaksi \u00e4\u00e4ntenlaskijaa;<br \/>\ntodetaan kokouksen laillisuus ja p\u00e4\u00e4t\u00f6svaltaisuus; hyv\u00e4ksyt\u00e4\u00e4n kokouksen ty\u00f6j\u00e4rjestys;<br \/>\nesitet\u00e4\u00e4n tilinp\u00e4\u00e4t\u00f6s, vuosikertomus ja tilintarkastajien lausunto;<br \/>\np\u00e4\u00e4tet\u00e4\u00e4n tilinp\u00e4\u00e4t\u00f6ksen vahvistamisesta ja vastuuvapauden my\u00f6nt\u00e4misest\u00e4;<br \/>\nvahvistetaan toimintasuunnitelma, tulo- ja menoarvio sek\u00e4 j\u00e4senmaksun suuruus;<br \/>\np\u00e4\u00e4tet\u00e4\u00e4n hallituksen j\u00e4senm\u00e4\u00e4r\u00e4;<br \/>\nvalitaan hallituksen puheenjohtaja ja muut j\u00e4senet;<br \/>\nvalitaan kaksi tilintarkastajaa ja heille kaksi varahenkil\u00f6\u00e4; k\u00e4sitell\u00e4\u00e4n muut kokouskutsussa mainitut asiat;<\/p>\n<p>10 \u00a7 S\u00e4\u00e4nt\u00f6jen muuttaminen ja yhdistyksen purkaminen<br \/>\nP\u00e4\u00e4t\u00f6s s\u00e4\u00e4nt\u00f6jen muuttamisesta ja yhdistyksen purkamisesta on teht\u00e4v\u00e4 yhdistyksen kokouksessa v\u00e4hint\u00e4\u00e4n kolmen nelj\u00e4sosan (3\/4) enemmist\u00f6ll\u00e4 \u00e4\u00e4nestyksess\u00e4 annetuista \u00e4\u00e4nist\u00e4. Kokouskutsussa on mainittava s\u00e4\u00e4nt\u00f6jen muuttamisesta tai yhdistyksen purkamisesta.<br \/>\nYhdistyksen purkautuessa k\u00e4ytet\u00e4\u00e4n yhdistyksen varat yhdistyksen tarkoituksen edist\u00e4miseen purkamisesta p\u00e4\u00e4tt\u00e4v\u00e4n kokouksen m\u00e4\u00e4r\u00e4\u00e4m\u00e4ll\u00e4 tavalla. Yhdistyksen tullessa lakkautetuksi k\u00e4ytet\u00e4\u00e4n varat samaan tarkoitukseen.<\/p>\n","protected":false},"excerpt":{"rendered":"<p>1 \u00a7 Nimi ja kotipaikka Yhdistyksen nimi on Kummun kyl\u00e4yhdistys. Kotipaikka on Uukuniemen kunta. 2 \u00a7 Tarkoitus ja toiminta Yhdistyksen tarkoituksena on Kummun kyl\u00e4n kehitt\u00e4minen, asukkaiden yleisten ja yhteisten etujen valvominen, sek\u00e4 harrastustoiminnan kehitt\u00e4minen. Tarkoituksensa toteuttamiseksi yhdistys antaa j\u00e4senilleen koulutusta, &hellip; <a href=\"https:\/\/kylat.ekarjala.fi\/kumpu\/kylayhdistys\/saannot\/\">Lue loppuun <span class=\"meta-nav\">&rarr;<\/span><\/a><\/p>\n","protected":false},"author":106,"featured_media":0,"parent":22,"menu_order":0,"comment_status":"closed","ping_status":"closed","template":"","meta":{"footnotes":""},"class_list":["post-25","page","type-page","status-publish","hentry"],"_links":{"self":[{"href":"https:\/\/kylat.ekarjala.fi\/kumpu\/wp-json\/wp\/v2\/pages\/25","targetHints":{"allow":["GET"]}}],"collection":[{"href":"https:\/\/kylat.ekarjala.fi\/kumpu\/wp-json\/wp\/v2\/pages"}],"about":[{"href":"https:\/\/kylat.ekarjala.fi\/kumpu\/wp-json\/wp\/v2\/types\/page"}],"author":[{"embeddable":true,"href":"https:\/\/kylat.ekarjala.fi\/kumpu\/wp-json\/wp\/v2\/users\/106"}],"replies":[{"embeddable":true,"href":"https:\/\/kylat.ekarjala.fi\/kumpu\/wp-json\/wp\/v2\/comments?post=25"}],"version-history":[{"count":3,"href":"https:\/\/kylat.ekarjala.fi\/kumpu\/wp-json\/wp\/v2\/pages\/25\/revisions"}],"predecessor-version":[{"id":74,"href":"https:\/\/kylat.ekarjala.fi\/kumpu\/wp-json\/wp\/v2\/pages\/25\/revisions\/74"}],"up":[{"embeddable":true,"href":"https:\/\/kylat.ekarjala.fi\/kumpu\/wp-json\/wp\/v2\/pages\/22"}],"wp:attachment":[{"href":"https:\/\/kylat.ekarjala.fi\/kumpu\/wp-json\/wp\/v2\/media?parent=25"}],"curies":[{"name":"wp","href":"https:\/\/api.w.org\/{rel}","templated":true}]}}