{"id":31,"date":"2012-01-13T11:49:18","date_gmt":"2012-01-13T11:49:18","guid":{"rendered":"https:\/\/kylat.ekarjala.fi\/kumpu\/?page_id=31"},"modified":"2015-11-11T19:29:10","modified_gmt":"2015-11-11T19:29:10","slug":"yhteystiedot","status":"publish","type":"page","link":"https:\/\/kylat.ekarjala.fi\/kumpu\/yhteystiedot\/","title":{"rendered":"Yhteystiedot"},"content":{"rendered":"<p><strong>Kyl\u00e4yhdistys<\/strong><br \/>\npuheenjohtaja Rauno Airas puh.0400-604646<br \/>\nsihteeri Tuula Ketolainen puh.050-3067815<\/p>\n<p><strong>Kummunkyl\u00e4n muut toimijat<\/strong><\/p>\n<p><strong>Uukuniemen er\u00e4miehet ry<\/strong><br \/>\npj. Ilpo Suutarinen<br \/>\npuh. 0505605922<br \/>\n<strong><br \/>\nKummun maa- ja kotitalousnaiset ry<\/strong><br \/>\npj. Ritva Solonen<br \/>\npuh. 041 5852587<\/p>\n<p><strong>MLL\/Uukuniemi <\/strong><br \/>\npj. Mirva Hietanen<br \/>\npuh. 050 3360265<\/p>\n<p><strong>Riihi- ja Suurj\u00e4rven laskuojayhti\u00f6 <\/strong><br \/>\npj. Esko Karhinen<br \/>\npuh. 0400 653616<\/p>\n<p><strong>Kotisivujen yll\u00e4pito<\/strong><\/p>\n<p>Kirsi Halonen<br \/>\n050-3213446<\/p>\n<p>kiike.ihana@gmail.com<\/p>\n<p>Risto P\u00e4\u00e4kk\u00f6nen<br \/>\n0500-571328<br \/>\n<a href=\"mailto:ristopaakkonen@hotmail.com\">ristopaakkonen@hotmail.com<\/a><\/p>\n<p>Tuula Ketolainen<\/p>\n<p>050-3067815<\/p>\n","protected":false},"excerpt":{"rendered":"<p>Kyl\u00e4yhdistys puheenjohtaja Rauno Airas puh.0400-604646 sihteeri Tuula Ketolainen puh.050-3067815 Kummunkyl\u00e4n muut toimijat Uukuniemen er\u00e4miehet ry pj. Ilpo Suutarinen puh. 0505605922 Kummun maa- ja kotitalousnaiset ry pj. Ritva Solonen puh. 041 5852587 MLL\/Uukuniemi pj. Mirva Hietanen puh. 050 3360265 Riihi- ja &hellip; <a href=\"https:\/\/kylat.ekarjala.fi\/kumpu\/yhteystiedot\/\">Lue loppuun <span class=\"meta-nav\">&rarr;<\/span><\/a><\/p>\n","protected":false},"author":106,"featured_media":0,"parent":0,"menu_order":0,"comment_status":"closed","ping_status":"closed","template":"","meta":{"footnotes":""},"class_list":["post-31","page","type-page","status-publish","hentry"],"_links":{"self":[{"href":"https:\/\/kylat.ekarjala.fi\/kumpu\/wp-json\/wp\/v2\/pages\/31","targetHints":{"allow":["GET"]}}],"collection":[{"href":"https:\/\/kylat.ekarjala.fi\/kumpu\/wp-json\/wp\/v2\/pages"}],"about":[{"href":"https:\/\/kylat.ekarjala.fi\/kumpu\/wp-json\/wp\/v2\/types\/page"}],"author":[{"embeddable":true,"href":"https:\/\/kylat.ekarjala.fi\/kumpu\/wp-json\/wp\/v2\/users\/106"}],"replies":[{"embeddable":true,"href":"https:\/\/kylat.ekarjala.fi\/kumpu\/wp-json\/wp\/v2\/comments?post=31"}],"version-history":[{"count":8,"href":"https:\/\/kylat.ekarjala.fi\/kumpu\/wp-json\/wp\/v2\/pages\/31\/revisions"}],"predecessor-version":[{"id":150,"href":"https:\/\/kylat.ekarjala.fi\/kumpu\/wp-json\/wp\/v2\/pages\/31\/revisions\/150"}],"wp:attachment":[{"href":"https:\/\/kylat.ekarjala.fi\/kumpu\/wp-json\/wp\/v2\/media?parent=31"}],"curies":[{"name":"wp","href":"https:\/\/api.w.org\/{rel}","templated":true}]}}