{"id":33,"date":"2012-01-13T11:50:52","date_gmt":"2012-01-13T11:50:52","guid":{"rendered":"https:\/\/kylat.ekarjala.fi\/kumpu\/?page_id=33"},"modified":"2012-01-13T12:28:02","modified_gmt":"2012-01-13T12:28:02","slug":"kylalle-asumaan","status":"publish","type":"page","link":"https:\/\/kylat.ekarjala.fi\/kumpu\/kylalle-asumaan\/","title":{"rendered":"Kyl\u00e4lle asumaan"},"content":{"rendered":"<p>Kummunkyl\u00e4 on mukana Kyl\u00e4lle asumaan -hankkeessa.<\/p>\n<p>Myyt\u00e4vi\u00e4 tontteja voit tarkastella alla olevista linkeist\u00e4: Kyl\u00e4lle asumaan tontit ovat Kaakkois-Suomen Mets\u00e4tilojen nettisivuilla. My\u00f6s parikkalalaisen kiinteist\u00f6nv\u00e4litt\u00e4j\u00e4 Parviisille tulee ajoittain myyntiin tontteja ja taloja Kummusta.<\/p>\n<p>Tervetuloa Kumpuun!<\/p>\n<p><a href=\"http:\/\/www.mhy.fi\/ksmt\/myytavat_kohteet\/tontit\/haja_asutus\/parikkala\/fi_FI\/kohdelista\/\">Kyl\u00e4lle asumaan -tontit Kaakkois-Suomen Mets\u00e4tilat Oy:n nettisivuilla<\/a><br \/>\n<a href=\"http:\/\/www.parviisi.fi\/\">Parviisin nettisivut<\/a><\/p>\n","protected":false},"excerpt":{"rendered":"<p>Kummunkyl\u00e4 on mukana Kyl\u00e4lle asumaan -hankkeessa. Myyt\u00e4vi\u00e4 tontteja voit tarkastella alla olevista linkeist\u00e4: Kyl\u00e4lle asumaan tontit ovat Kaakkois-Suomen Mets\u00e4tilojen nettisivuilla. My\u00f6s parikkalalaisen kiinteist\u00f6nv\u00e4litt\u00e4j\u00e4 Parviisille tulee ajoittain myyntiin tontteja ja taloja Kummusta. Tervetuloa Kumpuun! Kyl\u00e4lle asumaan -tontit Kaakkois-Suomen Mets\u00e4tilat Oy:n nettisivuilla &hellip; <a href=\"https:\/\/kylat.ekarjala.fi\/kumpu\/kylalle-asumaan\/\">Lue loppuun <span class=\"meta-nav\">&rarr;<\/span><\/a><\/p>\n","protected":false},"author":106,"featured_media":0,"parent":0,"menu_order":0,"comment_status":"closed","ping_status":"closed","template":"","meta":{"footnotes":""},"class_list":["post-33","page","type-page","status-publish","hentry"],"_links":{"self":[{"href":"https:\/\/kylat.ekarjala.fi\/kumpu\/wp-json\/wp\/v2\/pages\/33","targetHints":{"allow":["GET"]}}],"collection":[{"href":"https:\/\/kylat.ekarjala.fi\/kumpu\/wp-json\/wp\/v2\/pages"}],"about":[{"href":"https:\/\/kylat.ekarjala.fi\/kumpu\/wp-json\/wp\/v2\/types\/page"}],"author":[{"embeddable":true,"href":"https:\/\/kylat.ekarjala.fi\/kumpu\/wp-json\/wp\/v2\/users\/106"}],"replies":[{"embeddable":true,"href":"https:\/\/kylat.ekarjala.fi\/kumpu\/wp-json\/wp\/v2\/comments?post=33"}],"version-history":[{"count":3,"href":"https:\/\/kylat.ekarjala.fi\/kumpu\/wp-json\/wp\/v2\/pages\/33\/revisions"}],"predecessor-version":[{"id":70,"href":"https:\/\/kylat.ekarjala.fi\/kumpu\/wp-json\/wp\/v2\/pages\/33\/revisions\/70"}],"wp:attachment":[{"href":"https:\/\/kylat.ekarjala.fi\/kumpu\/wp-json\/wp\/v2\/media?parent=33"}],"curies":[{"name":"wp","href":"https:\/\/api.w.org\/{rel}","templated":true}]}}