{"id":35,"date":"2012-01-13T11:51:27","date_gmt":"2012-01-13T11:51:27","guid":{"rendered":"https:\/\/kylat.ekarjala.fi\/kumpu\/?page_id=35"},"modified":"2012-02-14T15:40:01","modified_gmt":"2012-02-14T15:40:01","slug":"historia","status":"publish","type":"page","link":"https:\/\/kylat.ekarjala.fi\/kumpu\/historia\/","title":{"rendered":"Historia"},"content":{"rendered":"<p><span style=\"color: #333333\">Kirjoittanut Jouni Suppola<\/span><\/p>\n<p style=\"text-align: left\">Historialliset tiedot kyl\u00e4mme asutuksesta ja el\u00e4m\u00e4st\u00e4 ovat noin 450 vuotta vanhat. Sen aikuiset veroluettelot osoittavat silloin kyl\u00e4ss\u00e4mme asuneen puolenkymment\u00e4 verolle asetettua taloa eli \u201dsavua\u201d kuten siihen aikaan sanottiin. Voimme jo t\u00e4m\u00e4n perusteella sanoa ett\u00e4 Kumpu kuului pit\u00e4j\u00e4mme vanhimpiin kyliin. Luultavaa kuitenkin on, ett\u00e4 kyl\u00e4mme asutus on jo aiemmin alkanutta.<\/p>\n<p>Kummunkyl\u00e4 on tyypillist\u00e4 rajaseutua. Salpausselk\u00e4 kulkee kumpuilevan kyl\u00e4mme halki. Er\u00e4nk\u00e4ynti Laatokan rannan vanhemmilta asuinalueilta on suuntautunut t\u00e4nne ennen varsinaista kiinte\u00e4\u00e4 asutusta. Kalarikas Suurij\u00e4rvi on houkuttanut kalastajat retkilleen ja antanut my\u00f6hemmin pohjan asutuksen alkamiselle ymp\u00e4rist\u00f6ss\u00e4\u00e4n.<\/p>\n<p>Kumpu kuului jo n\u00e4in\u00e4 varhaisina aikoina raja-alueeseen, jossa savolaisten ja karjalaisten \u201der\u00e4nautinta\u201d kohtasivat toisensa. Jo silloin n\u00e4ist\u00e4 eduista syntyi vakavia erimielisyyden aiheita heimojen v\u00e4lille. Perim\u00e4tiedoista ei l\u00f6ydy varmuutta siihen, siirtyiv\u00e4tk\u00f6 ensimm\u00e4isen karjalaisasutuksen j\u00e4lkel\u00e4iset jatkuvien rajakahakoiden pakottamina ja uuteen Ruotsista k\u00e4sin levitetyyn uskontoon taipumattomina Ven\u00e4j\u00e4lle,vai ovatko he meid\u00e4n kantaisi\u00e4mme. Joka tapauksessa 1500-luvulla huomattava osa kyl\u00e4mme asutuksesta joutui siirtym\u00e4\u00e4n muualle mm. uskontoon alistumattomina.<\/p>\n","protected":false},"excerpt":{"rendered":"<p>Kirjoittanut Jouni Suppola Historialliset tiedot kyl\u00e4mme asutuksesta ja el\u00e4m\u00e4st\u00e4 ovat noin 450 vuotta vanhat. Sen aikuiset veroluettelot osoittavat silloin kyl\u00e4ss\u00e4mme asuneen puolenkymment\u00e4 verolle asetettua taloa eli \u201dsavua\u201d kuten siihen aikaan sanottiin. Voimme jo t\u00e4m\u00e4n perusteella sanoa ett\u00e4 Kumpu kuului pit\u00e4j\u00e4mme &hellip; <a href=\"https:\/\/kylat.ekarjala.fi\/kumpu\/historia\/\">Lue loppuun <span class=\"meta-nav\">&rarr;<\/span><\/a><\/p>\n","protected":false},"author":106,"featured_media":0,"parent":0,"menu_order":0,"comment_status":"closed","ping_status":"closed","template":"","meta":{"footnotes":""},"class_list":["post-35","page","type-page","status-publish","hentry"],"_links":{"self":[{"href":"https:\/\/kylat.ekarjala.fi\/kumpu\/wp-json\/wp\/v2\/pages\/35","targetHints":{"allow":["GET"]}}],"collection":[{"href":"https:\/\/kylat.ekarjala.fi\/kumpu\/wp-json\/wp\/v2\/pages"}],"about":[{"href":"https:\/\/kylat.ekarjala.fi\/kumpu\/wp-json\/wp\/v2\/types\/page"}],"author":[{"embeddable":true,"href":"https:\/\/kylat.ekarjala.fi\/kumpu\/wp-json\/wp\/v2\/users\/106"}],"replies":[{"embeddable":true,"href":"https:\/\/kylat.ekarjala.fi\/kumpu\/wp-json\/wp\/v2\/comments?post=35"}],"version-history":[{"count":6,"href":"https:\/\/kylat.ekarjala.fi\/kumpu\/wp-json\/wp\/v2\/pages\/35\/revisions"}],"predecessor-version":[{"id":84,"href":"https:\/\/kylat.ekarjala.fi\/kumpu\/wp-json\/wp\/v2\/pages\/35\/revisions\/84"}],"wp:attachment":[{"href":"https:\/\/kylat.ekarjala.fi\/kumpu\/wp-json\/wp\/v2\/media?parent=35"}],"curies":[{"name":"wp","href":"https:\/\/api.w.org\/{rel}","templated":true}]}}